{"id":10698,"date":"2023-07-09T17:47:57","date_gmt":"2023-07-09T17:47:57","guid":{"rendered":"https:\/\/freshclo.com\/?post_type=product&#038;p=10698"},"modified":"2023-07-31T09:19:17","modified_gmt":"2023-07-31T09:19:17","slug":"veste-vognon-femmes-nouvelle-collection","status":"publish","type":"product","link":"https:\/\/freshclo.com\/fr\/produit\/veste-vognon-femmes-nouvelle-collection\/","title":{"rendered":"Veste Vognon pour femme Nouvelle collection"},"content":{"rendered":"<p>D\u00e9couvrez la quintessence du style et de l&#8217;artisanat avec la veste Vognon pour femme de notre derni\u00e8re collection. M\u00e9ticuleusement con\u00e7ue et fabriqu\u00e9e avec soin, cette veste t\u00e9moigne de notre engagement \u00e0 cr\u00e9er des pi\u00e8ces \u00e0 la pointe de la mode pour la femme moderne.<\/p>\n<p>Avec ses silhouettes contemporaines et ses d\u00e9tails exquis, la veste Vognon pour femme est une v\u00e9ritable pi\u00e8ce d&#8217;apparat. Des coupes sur mesure aux ornements uniques, chaque \u00e9l\u00e9ment a \u00e9t\u00e9 soigneusement s\u00e9lectionn\u00e9 pour garantir un m\u00e9lange parfait d&#8217;\u00e9l\u00e9gance et d&#8217;individualit\u00e9.<\/p>\n<p>Fabriqu\u00e9es avec des mat\u00e9riaux de premi\u00e8re qualit\u00e9, nos vestes offrent \u00e0 la fois confort et durabilit\u00e9. L&#8217;attention port\u00e9e aux d\u00e9tails est \u00e9vidente dans chaque point, faisant de chaque pi\u00e8ce une v\u00e9ritable \u0153uvre d&#8217;art. Que vous vous habilliez pour une occasion sp\u00e9ciale ou que vous cherchiez \u00e0 rehausser votre style de tous les jours, la veste Vognon pour femme est un ajout polyvalent \u00e0 votre garde-robe.<\/p>\n<p>Embrassez l&#8217;essence de notre nouvelle collection avec notre veste Vognon pour femme. Con\u00e7ue pour renforcer et inspirer, elle incarne l&#8217;esprit des femmes confiantes et sophistiqu\u00e9es qui n&#8217;ont pas peur de s&#8217;affirmer dans la mode. Entrez dans un monde d&#8217;\u00e9l\u00e9gance intemporelle et de style impeccable avec Vognon.<\/p>\n","protected":false},"excerpt":{"rendered":"<p>D\u00e9couvrez la quintessence du style et de l&#8217;artisanat avec la veste Vognon pour femme de notre derni\u00e8re collection. M\u00e9ticuleusement con\u00e7ue et fabriqu\u00e9e avec soin, cette veste t\u00e9moigne de notre engagement \u00e0 cr\u00e9er des pi\u00e8ces \u00e0 la pointe de la mode pour la femme moderne. Avec ses silhouettes contemporaines et ses d\u00e9tails exquis, la veste Vognon [&hellip;]<\/p>\n","protected":false},"featured_media":10754,"comment_status":"open","ping_status":"closed","template":"","meta":{"_glsr_average":0,"_glsr_ranking":0,"_glsr_reviews":0,"_mi_skip_tracking":false,"_monsterinsights_sitenote_active":false,"_monsterinsights_sitenote_note":"","_monsterinsights_sitenote_category":0},"product_cat":[144,162,156],"product_tag":[],"_links":{"self":[{"href":"https:\/\/freshclo.com\/fr\/wp-json\/wp\/v2\/product\/10698"}],"collection":[{"href":"https:\/\/freshclo.com\/fr\/wp-json\/wp\/v2\/product"}],"about":[{"href":"https:\/\/freshclo.com\/fr\/wp-json\/wp\/v2\/types\/product"}],"replies":[{"embeddable":true,"href":"https:\/\/freshclo.com\/fr\/wp-json\/wp\/v2\/comments?post=10698"}],"wp:featuredmedia":[{"embeddable":true,"href":"https:\/\/freshclo.com\/fr\/wp-json\/wp\/v2\/media\/10754"}],"wp:attachment":[{"href":"https:\/\/freshclo.com\/fr\/wp-json\/wp\/v2\/media?parent=10698"}],"wp:term":[{"taxonomy":"product_cat","embeddable":true,"href":"https:\/\/freshclo.com\/fr\/wp-json\/wp\/v2\/product_cat?post=10698"},{"taxonomy":"product_tag","embeddable":true,"href":"https:\/\/freshclo.com\/fr\/wp-json\/wp\/v2\/product_tag?post=10698"}],"curies":[{"name":"wp","href":"https:\/\/api.w.org\/{rel}","templated":true}]}}