{"id":10938,"date":"2023-07-13T06:50:04","date_gmt":"2023-07-13T06:50:04","guid":{"rendered":"https:\/\/freshclo.com\/?post_type=product&#038;p=10938"},"modified":"2023-07-13T06:57:17","modified_gmt":"2023-07-13T06:57:17","slug":"blouson-vognon-femmes-motif-bogolant-nouvelle-collection","status":"publish","type":"product","link":"https:\/\/freshclo.com\/fr\/produit\/blouson-vognon-femmes-motif-bogolant-nouvelle-collection\/","title":{"rendered":"Veste Vognon pour femme &#8211; motif bogolant &#8211; Nouvelle collection"},"content":{"rendered":"<p><strong>Veste Vognon pour femme de notre superbe nouvelle collection, dot\u00e9e d&#8217;un motif bogolan captivant :<\/strong><\/p>\n<p>Entrez dans un monde de style unique et d&#8217;inspiration culturelle avec la veste Vognon pour femme de notre derni\u00e8re collection. Cette veste met en valeur la beaut\u00e9 complexe du motif bogolan, un motif textile africain traditionnel connu pour son riche h\u00e9ritage et ses motifs symboliques.<\/p>\n<p>R\u00e9alis\u00e9e avec une attention m\u00e9ticuleuse aux d\u00e9tails, la veste Vognon pour femme allie la mode contemporaine au charme intemporel du motif bogolan. Les motifs complexes et la palette de couleurs terreuses cr\u00e9ent un attrait visuel envo\u00fbtant, faisant de chaque veste une v\u00e9ritable \u0153uvre d&#8217;art.<\/p>\n<p>Con\u00e7ue pour rehausser votre style, cette veste offre une coupe flatteuse et un port confortable. Les mat\u00e9riaux de haute qualit\u00e9 garantissent la durabilit\u00e9, tandis que les coutures et les finitions impeccables refl\u00e8tent notre engagement en faveur d&#8217;un savoir-faire exceptionnel.<\/p>\n<p>Que vous vous habilliez pour une occasion sp\u00e9ciale ou que vous cherchiez \u00e0 vous d\u00e9marquer dans votre tenue de tous les jours, la veste Vognon pour femme est un choix polyvalent. Associez-le \u00e0 un jean pour un look chic et d\u00e9contract\u00e9, ou superposez-le \u00e0 une robe pour une touche d&#8217;\u00e9l\u00e9gance boh\u00e8me.<\/p>\n<p>Adoptez l&#8217;essence de notre nouvelle collection avec la veste Vognon pour femme au motif bogolan. Fusionnant l&#8217;h\u00e9ritage culturel et la mode contemporaine, cette veste vous permet d&#8217;exprimer votre individualit\u00e9 et d&#8217;embrasser l&#8217;art du style mondial. Rehaussez votre garde-robe avec la beaut\u00e9 captivante de la veste Vognon pour femme.<\/p>\n","protected":false},"excerpt":{"rendered":"<p>Veste Vognon pour femme de notre superbe nouvelle collection, dot\u00e9e d&#8217;un motif bogolan captivant : Entrez dans un monde de style unique et d&#8217;inspiration culturelle avec la veste Vognon pour femme de notre derni\u00e8re collection. Cette veste met en valeur la beaut\u00e9 complexe du motif bogolan, un motif textile africain traditionnel connu pour son riche [&hellip;]<\/p>\n","protected":false},"featured_media":10942,"comment_status":"open","ping_status":"closed","template":"","meta":{"_glsr_average":0,"_glsr_ranking":0,"_glsr_reviews":0,"_mi_skip_tracking":false,"_monsterinsights_sitenote_active":false,"_monsterinsights_sitenote_note":"","_monsterinsights_sitenote_category":0},"product_cat":[144,162,156],"product_tag":[],"_links":{"self":[{"href":"https:\/\/freshclo.com\/fr\/wp-json\/wp\/v2\/product\/10938"}],"collection":[{"href":"https:\/\/freshclo.com\/fr\/wp-json\/wp\/v2\/product"}],"about":[{"href":"https:\/\/freshclo.com\/fr\/wp-json\/wp\/v2\/types\/product"}],"replies":[{"embeddable":true,"href":"https:\/\/freshclo.com\/fr\/wp-json\/wp\/v2\/comments?post=10938"}],"wp:featuredmedia":[{"embeddable":true,"href":"https:\/\/freshclo.com\/fr\/wp-json\/wp\/v2\/media\/10942"}],"wp:attachment":[{"href":"https:\/\/freshclo.com\/fr\/wp-json\/wp\/v2\/media?parent=10938"}],"wp:term":[{"taxonomy":"product_cat","embeddable":true,"href":"https:\/\/freshclo.com\/fr\/wp-json\/wp\/v2\/product_cat?post=10938"},{"taxonomy":"product_tag","embeddable":true,"href":"https:\/\/freshclo.com\/fr\/wp-json\/wp\/v2\/product_tag?post=10938"}],"curies":[{"name":"wp","href":"https:\/\/api.w.org\/{rel}","templated":true}]}}