{"id":6881,"date":"2023-03-23T06:40:51","date_gmt":"2023-03-23T06:40:51","guid":{"rendered":"https:\/\/freshclo.com\/product\/montre-bracelet-luxueuse-en-or\/"},"modified":"2023-06-21T07:32:26","modified_gmt":"2023-06-21T07:32:26","slug":"montre-bracelet-luxueuse-en-or","status":"publish","type":"product","link":"https:\/\/freshclo.com\/fr\/produit\/montre-bracelet-luxueuse-en-or\/","title":{"rendered":"Montre-bracelet luxueuse en or"},"content":{"rendered":"<p><span style=\"font-size: 14pt\"><strong>[Premium Gift Box]  Luxurious Golden Wristwatch Premium Metal Band Watch  <\/strong><\/span><br \/><span style=\"font-size: 14pt\">&#8211; [Material]: M\u00e9tal + Quartz + Verre<\/span><br \/><span style=\"font-size: 14pt\">&#8211; [Dial Size]: 40mm(1.6&#8243;)<br \/>&#8211; [Strap Size]: Longueur 19cm(7.5&#8243;)<\/span><br \/><span style=\"font-size: 14pt\">&#8211; [Color]: Bleu\/Noir\/Blanc\/Or<\/span><br \/><span style=\"font-size: 14pt\">&#8211; [Type]: Montre \u00e0 quartz \u00e9tanche \u00e0 30M et luminescente<\/span><br \/><span style=\"font-size: 14pt\">&#8211; [Occasion]: C&#8217;est une montre \u00e0 quartz d\u00e9licate \u00e0 l&#8217;aspect luxueux. Son apparence supr\u00eame et ses performances stables en font une montre parfaite pour toutes les occasions.<br \/>&#8211; [Package]: Bo\u00eete cadeau de premi\u00e8re qualit\u00e9<\/span><br \/><span style=\"font-size: 14pt\">&#8211; [Care Instruction]: Ne pas porter sous la douche, dans le bain ou en nageant.<\/span><\/p>\n<\/p>\n<p><span style=\"font-size: 14pt\"><strong>A propos de cet article<br \/><\/strong>&#8211; Exquis<br \/>Cette montre est dot\u00e9e d&#8217;une fonction d&#8217;\u00e9clairage nocturne, le verre \u00e0 haute clart\u00e9 met en valeur son magnifique cadran. Le bracelet brillant s&#8217;adapte \u00e0 votre poignet et ne vous g\u00eane pas.<\/span><br \/><span style=\"font-size: 14pt\">&#8211; Montre classique<\/span><br \/><span style=\"font-size: 14pt\">Cette \u00e9l\u00e9gante montre-bracelet est \u00e9tanche \u00e0 30 m\u00e8tres, ce qui lui permet de r\u00e9sister \u00e0 la plupart des occasions occasionnelles, comme se laver les mains, la pluie, etc.<br \/>&#8211; Un cadeau agr\u00e9able<br \/>Fabriqu\u00e9 dans un mat\u00e9riau de qualit\u00e9 sup\u00e9rieure, il constitue un cadeau agr\u00e9able. Cette charmante montre-bracelet emball\u00e9e dans un coffret cadeau haut de gamme sera parfaite pour vos proches.<\/span><\/p>\n<\/p>\n<p><span style=\"font-size: 14pt\"><strong>Avis<\/strong><\/span><br \/><span style=\"font-size: 14pt\">Divers facteurs de production peuvent entra\u00eener de l\u00e9g\u00e8res diff\u00e9rences entre le produit r\u00e9el et la maquette, qu&#8217;il s&#8217;agisse des couleurs, de la position de l&#8217;impression ou de la taille.<\/span><\/p>\n<\/p>\n<div><img decoding=\"async\" src=\"https:\/\/diy-pic.s3.us-west-2.amazonaws.com\/ocProduct\/catalog\/7e46ceac23d44c3085acc7ec10186ca4.jpg\" alt=\"\" width=\"791px\" height=\"693px\"><\/div>\n<div><img decoding=\"async\" src=\"https:\/\/diy-pic.s3.us-west-2.amazonaws.com\/ocProduct\/catalog\/1f3572943a4142b5925ee3d57d3cb1ed.jpg\" alt=\"\" width=\"791px\" height=\"1220px\"><\/div>\n<div><img decoding=\"async\" src=\"https:\/\/diy-pic.s3.us-west-2.amazonaws.com\/ocProduct\/catalog\/b8e0c691e2d44234bc91114e195b78b4.jpg\" alt=\"\" width=\"791px\" height=\"1221px\"><\/div>\n<div><img decoding=\"async\" src=\"https:\/\/diy-pic.s3.us-west-2.amazonaws.com\/ocProduct\/catalog\/b922c763cd0b4345a7ddddab687983a2.jpg\" alt=\"\" width=\"791px\" height=\"1221px\"><\/div>\n<div><img decoding=\"async\" src=\"https:\/\/diy-pic.s3.us-west-2.amazonaws.com\/ocProduct\/catalog\/1a02fdabff994a09bc4164d04feef683.jpg\" alt=\"\" width=\"791px\" height=\"1221px\"><\/div>\n<p><\/p>\n","protected":false},"excerpt":{"rendered":"<p>[Premium Gift Box] Luxurious Golden Wristwatch Premium Metal Band Watch &#8211; [Material]: M\u00e9tal + Quartz + Verre&#8211; [Dial Size]: 40mm(1.6&#8243;)&#8211; [Strap Size]: Longueur 19cm(7.5&#8243;)&#8211; [Color]: Bleu\/Noir\/Blanc\/Or&#8211; [Type]: Montre \u00e0 quartz \u00e9tanche \u00e0 30M et luminescente&#8211; [Occasion]: C&#8217;est une montre \u00e0 quartz d\u00e9licate \u00e0 l&#8217;aspect luxueux. Son apparence supr\u00eame et ses performances stables en font une [&hellip;]<\/p>\n","protected":false},"featured_media":3229,"comment_status":"open","ping_status":"closed","template":"","meta":{"_glsr_average":0,"_glsr_ranking":0,"_glsr_reviews":0,"_mi_skip_tracking":false,"_monsterinsights_sitenote_active":false,"_monsterinsights_sitenote_note":"","_monsterinsights_sitenote_category":0},"product_cat":[139,140],"product_tag":[],"_links":{"self":[{"href":"https:\/\/freshclo.com\/fr\/wp-json\/wp\/v2\/product\/6881"}],"collection":[{"href":"https:\/\/freshclo.com\/fr\/wp-json\/wp\/v2\/product"}],"about":[{"href":"https:\/\/freshclo.com\/fr\/wp-json\/wp\/v2\/types\/product"}],"replies":[{"embeddable":true,"href":"https:\/\/freshclo.com\/fr\/wp-json\/wp\/v2\/comments?post=6881"}],"wp:featuredmedia":[{"embeddable":true,"href":"https:\/\/freshclo.com\/fr\/wp-json\/wp\/v2\/media\/3229"}],"wp:attachment":[{"href":"https:\/\/freshclo.com\/fr\/wp-json\/wp\/v2\/media?parent=6881"}],"wp:term":[{"taxonomy":"product_cat","embeddable":true,"href":"https:\/\/freshclo.com\/fr\/wp-json\/wp\/v2\/product_cat?post=6881"},{"taxonomy":"product_tag","embeddable":true,"href":"https:\/\/freshclo.com\/fr\/wp-json\/wp\/v2\/product_tag?post=6881"}],"curies":[{"name":"wp","href":"https:\/\/api.w.org\/{rel}","templated":true}]}}