{"id":6882,"date":"2023-03-23T06:37:52","date_gmt":"2023-03-23T06:37:52","guid":{"rendered":"https:\/\/freshclo.com\/product\/hats-all-over-print-bucket-hat\/"},"modified":"2023-06-21T07:32:27","modified_gmt":"2023-06-21T07:32:27","slug":"hats-all-over-print-bucket-hat","status":"publish","type":"product","link":"https:\/\/freshclo.com\/fr\/produit\/hats-all-over-print-bucket-hat\/","title":{"rendered":"Hats All Over Print Bucket Hat"},"content":{"rendered":"<p><span style=\"font-size: 14pt\"><strong>Chapeaux Custom Hats Chapeau Bucket avec impression All Over<\/strong><\/span><br \/><span style=\"font-size: 14pt\">&#8211; [Material]: tissu diagonal 100% polyester<\/span><br \/><span style=\"font-size: 14pt\">&#8211; [Size]: R\u00e9glable de 56cm(22&#8243;) \u00e0 58cm(23&#8243;)<\/span><br \/><span style=\"font-size: 14pt\">&#8211; [Print Technology]: Impression par transfert thermique<\/span><br \/><span style=\"font-size: 14pt\">&#8211; [Print Position]: Imprim\u00e9 sur toute la surface<\/span><br \/><span style=\"font-size: 14pt\">&#8211; [Type]: Chapeau baquet<\/span><br \/><span style=\"font-size: 14pt\">&#8211; [Occasion]: Un chapeau baquet \u00e0 la mode pour bloquer la lumi\u00e8re du soleil et les gouttes d&#8217;eau, ou pour am\u00e9liorer votre look. Un ornement de mode intemporel.<\/span><br \/><span style=\"font-size: 14pt\">&#8211; [Care Instruction]: Laver \u00e0 la main, s\u00e9cher \u00e0 l&#8217;air libre, ne pas d\u00e9couper ni blanchir.<\/span><\/p>\n<\/p>\n<p><span style=\"font-size: 14pt\"><strong>A propos de cet article<\/strong><\/span><br \/><span style=\"font-size: 14pt\">&#8211; Design \u00e0 la mode  <\/span><br \/><span style=\"font-size: 14pt\">Le chapeau a une belle forme et ne s&#8217;affaisse pas. Chapeau de p\u00eacheur unisexe, simple et classique, au design arrondi, s&#8217;adaptant \u00e0 toutes les courbes et \u00e0 tous les contours du visage.<\/span><br \/><span style=\"font-size: 14pt\">&#8211; Impression de haute qualit\u00e9<\/span><br \/><span style=\"font-size: 14pt\">L&#8217;impression par transfert thermique permet de conserver la couleur r\u00e9elle de l&#8217;image originale. Gr\u00e2ce \u00e0 la technologie de l&#8217;impression sur toute la surface, vous pouvez imprimer parfaitement des motifs cons\u00e9cutifs sur le tissu.<\/span><br \/><span style=\"font-size: 14pt\">&#8211; Mode et facile \u00e0 assortir<\/span><br \/><span style=\"font-size: 14pt\">Il est facile \u00e0 assortir \u00e0 vos v\u00eatements de tous les jours et convient \u00e0 toutes les personnes.<\/span><\/p>\n<\/p>\n<p><span style=\"font-size: 14pt\"><strong>Avis<\/strong><\/span><br \/><span style=\"font-size: 14pt\">Divers facteurs de production peuvent entra\u00eener de l\u00e9g\u00e8res diff\u00e9rences entre le produit r\u00e9el et la maquette, qu&#8217;il s&#8217;agisse des couleurs, de la position de l&#8217;impression ou de la taille.  <\/span><br \/><span style=\"font-size: 14pt\">Les donn\u00e9es relatives \u00e0 la taille sont mesur\u00e9es manuellement. En raison des diff\u00e9rentes m\u00e9thodes de mesure, des erreurs de 1 \u00e0 2 cm sont consid\u00e9r\u00e9es comme normales.<\/span><\/p>\n<p><\/p>\n","protected":false},"excerpt":{"rendered":"<p>Chapeaux Custom Hats Chapeau Bucket avec impression All Over&#8211; [Material]: tissu diagonal 100% polyester&#8211; [Size]: R\u00e9glable de 56cm(22&#8243;) \u00e0 58cm(23&#8243;)&#8211; [Print Technology]: Impression par transfert thermique&#8211; [Print Position]: Imprim\u00e9 sur toute la surface&#8211; [Type]: Chapeau baquet&#8211; [Occasion]: Un chapeau baquet \u00e0 la mode pour bloquer la lumi\u00e8re du soleil et les gouttes d&#8217;eau, ou pour [&hellip;]<\/p>\n","protected":false},"featured_media":3224,"comment_status":"open","ping_status":"closed","template":"","meta":{"_glsr_average":0,"_glsr_ranking":0,"_glsr_reviews":0,"_mi_skip_tracking":false,"_monsterinsights_sitenote_active":false,"_monsterinsights_sitenote_note":"","_monsterinsights_sitenote_category":0},"product_cat":[139,141],"product_tag":[],"_links":{"self":[{"href":"https:\/\/freshclo.com\/fr\/wp-json\/wp\/v2\/product\/6882"}],"collection":[{"href":"https:\/\/freshclo.com\/fr\/wp-json\/wp\/v2\/product"}],"about":[{"href":"https:\/\/freshclo.com\/fr\/wp-json\/wp\/v2\/types\/product"}],"replies":[{"embeddable":true,"href":"https:\/\/freshclo.com\/fr\/wp-json\/wp\/v2\/comments?post=6882"}],"wp:featuredmedia":[{"embeddable":true,"href":"https:\/\/freshclo.com\/fr\/wp-json\/wp\/v2\/media\/3224"}],"wp:attachment":[{"href":"https:\/\/freshclo.com\/fr\/wp-json\/wp\/v2\/media?parent=6882"}],"wp:term":[{"taxonomy":"product_cat","embeddable":true,"href":"https:\/\/freshclo.com\/fr\/wp-json\/wp\/v2\/product_cat?post=6882"},{"taxonomy":"product_tag","embeddable":true,"href":"https:\/\/freshclo.com\/fr\/wp-json\/wp\/v2\/product_tag?post=6882"}],"curies":[{"name":"wp","href":"https:\/\/api.w.org\/{rel}","templated":true}]}}