{"id":6887,"date":"2023-03-22T21:01:12","date_gmt":"2023-03-22T21:01:12","guid":{"rendered":"https:\/\/freshclo.com\/product\/custom-shoes-adults-slippers-flip-flops\/"},"modified":"2023-06-21T07:32:30","modified_gmt":"2023-06-21T07:32:30","slug":"custom-shoes-adults-slippers-flip-flops","status":"publish","type":"product","link":"https:\/\/freshclo.com\/fr\/produit\/custom-shoes-adults-slippers-flip-flops\/","title":{"rendered":"Custom Shoes Adults&#8217; Slippers Flip-flops"},"content":{"rendered":"<p><span style=\"font-size: 14pt\"><strong>Custom Shoes Adults&#8217; Slippers Flip-flops  <\/strong><\/span><br \/><span style=\"font-size: 14pt\">&#8211; [Material]: PVC<br \/>&#8211; [Printing Position]: Sup\u00e9rieur<br \/>&#8211; [Type]: Pantoufles<br \/>&#8211; [Occasion]: Convient pour les vacances \u00e0 la plage, les voyages, la piscine, la salle de bain, etc. Cadeau id\u00e9al pour les amis et la famille.<br \/>&#8211; [Care Instruction]: Lavage \u00e0 la main uniquement.<\/span><\/p>\n<\/p>\n<p><span style=\"font-size: 14pt\"><strong>A propos de cet article<\/strong><\/span><br \/><span style=\"font-size: 14pt\">&#8211; Chaussures d&#8217;entra\u00eenement confortables<br \/>Profitez de votre temps libre avec cette paire de sandales. Ces chaussures sont id\u00e9ales pour vos vacances, enfilez-les, sentez l&#8217;air frais parcourir vos pieds et oubliez les soucis li\u00e9s au travail.<br \/>&#8211; Elastique et confortable<br \/>Les semelles de ces tongs sont \u00e9lastiques, flexibles et r\u00e9sistantes \u00e0 l&#8217;usure. Les tongs s\u00e8chent rapidement, ce qui permet d&#8217;\u00e9viter l&#8217;humidit\u00e9 \u00e0 l&#8217;origine des mycoses du pied apr\u00e8s avoir \u00e9t\u00e9 port\u00e9es toute la journ\u00e9e.<br \/>&#8211; Semelle souple antid\u00e9rapante<br \/>La semelle antid\u00e9rapante en PVC assure une bonne adh\u00e9rence au sol et une r\u00e9sistance \u00e0 l&#8217;usure.<br \/>&#8211; Impression de haute qualit\u00e9<br \/>Notre production de haute qualit\u00e9 permet d&#8217;obtenir des impressions aux couleurs claires et fid\u00e8les. Le dessin sera imprim\u00e9 avec pr\u00e9cision.<\/span><\/p>\n<\/p>\n<p><span style=\"font-size: 14pt\"><strong>Avis<\/strong><\/span><br \/><span style=\"font-size: 14pt\">Divers facteurs de production peuvent entra\u00eener de l\u00e9g\u00e8res diff\u00e9rences entre le produit r\u00e9el et la maquette, qu&#8217;il s&#8217;agisse des couleurs, de la position de l&#8217;impression ou de la taille.<\/span><\/p>\n<p><\/p>\n<p><span style=\"font-size: 14pt\">La taille de ce produit se r\u00e9f\u00e8re \u00e0 la norme de taille de la CN.<\/span><\/p>\n<table style=\"border-collapse: collapse;width: 597px;height: 299px\" border=\"1\">\n<tbody style=\"line-height: 25px\">\n<tr style=\"height: 25px\">\n<td style=\"width: 54.9844px;height: 58px;text-align: center\">L&#8217;euro<\/td>\n<td style=\"width: 28.0312px;height: 58px;text-align: center\">  35-36<\/td>\n<td style=\"width: 113.18px;height: 58px;text-align: center\" colspan=\"2\">  37-38<\/td>\n<td style=\"width: 118.219px;height: 58px;text-align: center\" colspan=\"2\">  39-40<\/td>\n<td style=\"width: 123.375px;height: 58px;text-align: center\" colspan=\"2\">  41-42<\/td>\n<td style=\"width: 71.9297px;height: 58px;text-align: center\" colspan=\"2\">  43-44<\/td>\n<\/tr>\n<tr style=\"height: 25px\">\n<td style=\"width: 54.9844px;height: 48px;text-align: center\">Femmes am\u00e9ricaines<\/td>\n<td style=\"width: 28.0312px;height: 48px;text-align: center\">5-6<\/td>\n<td style=\"width: 113.18px;height: 48px;text-align: center\" colspan=\"2\">6.5-7.5<\/td>\n<td style=\"width: 118.219px;height: 48px;text-align: center\" colspan=\"2\">  8-9<\/td>\n<td style=\"width: 123.375px;height: 48px;text-align: center\" colspan=\"2\">  9.5-10.5<\/td>\n<td style=\"width: 71.9297px;height: 48px;text-align: center\" colspan=\"2\">11-12<\/td>\n<\/tr>\n<tr style=\"height: 25px\">\n<td style=\"width: 54.9844px;height: 35px;text-align: center\">Hommes US<\/td>\n<td style=\"width: 28.0312px;height: 35px;text-align: center\">4-4.5<\/td>\n<td style=\"width: 113.18px;height: 35px;text-align: center\" colspan=\"2\">  5-6<\/td>\n<td style=\"width: 118.219px;height: 35px;text-align: center\" colspan=\"2\">6.5-7.5<\/td>\n<td style=\"width: 123.375px;height: 35px;text-align: center\" colspan=\"2\">  8-9<\/td>\n<td style=\"width: 71.9297px;height: 35px;text-align: center\" colspan=\"2\">  9.5-10<\/td>\n<\/tr>\n<tr style=\"height: 25px\">\n<td style=\"width: 54.9844px;height: 71px;text-align: center\">CN<\/td>\n<td style=\"width: 28.0312px;height: 71px;text-align: center\">36-37<\/td>\n<td style=\"width: 113.18px;text-align: center;height: 71px\" colspan=\"2\">38-39<\/td>\n<td style=\"width: 118.219px;text-align: center;height: 71px\" colspan=\"2\">40-41<\/td>\n<td style=\"width: 123.375px;text-align: center;height: 71px\" colspan=\"2\">42-43<\/td>\n<td style=\"width: 71.9297px;text-align: center;height: 71px\" colspan=\"2\">44-45<\/td>\n<\/tr>\n<tr style=\"height: 25px\">\n<td style=\"width: 54.9844px;height: 52px;text-align: center\">Longueur du patin (mm)<\/td>\n<td style=\"height: 52px;width: 28.0312px;text-align: center\">240<\/td>\n<td style=\"height: 52px;text-align: center;width: 113.18px\" colspan=\"2\">250<\/td>\n<td style=\"height: 52px;text-align: center;width: 118.219px\" colspan=\"2\">260<\/td>\n<td style=\"height: 52px;text-align: center;width: 123.375px\" colspan=\"2\">  270<\/td>\n<td style=\"height: 52px;text-align: center;width: 71.9297px\" colspan=\"2\">  280<\/td>\n<\/tr>\n<tr style=\"height: 25px\">\n<td style=\"width: 54.9844px;height: 35px;text-align: center\">Largeur de la chaussure (mm)<\/td>\n<td style=\"width: 28.0312px;height: 35px;text-align: center\">108<\/td>\n<td style=\"width: 113.18px;height: 35px;text-align: center\" colspan=\"2\">110<\/td>\n<td style=\"width: 118.219px;height: 35px;text-align: center\" colspan=\"2\">112<\/td>\n<td style=\"width: 123.375px;height: 35px;text-align: center\" colspan=\"2\">114<\/td>\n<td style=\"width: 71.9297px;height: 35px;text-align: center\" colspan=\"2\">116<\/td>\n<\/tr>\n<\/tbody>\n<\/table>\n<p><span style=\"font-size: 14pt\">Les donn\u00e9es relatives \u00e0 la taille sont mesur\u00e9es manuellement. En raison des diff\u00e9rentes m\u00e9thodes de mesure, des erreurs de 1 \u00e0 2 cm sont consid\u00e9r\u00e9es comme normales.<\/span><\/p>\n","protected":false},"excerpt":{"rendered":"<p>Custom Shoes Adults&#8217; Slippers Flip-flops &#8211; [Material]: PVC&#8211; [Printing Position]: Sup\u00e9rieur&#8211; [Type]: Pantoufles&#8211; [Occasion]: Convient pour les vacances \u00e0 la plage, les voyages, la piscine, la salle de bain, etc. Cadeau id\u00e9al pour les amis et la famille.&#8211; [Care Instruction]: Lavage \u00e0 la main uniquement. A propos de cet article&#8211; Chaussures d&#8217;entra\u00eenement confortablesProfitez de votre [&hellip;]<\/p>\n","protected":false},"featured_media":3090,"comment_status":"open","ping_status":"closed","template":"","meta":{"_glsr_average":0,"_glsr_ranking":0,"_glsr_reviews":0,"_mi_skip_tracking":false,"_monsterinsights_sitenote_active":false,"_monsterinsights_sitenote_note":"","_monsterinsights_sitenote_category":0},"product_cat":[145,143,144,142],"product_tag":[],"_links":{"self":[{"href":"https:\/\/freshclo.com\/fr\/wp-json\/wp\/v2\/product\/6887"}],"collection":[{"href":"https:\/\/freshclo.com\/fr\/wp-json\/wp\/v2\/product"}],"about":[{"href":"https:\/\/freshclo.com\/fr\/wp-json\/wp\/v2\/types\/product"}],"replies":[{"embeddable":true,"href":"https:\/\/freshclo.com\/fr\/wp-json\/wp\/v2\/comments?post=6887"}],"wp:featuredmedia":[{"embeddable":true,"href":"https:\/\/freshclo.com\/fr\/wp-json\/wp\/v2\/media\/3090"}],"wp:attachment":[{"href":"https:\/\/freshclo.com\/fr\/wp-json\/wp\/v2\/media?parent=6887"}],"wp:term":[{"taxonomy":"product_cat","embeddable":true,"href":"https:\/\/freshclo.com\/fr\/wp-json\/wp\/v2\/product_cat?post=6887"},{"taxonomy":"product_tag","embeddable":true,"href":"https:\/\/freshclo.com\/fr\/wp-json\/wp\/v2\/product_tag?post=6887"}],"curies":[{"name":"wp","href":"https:\/\/api.w.org\/{rel}","templated":true}]}}