{"id":6895,"date":"2023-03-22T21:15:40","date_gmt":"2023-03-22T21:15:40","guid":{"rendered":"https:\/\/freshclo.com\/product\/chemises-personnalisees-unisexes-a-manches-courtes-supersquare\/"},"modified":"2023-06-21T07:32:32","modified_gmt":"2023-06-21T07:32:32","slug":"chemises-personnalisees-unisexes-a-manches-courtes-supersquare","status":"publish","type":"product","link":"https:\/\/freshclo.com\/fr\/produit\/chemises-personnalisees-unisexes-a-manches-courtes-supersquare\/","title":{"rendered":"Chemises personnalis\u00e9es unisexes \u00e0 manches courtes SuperSquare"},"content":{"rendered":"<p><span style=\"font-size: 14pt;\"><strong>Chemises personnalis\u00e9es unisexes \u00e0 manches courtes SuperSquare<\/strong><\/span><br \/>\n<span style=\"font-size: 14pt;\">&#8211; [Material]: Polyester<\/span><br \/>\n<span style=\"font-size: 14pt;\">&#8211; [Printing Technology]: Impression par transfert thermique<\/span><br \/>\n<span style=\"font-size: 14pt;\">&#8211; [Type]: Chemise \u00e0 manches courtes avec fermeture \u00e0 boutons<\/span><br \/>\n<span style=\"font-size: 14pt;\">&#8211; [Occasion]: Vos v\u00eatements confortables pour l&#8217;\u00e9t\u00e9, les sorties dans la rue, les vacances \u00e0 la plage ou toute autre occasion d\u00e9contract\u00e9e.<\/span><br \/>\n<span style=\"font-size: 14pt;\">&#8211; [Care Instruction]: Lavage \u00e0 la main ou en machine.<\/span><\/p>\n<p><span style=\"font-size: 14pt;\"><strong>A propos de cet article<\/strong><\/span><br \/>\n<span style=\"font-size: 14pt;\">&#8211; Respirant et confortable<\/span><br \/>\n<span style=\"font-size: 14pt;\">Cette chemise imprim\u00e9e dans tous les sens est fabriqu\u00e9e dans un tissu polyester lisse et respirant pour produire une chemise au design magnifique. Il est l\u00e9ger et fin pour les temps chauds.  <\/span><br \/>\n<span style=\"font-size: 14pt;\">&#8211; Une mode \u00e0 assortir<\/span><br \/>\n<span style=\"font-size: 14pt;\">Il s&#8217;agit d&#8217;une chemise \u00e0 la coupe ample, qui s&#8217;accorde parfaitement avec les shorts, les pantoufles, les maillots de bain et les jeans. Une chemise \u00e0 manches courtes imprim\u00e9e de toutes parts convient \u00e0 un mod\u00e8le de chemise hawa\u00efenne.<\/span><br \/>\n<span style=\"font-size: 14pt;\">&#8211; Impression de haute qualit\u00e9<\/span><br \/>\n<span style=\"font-size: 14pt;\">L&#8217;impression par transfert thermique est une technique d&#8217;impression globale qui se caract\u00e9rise par sa rapidit\u00e9 et sa pr\u00e9cision dans l&#8217;impression des couleurs. La technique d&#8217;impression all-over ne laisse aucune limite \u00e0 votre cr\u00e9ativit\u00e9.<\/span><br \/>\n<span style=\"font-size: 14pt;\">&#8211; Rattraper les tendances de l&#8217;\u00e9t\u00e9<\/span><br \/>\n<span style=\"font-size: 14pt;\">Un design unique de chemises imprim\u00e9es est toujours une tendance des v\u00eatements d&#8217;\u00e9t\u00e9. Cr\u00e9ez et achetez votre mode unique.<\/span><\/p>\n<p><span style=\"font-size: 14pt;\"><strong>Avis<\/strong><\/span><br \/>\n<span style=\"font-size: 14pt;\">Divers facteurs de production peuvent entra\u00eener de l\u00e9g\u00e8res diff\u00e9rences entre le produit r\u00e9el et la maquette, qu&#8217;il s&#8217;agisse des couleurs, de la position de l&#8217;impression ou de la taille.<\/span><\/p>\n<p>&nbsp;<\/p>\n<table style=\"border-collapse: collapse; width: 42.0918%; height: 156px;\" border=\"1\" width=\"332.27pt\" cellspacing=\"0\" cellpadding=\"0\">\n<colgroup>\n<col style=\"width: 60.75pt;\" width=\"81\">\n<col style=\"width: 60.00pt;\" width=\"80\">\n<col style=\"width: 74.25pt;\" width=\"99\">\n<col style=\"width: 71.25pt;\" width=\"95\">\n<col style=\"width: 66.00pt;\" width=\"88\"> <\/colgroup>\n<tbody>\n<tr style=\"height: 13.50pt;\">\n<td class=\"et2\" style=\"height: 13px; width: 8.26613%; text-align: center;\" width=\"81\" height=\"18\">Taille<\/td>\n<td class=\"et2\" style=\"width: 25.8065%; text-align: center; height: 13px;\" width=\"80\">Epaule (cm\/in)<\/td>\n<td class=\"et2\" style=\"width: 20.7661%; text-align: center; height: 13px;\" width=\"99\">Poitrine(cm\/in)<\/td>\n<td class=\"et2\" style=\"width: 21.9758%; text-align: center; height: 13px;\" width=\"95\">Manche(cm\/in)<\/td>\n<td class=\"et2\" style=\"width: 22.7823%; text-align: center; height: 13px;\" width=\"88\">Longueur (cm\/in)<\/td>\n<\/tr>\n<tr style=\"height: 13.50pt;\">\n<td class=\"et2\" style=\"height: 13px; text-align: center; width: 8.26613%;\" height=\"18\">S<\/td>\n<td class=\"et2\" style=\"text-align: center; height: 13px; width: 25.8065%;\">42\/16.54<\/td>\n<td class=\"et2\" style=\"text-align: center; height: 13px; width: 20.7661%;\">49\/19.29<\/td>\n<td class=\"et2\" style=\"text-align: center; height: 13px; width: 21.9758%;\">21.5\/8.46<\/td>\n<td class=\"et2\" style=\"text-align: center; height: 13px; width: 22.7823%;\">73\/28.74<\/td>\n<\/tr>\n<tr style=\"height: 13.50pt;\">\n<td class=\"et2\" style=\"height: 13px; text-align: center; width: 8.26613%;\" height=\"18\">M<\/td>\n<td class=\"et2\" style=\"text-align: center; height: 13px; width: 25.8065%;\">43.5\/17.13<\/td>\n<td class=\"et2\" style=\"text-align: center; height: 13px; width: 20.7661%;\">51.5\/20.28<\/td>\n<td class=\"et2\" style=\"text-align: center; height: 13px; width: 21.9758%;\">22\/8.66<\/td>\n<td class=\"et2\" style=\"text-align: center; height: 13px; width: 22.7823%;\">74\/29.13<\/td>\n<\/tr>\n<tr style=\"height: 13.50pt;\">\n<td class=\"et2\" style=\"height: 13px; text-align: center; width: 8.26613%;\" height=\"18\">L<\/td>\n<td class=\"et2\" style=\"text-align: center; height: 13px; width: 25.8065%;\">45\/17.72<\/td>\n<td class=\"et2\" style=\"text-align: center; height: 13px; width: 20.7661%;\">54\/21.26<\/td>\n<td class=\"et2\" style=\"text-align: center; height: 13px; width: 21.9758%;\">22.5\/8.86<\/td>\n<td class=\"et2\" style=\"text-align: center; height: 13px; width: 22.7823%;\">75\/29.53<\/td>\n<\/tr>\n<tr style=\"height: 13.50pt;\">\n<td class=\"et2\" style=\"height: 13px; text-align: center; width: 8.26613%;\" height=\"18\">XL<\/td>\n<td class=\"et2\" style=\"text-align: center; height: 13px; width: 25.8065%;\">46.5\/18.31<\/td>\n<td class=\"et2\" style=\"text-align: center; height: 13px; width: 20.7661%;\">56.5\/22.24<\/td>\n<td class=\"et2\" style=\"text-align: center; height: 13px; width: 21.9758%;\">23\/9.06<\/td>\n<td class=\"et2\" style=\"text-align: center; height: 13px; width: 22.7823%;\">76\/29.92<\/td>\n<\/tr>\n<tr style=\"height: 13.50pt;\">\n<td class=\"et2\" style=\"height: 13px; text-align: center; width: 8.26613%;\" height=\"18\">2XL<\/td>\n<td class=\"et2\" style=\"text-align: center; height: 13px; width: 25.8065%;\">48\/18.9<\/td>\n<td class=\"et2\" style=\"text-align: center; height: 13px; width: 20.7661%;\">59\/23.23<\/td>\n<td class=\"et2\" style=\"text-align: center; height: 13px; width: 21.9758%;\">23.5\/9.25<\/td>\n<td class=\"et2\" style=\"text-align: center; height: 13px; width: 22.7823%;\">77\/30.31<\/td>\n<\/tr>\n<tr style=\"height: 13.50pt;\">\n<td class=\"et2\" style=\"height: 13px; text-align: center; width: 8.26613%;\" height=\"18\">3XL<\/td>\n<td class=\"et2\" style=\"text-align: center; height: 13px; width: 25.8065%;\">49.5\/19.49<\/td>\n<td class=\"et2\" style=\"text-align: center; height: 13px; width: 20.7661%;\">61.5\/24.21<\/td>\n<td class=\"et2\" style=\"text-align: center; height: 13px; width: 21.9758%;\">24\/9.45<\/td>\n<td class=\"et2\" style=\"text-align: center; height: 13px; width: 22.7823%;\">78\/30.71<\/td>\n<\/tr>\n<tr style=\"height: 13.50pt;\">\n<td class=\"et2\" style=\"height: 13px; text-align: center; width: 8.26613%;\" height=\"18\">4XL<\/td>\n<td class=\"et2\" style=\"text-align: center; height: 13px; width: 25.8065%;\">51\/20.08<\/td>\n<td class=\"et2\" style=\"text-align: center; height: 13px; width: 20.7661%;\">64\/25.2<\/td>\n<td class=\"et2\" style=\"text-align: center; height: 13px; width: 21.9758%;\">24.5\/9.65<\/td>\n<td class=\"et2\" style=\"text-align: center; height: 13px; width: 22.7823%;\">79\/31.1<\/td>\n<\/tr>\n<tr style=\"height: 13.50pt;\">\n<td class=\"et2\" style=\"height: 13px; text-align: center; width: 8.26613%;\" height=\"18\">5XL<\/td>\n<td class=\"et2\" style=\"text-align: center; height: 13px; width: 25.8065%;\">52.5\/20.67<\/td>\n<td class=\"et2\" style=\"text-align: center; height: 13px; width: 20.7661%;\">66.5\/26.18<\/td>\n<td class=\"et2\" style=\"text-align: center; height: 13px; width: 21.9758%;\">25\/9.84<\/td>\n<td class=\"et2\" style=\"text-align: center; height: 13px; width: 22.7823%;\">80\/31.5<\/td>\n<\/tr>\n<tr style=\"height: 13.50pt;\">\n<td class=\"et2\" style=\"height: 13px; text-align: center; width: 8.26613%;\" height=\"18\">6XL<\/td>\n<td class=\"et2\" style=\"text-align: center; height: 13px; width: 25.8065%;\">54\/21.26<\/td>\n<td class=\"et2\" style=\"text-align: center; height: 13px; width: 20.7661%;\">69\/27.17<\/td>\n<td class=\"et2\" style=\"text-align: center; height: 13px; width: 21.9758%;\">25.5\/10.04<\/td>\n<td class=\"et2\" style=\"text-align: center; height: 13px; width: 22.7823%;\">81\/31.89<\/td>\n<\/tr>\n<tr style=\"height: 13.50pt;\">\n<td class=\"et2\" style=\"height: 13px; text-align: center; width: 8.26613%;\" height=\"18\">7XL<\/td>\n<td class=\"et2\" style=\"text-align: center; height: 13px; width: 25.8065%;\">55.5\/21.85<\/td>\n<td class=\"et2\" style=\"text-align: center; height: 13px; width: 20.7661%;\">71.5\/28.15<\/td>\n<td class=\"et2\" style=\"text-align: center; height: 13px; width: 21.9758%;\">26\/10.24<\/td>\n<td class=\"et2\" style=\"text-align: center; height: 13px; width: 22.7823%;\">82\/32.28<\/td>\n<\/tr>\n<tr style=\"height: 13.50pt;\">\n<td class=\"et2\" style=\"height: 13px; text-align: center; width: 8.26613%;\" height=\"18\">8XL<\/td>\n<td class=\"et2\" style=\"text-align: center; height: 13px; width: 25.8065%;\">57\/22.44<\/td>\n<td class=\"et2\" style=\"text-align: center; height: 13px; width: 20.7661%;\">74\/29.13<\/td>\n<td class=\"et2\" style=\"text-align: center; height: 13px; width: 21.9758%;\">26.5\/10.43<\/td>\n<td class=\"et2\" style=\"text-align: center; height: 13px; width: 22.7823%;\">83\/32.68<\/td>\n<\/tr>\n<\/tbody>\n<\/table>\n<p><span style=\"font-size: 14pt;\">Ces donn\u00e9es de taille sont mesur\u00e9es manuellement, en raison des diff\u00e9rentes m\u00e9thodes de mesure, des erreurs de 1 \u00e0 2 cm sont consid\u00e9r\u00e9es comme normales.<\/span><\/p>\n","protected":false},"excerpt":{"rendered":"<p>Chemises personnalis\u00e9es unisexes \u00e0 manches courtes SuperSquare &#8211; [Material]: Polyester &#8211; [Printing Technology]: Impression par transfert thermique &#8211; [Type]: Chemise \u00e0 manches courtes avec fermeture \u00e0 boutons &#8211; [Occasion]: Vos v\u00eatements confortables pour l&#8217;\u00e9t\u00e9, les sorties dans la rue, les vacances \u00e0 la plage ou toute autre occasion d\u00e9contract\u00e9e. &#8211; [Care Instruction]: Lavage \u00e0 la [&hellip;]<\/p>\n","protected":false},"featured_media":3140,"comment_status":"open","ping_status":"closed","template":"","meta":{"_glsr_average":0,"_glsr_ranking":0,"_glsr_reviews":0,"_mi_skip_tracking":false,"_monsterinsights_sitenote_active":false,"_monsterinsights_sitenote_note":"","_monsterinsights_sitenote_category":0},"product_cat":[146,144,142],"product_tag":[],"_links":{"self":[{"href":"https:\/\/freshclo.com\/fr\/wp-json\/wp\/v2\/product\/6895"}],"collection":[{"href":"https:\/\/freshclo.com\/fr\/wp-json\/wp\/v2\/product"}],"about":[{"href":"https:\/\/freshclo.com\/fr\/wp-json\/wp\/v2\/types\/product"}],"replies":[{"embeddable":true,"href":"https:\/\/freshclo.com\/fr\/wp-json\/wp\/v2\/comments?post=6895"}],"wp:featuredmedia":[{"embeddable":true,"href":"https:\/\/freshclo.com\/fr\/wp-json\/wp\/v2\/media\/3140"}],"wp:attachment":[{"href":"https:\/\/freshclo.com\/fr\/wp-json\/wp\/v2\/media?parent=6895"}],"wp:term":[{"taxonomy":"product_cat","embeddable":true,"href":"https:\/\/freshclo.com\/fr\/wp-json\/wp\/v2\/product_cat?post=6895"},{"taxonomy":"product_tag","embeddable":true,"href":"https:\/\/freshclo.com\/fr\/wp-json\/wp\/v2\/product_tag?post=6895"}],"curies":[{"name":"wp","href":"https:\/\/api.w.org\/{rel}","templated":true}]}}