{"id":6961,"date":"2023-03-22T21:26:13","date_gmt":"2023-03-22T21:26:13","guid":{"rendered":"https:\/\/freshclo.com\/product\/sweat-a-capuche-epais-unisexe-en-velours-file-avec-poches\/"},"modified":"2023-06-21T07:32:36","modified_gmt":"2023-06-21T07:32:36","slug":"sweat-a-capuche-epais-unisexe-en-velours-file-avec-poches","status":"publish","type":"product","link":"https:\/\/freshclo.com\/fr\/produit\/sweat-a-capuche-epais-unisexe-en-velours-file-avec-poches\/","title":{"rendered":"Sweat \u00e0 capuche \u00e9pais unisexe en velours fil\u00e9 avec poches"},"content":{"rendered":"<p><strong>Sweat \u00e0 capuche \u00e9pais unisexe en velours fil\u00e9 avec poches<\/strong><br \/>\n<span style=\"font-size: 14pt;\">&#8211; Velours fil\u00e9<\/span><br \/>\n<span style=\"font-size: 14pt;\">&#8211; Impression par transfert thermique, couture multi-image.<\/span><br \/>\n<span style=\"font-size: 14pt;\">&#8211; Poignets et ourlet inf\u00e9rieurs c\u00f4tel\u00e9s<\/span><br \/>\n<span style=\"font-size: 14pt;\">&#8211; Capuche r\u00e9glable par cordon de serrage, poche kangourou fendue<\/span><br \/>\n<span style=\"font-size: 14pt;\">&#8211; Cordons de serrage blancs, doublure blanche<\/span><br \/>\n<span style=\"font-size: 14pt;\">&#8211; Style d\u00e9contract\u00e9, chaud et doux, id\u00e9al pour l&#8217;hiver ou les temps frais<\/span><br \/>\n<span style=\"font-size: 14pt;\">Conseils d&#8217;entretien : laver en machine ou \u00e0 la main<\/span><br \/>\n<span style=\"font-size: 14pt;\">Remarque : L&#8217;ourlet et les poignets ne peuvent s\u00e9lectionner que la couleur de la palette de droite pour remplir la zone de dessin.<\/span><\/p>\n<p><span style=\"font-size: 14pt;\"><strong>A propos de cet article<\/strong><\/span><br \/>\n<span style=\"font-size: 14pt;\">&#8211; Doux et chaud<\/span><br \/>\n<span style=\"font-size: 14pt;\">Le pull est fabriqu\u00e9 dans un tissu chaud et confortable pour vous apporter de la chaleur.<\/span><br \/>\n<span style=\"font-size: 14pt;\">&#8211; L\u00e2che et confortable<\/span><br \/>\n<span style=\"font-size: 14pt;\">Il est doux au toucher, micro \u00e9lastique, ample et confortable \u00e0 porter.<\/span><br \/>\n<span style=\"font-size: 14pt;\">&#8211; Impression de haute qualit\u00e9<\/span><br \/>\n<span style=\"font-size: 14pt;\">L&#8217;impression par transfert thermique permet d&#8217;obtenir de belles impressions avec des couleurs fid\u00e8les.  <\/span><br \/>\n<span style=\"font-size: 14pt;\">&#8211; Mode et facile \u00e0 assortir<\/span><br \/>\n<span style=\"font-size: 14pt;\">Il est facile \u00e0 assortir \u00e0 vos v\u00eatements de tous les jours et convient \u00e0 toutes les personnes.<\/span><\/p>\n<p><span style=\"font-size: 14pt;\"><strong>Avis<\/strong><br \/>\nDivers facteurs de production peuvent entra\u00eener de l\u00e9g\u00e8res diff\u00e9rences entre le produit r\u00e9el et la maquette, qu&#8217;il s&#8217;agisse des couleurs, de la position de l&#8217;impression ou de la taille.  <\/span><\/p>\n<p>&nbsp;<\/p>\n<table style=\"height: 199px; width: 0px; border-collapse: collapse;\" border=\"1\">\n<tbody>\n<tr style=\"height: 52px;\">\n<td style=\"width: 66px; text-align: center; height: 52px;\">Pays<\/td>\n<td style=\"width: 93px; height: 52px; text-align: center;\">Poitrine(cm\/in)<\/td>\n<td style=\"height: 52px; width: 98px; text-align: center;\" height=\"18\">Taille (cm\/in)<\/td>\n<td style=\"width: 105px; text-align: center; height: 52px;\">Ourlet(cm\/in)<\/td>\n<td style=\"width: 102px; height: 52px; text-align: center;\">Longueur (cm\/in)<\/td>\n<td style=\"width: 128px; text-align: center; height: 52px;\" colspan=\"2\">CN<\/td>\n<td style=\"width: 56px; text-align: center; height: 52px;\">INT<\/td>\n<td style=\"width: 55px; text-align: center; height: 52px;\">\u00c9TATS-UNIS<\/td>\n<td style=\"width: 58px; text-align: center; height: 52px;\">EUR<\/td>\n<td style=\"width: 53px; text-align: center; height: 52px;\">FR<\/td>\n<td style=\"width: 53px; text-align: center; height: 52px;\">IT<\/td>\n<td style=\"width: 55px; text-align: center; height: 52px;\">ROYAUME-UNI<\/td>\n<td style=\"width: 57px; text-align: center; height: 52px;\">JP<\/td>\n<\/tr>\n<tr style=\"height: 14px;\">\n<td style=\"width: 66px; text-align: center; height: 106px;\" rowspan=\"10\">  Taille<\/td>\n<td style=\"height: 14px; width: 93px; text-align: center;\" height=\"19\">99\/38.97<\/td>\n<td style=\"height: 14px; width: 98px; text-align: center;\" height=\"19\">98\/38.58<\/td>\n<td style=\"width: 105px; text-align: center; height: 14px;\">97\/38.18<\/td>\n<td class=\"et2\" style=\"height: 14px; width: 102px; text-align: center;\" height=\"19\">63.5\/24.99<\/td>\n<td style=\"width: 56px; text-align: center; height: 14px;\">S<\/td>\n<td style=\"width: 72px; text-align: center; height: 14px;\">165\/84A<\/td>\n<td style=\"width: 56px; text-align: center; height: 14px;\">XS<\/td>\n<td style=\"width: 55px; text-align: center; height: 14px;\">34<\/td>\n<td style=\"width: 58px; text-align: center; height: 14px;\">44<\/td>\n<td style=\"width: 53px; text-align: center; height: 14px;\">44<\/td>\n<td style=\"width: 53px; text-align: center; height: 14px;\">44<\/td>\n<td style=\"width: 55px; text-align: center; height: 14px;\">8<\/td>\n<td style=\"width: 57px; text-align: center; height: 14px;\">S<\/td>\n<\/tr>\n<tr style=\"height: 14.25pt;\">\n<td style=\"height: 14px; width: 93px; text-align: center;\" height=\"19\">105\/41.33<\/td>\n<td style=\"height: 14px; width: 98px; text-align: center;\" height=\"19\">104\/40.94<\/td>\n<td style=\"width: 105px; text-align: center; height: 14px;\">103\/40.55<\/td>\n<td class=\"et2\" style=\"height: 14px; width: 102px; text-align: center;\" height=\"19\">66\/25.98<\/td>\n<td style=\"width: 56px; text-align: center; height: 14px;\">M<\/td>\n<td style=\"width: 72px; text-align: center; height: 14px;\">170\/88A<\/td>\n<td style=\"width: 56px; text-align: center; height: 14px;\">S<\/td>\n<td style=\"width: 55px; text-align: center; height: 14px;\">36<\/td>\n<td style=\"width: 58px; text-align: center; height: 14px;\">46<\/td>\n<td style=\"width: 53px; text-align: center; height: 14px;\">46<\/td>\n<td style=\"width: 53px; text-align: center; height: 14px;\">46<\/td>\n<td style=\"width: 55px; text-align: center; height: 14px;\">10<\/td>\n<td style=\"width: 57px; text-align: center; height: 14px;\">M<\/td>\n<\/tr>\n<tr style=\"height: 13.50pt;\">\n<td style=\"height: 13px; width: 93px; text-align: center;\" height=\"18\">111\/43.7<\/td>\n<td style=\"height: 13px; width: 98px; text-align: center;\" height=\"18\">110\/43.3<\/td>\n<td style=\"width: 105px; text-align: center; height: 13px;\">109\/42.91<\/td>\n<td class=\"et3\" style=\"height: 13px; width: 102px; text-align: center;\" height=\"18\">68.5\/26.96<\/td>\n<td style=\"width: 56px; text-align: center; height: 13px;\">L<\/td>\n<td style=\"width: 72px; text-align: center; height: 13px;\">175\/92A<\/td>\n<td style=\"width: 56px; text-align: center; height: 13px;\">M<\/td>\n<td style=\"width: 55px; text-align: center; height: 13px;\">38<\/td>\n<td style=\"width: 58px; text-align: center; height: 13px;\">48<\/td>\n<td style=\"width: 53px; text-align: center; height: 13px;\">48<\/td>\n<td style=\"width: 53px; text-align: center; height: 13px;\">48<\/td>\n<td style=\"width: 55px; text-align: center; height: 13px;\">12<\/td>\n<td style=\"width: 57px; text-align: center; height: 13px;\">L<\/td>\n<\/tr>\n<tr style=\"height: 13.50pt;\">\n<td style=\"height: 13px; width: 93px; text-align: center;\" height=\"18\">117\/46.06<\/td>\n<td style=\"height: 13px; width: 98px; text-align: center;\" height=\"18\">116\/45.66<\/td>\n<td style=\"width: 105px; text-align: center; height: 13px;\">115\/45.27<\/td>\n<td class=\"et3\" style=\"height: 13px; width: 102px; text-align: center;\" height=\"18\">71\/27.95<\/td>\n<td style=\"width: 56px; text-align: center; height: 13px;\">XL<\/td>\n<td style=\"width: 72px; text-align: center; height: 13px;\">180\/96A<\/td>\n<td style=\"width: 56px; text-align: center; height: 13px;\">L<\/td>\n<td style=\"width: 55px; text-align: center; height: 13px;\">40<\/td>\n<td style=\"width: 58px; text-align: center; height: 13px;\">50<\/td>\n<td style=\"width: 53px; text-align: center; height: 13px;\">50<\/td>\n<td style=\"width: 53px; text-align: center; height: 13px;\">50<\/td>\n<td style=\"width: 55px; text-align: center; height: 13px;\">14<\/td>\n<td style=\"width: 57px; text-align: center; height: 13px;\">XL<\/td>\n<\/tr>\n<tr style=\"height: 13.50pt;\">\n<td style=\"height: 13px; width: 93px; text-align: center;\" height=\"18\">123\/48.42<\/td>\n<td style=\"height: 13px; width: 98px; text-align: center;\" height=\"18\">122\/48.03<\/td>\n<td style=\"width: 105px; text-align: center; height: 13px;\">121\/47.63<\/td>\n<td class=\"et3\" style=\"height: 13px; width: 102px; text-align: center;\" height=\"18\">73.5\/28.93<\/td>\n<td style=\"width: 56px; text-align: center; height: 13px;\">2XL<\/td>\n<td style=\"width: 72px; text-align: center; height: 13px;\">185\/100A<\/td>\n<td style=\"width: 56px; text-align: center; height: 13px;\">XL<\/td>\n<td style=\"width: 55px; text-align: center; height: 13px;\">42<\/td>\n<td style=\"width: 58px; text-align: center; height: 13px;\">52<\/td>\n<td style=\"width: 53px; text-align: center; height: 13px;\">52<\/td>\n<td style=\"width: 53px; text-align: center; height: 13px;\">52<\/td>\n<td style=\"width: 55px; text-align: center; height: 13px;\">16<\/td>\n<td style=\"width: 57px; text-align: center; height: 13px;\">2XL<\/td>\n<\/tr>\n<tr style=\"height: 13.50pt;\">\n<td style=\"height: 13px; width: 93px; text-align: center;\" height=\"18\">129\/50.78<\/td>\n<td style=\"height: 13px; width: 98px; text-align: center;\" height=\"18\">128\/50.39<\/td>\n<td style=\"width: 105px; text-align: center; height: 13px;\">127\/49.99<\/td>\n<td class=\"et3\" style=\"height: 13px; width: 102px; text-align: center;\" height=\"18\">76\/29.92<\/td>\n<td style=\"width: 56px; text-align: center; height: 13px;\">3XL<\/td>\n<td style=\"width: 72px; text-align: center; height: 13px;\">190\/104A<\/td>\n<td style=\"width: 56px; text-align: center; height: 13px;\">2XL<\/td>\n<td style=\"width: 55px; text-align: center; height: 13px;\">44<\/td>\n<td style=\"width: 58px; text-align: center; height: 13px;\">54<\/td>\n<td style=\"width: 53px; text-align: center; height: 13px;\">54<\/td>\n<td style=\"width: 53px; text-align: center; height: 13px;\">54<\/td>\n<td style=\"width: 55px; text-align: center; height: 13px;\">18<\/td>\n<td style=\"width: 57px; text-align: center; height: 13px;\">3XL<\/td>\n<\/tr>\n<tr style=\"height: 13.50pt;\">\n<td style=\"height: 13px; width: 93px; text-align: center;\" height=\"18\">135\/53.14<\/td>\n<td style=\"height: 13px; width: 98px; text-align: center;\" height=\"18\">134\/52.75<\/td>\n<td style=\"width: 105px; text-align: center; height: 13px;\">133\/52.36<\/td>\n<td class=\"et3\" style=\"height: 13px; width: 102px; text-align: center;\" height=\"18\">78.5\/30.9<\/td>\n<td style=\"width: 56px; text-align: center; height: 13px;\">4XL<\/td>\n<td style=\"width: 72px; text-align: center; height: 13px;\">195\/108A<\/td>\n<td style=\"width: 56px; text-align: center; height: 13px;\">3XL<\/td>\n<td style=\"width: 55px; text-align: center; height: 13px;\">46<\/td>\n<td style=\"width: 58px; text-align: center; height: 13px;\">56<\/td>\n<td style=\"width: 53px; text-align: center; height: 13px;\">56<\/td>\n<td style=\"width: 53px; text-align: center; height: 13px;\">56<\/td>\n<td style=\"width: 55px; text-align: center; height: 13px;\">20<\/td>\n<td style=\"width: 57px; text-align: center; height: 13px;\">4XL<\/td>\n<\/tr>\n<tr style=\"height: 13.50pt;\">\n<td style=\"height: 13px; width: 93px; text-align: center;\" height=\"18\">141\/55.51<\/td>\n<td style=\"height: 13px; width: 98px; text-align: center;\" height=\"18\">140\/55.11<\/td>\n<td style=\"width: 105px; text-align: center; height: 13px;\">139\/54.72<\/td>\n<td class=\"et3\" style=\"height: 13px; width: 102px; text-align: center;\" height=\"18\">81\/31.88<\/td>\n<td style=\"width: 56px; text-align: center; height: 13px;\">5XL<\/td>\n<td style=\"width: 72px; text-align: center; height: 13px;\">200\/112A<\/td>\n<td style=\"width: 56px; text-align: center; height: 13px;\">4XL<\/td>\n<td style=\"width: 55px; text-align: center; height: 13px;\">48<\/td>\n<td style=\"width: 58px; text-align: center; height: 13px;\">58<\/td>\n<td style=\"width: 53px; text-align: center; height: 13px;\">58<\/td>\n<td style=\"width: 53px; text-align: center; height: 13px;\">58<\/td>\n<td style=\"width: 55px; text-align: center; height: 13px;\">22<\/td>\n<td style=\"width: 57px; text-align: center; height: 13px;\">5XL<\/td>\n<\/tr>\n<tr style=\"height: 20px;\">\n<td style=\"height: 20px; width: 93px; text-align: center;\" height=\"18\">147.8\/58.19<\/td>\n<td style=\"height: 20px; width: 98px; text-align: center;\" height=\"18\">147\/57.87<\/td>\n<td style=\"height: 20px; width: 105px; text-align: center;\" height=\"18\">146\/57.48<\/td>\n<td style=\"width: 102px; height: 20px; text-align: center;\">83.5\/32.87<\/td>\n<td style=\"width: 56px; text-align: center; height: 20px;\">6XL<\/td>\n<td style=\"width: 72px; text-align: center; height: 20px;\">205\/116A<\/td>\n<td style=\"width: 56px; text-align: center; height: 20px;\">5XL<\/td>\n<td style=\"width: 55px; text-align: center; height: 20px;\">50<\/td>\n<td style=\"width: 58px; text-align: center; height: 20px;\">60<\/td>\n<td style=\"width: 53px; text-align: center; height: 20px;\">60<\/td>\n<td style=\"width: 53px; text-align: center; height: 20px;\">60<\/td>\n<td style=\"width: 55px; text-align: center; height: 20px;\">24<\/td>\n<td style=\"width: 57px; text-align: center; height: 20px;\">6XL<\/td>\n<\/tr>\n<tr style=\"height: 20px;\">\n<td style=\"height: 20px; width: 93px; text-align: center;\" height=\"18\">153.8\/60.55<\/td>\n<td style=\"height: 20px; width: 98px; text-align: center;\" height=\"18\">153\/60.24<\/td>\n<td style=\"height: 20px; width: 105px; text-align: center;\" height=\"18\">152\/59.84<\/td>\n<td style=\"width: 102px; height: 20px; text-align: center;\">86\/33.86<\/td>\n<td style=\"width: 56px; text-align: center; height: 20px;\">7XL<\/td>\n<td style=\"width: 72px; text-align: center; height: 20px;\">210\/120A<\/td>\n<td style=\"width: 56px; text-align: center; height: 20px;\">6XL<\/td>\n<td style=\"width: 55px; text-align: center; height: 20px;\">52<\/td>\n<td style=\"width: 58px; text-align: center; height: 20px;\">62<\/td>\n<td style=\"width: 53px; text-align: center; height: 20px;\">62<\/td>\n<td style=\"width: 53px; text-align: center; height: 20px;\">62<\/td>\n<td style=\"width: 55px; text-align: center; height: 20px;\">26<\/td>\n<td style=\"width: 57px; text-align: center; height: 20px;\">7XL<\/td>\n<\/tr>\n<\/tbody>\n<\/table>\n<p><span style=\"font-size: 14pt;\">Ces donn\u00e9es de taille sont mesur\u00e9es manuellement, en raison des diff\u00e9rentes m\u00e9thodes de mesure, des erreurs de 1 \u00e0 2 cm sont consid\u00e9r\u00e9es comme normales.<\/span><\/p>\n","protected":false},"excerpt":{"rendered":"<p>Sweat \u00e0 capuche \u00e9pais unisexe en velours fil\u00e9 avec poches &#8211; Velours fil\u00e9 &#8211; Impression par transfert thermique, couture multi-image. &#8211; Poignets et ourlet inf\u00e9rieurs c\u00f4tel\u00e9s &#8211; Capuche r\u00e9glable par cordon de serrage, poche kangourou fendue &#8211; Cordons de serrage blancs, doublure blanche &#8211; Style d\u00e9contract\u00e9, chaud et doux, id\u00e9al pour l&#8217;hiver ou les temps [&hellip;]<\/p>\n","protected":false},"featured_media":3182,"comment_status":"open","ping_status":"closed","template":"","meta":{"_glsr_average":0,"_glsr_ranking":0,"_glsr_reviews":0,"_mi_skip_tracking":false,"_monsterinsights_sitenote_active":false,"_monsterinsights_sitenote_note":"","_monsterinsights_sitenote_category":0},"product_cat":[144,142,150,149],"product_tag":[],"_links":{"self":[{"href":"https:\/\/freshclo.com\/fr\/wp-json\/wp\/v2\/product\/6961"}],"collection":[{"href":"https:\/\/freshclo.com\/fr\/wp-json\/wp\/v2\/product"}],"about":[{"href":"https:\/\/freshclo.com\/fr\/wp-json\/wp\/v2\/types\/product"}],"replies":[{"embeddable":true,"href":"https:\/\/freshclo.com\/fr\/wp-json\/wp\/v2\/comments?post=6961"}],"wp:featuredmedia":[{"embeddable":true,"href":"https:\/\/freshclo.com\/fr\/wp-json\/wp\/v2\/media\/3182"}],"wp:attachment":[{"href":"https:\/\/freshclo.com\/fr\/wp-json\/wp\/v2\/media?parent=6961"}],"wp:term":[{"taxonomy":"product_cat","embeddable":true,"href":"https:\/\/freshclo.com\/fr\/wp-json\/wp\/v2\/product_cat?post=6961"},{"taxonomy":"product_tag","embeddable":true,"href":"https:\/\/freshclo.com\/fr\/wp-json\/wp\/v2\/product_tag?post=6961"}],"curies":[{"name":"wp","href":"https:\/\/api.w.org\/{rel}","templated":true}]}}