{"id":7081,"date":"2023-03-25T10:39:29","date_gmt":"2023-03-25T10:39:29","guid":{"rendered":"https:\/\/freshclo.com\/product\/fresh-clo-casual-robe-ouverte-sur-le-devant-smock-manches-longues\/"},"modified":"2023-06-21T07:33:47","modified_gmt":"2023-06-21T07:33:47","slug":"fresh-clo-casual-robe-ouverte-sur-le-devant-smock-manches-longues","status":"publish","type":"product","link":"https:\/\/freshclo.com\/fr\/produit\/fresh-clo-casual-robe-ouverte-sur-le-devant-smock-manches-longues\/","title":{"rendered":"Fresh Clo. Casual \u00ae Robe ouverte sur le devant Smock Manches longues"},"content":{"rendered":"<div class=\"src grammarSection highlight\" data-group=\"1-1\"><strong><span style=\"font-size: 14pt;\">Fresh Clo. Casual \u00ae Robe ouverte sur le devant Smock Manches longues<\/span><\/strong><\/div>\n<div><span style=\"font-size: 14pt;\">&#8211; [Material]: Polyester<\/span><br \/>\n<span style=\"font-size: 14pt;\">&#8211; [Print Technology]: Impression par transfert thermique<\/span><br \/>\n<span style=\"font-size: 14pt;\">&#8211; [Type]: Robe \u00e0 manches longues<\/span><br \/>\n<span style=\"font-size: 14pt;\">&#8211; [Occasion]: <span class=\"transSent\" data-group=\"0-0\"> Cette blouse est polyvalente et peut \u00eatre facilement port\u00e9e avec un top\/chemise\/tank top blanc basique, un jean, un legging et des bottes\/baskets. Elle convient \u00e0 un style d\u00e9contract\u00e9 et ext\u00e9rieur, pour les loisirs quotidiens, la maison, l&#8217;ext\u00e9rieur, la plage d&#8217;Hawaii, la rue et d&#8217;autres occasions<\/span>.<\/span><\/div>\n<div><span style=\"font-size: 14pt;\">&#8211; [Care Instruction]: Lavage en machine ou \u00e0 la main.<\/span><\/div>\n<div><\/div>\n<div><span style=\"font-size: 14pt;\">A propos de cet article<\/span><br \/>\n<span style=\"font-size: 14pt;\">&#8211; Haute qualit\u00e9<\/span><br \/>\n<span style=\"font-size: 14pt;\">Fabriqu\u00e9 en polyester, ce tissu est doux et confortable au toucher, l\u00e9g\u00e8rement \u00e9lastique. Simple et pratique, il n&#8217;est pas facile de r\u00e9tr\u00e9cir.<\/span><br \/>\n<span style=\"font-size: 14pt;\">&#8211; Style classique et \u00e0 la mode<\/span><br \/>\n<span style=\"font-size: 14pt;\">Cette <span class=\"transSent\" data-group=\"0-0\">blouse<\/span> personnalis\u00e9e est \u00e0 manches longues et de style d\u00e9contract\u00e9. Elle est facile \u00e0 porter, \u00e9l\u00e9gante et bien ajust\u00e9e. Suffisamment durable pour \u00eatre port\u00e9 tous les jours &#8211; impression \u00e0 la mode et tendance.<\/span><\/div>\n<div><span style=\"font-size: 14pt;\">&#8211; Impression de haute qualit\u00e9<\/span><br \/>\n<span style=\"font-size: 14pt;\">L&#8217;impression par transfert thermique permet de conserver de belles couleurs, ce qui vous permet d&#8217;utiliser cette blouse personnalis\u00e9e unique au quotidien sans craindre qu&#8217;elle ne se d\u00e9colore.<\/span><\/div>\n<div><span style=\"font-size: 14pt;\">&#8211; Facile \u00e0 assortir<\/span><br \/>\n<span style=\"font-size: 14pt;\">Il est facile \u00e0 assortir \u00e0 vos v\u00eatements de tous les jours, c&#8217;est une fa\u00e7on tendance de s&#8217;habiller pour l&#8217;\u00e9t\u00e9 et l&#8217;automne, et il convient \u00e0 toutes sortes de styles, avec des shorts en jean ou tout autre v\u00eatement d\u00e9contract\u00e9, etc.  <span class=\"transSent\" data-group=\"1-1\">C&#8217;est un must pour votre garde-robe !<\/span><\/span><\/div>\n<div><\/div>\n<div><\/div>\n<div><span style=\"font-size: 14pt;\">Avis<\/span><br \/>\n<span style=\"font-size: 14pt;\">Divers facteurs de production peuvent entra\u00eener de l\u00e9g\u00e8res diff\u00e9rences entre le produit r\u00e9el et la maquette, qu&#8217;il s&#8217;agisse des couleurs, de la position de l&#8217;impression ou de la taille.<\/span><\/div>\n<p>&nbsp;<\/p>\n<table style=\"border-collapse: collapse; width: 0px;\" border=\"1\">\n<tbody>\n<tr>\n<td style=\"width: 27.9844px;\">Taille<\/td>\n<td style=\"width: 89.5312px;\">Poitrine(cm\/in)<\/td>\n<td style=\"width: 88.5469px;\">Taille (cm\/in)<\/td>\n<td style=\"width: 98.8438px;\">Longueur (cm\/in)<\/td>\n<\/tr>\n<tr>\n<td style=\"width: 27.9844px;\">S<\/td>\n<td style=\"width: 89.5312px;\">104\/40.94<\/td>\n<td style=\"width: 88.5469px;\">94\/37.01<\/td>\n<td style=\"width: 98.8438px;\">123\/48.43<\/td>\n<\/tr>\n<tr>\n<td style=\"width: 27.9844px;\">M<\/td>\n<td style=\"width: 89.5312px;\">108\/42.52<\/td>\n<td style=\"width: 88.5469px;\">98\/38.58<\/td>\n<td style=\"width: 98.8438px;\">124\/48.82<\/td>\n<\/tr>\n<tr>\n<td style=\"width: 27.9844px;\">L<\/td>\n<td style=\"width: 89.5312px;\">112\/44.09<\/td>\n<td style=\"width: 88.5469px;\">102\/40.16<\/td>\n<td style=\"width: 98.8438px;\">125\/49.21<\/td>\n<\/tr>\n<tr>\n<td style=\"width: 27.9844px;\">XL<\/td>\n<td style=\"width: 89.5312px;\">116\/45.67<\/td>\n<td style=\"width: 88.5469px;\">106\/41.73<\/td>\n<td style=\"width: 98.8438px;\">126\/49.61<\/td>\n<\/tr>\n<tr>\n<td style=\"width: 27.9844px;\">2XL<\/td>\n<td style=\"width: 89.5312px;\">120\/47.24<\/td>\n<td style=\"width: 88.5469px;\">110\/43.31<\/td>\n<td style=\"width: 98.8438px;\">127\/50<\/td>\n<\/tr>\n<tr>\n<td style=\"width: 27.9844px;\">3XL<\/td>\n<td style=\"width: 89.5312px;\">124\/48.82<\/td>\n<td style=\"width: 88.5469px;\">114\/44.88<\/td>\n<td style=\"width: 98.8438px;\">128\/50.39<\/td>\n<\/tr>\n<tr>\n<td style=\"width: 27.9844px;\">4XL<\/td>\n<td style=\"width: 89.5312px;\">128\/50.39<\/td>\n<td style=\"width: 88.5469px;\">118\/46.46<\/td>\n<td style=\"width: 98.8438px;\">129\/50.79<\/td>\n<\/tr>\n<\/tbody>\n<\/table>\n<p><span style=\"font-size: 14pt;\">Ces donn\u00e9es de taille sont mesur\u00e9es manuellement, en raison des diff\u00e9rentes m\u00e9thodes de mesure, des erreurs de 1 \u00e0 2 cm sont consid\u00e9r\u00e9es comme normales.<\/span><\/p>\n","protected":false},"excerpt":{"rendered":"<p>Fresh Clo. Casual \u00ae Robe ouverte sur le devant Smock Manches longues &#8211; [Material]: Polyester &#8211; [Print Technology]: Impression par transfert thermique &#8211; [Type]: Robe \u00e0 manches longues &#8211; [Occasion]: Cette blouse est polyvalente et peut \u00eatre facilement port\u00e9e avec un top\/chemise\/tank top blanc basique, un jean, un legging et des bottes\/baskets. Elle convient \u00e0 [&hellip;]<\/p>\n","protected":false},"featured_media":4380,"comment_status":"open","ping_status":"closed","template":"","meta":{"_glsr_average":0,"_glsr_ranking":0,"_glsr_reviews":0,"_mi_skip_tracking":false,"_monsterinsights_sitenote_active":false,"_monsterinsights_sitenote_note":"","_monsterinsights_sitenote_category":0},"product_cat":[144,147],"product_tag":[],"_links":{"self":[{"href":"https:\/\/freshclo.com\/fr\/wp-json\/wp\/v2\/product\/7081"}],"collection":[{"href":"https:\/\/freshclo.com\/fr\/wp-json\/wp\/v2\/product"}],"about":[{"href":"https:\/\/freshclo.com\/fr\/wp-json\/wp\/v2\/types\/product"}],"replies":[{"embeddable":true,"href":"https:\/\/freshclo.com\/fr\/wp-json\/wp\/v2\/comments?post=7081"}],"wp:featuredmedia":[{"embeddable":true,"href":"https:\/\/freshclo.com\/fr\/wp-json\/wp\/v2\/media\/4380"}],"wp:attachment":[{"href":"https:\/\/freshclo.com\/fr\/wp-json\/wp\/v2\/media?parent=7081"}],"wp:term":[{"taxonomy":"product_cat","embeddable":true,"href":"https:\/\/freshclo.com\/fr\/wp-json\/wp\/v2\/product_cat?post=7081"},{"taxonomy":"product_tag","embeddable":true,"href":"https:\/\/freshclo.com\/fr\/wp-json\/wp\/v2\/product_tag?post=7081"}],"curies":[{"name":"wp","href":"https:\/\/api.w.org\/{rel}","templated":true}]}}