{"id":7082,"date":"2023-03-24T06:18:28","date_gmt":"2023-03-24T06:18:28","guid":{"rendered":"https:\/\/freshclo.com\/product\/clo-frais-limites-casquettes-de-baseball-dete-unisexes-ajustables-a-bec-courbe\/"},"modified":"2023-06-21T07:33:45","modified_gmt":"2023-06-21T07:33:45","slug":"clo-frais-limites-casquettes-de-baseball-dete-unisexes-ajustables-a-bec-courbe","status":"publish","type":"product","link":"https:\/\/freshclo.com\/fr\/produit\/clo-frais-limites-casquettes-de-baseball-dete-unisexes-ajustables-a-bec-courbe\/","title":{"rendered":"CLO. FRAIS LIMIT\u00c9S. Casquettes de baseball d&#8217;\u00e9t\u00e9 unisexes ajustables \u00e0 bec courb\u00e9"},"content":{"rendered":"<p><span style=\"font-size: 14pt\"><strong>CLO. FRAIS LIMIT\u00c9S. Casquettes de baseball d&#8217;\u00e9t\u00e9 unisexes ajustables \u00e0 bec courb\u00e9<\/strong><\/span><br \/><span style=\"font-size: 14pt\">&#8211; [Material]: Polyester<\/span><br \/><span style=\"font-size: 14pt\">&#8211; [Size]: Circonf\u00e9rence r\u00e9glable 57-60cm<\/span><br \/><span style=\"font-size: 14pt\">&#8211; [Print Technology]: Impression par transfert thermique<\/span><br \/><span style=\"font-size: 14pt\">&#8211; [Print Position]: Imprim\u00e9 sur toute la surface<\/span><br \/><span style=\"font-size: 14pt\">&#8211; [Color]: Bracelet blanc<\/span><br \/><span style=\"font-size: 14pt\">&#8211; [Type]: Casquette de baseball \u00e0 visi\u00e8re l\u00e9g\u00e8rement incurv\u00e9e, coupe basse, snapback.<\/span><br \/><span style=\"font-size: 14pt\">&#8211; [Occasion]: Casquette de style athl\u00e9tique et d\u00e9contract\u00e9 qui peut encourager votre \u00e9quipe, promouvoir votre marque ou simplement emp\u00eacher vos yeux d&#8217;\u00eatre \u00e9blouis par la lumi\u00e8re. Convient tout au long de l&#8217;ann\u00e9e.<\/span><br \/><span style=\"font-size: 14pt\">&#8211; [Note]: Le motif sur la ligne de couture au milieu du panneau avant peut \u00eatre cousu ou l\u00e9g\u00e8rement recouvert.  <\/span><\/p>\n<\/p>\n<p><span style=\"font-size: 14pt\"><strong>A propos de cet article<\/strong><\/span><br \/><span style=\"font-size: 14pt\">&#8211; Ex\u00e9cution exquise<\/span><br \/><span style=\"font-size: 14pt\">Les coutures soign\u00e9es conf\u00e8rent une qualit\u00e9 sup\u00e9rieure \u00e0 cette casquette de baseball \u00e0 la mode.<\/span><br \/><span style=\"font-size: 14pt\">&#8211; Capuchon sur\u00e9lev\u00e9<\/span><br \/><span style=\"font-size: 14pt\">La coiffe est rehauss\u00e9e pour donner un meilleur rapport \u00e0 la silhouette du porteur, ce qui am\u00e9liore directement l&#8217;apparence physique de la personne. La structure de la couronne de la coiffe \u00e0 l&#8217;avant de la coiffe renforce l&#8217;ensemble de la conception de la coiffe, ce qui la rend ind\u00e9formable.<\/span><br \/><span style=\"font-size: 14pt\">&#8211; Accessoire de mode<\/span><br \/><span style=\"font-size: 14pt\">Le bord est l\u00e9g\u00e8rement incurv\u00e9 dans le style athl\u00e9tique, avec une technologie d&#8217;impression int\u00e9grale qui ne donne pas l&#8217;impression d&#8217;\u00eatre fragment\u00e9e.<\/span><br \/><span style=\"font-size: 14pt\">&#8211; Impression de haute qualit\u00e9<\/span><br \/><span style=\"font-size: 14pt\">L&#8217;impression par transfert thermique permet de conserver la couleur r\u00e9elle de l&#8217;image originale. Gr\u00e2ce \u00e0 la technologie de l&#8217;impression sur toute la surface, vous pouvez imprimer parfaitement des motifs cons\u00e9cutifs sur le tissu. Personnalisez la face avant avec un logo, un dessin ou un texte et cr\u00e9ez votre accessoire indispensable et \u00e9ternel !<\/span><\/p>\n<\/p>\n<p><span style=\"font-size: 14pt\"><strong>Avis<\/strong><\/span><br \/><span style=\"font-size: 14pt\">Divers facteurs de production peuvent entra\u00eener de l\u00e9g\u00e8res diff\u00e9rences entre le produit r\u00e9el et la maquette, qu&#8217;il s&#8217;agisse des couleurs, de la position de l&#8217;impression ou de la taille.  <\/span><br \/><span style=\"font-size: 14pt\">Les donn\u00e9es relatives \u00e0 la taille sont mesur\u00e9es manuellement. En raison des diff\u00e9rentes m\u00e9thodes de mesure, des erreurs de 1 \u00e0 2 cm sont consid\u00e9r\u00e9es comme normales.<\/span><\/p>\n<p><\/p>\n","protected":false},"excerpt":{"rendered":"<p>CLO. FRAIS LIMIT\u00c9S. Casquettes de baseball d&#8217;\u00e9t\u00e9 unisexes ajustables \u00e0 bec courb\u00e9&#8211; [Material]: Polyester&#8211; [Size]: Circonf\u00e9rence r\u00e9glable 57-60cm&#8211; [Print Technology]: Impression par transfert thermique&#8211; [Print Position]: Imprim\u00e9 sur toute la surface&#8211; [Color]: Bracelet blanc&#8211; [Type]: Casquette de baseball \u00e0 visi\u00e8re l\u00e9g\u00e8rement incurv\u00e9e, coupe basse, snapback.&#8211; [Occasion]: Casquette de style athl\u00e9tique et d\u00e9contract\u00e9 qui peut encourager [&hellip;]<\/p>\n","protected":false},"featured_media":4050,"comment_status":"open","ping_status":"closed","template":"","meta":{"_glsr_average":0,"_glsr_ranking":0,"_glsr_reviews":0,"_mi_skip_tracking":false,"_monsterinsights_sitenote_active":false,"_monsterinsights_sitenote_note":"","_monsterinsights_sitenote_category":0},"product_cat":[139,141],"product_tag":[],"_links":{"self":[{"href":"https:\/\/freshclo.com\/fr\/wp-json\/wp\/v2\/product\/7082"}],"collection":[{"href":"https:\/\/freshclo.com\/fr\/wp-json\/wp\/v2\/product"}],"about":[{"href":"https:\/\/freshclo.com\/fr\/wp-json\/wp\/v2\/types\/product"}],"replies":[{"embeddable":true,"href":"https:\/\/freshclo.com\/fr\/wp-json\/wp\/v2\/comments?post=7082"}],"wp:featuredmedia":[{"embeddable":true,"href":"https:\/\/freshclo.com\/fr\/wp-json\/wp\/v2\/media\/4050"}],"wp:attachment":[{"href":"https:\/\/freshclo.com\/fr\/wp-json\/wp\/v2\/media?parent=7082"}],"wp:term":[{"taxonomy":"product_cat","embeddable":true,"href":"https:\/\/freshclo.com\/fr\/wp-json\/wp\/v2\/product_cat?post=7082"},{"taxonomy":"product_tag","embeddable":true,"href":"https:\/\/freshclo.com\/fr\/wp-json\/wp\/v2\/product_tag?post=7082"}],"curies":[{"name":"wp","href":"https:\/\/api.w.org\/{rel}","templated":true}]}}