{"id":7083,"date":"2023-03-23T19:27:57","date_gmt":"2023-03-23T19:27:57","guid":{"rendered":"https:\/\/freshclo.com\/product\/fresh-clo-maillot-de-baseball-unisexe\/"},"modified":"2023-06-21T07:33:48","modified_gmt":"2023-06-21T07:33:48","slug":"fresh-clo-maillot-de-baseball-unisexe","status":"publish","type":"product","link":"https:\/\/freshclo.com\/fr\/produit\/fresh-clo-maillot-de-baseball-unisexe\/","title":{"rendered":"Fresh Clo. Maillot de baseball unisexe"},"content":{"rendered":"<p><span style=\"font-size: 14pt;\"><strong>Fresh Clo. Maillot de baseball unisexe<\/strong><\/span><br \/>\n<span style=\"font-size: 14pt;\">&#8211; [Material]: Polyester<\/span><br \/>\n<span style=\"font-size: 14pt;\">&#8211; [Print Technology]: Impression par transfert thermique<\/span><br \/>\n<span style=\"font-size: 14pt;\">&#8211; [Print Position]: Imprim\u00e9 sur toute la surface<\/span><br \/>\n<span style=\"font-size: 14pt;\">&#8211; [Type]: Maillot de baseball<\/span><br \/>\n<span style=\"font-size: 14pt;\">&#8211; [Occasion]: Un maillot de sport n&#8217;est pas seulement pour le terrain, ce maillot de baseball personnalis\u00e9 pourrait \u00eatre une nouvelle tendance avec votre design fantaisiste.<\/span><br \/>\n<span style=\"font-size: 14pt;\">&#8211; [Care Instruction]: Lavage \u00e0 la main ou en machine.<\/span><\/p>\n<p><span style=\"font-size: 14pt;\"><strong>A propos de cet article<\/strong><\/span><br \/>\n<span style=\"font-size: 14pt;\">&#8211; Style classique<\/span><br \/>\n<span style=\"font-size: 14pt;\">Il s&#8217;agit d&#8217;un maillot de baseball classique qui convient aussi bien \u00e0 la comp\u00e9tition qu&#8217;\u00e0 l&#8217;entra\u00eenement. Il est admirable de fabriquer des maillots d&#8217;\u00e9quipe qui affichent votre esprit.<\/span><br \/>\n<span style=\"font-size: 14pt;\">&#8211; Mat\u00e9riau de qualit\u00e9<\/span><br \/>\n<span style=\"font-size: 14pt;\">Le maillot est fabriqu\u00e9 en tissu maille polyester et se caract\u00e9rise par sa respirabilit\u00e9, son s\u00e9chage rapide et sa l\u00e9g\u00e8ret\u00e9, ce qui est parfait pour les activit\u00e9s \u00e0 fort impact.<\/span><br \/>\n<span style=\"font-size: 14pt;\">&#8211; Mode et facile \u00e0 assortir<\/span><br \/>\n<span style=\"font-size: 14pt;\">Un maillot de sport n&#8217;est pas seulement pour le terrain, ce maillot de baseball personnalis\u00e9 pourrait \u00eatre une nouvelle tendance avec votre design fantaisiste.<\/span><\/p>\n<p><span style=\"font-size: 14pt;\"><strong>Avis<\/strong><\/span><br \/>\n<span style=\"font-size: 14pt;\">Divers facteurs de production peuvent entra\u00eener de l\u00e9g\u00e8res diff\u00e9rences entre le produit r\u00e9el et la maquette, qu&#8217;il s&#8217;agisse des couleurs, de la position de l&#8217;impression ou de la taille.<\/span><\/p>\n<p>&nbsp;<\/p>\n<table style=\"border-collapse: collapse; width: 38.1259%; height: 130px;\" border=\"1\" width=\"162.03\" cellspacing=\"0\" cellpadding=\"0\">\n<colgroup>\n<col style=\"width: 54.00pt;\" span=\"3\" width=\"72\"> <\/colgroup>\n<tbody>\n<tr style=\"height: 13.50pt;\">\n<td style=\"height: 13px; width: 54pt; text-align: center;\" width=\"72\" height=\"18\">Taille<\/td>\n<td style=\"width: 54pt; text-align: center; height: 13px;\" width=\"72\">Poitrine(cm\/in)<\/td>\n<td style=\"width: 54pt; text-align: center; height: 13px;\" width=\"72\">Longueur (cm\/in)<\/td>\n<\/tr>\n<tr style=\"height: 13.50pt;\">\n<td class=\"et2\" style=\"height: 13px; text-align: center;\" height=\"18\">XS<\/td>\n<td style=\"text-align: center; height: 13px;\">44\/17.32<\/td>\n<td style=\"text-align: center; height: 13px;\">63\/24.8<\/td>\n<\/tr>\n<tr style=\"height: 13.50pt;\">\n<td class=\"et2\" style=\"height: 13px; text-align: center;\" height=\"18\">S<\/td>\n<td style=\"text-align: center; height: 13px;\">47\/18.5<\/td>\n<td style=\"text-align: center; height: 13px;\">65\/25.59<\/td>\n<\/tr>\n<tr style=\"height: 13.50pt;\">\n<td class=\"et2\" style=\"height: 13px; text-align: center;\" height=\"18\">M<\/td>\n<td style=\"text-align: center; height: 13px;\">50\/19.69<\/td>\n<td style=\"text-align: center; height: 13px;\">68\/26.77<\/td>\n<\/tr>\n<tr style=\"height: 13.50pt;\">\n<td class=\"et2\" style=\"height: 13px; text-align: center;\" height=\"18\">L<\/td>\n<td style=\"text-align: center; height: 13px;\">53\/20.87<\/td>\n<td style=\"text-align: center; height: 13px;\">71\/27.95<\/td>\n<\/tr>\n<tr style=\"height: 13.50pt;\">\n<td class=\"et2\" style=\"height: 13px; text-align: center;\" height=\"18\">XL<\/td>\n<td style=\"text-align: center; height: 13px;\">56\/22.05<\/td>\n<td style=\"text-align: center; height: 13px;\">74\/29.13<\/td>\n<\/tr>\n<tr style=\"height: 13.50pt;\">\n<td class=\"et2\" style=\"height: 13px; text-align: center;\" height=\"18\">2XL<\/td>\n<td style=\"text-align: center; height: 13px;\">59\/23.23<\/td>\n<td style=\"text-align: center; height: 13px;\">77\/30.31<\/td>\n<\/tr>\n<tr style=\"height: 13.50pt;\">\n<td class=\"et2\" style=\"height: 13px; text-align: center;\" height=\"18\">3XL<\/td>\n<td style=\"text-align: center; height: 13px;\">62\/24.41<\/td>\n<td style=\"text-align: center; height: 13px;\">79\/31.1<\/td>\n<\/tr>\n<tr style=\"height: 13.50pt;\">\n<td class=\"et2\" style=\"height: 13px; text-align: center;\" height=\"18\">4XL<\/td>\n<td style=\"text-align: center; height: 13px;\">65\/25.59<\/td>\n<td style=\"text-align: center; height: 13px;\">81\/31.89<\/td>\n<\/tr>\n<tr style=\"height: 13.50pt;\">\n<td class=\"et2\" style=\"height: 13px; text-align: center;\" height=\"18\">5XL<\/td>\n<td style=\"text-align: center; height: 13px;\">68\/26.77<\/td>\n<td style=\"text-align: center; height: 13px;\">83.9\/33.03<\/td>\n<\/tr>\n<\/tbody>\n<\/table>\n<p><span style=\"font-size: 14pt;\">Ces donn\u00e9es de taille sont mesur\u00e9es manuellement, en raison des diff\u00e9rentes m\u00e9thodes de mesure, des erreurs de 1 \u00e0 2 cm sont consid\u00e9r\u00e9es comme normales.<\/span><\/p>\n","protected":false},"excerpt":{"rendered":"<p>Fresh Clo. Maillot de baseball unisexe &#8211; [Material]: Polyester &#8211; [Print Technology]: Impression par transfert thermique &#8211; [Print Position]: Imprim\u00e9 sur toute la surface &#8211; [Type]: Maillot de baseball &#8211; [Occasion]: Un maillot de sport n&#8217;est pas seulement pour le terrain, ce maillot de baseball personnalis\u00e9 pourrait \u00eatre une nouvelle tendance avec votre design fantaisiste. [&hellip;]<\/p>\n","protected":false},"featured_media":3934,"comment_status":"open","ping_status":"closed","template":"","meta":{"_glsr_average":0,"_glsr_ranking":0,"_glsr_reviews":0,"_mi_skip_tracking":false,"_monsterinsights_sitenote_active":false,"_monsterinsights_sitenote_note":"","_monsterinsights_sitenote_category":0},"product_cat":[146,144,142],"product_tag":[],"_links":{"self":[{"href":"https:\/\/freshclo.com\/fr\/wp-json\/wp\/v2\/product\/7083"}],"collection":[{"href":"https:\/\/freshclo.com\/fr\/wp-json\/wp\/v2\/product"}],"about":[{"href":"https:\/\/freshclo.com\/fr\/wp-json\/wp\/v2\/types\/product"}],"replies":[{"embeddable":true,"href":"https:\/\/freshclo.com\/fr\/wp-json\/wp\/v2\/comments?post=7083"}],"wp:featuredmedia":[{"embeddable":true,"href":"https:\/\/freshclo.com\/fr\/wp-json\/wp\/v2\/media\/3934"}],"wp:attachment":[{"href":"https:\/\/freshclo.com\/fr\/wp-json\/wp\/v2\/media?parent=7083"}],"wp:term":[{"taxonomy":"product_cat","embeddable":true,"href":"https:\/\/freshclo.com\/fr\/wp-json\/wp\/v2\/product_cat?post=7083"},{"taxonomy":"product_tag","embeddable":true,"href":"https:\/\/freshclo.com\/fr\/wp-json\/wp\/v2\/product_tag?post=7083"}],"curies":[{"name":"wp","href":"https:\/\/api.w.org\/{rel}","templated":true}]}}