{"id":7086,"date":"2023-03-25T08:51:04","date_gmt":"2023-03-25T08:51:04","guid":{"rendered":"https:\/\/freshclo.com\/product\/fresh-clo-sweatshirts-unisexes-manches-longues-tops-decontractes-gildan-18000\/"},"modified":"2023-06-21T07:34:19","modified_gmt":"2023-06-21T07:34:19","slug":"fresh-clo-sweatshirts-unisexes-manches-longues-tops-decontractes-gildan-18000","status":"publish","type":"product","link":"https:\/\/freshclo.com\/fr\/produit\/fresh-clo-sweatshirts-unisexes-manches-longues-tops-decontractes-gildan-18000\/","title":{"rendered":"Fresh Clo. Sweatshirts unisexes Manches longues Tops d\u00e9contract\u00e9s Gildan 18000"},"content":{"rendered":"<div><span style=\"font-size: 14pt;\"><strong>Fresh Clo. Sweatshirts unisexes Manches longues Tops d\u00e9contract\u00e9s Gildan 18000  <\/strong><\/span><\/div>\n<div><span style=\"font-size: 14pt;\">&#8211; [Material]: 50% coton pr\u00e9r\u00e9tr\u00e9ci, 50% polyester<\/span><br \/>\n<span style=\"font-size: 14pt;\">&#8211; [Print Technology]: Impression par transfert thermique<\/span><br \/>\n<span style=\"font-size: 14pt;\">&#8211; [Print Position]: Avant  <\/span><br \/>\n<span style=\"font-size: 14pt;\">&#8211; [Type]: Sweatshirt<\/span><br \/>\n<span style=\"font-size: 14pt;\">&#8211; [Occasion]: Style d\u00e9contract\u00e9 et classique, adapt\u00e9 \u00e0 diverses occasions. Il est fabriqu\u00e9 en tissu doux et agr\u00e9able pour la peau, et peut \u00eatre port\u00e9 \u00e0 l&#8217;int\u00e9rieur comme \u00e0 l&#8217;ext\u00e9rieur, et convient aux temps frais.<\/span><br \/>\n<span style=\"font-size: 14pt;\">&#8211; [Care Instruction]: Lavage \u00e0 la main ou en machine.<\/span><\/div>\n<div><\/div>\n<div><span style=\"font-size: 14pt;\"><strong>A propos de cet article<\/strong><\/span><br \/>\n<span style=\"font-size: 14pt;\">&#8211; Chaud et doux  <\/span><br \/>\n<span style=\"font-size: 14pt;\">Il est fabriqu\u00e9 en coton pr\u00e9r\u00e9tr\u00e9ci et en polyester. Il n&#8217;y a pas de couches suppl\u00e9mentaires, mais l&#8217;inter-surface est tr\u00e8s chaude et douce, ce qui rend ce sweat \u00e0 capuche adapt\u00e9 au temps frais.<\/span><br \/>\n<span style=\"font-size: 14pt;\">&#8211; Impression de haute qualit\u00e9<\/span><\/div>\n<div><span style=\"font-size: 14pt;\">L&#8217;impression par transfert thermique offset est rapide et pr\u00e9cise et permet de transposer votre dessin sur le produit. Elle est id\u00e9ale pour reproduire des motifs sur diff\u00e9rents tissus de mani\u00e8re claire et pr\u00e9cise. Son impression unique vous permet de donner vie \u00e0 votre dessin.<\/span><\/div>\n<div><span style=\"font-size: 14pt;\">&#8211; L\u00e2che et confortable<\/span><br \/>\n<span style=\"font-size: 14pt;\">Le sweat-shirt \u00e0 manches longues est tr\u00e8s doux en surface, ce qui le rend agr\u00e9able \u00e0 porter pour la peau. Il convient \u00e9galement \u00e0 l&#8217;automne et \u00e0 l&#8217;hiver, ce qui permet de se r\u00e9chauffer tout en conservant son style.<\/span><br \/>\n<span style=\"font-size: 14pt;\">&#8211; Facile \u00e0 assortir<\/span><br \/>\n<span style=\"font-size: 14pt;\">Ce sweat-shirt d\u00e9contract\u00e9 imprim\u00e9 pourrait faire partie de votre garde-robe \u00e0 la mode, un haut cool avec votre propre design qui peut s&#8217;accorder avec n&#8217;importe quel style de vous, ce qui peut \u00eatre un choix id\u00e9al.<\/span><\/div>\n<div><\/div>\n<div><span style=\"font-size: 14pt;\"><strong>Avis<\/strong><\/span><br \/>\n<span style=\"font-size: 14pt;\">Divers facteurs de production peuvent entra\u00eener de l\u00e9g\u00e8res diff\u00e9rences entre le produit r\u00e9el et la maquette, qu&#8217;il s&#8217;agisse des couleurs, de la position de l&#8217;impression ou de la taille.<\/span><\/div>\n<p>&nbsp;<\/p>\n<table style=\"width: 0px; margin-left: auto; margin-right: auto;\">\n<tbody>\n<tr>\n<td style=\"width: 27.9844px;\">\n<p style=\"text-align: center;\"><span style=\"font-size: 14pt;\">Taille<\/span><\/p>\n<\/td>\n<td style=\"width: 89.5312px; text-align: center;\"><span style=\"font-size: 14pt;\">Longueur (cm\/in)<\/span><\/td>\n<td style=\"width: 98.8438px; text-align: center;\"><span style=\"font-size: 14pt;\">Largeur (cm\/in)<\/span><\/td>\n<td style=\"width: 113.203px; text-align: center;\"><span style=\"font-size: 14pt;\">Manche(cm\/in)<\/span><\/td>\n<\/tr>\n<tr style=\"text-align: center;\">\n<td style=\"width: 27.9844px;\"><span style=\"font-size: 14pt;\">S<\/span><\/td>\n<td style=\"width: 89.5312px;\"><span style=\"font-size: 14pt;\">27\/10.63<\/span><\/td>\n<td style=\"width: 98.8438px;\"><span style=\"font-size: 14pt;\">20\/7.87<\/span><\/td>\n<td style=\"width: 113.203px;\"><span style=\"font-size: 14pt;\">66\/25.98<\/span><\/td>\n<\/tr>\n<tr style=\"text-align: center;\">\n<td style=\"width: 27.9844px;\"><span style=\"font-size: 14pt;\">M<\/span><\/td>\n<td style=\"width: 89.5312px;\"><span style=\"font-size: 14pt;\">28\/11.02<\/span><\/td>\n<td style=\"width: 98.8438px;\"><span style=\"font-size: 14pt;\">22\/8.66<\/span><\/td>\n<td style=\"width: 113.203px;\"><span style=\"font-size: 14pt;\">68\/26.77<\/span><\/td>\n<\/tr>\n<tr style=\"text-align: center;\">\n<td style=\"width: 27.9844px;\"><span style=\"font-size: 14pt;\">L<\/span><\/td>\n<td style=\"width: 89.5312px;\"><span style=\"font-size: 14pt;\">29\/11.42<\/span><\/td>\n<td style=\"width: 98.8438px;\"><span style=\"font-size: 14pt;\">24\/9.45<\/span><\/td>\n<td style=\"width: 113.203px;\"><span style=\"font-size: 14pt;\">70\/27.56<\/span><\/td>\n<\/tr>\n<tr style=\"text-align: center;\">\n<td style=\"width: 27.9844px;\"><span style=\"font-size: 14pt;\">XL<\/span><\/td>\n<td style=\"width: 89.5312px;\"><span style=\"font-size: 14pt;\">30\/11.81<\/span><\/td>\n<td style=\"width: 98.8438px;\"><span style=\"font-size: 14pt;\">26\/10.24<\/span><\/td>\n<td style=\"width: 113.203px;\"><span style=\"font-size: 14pt;\">72\/28.35<\/span><\/td>\n<\/tr>\n<tr style=\"text-align: center;\">\n<td style=\"width: 27.9844px;\"><span style=\"font-size: 14pt;\">2XL<\/span><\/td>\n<td style=\"width: 89.5312px;\"><span style=\"font-size: 14pt;\">31\/12.2<\/span><\/td>\n<td style=\"width: 98.8438px;\"><span style=\"font-size: 14pt;\">28\/11.02<\/span><\/td>\n<td style=\"width: 113.203px;\"><span style=\"font-size: 14pt;\">74\/29.13<\/span><\/td>\n<\/tr>\n<tr style=\"text-align: center;\">\n<td style=\"width: 27.9844px;\"><span style=\"font-size: 14pt;\">3XL<\/span><\/td>\n<td style=\"width: 89.5312px;\"><span style=\"font-size: 14pt;\">32\/12.6<\/span><\/td>\n<td style=\"width: 98.8438px;\"><span style=\"font-size: 14pt;\">30\/11.81<\/span><\/td>\n<td style=\"width: 113.203px;\"><span style=\"font-size: 14pt;\">76\/29.92<\/span><\/td>\n<\/tr>\n<tr style=\"text-align: center;\">\n<td style=\"width: 27.9844px;\"><span style=\"font-size: 14pt;\">4XL<\/span><\/td>\n<td style=\"width: 89.5312px;\"><span style=\"font-size: 14pt;\">33\/12.99<\/span><\/td>\n<td style=\"width: 98.8438px;\"><span style=\"font-size: 14pt;\">32\/12.6<\/span><\/td>\n<td style=\"width: 113.203px;\"><span style=\"font-size: 14pt;\">78\/30.71<\/span><\/td>\n<\/tr>\n<tr style=\"text-align: center;\">\n<td style=\"width: 27.9844px;\"><span style=\"font-size: 14pt;\">5XL<\/span><\/td>\n<td style=\"width: 89.5312px;\"><span style=\"font-size: 14pt;\">34\/13.39<\/span><\/td>\n<td style=\"width: 98.8438px;\"><span style=\"font-size: 14pt;\">34\/13.39<\/span><\/td>\n<td style=\"width: 113.203px;\"><span style=\"font-size: 14pt;\">80\/31.5<\/span><\/td>\n<\/tr>\n<\/tbody>\n<\/table>\n<p><span style=\"font-size: 14pt;\">Ces donn\u00e9es de taille sont mesur\u00e9es manuellement, en raison des diff\u00e9rentes m\u00e9thodes de mesure, des erreurs de 1 \u00e0 2 cm sont consid\u00e9r\u00e9es comme normales.<\/span><\/p>\n","protected":false},"excerpt":{"rendered":"<p>Fresh Clo. Sweatshirts unisexes Manches longues Tops d\u00e9contract\u00e9s Gildan 18000 &#8211; [Material]: 50% coton pr\u00e9r\u00e9tr\u00e9ci, 50% polyester &#8211; [Print Technology]: Impression par transfert thermique &#8211; [Print Position]: Avant &#8211; [Type]: Sweatshirt &#8211; [Occasion]: Style d\u00e9contract\u00e9 et classique, adapt\u00e9 \u00e0 diverses occasions. Il est fabriqu\u00e9 en tissu doux et agr\u00e9able pour la peau, et peut \u00eatre [&hellip;]<\/p>\n","protected":false},"featured_media":4184,"comment_status":"open","ping_status":"closed","template":"","meta":{"_glsr_average":0,"_glsr_ranking":0,"_glsr_reviews":0,"_mi_skip_tracking":false,"_monsterinsights_sitenote_active":false,"_monsterinsights_sitenote_note":"","_monsterinsights_sitenote_category":0},"product_cat":[144,142,151,156],"product_tag":[],"_links":{"self":[{"href":"https:\/\/freshclo.com\/fr\/wp-json\/wp\/v2\/product\/7086"}],"collection":[{"href":"https:\/\/freshclo.com\/fr\/wp-json\/wp\/v2\/product"}],"about":[{"href":"https:\/\/freshclo.com\/fr\/wp-json\/wp\/v2\/types\/product"}],"replies":[{"embeddable":true,"href":"https:\/\/freshclo.com\/fr\/wp-json\/wp\/v2\/comments?post=7086"}],"wp:featuredmedia":[{"embeddable":true,"href":"https:\/\/freshclo.com\/fr\/wp-json\/wp\/v2\/media\/4184"}],"wp:attachment":[{"href":"https:\/\/freshclo.com\/fr\/wp-json\/wp\/v2\/media?parent=7086"}],"wp:term":[{"taxonomy":"product_cat","embeddable":true,"href":"https:\/\/freshclo.com\/fr\/wp-json\/wp\/v2\/product_cat?post=7086"},{"taxonomy":"product_tag","embeddable":true,"href":"https:\/\/freshclo.com\/fr\/wp-json\/wp\/v2\/product_tag?post=7086"}],"curies":[{"name":"wp","href":"https:\/\/api.w.org\/{rel}","templated":true}]}}