{"id":7111,"date":"2023-03-24T06:19:38","date_gmt":"2023-03-24T06:19:38","guid":{"rendered":"https:\/\/freshclo.com\/product\/clo-frais-limites-combinaisons-a-col-rond-combinaisons-slim-a-manches-longues\/"},"modified":"2023-07-31T09:18:52","modified_gmt":"2023-07-31T09:18:52","slug":"clo-frais-limites-combinaisons-a-col-rond-combinaisons-slim-a-manches-longues","status":"publish","type":"product","link":"https:\/\/freshclo.com\/fr\/produit\/clo-frais-limites-combinaisons-a-col-rond-combinaisons-slim-a-manches-longues\/","title":{"rendered":"CLO. FRAIS LIMIT\u00c9S. Combinaisons \u00e0 col rond Combinaisons slim \u00e0 manches longues"},"content":{"rendered":"<div><span style=\"font-size: 14pt;\"><strong>Combinaisons unisexes personnalis\u00e9es \u00e0 col rond et \u00e0 manches longues<\/strong><\/span><\/div>\n<div><span style=\"font-size: 14pt;\">&#8211; [Material]: Polyester 88%+Spandex 12%<\/span><br \/>\n<span style=\"font-size: 14pt;\">&#8211; [Print Technology]: Impression 3D<\/span><br \/>\n<span style=\"font-size: 14pt;\">&#8211; [Type]: Combinaisons<\/span><br \/>\n<span style=\"font-size: 14pt;\">&#8211; [Occasion]: Ces combinaisons conviennent aux costumes de No\u00ebl et d&#8217;Halloween, mais elles peuvent \u00e9galement \u00eatre utilis\u00e9es \u00e0 diverses occasions\uff0c comme les vacances, les sorties en bo\u00eete, les f\u00eates, les rendez-vous, etc.<\/span><br \/>\n<span style=\"font-size: 14pt;\">&#8211; [Care Instruction]: Lavage \u00e0 la main ou en machine.<\/span><\/div>\n<div><\/div>\n<div><\/div>\n<div><span style=\"font-size: 14pt;\"><strong>A propos de cet article<\/strong><\/span><\/div>\n<div><span style=\"font-size: 14pt;\">&#8211; Tissus respirants<br \/>\nLa mati\u00e8re principale de ces grenouill\u00e8res confortables est le polyester, qui est tr\u00e8s respirant et vous garde au sec et \u00e0 l&#8217;aise, extensible et l\u00e9ger, ce qui vous donne la meilleure sensation.<br \/>\n&#8211; Design \u00e9l\u00e9gant<br \/>\nLa combinaison est dot\u00e9e d&#8217;un col rond classique, qui peut modifier votre visage. Le design fin et sexy peut mettre en valeur votre silhouette enchanteresse. Le dos de la combinaison est \u00e9galement pourvu d&#8217;une fermeture \u00e9clair, ce qui peut \u00eatre tr\u00e8s pratique pour l&#8217;enfiler.<\/span><span style=\"font-size: 14pt;\"><br \/>\n&#8211; Facile \u00e0 laver<br \/>\nIl est assez facile de laver cette combinaison, car le mat\u00e9riau principal de la combinaison est la fibre de polyester, le lavage \u00e0 la main et le lavage en machine sont tous deux adaptables et pratiques pour \u00e9conomiser vos efforts, elle ne r\u00e9tr\u00e9cit pas et ne se d\u00e9colore pas facilement, de sorte que vous pouvez la porter plusieurs fois.<\/span><\/div>\n<div><\/div>\n<div><\/div>\n<div><span style=\"font-size: 14pt;\"><strong>Avis<\/strong><\/span><br \/>\n<span style=\"font-size: 14pt;\">Divers facteurs de production peuvent entra\u00eener de l\u00e9g\u00e8res diff\u00e9rences entre le produit r\u00e9el et la maquette, qu&#8217;il s&#8217;agisse des couleurs, de la position de l&#8217;impression ou de la taille.<\/span><\/div>\n<p>&nbsp;<\/p>\n<table style=\"border-collapse: collapse; width: 71.3923%; height: 218px; margin-left: auto; margin-right: auto;\" border=\"1\" width=\"735\">\n<tbody>\n<tr>\n<td style=\"width: 7.25603%; text-align: center;\">Taille<\/td>\n<td style=\"width: 11.0092%; text-align: center;\">Longueur (cm\/in)<\/td>\n<td style=\"width: 13.8449%; text-align: center;\">Poitrine(cm\/in)<\/td>\n<td style=\"width: 12.427%; text-align: center;\">Epaule (cm\/in)<\/td>\n<td style=\"width: 13.1776%; text-align: center;\">Hanche(cm\/in)<\/td>\n<td style=\"width: 13.5947%; text-align: center;\">Manche(cm\/in)<\/td>\n<\/tr>\n<tr>\n<td style=\"width: 7.25603%; text-align: center;\">XS<\/td>\n<td style=\"width: 11.0092%; text-align: center;\" width=\"109\">132\/51.97<\/td>\n<td style=\"width: 13.8449%; text-align: center;\" width=\"111\">72\/28.35<\/td>\n<td style=\"width: 12.427%; text-align: center;\" width=\"125\">29.6\/11.65<\/td>\n<td style=\"width: 13.1776%; text-align: center;\" width=\"117\">68\/26.77<\/td>\n<td style=\"width: 13.5947%; text-align: center;\" width=\"101\">56\/22.05<\/td>\n<\/tr>\n<tr>\n<td style=\"width: 7.25603%; text-align: center;\">S<\/td>\n<td style=\"width: 11.0092%; text-align: center;\">133\/52.36<\/td>\n<td style=\"width: 13.8449%; text-align: center;\">76\/29.92<\/td>\n<td style=\"width: 12.427%; text-align: center;\">30.8\/12.13<\/td>\n<td style=\"width: 13.1776%; text-align: center;\">72\/28.35<\/td>\n<td style=\"width: 13.5947%; text-align: center;\">57\/22.44<\/td>\n<\/tr>\n<tr>\n<td style=\"width: 7.25603%; text-align: center;\">M<\/td>\n<td style=\"width: 11.0092%; text-align: center;\">134\/52.76<\/td>\n<td style=\"width: 13.8449%; text-align: center;\">80\/31.5<\/td>\n<td style=\"width: 12.427%; text-align: center;\">32\/12.6<\/td>\n<td style=\"width: 13.1776%; text-align: center;\">76\/29.92<\/td>\n<td style=\"width: 13.5947%; text-align: center;\">58\/22.83<\/td>\n<\/tr>\n<tr>\n<td style=\"width: 7.25603%; text-align: center;\">L<\/td>\n<td style=\"width: 11.0092%; text-align: center;\">135\/53.15<\/td>\n<td style=\"width: 13.8449%; text-align: center;\">86\/33.86<\/td>\n<td style=\"width: 12.427%; text-align: center;\">33.5\/13.19<\/td>\n<td style=\"width: 13.1776%; text-align: center;\">82\/32.28<\/td>\n<td style=\"width: 13.5947%; text-align: center;\">59\/23.23<\/td>\n<\/tr>\n<tr>\n<td style=\"width: 7.25603%; text-align: center;\">XL<\/td>\n<td style=\"width: 11.0092%; text-align: center;\">136\/53.54<\/td>\n<td style=\"width: 13.8449%; text-align: center;\">94\/37.01<\/td>\n<td style=\"width: 12.427%; text-align: center;\">35\/13.78<\/td>\n<td style=\"width: 13.1776%; text-align: center;\">90\/35.43<\/td>\n<td style=\"width: 13.5947%; text-align: center;\">60\/23.62<\/td>\n<\/tr>\n<tr>\n<td style=\"width: 7.25603%; text-align: center;\">2XL<\/td>\n<td style=\"width: 11.0092%; text-align: center;\">137\/53.94<\/td>\n<td style=\"width: 13.8449%; text-align: center;\">102\/40.16<\/td>\n<td style=\"width: 12.427%; text-align: center;\">37\/14.57<\/td>\n<td style=\"width: 13.1776%; text-align: center;\">98\/38.58<\/td>\n<td style=\"width: 13.5947%; text-align: center;\">61\/24.02<\/td>\n<\/tr>\n<\/tbody>\n<\/table>\n<p style=\"text-align: center;\"><span style=\"font-size: 14pt;\">Ces donn\u00e9es de taille sont mesur\u00e9es manuellement, en raison des diff\u00e9rentes m\u00e9thodes de mesure, des erreurs de 1 \u00e0 2 cm sont consid\u00e9r\u00e9es comme normales.<\/span><\/p>\n","protected":false},"excerpt":{"rendered":"<p>Combinaisons unisexes personnalis\u00e9es \u00e0 col rond et \u00e0 manches longues &#8211; [Material]: Polyester 88%+Spandex 12% &#8211; [Print Technology]: Impression 3D &#8211; [Type]: Combinaisons &#8211; [Occasion]: Ces combinaisons conviennent aux costumes de No\u00ebl et d&#8217;Halloween, mais elles peuvent \u00e9galement \u00eatre utilis\u00e9es \u00e0 diverses occasions\uff0c comme les vacances, les sorties en bo\u00eete, les f\u00eates, les rendez-vous, etc. [&hellip;]<\/p>\n","protected":false},"featured_media":4057,"comment_status":"open","ping_status":"closed","template":"","meta":{"_glsr_average":0,"_glsr_ranking":0,"_glsr_reviews":0,"_mi_skip_tracking":false,"_monsterinsights_sitenote_active":false,"_monsterinsights_sitenote_note":"","_monsterinsights_sitenote_category":0},"product_cat":[144,142],"product_tag":[],"_links":{"self":[{"href":"https:\/\/freshclo.com\/fr\/wp-json\/wp\/v2\/product\/7111"}],"collection":[{"href":"https:\/\/freshclo.com\/fr\/wp-json\/wp\/v2\/product"}],"about":[{"href":"https:\/\/freshclo.com\/fr\/wp-json\/wp\/v2\/types\/product"}],"replies":[{"embeddable":true,"href":"https:\/\/freshclo.com\/fr\/wp-json\/wp\/v2\/comments?post=7111"}],"wp:featuredmedia":[{"embeddable":true,"href":"https:\/\/freshclo.com\/fr\/wp-json\/wp\/v2\/media\/4057"}],"wp:attachment":[{"href":"https:\/\/freshclo.com\/fr\/wp-json\/wp\/v2\/media?parent=7111"}],"wp:term":[{"taxonomy":"product_cat","embeddable":true,"href":"https:\/\/freshclo.com\/fr\/wp-json\/wp\/v2\/product_cat?post=7111"},{"taxonomy":"product_tag","embeddable":true,"href":"https:\/\/freshclo.com\/fr\/wp-json\/wp\/v2\/product_tag?post=7111"}],"curies":[{"name":"wp","href":"https:\/\/api.w.org\/{rel}","templated":true}]}}