{"id":7168,"date":"2023-03-25T10:40:53","date_gmt":"2023-03-25T10:40:53","guid":{"rendered":"https:\/\/freshclo.com\/product\/fresh-clo-top-court-de-sport-a-manches-longues-et-a-bretelles-pour-femmes\/"},"modified":"2023-06-21T07:33:53","modified_gmt":"2023-06-21T07:33:53","slug":"fresh-clo-top-court-de-sport-a-manches-longues-et-a-bretelles-pour-femmes","status":"publish","type":"product","link":"https:\/\/freshclo.com\/fr\/produit\/fresh-clo-top-court-de-sport-a-manches-longues-et-a-bretelles-pour-femmes\/","title":{"rendered":"Fresh Clo. \u00ae Top court de sport \u00e0 manches longues et \u00e0 bretelles pour femmes"},"content":{"rendered":"<p><strong><span style=\"font-size: 14pt;\">Fresh Clo. \u00ae Top court de sport \u00e0 manches longues et \u00e0 bretelles pour femmes<\/span><\/strong><br \/>\n<span style=\"font-size: 14pt;\">&#8211; [Material]: Polyester<\/span><br \/>\n<span style=\"font-size: 14pt;\">&#8211; [Print Technology]: Impression par transfert thermique<\/span><br \/>\n<span style=\"font-size: 14pt;\">&#8211; [Print Position]: Imprim\u00e9 sur toute la surface<\/span><br \/>\n<span style=\"font-size: 14pt;\">&#8211; [Type]: Top \u00e0 manches longues<\/span><br \/>\n<span style=\"font-size: 14pt;\">&#8211; [Occasion]: Il s&#8217;agit d&#8217;un \u00e9l\u00e9gant haut court \u00e0 bretelles qui convient pour les f\u00eates, les festivals de musique, les concerts ou d&#8217;autres occasions quotidiennes.<\/span><br \/>\n<span style=\"font-size: 14pt;\">&#8211; [Care Instruction]: Lavage en machine ou \u00e0 la main.<\/span><\/p>\n<div><strong><span style=\"font-size: 14pt;\">A propos de cet article<\/span><\/strong><br \/>\n<span style=\"font-size: 14pt;\">&#8211; Ajust\u00e9 et confortable<\/span><br \/>\n<span style=\"font-size: 14pt;\">Le design ajust\u00e9 \u00e0 la taille peut mettre en valeur votre silhouette parfaite et vous permettre de vous d\u00e9marquer des autres en toute occasion.  <\/span><\/div>\n<div><span style=\"font-size: 14pt;\">Le tissu en polyester 40D convient parfaitement aux exercices d&#8217;\u00e9t\u00e9.<\/span><\/div>\n<div><span style=\"font-size: 14pt;\">&#8211; Mod\u00e8le \u00e0 bretelles<\/span><br \/>\n<span style=\"font-size: 14pt;\">Il a un aspect plus tendance qu&#8217;un crop top ordinaire, les bretelles s&#8217;enroulent au-dessus de votre ventre pour am\u00e9liorer l&#8217;aspect de loisir.<\/span><br \/>\n<span style=\"font-size: 14pt;\">&#8211; Impression de haute qualit\u00e9<\/span><br \/>\n<span style=\"font-size: 14pt;\">L&#8217;impression par transfert thermique permet de conserver la couleur r\u00e9elle de l&#8217;image originale. Gr\u00e2ce \u00e0 la technologie de l&#8217;impression sur toute la surface, vous pouvez imprimer parfaitement des motifs cons\u00e9cutifs sur le tissu.<\/span><br \/>\n<span style=\"font-size: 14pt;\">&#8211; Facile \u00e0 assortir<\/span><br \/>\n<span style=\"font-size: 14pt;\">Il peut s&#8217;agir d&#8217;une tenue de sport ou d&#8217;un v\u00eatement d&#8217;int\u00e9rieur et s&#8217;accorde avec n&#8217;importe quel bas, comme un jean, un pantalon, une jupe, etc.<\/span><\/div>\n<p><span style=\"font-size: 14pt;\"><strong>Avis<\/strong><br \/>\nDivers facteurs de production peuvent entra\u00eener de l\u00e9g\u00e8res diff\u00e9rences entre le produit r\u00e9el et la maquette, qu&#8217;il s&#8217;agisse des couleurs, de la position de l&#8217;impression ou de la taille.<\/span><\/p>\n<p>&nbsp;<\/p>\n<table style=\"border-collapse: collapse; width: 53.413%; height: 405px;\" border=\"1\" width=\"411.77pt\" cellspacing=\"0\" cellpadding=\"0\">\n<colgroup>\n<col style=\"width: 60.75pt;\" width=\"81\">\n<col style=\"width: 60.00pt;\" width=\"80\">\n<col style=\"width: 74.25pt;\" width=\"99\">\n<col style=\"width: 71.25pt;\" width=\"95\">\n<col style=\"width: 66.00pt;\" width=\"88\">\n<col style=\"width: 79.50pt;\" width=\"106\"> <\/colgroup>\n<tbody>\n<tr style=\"height: 13.50pt;\">\n<td class=\"et2\" style=\"height: 13px; width: 13.9932%; text-align: center;\" width=\"81\" height=\"18\">Taille<\/td>\n<td class=\"et2\" style=\"width: 18.8567%; height: 13px; text-align: center;\" width=\"80\">Epaule (cm\/in)<\/td>\n<td class=\"et2\" style=\"width: 16.6382%; height: 13px; text-align: center;\" width=\"99\">Poitrine(cm\/in)<\/td>\n<td class=\"et2\" style=\"width: 16.6382%; height: 13px; text-align: center;\" width=\"95\">Longueur (cm\/in)<\/td>\n<td class=\"et2\" style=\"width: 16.1263%; height: 13px; text-align: center;\" width=\"88\">Manche(cm\/in)<\/td>\n<td class=\"et2\" style=\"width: 17.6621%; height: 13px; text-align: center;\" width=\"106\">Taille (cm\/in)<\/td>\n<\/tr>\n<tr style=\"height: 13.50pt;\">\n<td class=\"et2\" style=\"height: 13px; width: 13.9932%; text-align: center;\" height=\"18\">XS<\/td>\n<td class=\"et2\" style=\"height: 13px; width: 18.8567%; text-align: center;\">31\/12.2<\/td>\n<td class=\"et2\" style=\"height: 13px; width: 16.6382%; text-align: center;\">68\/26.77<\/td>\n<td class=\"et2\" style=\"height: 13px; width: 16.6382%; text-align: center;\">34\/13.39<\/td>\n<td class=\"et2\" style=\"height: 13px; width: 16.1263%; text-align: center;\">57\/22.44<\/td>\n<td class=\"et2\" style=\"height: 13px; width: 17.6621%; text-align: center;\">58\/22.83<\/td>\n<\/tr>\n<tr style=\"height: 13.50pt;\">\n<td class=\"et2\" style=\"height: 13px; width: 13.9932%; text-align: center;\" height=\"18\">S<\/td>\n<td class=\"et2\" style=\"height: 13px; width: 18.8567%; text-align: center;\">32.5\/12.8<\/td>\n<td class=\"et2\" style=\"height: 13px; width: 16.6382%; text-align: center;\">72\/28.35<\/td>\n<td class=\"et2\" style=\"height: 13px; width: 16.6382%; text-align: center;\">35.5\/13.98<\/td>\n<td class=\"et2\" style=\"height: 13px; width: 16.1263%; text-align: center;\">59\/23.23<\/td>\n<td class=\"et2\" style=\"height: 13px; width: 17.6621%; text-align: center;\">62\/24.41<\/td>\n<\/tr>\n<tr style=\"height: 13.50pt;\">\n<td class=\"et2\" style=\"height: 13px; width: 13.9932%; text-align: center;\" height=\"18\">M<\/td>\n<td class=\"et2\" style=\"height: 13px; width: 18.8567%; text-align: center;\">34\/13.39<\/td>\n<td class=\"et2\" style=\"height: 13px; width: 16.6382%; text-align: center;\">76\/29.92<\/td>\n<td class=\"et2\" style=\"height: 13px; width: 16.6382%; text-align: center;\">37\/14.57<\/td>\n<td class=\"et2\" style=\"height: 13px; width: 16.1263%; text-align: center;\">61\/24.02<\/td>\n<td class=\"et2\" style=\"height: 13px; width: 17.6621%; text-align: center;\">66\/25.98<\/td>\n<\/tr>\n<tr style=\"height: 13.50pt;\">\n<td class=\"et2\" style=\"height: 13px; width: 13.9932%; text-align: center;\" height=\"18\">L<\/td>\n<td class=\"et2\" style=\"height: 13px; width: 18.8567%; text-align: center;\">35.5\/13.98<\/td>\n<td class=\"et2\" style=\"height: 13px; width: 16.6382%; text-align: center;\">80\/31.5<\/td>\n<td class=\"et2\" style=\"height: 13px; width: 16.6382%; text-align: center;\">38.5\/15.16<\/td>\n<td class=\"et2\" style=\"height: 13px; width: 16.1263%; text-align: center;\">63\/24.8<\/td>\n<td class=\"et2\" style=\"height: 13px; width: 17.6621%; text-align: center;\">70\/27.56<\/td>\n<\/tr>\n<tr style=\"height: 13.50pt;\">\n<td class=\"et2\" style=\"height: 13px; width: 13.9932%; text-align: center;\" height=\"18\">XL<\/td>\n<td class=\"et2\" style=\"height: 13px; width: 18.8567%; text-align: center;\">37\/14.57<\/td>\n<td class=\"et2\" style=\"height: 13px; width: 16.6382%; text-align: center;\">84\/33.07<\/td>\n<td class=\"et2\" style=\"height: 13px; width: 16.6382%; text-align: center;\">40\/15.75<\/td>\n<td class=\"et2\" style=\"height: 13px; width: 16.1263%; text-align: center;\">65\/25.59<\/td>\n<td class=\"et2\" style=\"height: 13px; width: 17.6621%; text-align: center;\">74\/29.13<\/td>\n<\/tr>\n<tr style=\"height: 13.50pt;\">\n<td class=\"et2\" style=\"height: 13px; width: 13.9932%; text-align: center;\" height=\"18\">2XL<\/td>\n<td class=\"et2\" style=\"height: 13px; width: 18.8567%; text-align: center;\">38.5\/15.16<\/td>\n<td class=\"et2\" style=\"height: 13px; width: 16.6382%; text-align: center;\">88\/34.65<\/td>\n<td class=\"et2\" style=\"height: 13px; width: 16.6382%; text-align: center;\">41.5\/16.34<\/td>\n<td class=\"et2\" style=\"height: 13px; width: 16.1263%; text-align: center;\">67\/26.38<\/td>\n<td class=\"et2\" style=\"height: 13px; width: 17.6621%; text-align: center;\">78\/30.71<\/td>\n<\/tr>\n<tr style=\"height: 13.50pt;\">\n<td class=\"et2\" style=\"height: 13px; width: 13.9932%; text-align: center;\" height=\"18\">3XL<\/td>\n<td class=\"et2\" style=\"height: 13px; width: 18.8567%; text-align: center;\">40\/15.75<\/td>\n<td class=\"et2\" style=\"height: 13px; width: 16.6382%; text-align: center;\">92\/36.22<\/td>\n<td class=\"et2\" style=\"height: 13px; width: 16.6382%; text-align: center;\">43\/16.93<\/td>\n<td class=\"et2\" style=\"height: 13px; width: 16.1263%; text-align: center;\">69\/27.17<\/td>\n<td class=\"et2\" style=\"height: 13px; width: 17.6621%; text-align: center;\">82\/32.28<\/td>\n<\/tr>\n<tr style=\"height: 13.50pt;\">\n<td class=\"et2\" style=\"height: 13px; width: 13.9932%; text-align: center;\" height=\"18\">4XL<\/td>\n<td class=\"et2\" style=\"height: 13px; width: 18.8567%; text-align: center;\">41.5\/16.34<\/td>\n<td class=\"et2\" style=\"height: 13px; width: 16.6382%; text-align: center;\">96\/37.8<\/td>\n<td class=\"et2\" style=\"height: 13px; width: 16.6382%; text-align: center;\">44.5\/17.52<\/td>\n<td class=\"et2\" style=\"height: 13px; width: 16.1263%; text-align: center;\">71\/27.95<\/td>\n<td class=\"et2\" style=\"height: 13px; width: 17.6621%; text-align: center;\">86\/33.86<\/td>\n<\/tr>\n<tr style=\"height: 13.50pt;\">\n<td class=\"et2\" style=\"height: 13px; width: 13.9932%; text-align: center;\" height=\"18\">5XL<\/td>\n<td class=\"et2\" style=\"height: 13px; width: 18.8567%; text-align: center;\">43\/16.93<\/td>\n<td class=\"et2\" style=\"height: 13px; width: 16.6382%; text-align: center;\">100\/39.37<\/td>\n<td class=\"et2\" style=\"height: 13px; width: 16.6382%; text-align: center;\">46\/18.11<\/td>\n<td class=\"et2\" style=\"height: 13px; width: 16.1263%; text-align: center;\">73\/28.74<\/td>\n<td class=\"et2\" style=\"height: 13px; width: 17.6621%; text-align: center;\">90\/35.43<\/td>\n<\/tr>\n<tr style=\"height: 13.50pt;\">\n<td class=\"et2\" style=\"height: 13px; width: 13.9932%; text-align: center;\" height=\"18\">6XL<\/td>\n<td class=\"et2\" style=\"height: 13px; width: 18.8567%; text-align: center;\">44.5\/17.52<\/td>\n<td class=\"et2\" style=\"height: 13px; width: 16.6382%; text-align: center;\">104\/40.94<\/td>\n<td class=\"et2\" style=\"height: 13px; width: 16.6382%; text-align: center;\">47.5\/18.7<\/td>\n<td class=\"et2\" style=\"height: 13px; width: 16.1263%; text-align: center;\">75\/29.53<\/td>\n<td class=\"et2\" style=\"height: 13px; width: 17.6621%; text-align: center;\">94\/37.01<\/td>\n<\/tr>\n<\/tbody>\n<\/table>\n<p><span style=\"font-size: 14pt;\">Les donn\u00e9es relatives \u00e0 la taille sont mesur\u00e9es manuellement. En raison des diff\u00e9rentes m\u00e9thodes de mesure, des erreurs de 1 \u00e0 2 cm sont consid\u00e9r\u00e9es comme normales.<\/span><\/p>\n","protected":false},"excerpt":{"rendered":"<p>Fresh Clo. \u00ae Top court de sport \u00e0 manches longues et \u00e0 bretelles pour femmes &#8211; [Material]: Polyester &#8211; [Print Technology]: Impression par transfert thermique &#8211; [Print Position]: Imprim\u00e9 sur toute la surface &#8211; [Type]: Top \u00e0 manches longues &#8211; [Occasion]: Il s&#8217;agit d&#8217;un \u00e9l\u00e9gant haut court \u00e0 bretelles qui convient pour les f\u00eates, les [&hellip;]<\/p>\n","protected":false},"featured_media":4393,"comment_status":"open","ping_status":"closed","template":"","meta":{"_glsr_average":0,"_glsr_ranking":0,"_glsr_reviews":0,"_mi_skip_tracking":false,"_monsterinsights_sitenote_active":false,"_monsterinsights_sitenote_note":"","_monsterinsights_sitenote_category":0},"product_cat":[144,158],"product_tag":[],"_links":{"self":[{"href":"https:\/\/freshclo.com\/fr\/wp-json\/wp\/v2\/product\/7168"}],"collection":[{"href":"https:\/\/freshclo.com\/fr\/wp-json\/wp\/v2\/product"}],"about":[{"href":"https:\/\/freshclo.com\/fr\/wp-json\/wp\/v2\/types\/product"}],"replies":[{"embeddable":true,"href":"https:\/\/freshclo.com\/fr\/wp-json\/wp\/v2\/comments?post=7168"}],"wp:featuredmedia":[{"embeddable":true,"href":"https:\/\/freshclo.com\/fr\/wp-json\/wp\/v2\/media\/4393"}],"wp:attachment":[{"href":"https:\/\/freshclo.com\/fr\/wp-json\/wp\/v2\/media?parent=7168"}],"wp:term":[{"taxonomy":"product_cat","embeddable":true,"href":"https:\/\/freshclo.com\/fr\/wp-json\/wp\/v2\/product_cat?post=7168"},{"taxonomy":"product_tag","embeddable":true,"href":"https:\/\/freshclo.com\/fr\/wp-json\/wp\/v2\/product_tag?post=7168"}],"curies":[{"name":"wp","href":"https:\/\/api.w.org\/{rel}","templated":true}]}}