{"id":7190,"date":"2023-03-23T19:43:32","date_gmt":"2023-03-23T19:43:32","guid":{"rendered":"https:\/\/freshclo.com\/product\/fresh-clo-special-mens-thick-plush-zippered-hoodie-long-sleeve-coat\/"},"modified":"2026-01-19T08:40:15","modified_gmt":"2026-01-19T08:40:15","slug":"fresh-clo-special-mens-thick-plush-zippered-hoodie-long-sleeve-coat","status":"publish","type":"product","link":"https:\/\/freshclo.com\/fr\/produit\/fresh-clo-special-mens-thick-plush-zippered-hoodie-long-sleeve-coat\/","title":{"rendered":"Fresh Clo. Special Men&#8217;s Thick Plush Zippered Hoodie Long Sleeve Coat"},"content":{"rendered":"<p><span style=\"font-size: 14pt;\"><strong>Manteau \u00e0 manches longues \u00e0 capuche zipp\u00e9e en peluche \u00e9paisse pour hommes sur mesure<\/strong><\/span><br \/>\n<span style=\"font-size: 14pt;\">-[Material]: Polyester, doublure en peluche<\/span><br \/>\n<span style=\"font-size: 14pt;\">&#8211; [Print Technology]: Impression offset par transfert thermique : impression du dos<\/span><br \/>\n<span style=\"font-size: 14pt;\">&#8211; [Style]: Fermeture \u00e0 glissi\u00e8re avec<\/span><span style=\"font-size: 14pt;\">avec deux poches pour les mains<\/span><br \/>\n<span style=\"font-size: 14pt;\">&#8211; [Ocasion]: Ce sweat \u00e0 capuche est de style d\u00e9contract\u00e9 et ext\u00e9rieur, chaud et doux, et convient parfaitement aux occasions hivernales ou par temps frais, telles que le travail, les sorties, le shopping, l&#8217;\u00e9cole, etc.<\/span><br \/>\n<span style=\"font-size: 14pt;\">&#8211; [Care instruction]: Conseils d&#8217;entretien : lavage en machine ou \u00e0 la main<\/span><\/p>\n<p><span style=\"font-size: 14pt;\"><strong>A propos de cet article<\/strong><\/span><br \/>\n<span style=\"font-size: 14pt;\">&#8211; Confortable et chaud<\/span><br \/>\n<span style=\"font-size: 14pt;\">Bonne chaleur au toucher, micro \u00e9lasticit\u00e9, version ample.<\/span><br \/>\n<span style=\"font-size: 14pt;\">&#8211; Tissu \u00e9lastique avanc\u00e9<\/span><br \/>\n<span style=\"font-size: 14pt;\">Tissu polyester, absorption de la transpiration, perm\u00e9abilit\u00e9 \u00e0 l&#8217;air, pas de r\u00e9tr\u00e9cissement, pas de d\u00e9formation, pas de boulochage.<\/span><br \/>\n<span style=\"font-size: 14pt;\">&#8211; Impression de haute qualit\u00e9<\/span><br \/>\n<span style=\"font-size: 14pt;\">L&#8217;impression offset par transfert thermique permet de reproduire des motifs sur diff\u00e9rents tissus de mani\u00e8re claire et pr\u00e9cise avec des couleurs vives.<\/span><br \/>\n<span style=\"font-size: 14pt;\">&#8211; Mode et facile \u00e0 assortir<\/span><br \/>\n<span style=\"font-size: 14pt;\">Avec sa peluche \u00e9paisse et sa capuche zipp\u00e9e, ce pull est facile \u00e0 mettre et \u00e0 enlever. Il est coupe-vent, confortable et \u00e0 la mode.<\/span><\/p>\n<p><span style=\"font-size: 14pt;\"><strong>Avis<\/strong><br \/>\nDivers facteurs de production peuvent entra\u00eener de l\u00e9g\u00e8res diff\u00e9rences entre le produit r\u00e9el et la maquette, qu&#8217;il s&#8217;agisse des couleurs, de la position de l&#8217;impression ou de la taille.  <\/span><\/p>\n<p>&nbsp;<\/p>\n<table style=\"height: 199px; width: 951px; border-collapse: collapse;\" border=\"1\">\n<tbody>\n<tr style=\"height: 19px;\">\n<td style=\"width: 69px; text-align: center; height: 19px;\" width=\"72\">Pays<\/td>\n<td style=\"width: 96px; text-align: center; height: 19px;\" width=\"72\">Poitrine(cm\/in)<\/td>\n<td style=\"width: 104px; text-align: center; height: 19px;\" width=\"72\">Longueur (cm\/in)<\/td>\n<td style=\"width: 103px; text-align: center; height: 19px;\" width=\"72\">Manche(cm\/in)<\/td>\n<td style=\"width: 119px; text-align: center; height: 19px;\" width=\"72\">Epaule (cm\/in)<\/td>\n<td style=\"width: 124px; text-align: center; height: 19px;\" colspan=\"2\" width=\"144\">CN<\/td>\n<td style=\"width: 50px; text-align: center; height: 19px;\" width=\"72\">INT<\/td>\n<td style=\"width: 46px; text-align: center; height: 19px;\" width=\"72\">\u00c9TATS-UNIS<\/td>\n<td style=\"width: 51px; text-align: center; height: 19px;\" width=\"72\">EUR<\/td>\n<td style=\"width: 45px; text-align: center; height: 19px;\" width=\"72\">FR<\/td>\n<td style=\"width: 45px; text-align: center; height: 19px;\" width=\"72\">IT<\/td>\n<td style=\"width: 47px; text-align: center; height: 19px;\" width=\"72\">ROYAUME-UNI<\/td>\n<td style=\"width: 51px; text-align: center; height: 19px;\" width=\"72\">JP<\/td>\n<\/tr>\n<tr style=\"height: 19px;\">\n<td style=\"width: 69px; text-align: center; height: 152px;\" rowspan=\"8\" width=\"72\">Taille<\/td>\n<td style=\"width: 96px; text-align: center; height: 19px;\" width=\"72\">106\/41.7&#8221;<\/td>\n<td style=\"width: 104px; text-align: center; height: 19px;\" width=\"72\">67\/26.4&#8221;<\/td>\n<td style=\"width: 103px; text-align: center; height: 19px;\" width=\"72\">63\/24.8&#8221;<\/td>\n<td style=\"width: 119px; text-align: center; height: 19px;\" width=\"72\">45\/17.7&#8221;<\/td>\n<td style=\"width: 50px; text-align: center; height: 19px;\" width=\"72\">S<\/td>\n<td style=\"width: 74px; text-align: center; height: 19px;\" width=\"72\">165\/84A<\/td>\n<td style=\"width: 50px; text-align: center; height: 19px;\" width=\"72\">XS<\/td>\n<td style=\"width: 46px; text-align: center; height: 19px;\" width=\"72\">34<\/td>\n<td style=\"width: 51px; text-align: center; height: 19px;\" width=\"72\">44<\/td>\n<td style=\"width: 45px; text-align: center; height: 19px;\" width=\"72\">44<\/td>\n<td style=\"width: 45px; text-align: center; height: 19px;\" width=\"72\">44<\/td>\n<td style=\"width: 47px; text-align: center; height: 19px;\" width=\"72\">8<\/td>\n<td style=\"width: 51px; text-align: center; height: 19px;\" width=\"72\">S<\/td>\n<\/tr>\n<tr style=\"height: 19px;\">\n<td style=\"width: 96px; text-align: center; height: 19px;\" width=\"72\">112\/44.4&#8221;<\/td>\n<td style=\"width: 104px; text-align: center; height: 19px;\" width=\"72\">69\/27.2&#8221;<\/td>\n<td style=\"width: 103px; text-align: center; height: 19px;\" width=\"72\">65\/25.5&#8221;<\/td>\n<td style=\"width: 119px; text-align: center; height: 19px;\" width=\"72\">48\/18.9&#8221;<\/td>\n<td style=\"width: 50px; text-align: center; height: 19px;\" width=\"72\">M<\/td>\n<td style=\"width: 74px; text-align: center; height: 19px;\" width=\"72\">170\/88A<\/td>\n<td style=\"width: 50px; text-align: center; height: 19px;\" width=\"72\">S<\/td>\n<td style=\"width: 46px; text-align: center; height: 19px;\" width=\"72\">36<\/td>\n<td style=\"width: 51px; text-align: center; height: 19px;\" width=\"72\">46<\/td>\n<td style=\"width: 45px; text-align: center; height: 19px;\" width=\"72\">46<\/td>\n<td style=\"width: 45px; text-align: center; height: 19px;\" width=\"72\">46<\/td>\n<td style=\"width: 47px; text-align: center; height: 19px;\" width=\"72\">10<\/td>\n<td style=\"width: 51px; text-align: center; height: 19px;\" width=\"72\">M<\/td>\n<\/tr>\n<tr style=\"height: 19px;\">\n<td style=\"width: 96px; text-align: center; height: 19px;\" width=\"72\">118\/46.4&#8221;<\/td>\n<td style=\"width: 104px; text-align: center; height: 19px;\" width=\"72\">72\/28.3&#8221;<\/td>\n<td style=\"width: 103px; text-align: center; height: 19px;\" width=\"72\">67\/26.3&#8221;<\/td>\n<td style=\"width: 119px; text-align: center; height: 19px;\" width=\"72\">51\/20.0&#8221;<\/td>\n<td style=\"width: 50px; text-align: center; height: 19px;\" width=\"72\">L<\/td>\n<td style=\"width: 74px; text-align: center; height: 19px;\" width=\"72\">175\/92A<\/td>\n<td style=\"width: 50px; text-align: center; height: 19px;\" width=\"72\">M<\/td>\n<td style=\"width: 46px; text-align: center; height: 19px;\" width=\"72\">38<\/td>\n<td style=\"width: 51px; text-align: center; height: 19px;\" width=\"72\">48<\/td>\n<td style=\"width: 45px; text-align: center; height: 19px;\" width=\"72\">48<\/td>\n<td style=\"width: 45px; text-align: center; height: 19px;\" width=\"72\">48<\/td>\n<td style=\"width: 47px; text-align: center; height: 19px;\" width=\"72\">12<\/td>\n<td style=\"width: 51px; text-align: center; height: 19px;\" width=\"72\">L<\/td>\n<\/tr>\n<tr style=\"height: 19px;\">\n<td style=\"width: 96px; text-align: center; height: 19px;\" width=\"72\">124\/48.8&#8221;<\/td>\n<td style=\"width: 104px; text-align: center; height: 19px;\" width=\"72\">74\/29.1&#8221;<\/td>\n<td style=\"width: 103px; text-align: center; height: 19px;\" width=\"72\">70\/27.5&#8221;<\/td>\n<td style=\"width: 119px; text-align: center; height: 19px;\" width=\"72\">54\/21.2&#8221;<\/td>\n<td style=\"width: 50px; text-align: center; height: 19px;\" width=\"72\">XL<\/td>\n<td style=\"width: 74px; text-align: center; height: 19px;\" width=\"72\">180\/96A<\/td>\n<td style=\"width: 50px; text-align: center; height: 19px;\" width=\"72\">L<\/td>\n<td style=\"width: 46px; text-align: center; height: 19px;\" width=\"72\">40<\/td>\n<td style=\"width: 51px; text-align: center; height: 19px;\" width=\"72\">50<\/td>\n<td style=\"width: 45px; text-align: center; height: 19px;\" width=\"72\">50<\/td>\n<td style=\"width: 45px; text-align: center; height: 19px;\" width=\"72\">50<\/td>\n<td style=\"width: 47px; text-align: center; height: 19px;\" width=\"72\">14<\/td>\n<td style=\"width: 51px; text-align: center; height: 19px;\" width=\"72\">XL<\/td>\n<\/tr>\n<tr style=\"height: 19px;\">\n<td style=\"width: 96px; text-align: center; height: 19px;\" width=\"72\">130\/51.2&#8221;<\/td>\n<td style=\"width: 104px; text-align: center; height: 19px;\" width=\"72\">76\/29.9&#8221;<\/td>\n<td style=\"width: 103px; text-align: center; height: 19px;\" width=\"72\">72\/28.3&#8221;<\/td>\n<td style=\"width: 119px; text-align: center; height: 19px;\" width=\"72\">57\/22.4&#8221;<\/td>\n<td style=\"width: 50px; text-align: center; height: 19px;\" width=\"72\">2XL<\/td>\n<td style=\"width: 74px; text-align: center; height: 19px;\" width=\"72\">185\/100A<\/td>\n<td style=\"width: 50px; text-align: center; height: 19px;\" width=\"72\">XL<\/td>\n<td style=\"width: 46px; text-align: center; height: 19px;\" width=\"72\">42<\/td>\n<td style=\"width: 51px; text-align: center; height: 19px;\" width=\"72\">52<\/td>\n<td style=\"width: 45px; text-align: center; height: 19px;\" width=\"72\">52<\/td>\n<td style=\"width: 45px; text-align: center; height: 19px;\" width=\"72\">52<\/td>\n<td style=\"width: 47px; text-align: center; height: 19px;\" width=\"72\">16<\/td>\n<td style=\"width: 51px; text-align: center; height: 19px;\" width=\"72\">2XL<\/td>\n<\/tr>\n<tr style=\"height: 19px;\">\n<td style=\"width: 96px; text-align: center; height: 19px;\" width=\"72\">137\/53.9&#8221;<\/td>\n<td style=\"width: 104px; text-align: center; height: 19px;\" width=\"72\">78\/30.7&#8221;<\/td>\n<td style=\"width: 103px; text-align: center; height: 19px;\" width=\"72\">74\/29.1&#8221;<\/td>\n<td style=\"width: 119px; text-align: center; height: 19px;\" width=\"72\">60\/23.6&#8221;<\/td>\n<td style=\"width: 50px; text-align: center; height: 19px;\" width=\"72\">3XL<\/td>\n<td style=\"width: 74px; text-align: center; height: 19px;\" width=\"72\">190\/104A<\/td>\n<td style=\"width: 50px; text-align: center; height: 19px;\" width=\"72\">2XL<\/td>\n<td style=\"width: 46px; text-align: center; height: 19px;\" width=\"72\">44<\/td>\n<td style=\"width: 51px; text-align: center; height: 19px;\" width=\"72\">54<\/td>\n<td style=\"width: 45px; text-align: center; height: 19px;\" width=\"72\">54<\/td>\n<td style=\"width: 45px; text-align: center; height: 19px;\" width=\"72\">54<\/td>\n<td style=\"width: 47px; text-align: center; height: 19px;\" width=\"72\">18<\/td>\n<td style=\"width: 51px; text-align: center; height: 19px;\" width=\"72\">3XL<\/td>\n<\/tr>\n<tr style=\"height: 19px;\">\n<td style=\"width: 96px; text-align: center; height: 19px;\" width=\"72\">148\/58.2&#8221;<\/td>\n<td style=\"width: 104px; text-align: center; height: 19px;\" width=\"72\">80\/31.4&#8221;<\/td>\n<td style=\"width: 103px; text-align: center; height: 19px;\" width=\"72\">76\/29.9&#8221;<\/td>\n<td style=\"width: 119px; text-align: center; height: 19px;\" width=\"72\">63\/24.8&#8221;<\/td>\n<td style=\"width: 50px; text-align: center; height: 19px;\" width=\"72\">4XL<\/td>\n<td style=\"width: 74px; text-align: center; height: 19px;\" width=\"72\">195\/108A<\/td>\n<td style=\"width: 50px; text-align: center; height: 19px;\" width=\"72\">3XL<\/td>\n<td style=\"width: 46px; text-align: center; height: 19px;\" width=\"72\">46<\/td>\n<td style=\"width: 51px; text-align: center; height: 19px;\" width=\"72\">56<\/td>\n<td style=\"width: 45px; text-align: center; height: 19px;\" width=\"72\">56<\/td>\n<td style=\"width: 45px; text-align: center; height: 19px;\" width=\"72\">56<\/td>\n<td style=\"width: 47px; text-align: center; height: 19px;\" width=\"72\">20<\/td>\n<td style=\"width: 51px; text-align: center; height: 19px;\" width=\"72\">4XL<\/td>\n<\/tr>\n<tr style=\"height: 19px;\">\n<td style=\"width: 96px; text-align: center; height: 19px;\" width=\"72\">157\/61.8&#8221;<\/td>\n<td style=\"width: 104px; text-align: center; height: 19px;\" width=\"72\">82\/32.2&#8221;<\/td>\n<td style=\"width: 103px; text-align: center; height: 19px;\" width=\"72\">78\/30.7&#8221;<\/td>\n<td style=\"width: 119px; text-align: center; height: 19px;\" width=\"72\">66\/25.9&#8221;<\/td>\n<td style=\"width: 50px; text-align: center; height: 19px;\" width=\"72\">5XL<\/td>\n<td style=\"width: 74px; text-align: center; height: 19px;\" width=\"72\">200\/112A<\/td>\n<td style=\"width: 50px; text-align: center; height: 19px;\" width=\"72\">4XL<\/td>\n<td style=\"width: 46px; text-align: center; height: 19px;\" width=\"72\">48<\/td>\n<td style=\"width: 51px; text-align: center; height: 19px;\" width=\"72\">58<\/td>\n<td style=\"width: 45px; text-align: center; height: 19px;\" width=\"72\">58<\/td>\n<td style=\"width: 45px; text-align: center; height: 19px;\" width=\"72\">58<\/td>\n<td style=\"width: 47px; text-align: center; height: 19px;\" width=\"72\">22<\/td>\n<td style=\"width: 51px; text-align: center; height: 19px;\" width=\"72\">5XL<\/td>\n<\/tr>\n<\/tbody>\n<\/table>\n<p><span style=\"font-size: 14pt;\">Ces donn\u00e9es de taille sont mesur\u00e9es manuellement, en raison des diff\u00e9rentes m\u00e9thodes de mesure, des erreurs de 1 \u00e0 2 cm sont consid\u00e9r\u00e9es comme normales.<\/span><\/p>\n","protected":false},"excerpt":{"rendered":"<p>Manteau \u00e0 manches longues \u00e0 capuche zipp\u00e9e en peluche \u00e9paisse pour hommes sur mesure -[Material]: Polyester, doublure en peluche &#8211; [Print Technology]: Impression offset par transfert thermique : impression du dos &#8211; [Style]: Fermeture \u00e0 glissi\u00e8re avecavec deux poches pour les mains &#8211; [Ocasion]: Ce sweat \u00e0 capuche est de style d\u00e9contract\u00e9 et ext\u00e9rieur, chaud [&hellip;]<\/p>\n","protected":false},"featured_media":3948,"comment_status":"open","ping_status":"closed","template":"","meta":{"_glsr_average":0,"_glsr_ranking":0,"_glsr_reviews":0,"_mi_skip_tracking":false,"_monsterinsights_sitenote_active":false,"_monsterinsights_sitenote_note":"","_monsterinsights_sitenote_category":0},"product_cat":[142,159,149,151],"product_tag":[],"_links":{"self":[{"href":"https:\/\/freshclo.com\/fr\/wp-json\/wp\/v2\/product\/7190"}],"collection":[{"href":"https:\/\/freshclo.com\/fr\/wp-json\/wp\/v2\/product"}],"about":[{"href":"https:\/\/freshclo.com\/fr\/wp-json\/wp\/v2\/types\/product"}],"replies":[{"embeddable":true,"href":"https:\/\/freshclo.com\/fr\/wp-json\/wp\/v2\/comments?post=7190"}],"wp:featuredmedia":[{"embeddable":true,"href":"https:\/\/freshclo.com\/fr\/wp-json\/wp\/v2\/media\/3948"}],"wp:attachment":[{"href":"https:\/\/freshclo.com\/fr\/wp-json\/wp\/v2\/media?parent=7190"}],"wp:term":[{"taxonomy":"product_cat","embeddable":true,"href":"https:\/\/freshclo.com\/fr\/wp-json\/wp\/v2\/product_cat?post=7190"},{"taxonomy":"product_tag","embeddable":true,"href":"https:\/\/freshclo.com\/fr\/wp-json\/wp\/v2\/product_tag?post=7190"}],"curies":[{"name":"wp","href":"https:\/\/api.w.org\/{rel}","templated":true}]}}