{"id":7423,"date":"2023-03-25T10:44:38","date_gmt":"2023-03-25T10:44:38","guid":{"rendered":"https:\/\/freshclo.com\/product\/fresh-clo-hoodies-unisexes-en-peluche-avec-poches\/"},"modified":"2023-07-31T09:18:51","modified_gmt":"2023-07-31T09:18:51","slug":"fresh-clo-hoodies-unisexes-en-peluche-avec-poches","status":"publish","type":"product","link":"https:\/\/freshclo.com\/fr\/produit\/fresh-clo-hoodies-unisexes-en-peluche-avec-poches\/","title":{"rendered":"Fresh Clo. \u00ae Hoodies unisexes en peluche avec poches"},"content":{"rendered":"<p><span style=\"font-size: 14pt;\"><strong>Fresh Clo. \u00ae Hoodies unisexes en peluche avec poches<\/strong><\/span><br \/>\n<span style=\"font-size: 14pt;\">&#8211; [Material]: tissu pelucheux en polyester 400G\/SM<br \/>\n&#8211; [Type]: Sweat \u00e0 capuche avec cordon de serrage ajustable<br \/>\n&#8211; [Occasion]: Style d\u00e9contract\u00e9, id\u00e9al pour les temps frais. Personnalisez votre style avec ce sweat \u00e0 capuche imprim\u00e9 de toutes parts.<br \/>\n&#8211; [Care Instruction]: Lavage \u00e0 la main ou en machine.<\/span><\/p>\n<p><span style=\"font-size: 14pt;\"><strong>A propos de cet article<br \/>\n<\/strong>&#8211; Epais et chaud<br \/>\nLe sweat-shirt est fabriqu\u00e9 en peluche de polyester 400g\/sm, ce qui vous permettra de vous sentir \u00e0 l&#8217;aise en hiver.<\/span><br \/>\n<span style=\"font-size: 14pt;\">&#8211; Impression de haute qualit\u00e9<\/span><br \/>\n<span style=\"font-size: 14pt;\">L&#8217;impression par transfert thermique permet de conserver la couleur r\u00e9elle de l&#8217;image originale. Gr\u00e2ce \u00e0 la technologie de l&#8217;impression sur toute la surface, vous pouvez imprimer parfaitement des motifs cons\u00e9cutifs sur le tissu.<\/span><br \/>\n<span style=\"font-size: 14pt;\">&#8211; Mode et facile \u00e0 assortir<\/span><br \/>\n<span style=\"font-size: 14pt;\">Un sweat \u00e0 capuche classique est facile \u00e0 assortir \u00e0 vos v\u00eatements de tous les jours et convient \u00e0 tous.<\/span><\/p>\n<p><span style=\"font-size: 14pt;\"><strong>Avis<\/strong><br \/>\nDivers facteurs de production peuvent entra\u00eener de l\u00e9g\u00e8res diff\u00e9rences entre le produit r\u00e9el et la maquette, qu&#8217;il s&#8217;agisse des couleurs, de la position de l&#8217;impression ou de la taille.  <\/span><\/p>\n<p>&nbsp;<\/p>\n<table style=\"border-collapse: collapse; width: 0px; height: 200px;\" border=\"1\">\n<tbody>\n<tr style=\"height: 13.50pt;\">\n<td class=\"et3\" style=\"height: 13.5pt; width: 79px; text-align: center;\" width=\"72\" height=\"18\">Taille<\/td>\n<td class=\"et3\" style=\"width: 170px; text-align: center;\" width=\"72\">Poitrine(cm\/in)<\/td>\n<td class=\"et3\" style=\"width: 169px; text-align: center;\" width=\"72\">Longueur (cm\/in)<\/td>\n<td class=\"et3\" style=\"height: 13.5pt; width: 140px; text-align: center;\" width=\"101\" height=\"18\">Hauteur de r\u00e9f\u00e9rence (cm\/in)<\/td>\n<td class=\"et2\" style=\"height: 13.5pt; width: 139px; text-align: center;\" width=\"101\" height=\"18\">Poids de r\u00e9f\u00e9rence (kg\/lb)<\/td>\n<\/tr>\n<tr style=\"height: 14px;\">\n<td style=\"width: 79px; height: 14px; text-align: center;\">S<\/td>\n<td class=\"et3\" style=\"width: 170px; text-align: center;\">98\/38.58<\/td>\n<td class=\"et3\" style=\"width: 169px; text-align: center;\">67\/26.38<\/td>\n<td class=\"et3\" style=\"height: 13.5pt; width: 140px; text-align: center;\" height=\"18\">150\/59.06<\/td>\n<td class=\"et2\" style=\"height: 13.5pt; width: 139px; text-align: center;\" height=\"18\">55\/24.95<\/td>\n<\/tr>\n<tr style=\"height: 14.25pt;\">\n<td style=\"width: 79px; height: 14px; text-align: center;\">M<\/td>\n<td class=\"et3\" style=\"width: 170px; text-align: center;\">104\/40.94<\/td>\n<td class=\"et3\" style=\"width: 169px; text-align: center;\">70\/27.56<\/td>\n<td class=\"et3\" style=\"height: 13.5pt; width: 140px; text-align: center;\" height=\"18\">155\/61.02<\/td>\n<td class=\"et2\" style=\"height: 13.5pt; width: 139px; text-align: center;\" height=\"18\">60\/27.22<\/td>\n<\/tr>\n<tr style=\"height: 13.50pt;\">\n<td style=\"width: 79px; height: 13px; text-align: center;\">L<\/td>\n<td class=\"et3\" style=\"width: 170px; text-align: center;\">110\/43.31<\/td>\n<td class=\"et3\" style=\"width: 169px; text-align: center;\">73\/28.74<\/td>\n<td class=\"et3\" style=\"height: 13.5pt; width: 140px; text-align: center;\" height=\"18\">160\/62.99<\/td>\n<td class=\"et2\" style=\"height: 13.5pt; width: 139px; text-align: center;\" height=\"18\">70\/31.75<\/td>\n<\/tr>\n<tr style=\"height: 13.50pt;\">\n<td style=\"width: 79px; height: 13px; text-align: center;\">XL<\/td>\n<td class=\"et3\" style=\"width: 170px; text-align: center;\">116\/45.67<\/td>\n<td class=\"et3\" style=\"width: 169px; text-align: center;\">76\/29.92<\/td>\n<td class=\"et3\" style=\"height: 13.5pt; width: 140px; text-align: center;\" height=\"18\">165\/64.96<\/td>\n<td class=\"et2\" style=\"height: 13.5pt; width: 139px; text-align: center;\" height=\"18\">80\/36.29<\/td>\n<\/tr>\n<tr style=\"height: 13.50pt;\">\n<td style=\"width: 79px; height: 13px; text-align: center;\">2XL<\/td>\n<td class=\"et3\" style=\"width: 170px; text-align: center;\">122\/48.03<\/td>\n<td class=\"et3\" style=\"width: 169px; text-align: center;\">79\/31.1<\/td>\n<td class=\"et3\" style=\"height: 13.5pt; width: 140px; text-align: center;\" height=\"18\">175\/68.9<\/td>\n<td class=\"et2\" style=\"height: 13.5pt; width: 139px; text-align: center;\" height=\"18\">85\/38.56<\/td>\n<\/tr>\n<tr style=\"height: 13.50pt;\">\n<td style=\"width: 79px; height: 13px; text-align: center;\">3XL<\/td>\n<td class=\"et3\" style=\"width: 170px; text-align: center;\">128\/50.39<\/td>\n<td class=\"et3\" style=\"width: 169px; text-align: center;\">81\/31.89<\/td>\n<td class=\"et3\" style=\"height: 13.5pt; width: 140px; text-align: center;\" height=\"18\">185\/72.83<\/td>\n<td class=\"et2\" style=\"height: 13.5pt; width: 139px; text-align: center;\" height=\"18\">100\/45.36<\/td>\n<\/tr>\n<tr style=\"height: 13.50pt;\">\n<td style=\"width: 79px; height: 13px; text-align: center;\">4XL<\/td>\n<td class=\"et3\" style=\"width: 170px; text-align: center;\">134\/52.76<\/td>\n<td class=\"et3\" style=\"width: 169px; text-align: center;\">83\/32.68<\/td>\n<td class=\"et3\" style=\"height: 13.5pt; width: 140px; text-align: center;\" height=\"18\">190\/74.8<\/td>\n<td class=\"et2\" style=\"height: 13.5pt; width: 139px; text-align: center;\" height=\"18\">115\/52.16<\/td>\n<\/tr>\n<tr>\n<td style=\"width: 79px; text-align: center;\">5XL<\/td>\n<td class=\"et3\" style=\"height: 13.5pt; width: 170px; text-align: center;\" width=\"72\" height=\"18\">140\/55.12<\/td>\n<td class=\"et3\" style=\"width: 169px; text-align: center;\" width=\"72\">86\/33.86<\/td>\n<td class=\"et3\" style=\"height: 13.5pt; width: 140px; text-align: center;\" width=\"101\" height=\"18\">210\/82.68<\/td>\n<td class=\"et3\" style=\"width: 139px; text-align: center;\" width=\"101\">110\/49.9<\/td>\n<\/tr>\n<\/tbody>\n<\/table>\n<p><span style=\"font-size: 14pt;\">Ces donn\u00e9es de taille sont mesur\u00e9es manuellement, en raison des diff\u00e9rentes m\u00e9thodes de mesure, des erreurs de 1 \u00e0 2 cm sont consid\u00e9r\u00e9es comme normales.<\/span><\/p>\n","protected":false},"excerpt":{"rendered":"<p>Fresh Clo. \u00ae Hoodies unisexes en peluche avec poches &#8211; [Material]: tissu pelucheux en polyester 400G\/SM &#8211; [Type]: Sweat \u00e0 capuche avec cordon de serrage ajustable &#8211; [Occasion]: Style d\u00e9contract\u00e9, id\u00e9al pour les temps frais. Personnalisez votre style avec ce sweat \u00e0 capuche imprim\u00e9 de toutes parts. &#8211; [Care Instruction]: Lavage \u00e0 la main ou [&hellip;]<\/p>\n","protected":false},"featured_media":4415,"comment_status":"open","ping_status":"closed","template":"","meta":{"_glsr_average":0,"_glsr_ranking":0,"_glsr_reviews":0,"_mi_skip_tracking":false,"_monsterinsights_sitenote_active":false,"_monsterinsights_sitenote_note":"","_monsterinsights_sitenote_category":0},"product_cat":[144,142,149],"product_tag":[],"_links":{"self":[{"href":"https:\/\/freshclo.com\/fr\/wp-json\/wp\/v2\/product\/7423"}],"collection":[{"href":"https:\/\/freshclo.com\/fr\/wp-json\/wp\/v2\/product"}],"about":[{"href":"https:\/\/freshclo.com\/fr\/wp-json\/wp\/v2\/types\/product"}],"replies":[{"embeddable":true,"href":"https:\/\/freshclo.com\/fr\/wp-json\/wp\/v2\/comments?post=7423"}],"wp:featuredmedia":[{"embeddable":true,"href":"https:\/\/freshclo.com\/fr\/wp-json\/wp\/v2\/media\/4415"}],"wp:attachment":[{"href":"https:\/\/freshclo.com\/fr\/wp-json\/wp\/v2\/media?parent=7423"}],"wp:term":[{"taxonomy":"product_cat","embeddable":true,"href":"https:\/\/freshclo.com\/fr\/wp-json\/wp\/v2\/product_cat?post=7423"},{"taxonomy":"product_tag","embeddable":true,"href":"https:\/\/freshclo.com\/fr\/wp-json\/wp\/v2\/product_tag?post=7423"}],"curies":[{"name":"wp","href":"https:\/\/api.w.org\/{rel}","templated":true}]}}