{"id":7492,"date":"2023-03-23T20:02:49","date_gmt":"2023-03-23T20:02:49","guid":{"rendered":"https:\/\/freshclo.com\/product\/pantalon-de-jogging-long-et-decontracte-unisexe-de-lions\/"},"modified":"2023-06-21T07:34:13","modified_gmt":"2023-06-21T07:34:13","slug":"pantalon-de-jogging-long-et-decontracte-unisexe-de-lions","status":"publish","type":"product","link":"https:\/\/freshclo.com\/fr\/produit\/pantalon-de-jogging-long-et-decontracte-unisexe-de-lions\/","title":{"rendered":"Pantalon de jogging long et d\u00e9contract\u00e9 unisexe de Lion&#8217;s"},"content":{"rendered":"<p><strong><span style=\"font-size: 14pt;\">Pantalon de jogging long et d\u00e9contract\u00e9 personnalis\u00e9 unisexe<\/span><\/strong><br \/>\n<span style=\"font-size: 14pt;\">&#8211; [Material]: Serg\u00e9 bris\u00e9  <\/span><br \/>\n<span style=\"font-size: 14pt;\">&#8211; [Print Technology]: Impression par transfert thermique<\/span><br \/>\n<span style=\"font-size: 14pt;\">&#8211; [Print Position]: Imprim\u00e9 sur toute la surface<\/span><br \/>\n<span style=\"font-size: 14pt;\">&#8211; [Type]: Pantalon<\/span><br \/>\n<span style=\"font-size: 14pt;\">&#8211; [Occasion]: Ce pantalon l\u00e9ger et ample est id\u00e9al pour la d\u00e9tente, la maison, la plage, les vacances, le jogging, les v\u00eatements quotidiens, les tenues d\u00e9contract\u00e9es, etc. Il vaut la peine d&#8217;\u00eatre consomm\u00e9 pendant les chaleurs de l&#8217;\u00e9t\u00e9.<\/span><br \/>\n<span style=\"font-size: 14pt;\">&#8211; [Care Instruction]: Lavage \u00e0 la main ou en machine.<\/span><\/p>\n<p><strong><span style=\"font-size: 14pt;\">A propos de cet article<\/span><\/strong><br \/>\n<span style=\"font-size: 14pt;\">&#8211; Respirant et confortable<\/span><br \/>\n<span style=\"font-size: 14pt;\">Ces pantalons \u00e0 impression int\u00e9grale sont fabriqu\u00e9s dans un tissu serg\u00e9 lisse et respirant pour produire des pantalons au design magnifique. Il est l\u00e9ger et fin pour les temps chauds.<\/span><br \/>\n<span style=\"font-size: 14pt;\">&#8211; Taille ajustable<\/span><br \/>\n<span style=\"font-size: 14pt;\">Le pantalon baggy se caract\u00e9rise par une coupe ample, une jambe large, deux poches lat\u00e9rales profondes, une taille extensible avec un cordon de serrage ajustable, de sorte qu&#8217;il est plus facile de l&#8217;ajuster \u00e0 votre taille.  <\/span><br \/>\n<span style=\"font-size: 14pt;\">&#8211; Impression de haute qualit\u00e9<\/span><br \/>\n<span style=\"font-size: 14pt;\">L&#8217;impression par transfert thermique permet d&#8217;imprimer des couleurs vives qui ne s&#8217;effacent pas. Il convient \u00e0 une grande vari\u00e9t\u00e9 de tissus pour l&#8217;impression de motifs clairs.<\/span><br \/>\n<span style=\"font-size: 14pt;\">&#8211; Facile \u00e0 assortir<\/span><br \/>\n<span style=\"font-size: 14pt;\">Il peut \u00eatre utilis\u00e9 comme tenue de sport et s&#8217;accorde parfaitement avec toutes les tenues d&#8217;ext\u00e9rieur. Ce pantalon l\u00e9ger et ample est \u00e9galement id\u00e9al pour les salons, la maison, les plages, les vacances, le jogging, les v\u00eatements quotidiens, les tenues d\u00e9contract\u00e9es, etc. Convient aux activit\u00e9s estivales en plein air.<\/span><\/p>\n<p><strong><span style=\"font-size: 14pt;\">Avis<\/span><\/strong><br \/>\n<span style=\"font-size: 14pt;\">Divers facteurs de production peuvent entra\u00eener de l\u00e9g\u00e8res diff\u00e9rences entre le produit r\u00e9el et la maquette, qu&#8217;il s&#8217;agisse des couleurs, de la position de l&#8217;impression ou de la taille.<\/span><\/p>\n<p>&nbsp;<\/p>\n<table style=\"border-collapse: collapse; width: 100%;\" border=\"1\" width=\"0%\" cellspacing=\"0\" cellpadding=\"0\">\n<colgroup>\n<col style=\"width: 78.00pt;\" width=\"104\">\n<col style=\"width: 90.00pt;\" width=\"120\">\n<col style=\"width: 84.00pt;\" width=\"112\">\n<col style=\"width: 94.50pt;\" width=\"126\"> <\/colgroup>\n<tbody>\n<tr style=\"height: 13.50pt;\">\n<td class=\"et2\" style=\"height: 13.5pt; width: 78pt; text-align: center;\" width=\"104\" height=\"18\">Taille<\/td>\n<td class=\"et2\" style=\"width: 90pt; text-align: center;\" width=\"120\">Taille (cm\/in)<\/td>\n<td class=\"et2\" style=\"width: 84pt; text-align: center;\" width=\"112\">Hanche(cm\/in)<\/td>\n<td class=\"et2\" style=\"width: 94.5pt; text-align: center;\" width=\"126\">Longueur (cm\/in)<\/td>\n<\/tr>\n<tr style=\"height: 13.50pt;\">\n<td class=\"et2\" style=\"height: 13.5pt; text-align: center;\" height=\"18\">S<\/td>\n<td class=\"et2\" style=\"text-align: center;\">64\/25.2<\/td>\n<td class=\"et2\" style=\"text-align: center;\">110\/43.31<\/td>\n<td class=\"et2\" style=\"text-align: center;\">90\/35.43<\/td>\n<\/tr>\n<tr style=\"height: 13.50pt;\">\n<td class=\"et2\" style=\"height: 13.5pt; text-align: center;\" height=\"18\">M<\/td>\n<td class=\"et2\" style=\"text-align: center;\">68\/26.77<\/td>\n<td class=\"et2\" style=\"text-align: center;\">114\/44.88<\/td>\n<td class=\"et2\" style=\"text-align: center;\">92\/36.22<\/td>\n<\/tr>\n<tr style=\"height: 13.50pt;\">\n<td class=\"et2\" style=\"height: 13.5pt; text-align: center;\" height=\"18\">L<\/td>\n<td class=\"et2\" style=\"text-align: center;\">72\/28.35<\/td>\n<td class=\"et2\" style=\"text-align: center;\">118\/46.46<\/td>\n<td class=\"et2\" style=\"text-align: center;\">94\/37.01<\/td>\n<\/tr>\n<tr style=\"height: 13.50pt;\">\n<td class=\"et2\" style=\"height: 13.5pt; text-align: center;\" height=\"18\">XL<\/td>\n<td class=\"et2\" style=\"text-align: center;\">76\/29.92<\/td>\n<td class=\"et2\" style=\"text-align: center;\">122\/48.03<\/td>\n<td class=\"et2\" style=\"text-align: center;\">96\/37.8<\/td>\n<\/tr>\n<tr style=\"height: 13.50pt;\">\n<td class=\"et2\" style=\"height: 13.5pt; text-align: center;\" height=\"18\">2XL<\/td>\n<td class=\"et2\" style=\"text-align: center;\">80\/31.5<\/td>\n<td class=\"et2\" style=\"text-align: center;\">126\/49.61<\/td>\n<td class=\"et2\" style=\"text-align: center;\">98\/38.58<\/td>\n<\/tr>\n<tr style=\"height: 13.50pt;\">\n<td class=\"et2\" style=\"height: 13.5pt; text-align: center;\" height=\"18\">3XL<\/td>\n<td class=\"et2\" style=\"text-align: center;\">84\/33.07<\/td>\n<td class=\"et2\" style=\"text-align: center;\">130\/51.18<\/td>\n<td class=\"et2\" style=\"text-align: center;\">100\/39.37<\/td>\n<\/tr>\n<tr style=\"height: 13.50pt;\">\n<td class=\"et2\" style=\"height: 13.5pt; text-align: center;\" height=\"18\">4XL<\/td>\n<td class=\"et2\" style=\"text-align: center;\">88\/34.65<\/td>\n<td class=\"et2\" style=\"text-align: center;\">134\/52.76<\/td>\n<td class=\"et2\" style=\"text-align: center;\">102\/40.16<\/td>\n<\/tr>\n<tr style=\"height: 13.50pt;\">\n<td class=\"et2\" style=\"height: 13.5pt; text-align: center;\" height=\"18\">5XL<\/td>\n<td class=\"et2\" style=\"text-align: center;\">92\/36.22<\/td>\n<td class=\"et2\" style=\"text-align: center;\">138\/54.33<\/td>\n<td class=\"et2\" style=\"text-align: center;\">104\/40.94<\/td>\n<\/tr>\n<tr style=\"height: 13.50pt;\">\n<td class=\"et2\" style=\"height: 13.5pt; text-align: center;\" height=\"18\">6XL<\/td>\n<td class=\"et2\" style=\"text-align: center;\">96\/37.8<\/td>\n<td class=\"et2\" style=\"text-align: center;\">142\/55.91<\/td>\n<td class=\"et2\" style=\"text-align: center;\">106\/41.73<\/td>\n<\/tr>\n<tr style=\"height: 13.50pt;\">\n<td class=\"et2\" style=\"height: 13.5pt; text-align: center;\" height=\"18\">7XL<\/td>\n<td class=\"et2\" style=\"text-align: center;\">100\/39.37<\/td>\n<td class=\"et2\" style=\"text-align: center;\">146\/57.48<\/td>\n<td class=\"et2\" style=\"text-align: center;\">108\/42.52<\/td>\n<\/tr>\n<tr style=\"height: 13.50pt;\">\n<td class=\"et2\" style=\"height: 13.5pt; text-align: center;\" height=\"18\">8XL<\/td>\n<td class=\"et2\" style=\"text-align: center;\">104\/40.94<\/td>\n<td class=\"et2\" style=\"text-align: center;\">150\/59.06<\/td>\n<td class=\"et2\" style=\"text-align: center;\">110\/43.31<\/td>\n<\/tr>\n<\/tbody>\n<\/table>\n<p><span style=\"font-size: 14pt;\">Ces donn\u00e9es de taille sont mesur\u00e9es manuellement, en raison des diff\u00e9rentes m\u00e9thodes de mesure, des erreurs de 1 \u00e0 2 cm sont consid\u00e9r\u00e9es comme normales.<\/span><\/p>\n","protected":false},"excerpt":{"rendered":"<p>Pantalon de jogging long et d\u00e9contract\u00e9 personnalis\u00e9 unisexe &#8211; [Material]: Serg\u00e9 bris\u00e9 &#8211; [Print Technology]: Impression par transfert thermique &#8211; [Print Position]: Imprim\u00e9 sur toute la surface &#8211; [Type]: Pantalon &#8211; [Occasion]: Ce pantalon l\u00e9ger et ample est id\u00e9al pour la d\u00e9tente, la maison, la plage, les vacances, le jogging, les v\u00eatements quotidiens, les tenues [&hellip;]<\/p>\n","protected":false},"featured_media":3983,"comment_status":"open","ping_status":"closed","template":"","meta":{"_glsr_average":0,"_glsr_ranking":0,"_glsr_reviews":0,"_mi_skip_tracking":false,"_monsterinsights_sitenote_active":false,"_monsterinsights_sitenote_note":"","_monsterinsights_sitenote_category":0},"product_cat":[144,142,163,161],"product_tag":[],"_links":{"self":[{"href":"https:\/\/freshclo.com\/fr\/wp-json\/wp\/v2\/product\/7492"}],"collection":[{"href":"https:\/\/freshclo.com\/fr\/wp-json\/wp\/v2\/product"}],"about":[{"href":"https:\/\/freshclo.com\/fr\/wp-json\/wp\/v2\/types\/product"}],"replies":[{"embeddable":true,"href":"https:\/\/freshclo.com\/fr\/wp-json\/wp\/v2\/comments?post=7492"}],"wp:featuredmedia":[{"embeddable":true,"href":"https:\/\/freshclo.com\/fr\/wp-json\/wp\/v2\/media\/3983"}],"wp:attachment":[{"href":"https:\/\/freshclo.com\/fr\/wp-json\/wp\/v2\/media?parent=7492"}],"wp:term":[{"taxonomy":"product_cat","embeddable":true,"href":"https:\/\/freshclo.com\/fr\/wp-json\/wp\/v2\/product_cat?post=7492"},{"taxonomy":"product_tag","embeddable":true,"href":"https:\/\/freshclo.com\/fr\/wp-json\/wp\/v2\/product_tag?post=7492"}],"curies":[{"name":"wp","href":"https:\/\/api.w.org\/{rel}","templated":true}]}}