{"id":7524,"date":"2023-03-25T10:46:05","date_gmt":"2023-03-25T10:46:05","guid":{"rendered":"https:\/\/freshclo.com\/product\/fresh-clo-mini-robe-a-col-en-v-et-a-manches-courtes-pour-femmes\/"},"modified":"2023-06-21T07:34:13","modified_gmt":"2023-06-21T07:34:13","slug":"fresh-clo-mini-robe-a-col-en-v-et-a-manches-courtes-pour-femmes","status":"publish","type":"product","link":"https:\/\/freshclo.com\/fr\/produit\/fresh-clo-mini-robe-a-col-en-v-et-a-manches-courtes-pour-femmes\/","title":{"rendered":"Fresh Clo. Mini robe \u00e0 col en V et \u00e0 manches courtes pour femmes"},"content":{"rendered":"<p><span style=\"font-size: 14pt;\"><strong>Fresh Clo. Mini robe \u00e0 col en V et \u00e0 manches courtes pour femmes<\/strong><\/span><br \/>\n<span style=\"font-size: 14pt;\">&#8211; [Material]: 92% Polyester + 8% Spandex<\/span><br \/>\n<span style=\"font-size: 14pt;\">&#8211; [Type]: Col ras du cou, manches courtes Mini robe, coupe ample<\/span><br \/>\n<span style=\"font-size: 14pt;\">&#8211; [Occasion]: Le style d\u00e9contract\u00e9 convient aux sorties, aux f\u00eates et aux v\u00eatements de nuit, id\u00e9al pour l&#8217;\u00e9t\u00e9 et les temps chauds.  <\/span><br \/>\n<span style=\"font-size: 14pt;\">&#8211; [Care Instruction]: Lavage en machine ou \u00e0 la main.<\/span><\/p>\n<p><span style=\"font-size: 14pt;\"><strong>A propos de cet article<\/strong><\/span><br \/>\n<span style=\"font-size: 14pt;\">&#8211; Fabriqu\u00e9 en tissu extensible<\/span><br \/>\n<span style=\"font-size: 14pt;\">Il s&#8217;agit d&#8217;une robe \u00e0 col en V tr\u00e8s tendance. Le tissu extensible donne \u00e0 cette robe une sensation de respirabilit\u00e9. C&#8217;est la coupe ample de cette tendance qui peut parfaitement mettre en valeur votre silhouette. Le col est bien ficel\u00e9, sans fils g\u00eanants.<\/span><br \/>\n<span style=\"font-size: 14pt;\">&#8211; Un peu de fra\u00eecheur pour s&#8217;habiller en \u00e9t\u00e9<\/span><br \/>\n<span style=\"font-size: 14pt;\">C&#8217;est une robe classique et \u00e9l\u00e9gante pour sortir en \u00e9t\u00e9. Il s&#8217;agit d&#8217;une mini robe d&#8217;une longueur sup\u00e9rieure au genou qui peut lib\u00e9rer votre jambe de l&#8217;air chaud.<\/span><br \/>\n<span style=\"font-size: 14pt;\">&#8211; Impression de haute qualit\u00e9<\/span><br \/>\n<span style=\"font-size: 14pt;\">L&#8217;impression par transfert thermique permet d&#8217;obtenir de belles impressions avec des couleurs fid\u00e8les. Gr\u00e2ce \u00e0 la technologie de l&#8217;impression sur toute la surface, vous pouvez imprimer parfaitement des motifs cons\u00e9cutifs sur le tissu. Personnalisez votre robe d&#8217;\u00e9t\u00e9 en fonction des styles.<\/span><br \/>\n<span style=\"font-size: 14pt;\">&#8211; Facile \u00e0 assortir<\/span><br \/>\n<span style=\"font-size: 14pt;\">C&#8217;est une robe parfaite pour une utilisation quotidienne et qui vous donne une allure charmante. Convient pour les sorties, le shopping, les rendez-vous, les f\u00eates et les clubs. Il convient parfaitement aux tenues d\u00e9contract\u00e9es et athl\u00e9tiques, et peut s&#8217;adapter \u00e0 vos chaussures de loisir ou \u00e0 vos baskets.<\/span><\/p>\n<p><span style=\"font-size: 14pt;\"><strong>Avis<\/strong><\/span><br \/>\n<span style=\"font-size: 14pt;\">Divers facteurs de production peuvent entra\u00eener de l\u00e9g\u00e8res diff\u00e9rences entre le produit r\u00e9el et la maquette, qu&#8217;il s&#8217;agisse des couleurs, de la position de l&#8217;impression ou de la taille.<\/span><\/p>\n<p>&nbsp;<\/p>\n<table style=\"border-collapse: collapse; width: 100%; height: 300px;\" border=\"1\" width=\"700\" cellspacing=\"1\" cellpadding=\"1\">\n<colgroup>\n<col style=\"width: 54.00pt;\" width=\"72\">\n<col style=\"width: 119.25pt;\" span=\"2\" width=\"159\">\n<col style=\"width: 125.25pt;\" width=\"167\">\n<col style=\"width: 146.25pt;\" width=\"195\"> <\/colgroup>\n<tbody>\n<tr style=\"height: 13.50pt;\">\n<td class=\"et2\" style=\"height: 13.5pt; width: 54pt; text-align: center;\" width=\"72\" height=\"18\">Taille<\/td>\n<td class=\"et2\" style=\"width: 119.25pt; text-align: center;\" width=\"159\">Longueur (cm\/in)<\/td>\n<td class=\"et2\" style=\"width: 119.25pt; text-align: center;\" width=\"159\">Poitrine(cm\/in)<\/td>\n<td class=\"et2\" style=\"width: 125.25pt; text-align: center;\" width=\"167\">Longueur de la manche (cm\/in)<\/td>\n<td class=\"et2\" style=\"width: 146.25pt; text-align: center;\" width=\"195\">Largeur du fond (cm\/in)<\/td>\n<\/tr>\n<tr style=\"height: 13.50pt;\">\n<td class=\"et2\" style=\"height: 13.5pt; text-align: center;\" height=\"18\">S<\/td>\n<td class=\"et2\" style=\"text-align: center;\">82.5\/32.48<\/td>\n<td class=\"et2\" style=\"text-align: center;\">80\/31.5<\/td>\n<td class=\"et2\" style=\"text-align: center;\">16.5\/6.5<\/td>\n<td class=\"et2\" style=\"text-align: center;\">97\/38.19<\/td>\n<\/tr>\n<tr style=\"height: 13.50pt;\">\n<td class=\"et2\" style=\"height: 13.5pt; text-align: center;\" height=\"18\">M<\/td>\n<td class=\"et2\" style=\"text-align: center;\">85\/33.46<\/td>\n<td class=\"et2\" style=\"text-align: center;\">86\/33.86<\/td>\n<td class=\"et2\" style=\"text-align: center;\">17.5\/6.89<\/td>\n<td class=\"et2\" style=\"text-align: center;\">103\/40.55<\/td>\n<\/tr>\n<tr style=\"height: 13.50pt;\">\n<td class=\"et2\" style=\"height: 13.5pt; text-align: center;\" height=\"18\">L<\/td>\n<td class=\"et2\" style=\"text-align: center;\">87.5\/34.45<\/td>\n<td class=\"et2\" style=\"text-align: center;\">92\/36.22<\/td>\n<td class=\"et2\" style=\"text-align: center;\">18.5\/7.28<\/td>\n<td class=\"et2\" style=\"text-align: center;\">109\/42.91<\/td>\n<\/tr>\n<tr style=\"height: 13.50pt;\">\n<td class=\"et2\" style=\"height: 13.5pt; text-align: center;\" height=\"18\">XL<\/td>\n<td class=\"et2\" style=\"text-align: center;\">90\/35.43<\/td>\n<td class=\"et2\" style=\"text-align: center;\">98\/38.58<\/td>\n<td class=\"et2\" style=\"text-align: center;\">19.5\/7.68<\/td>\n<td class=\"et2\" style=\"text-align: center;\">115\/45.28<\/td>\n<\/tr>\n<tr style=\"height: 13.50pt;\">\n<td class=\"et2\" style=\"height: 13.5pt; text-align: center;\" height=\"18\">2XL<\/td>\n<td class=\"et2\" style=\"text-align: center;\">92.5\/36.42<\/td>\n<td class=\"et2\" style=\"text-align: center;\">104\/40.94<\/td>\n<td class=\"et2\" style=\"text-align: center;\">20.5\/8.07<\/td>\n<td class=\"et2\" style=\"text-align: center;\">121\/47.64<\/td>\n<\/tr>\n<tr style=\"height: 13.50pt;\">\n<td class=\"et2\" style=\"height: 13.5pt; text-align: center;\" height=\"18\">3XL<\/td>\n<td class=\"et2\" style=\"text-align: center;\">95\/37.4<\/td>\n<td class=\"et2\" style=\"text-align: center;\">110\/43.31<\/td>\n<td class=\"et2\" style=\"text-align: center;\">21.5\/8.46<\/td>\n<td class=\"et2\" style=\"text-align: center;\">127\/50<\/td>\n<\/tr>\n<tr style=\"height: 13.50pt;\">\n<td class=\"et2\" style=\"height: 13.5pt; text-align: center;\" height=\"18\">4XL<\/td>\n<td class=\"et2\" style=\"text-align: center;\">97.5\/38.39<\/td>\n<td class=\"et2\" style=\"text-align: center;\">116\/45.67<\/td>\n<td class=\"et2\" style=\"text-align: center;\">22.5\/8.86<\/td>\n<td class=\"et2\" style=\"text-align: center;\">133\/52.36<\/td>\n<\/tr>\n<tr style=\"height: 13.50pt;\">\n<td class=\"et2\" style=\"height: 13.5pt; text-align: center;\" height=\"18\">5XL<\/td>\n<td class=\"et2\" style=\"text-align: center;\">100\/39.37<\/td>\n<td class=\"et2\" style=\"text-align: center;\">122\/48.03<\/td>\n<td class=\"et2\" style=\"text-align: center;\">23.5\/9.25<\/td>\n<td class=\"et2\" style=\"text-align: center;\">139\/54.72<\/td>\n<\/tr>\n<\/tbody>\n<\/table>\n<p><span style=\"font-size: 14pt;\">Les donn\u00e9es relatives \u00e0 la taille sont mesur\u00e9es manuellement. En raison des diff\u00e9rentes m\u00e9thodes de mesure, des erreurs de 1 \u00e0 2 cm sont consid\u00e9r\u00e9es comme normales.<\/span><\/p>\n","protected":false},"excerpt":{"rendered":"<p>Fresh Clo. Mini robe \u00e0 col en V et \u00e0 manches courtes pour femmes &#8211; [Material]: 92% Polyester + 8% Spandex &#8211; [Type]: Col ras du cou, manches courtes Mini robe, coupe ample &#8211; [Occasion]: Le style d\u00e9contract\u00e9 convient aux sorties, aux f\u00eates et aux v\u00eatements de nuit, id\u00e9al pour l&#8217;\u00e9t\u00e9 et les temps chauds. [&hellip;]<\/p>\n","protected":false},"featured_media":4428,"comment_status":"open","ping_status":"closed","template":"","meta":{"_glsr_average":0,"_glsr_ranking":0,"_glsr_reviews":0,"_mi_skip_tracking":false,"_monsterinsights_sitenote_active":false,"_monsterinsights_sitenote_note":"","_monsterinsights_sitenote_category":0},"product_cat":[144,147],"product_tag":[],"_links":{"self":[{"href":"https:\/\/freshclo.com\/fr\/wp-json\/wp\/v2\/product\/7524"}],"collection":[{"href":"https:\/\/freshclo.com\/fr\/wp-json\/wp\/v2\/product"}],"about":[{"href":"https:\/\/freshclo.com\/fr\/wp-json\/wp\/v2\/types\/product"}],"replies":[{"embeddable":true,"href":"https:\/\/freshclo.com\/fr\/wp-json\/wp\/v2\/comments?post=7524"}],"wp:featuredmedia":[{"embeddable":true,"href":"https:\/\/freshclo.com\/fr\/wp-json\/wp\/v2\/media\/4428"}],"wp:attachment":[{"href":"https:\/\/freshclo.com\/fr\/wp-json\/wp\/v2\/media?parent=7524"}],"wp:term":[{"taxonomy":"product_cat","embeddable":true,"href":"https:\/\/freshclo.com\/fr\/wp-json\/wp\/v2\/product_cat?post=7524"},{"taxonomy":"product_tag","embeddable":true,"href":"https:\/\/freshclo.com\/fr\/wp-json\/wp\/v2\/product_tag?post=7524"}],"curies":[{"name":"wp","href":"https:\/\/api.w.org\/{rel}","templated":true}]}}