{"id":7628,"date":"2023-03-23T20:44:46","date_gmt":"2023-03-23T20:44:46","guid":{"rendered":"https:\/\/freshclo.com\/product\/freshclo-paw-shirts-unisex-multicolore-t-shirts-tees-gildan-76000\/"},"modified":"2023-06-21T07:34:26","modified_gmt":"2023-06-21T07:34:26","slug":"freshclo-paw-shirts-unisex-multicolore-t-shirts-tees-gildan-76000","status":"publish","type":"product","link":"https:\/\/freshclo.com\/fr\/produit\/freshclo-paw-shirts-unisex-multicolore-t-shirts-tees-gildan-76000\/","title":{"rendered":"FreshClo PAW Shirts Unisex Multicolore T-Shirts Tees | Gildan 76000"},"content":{"rendered":"<p><span style=\"font-size: 14pt;\"><strong>FreshClo PAW Shirts Unisex Multicolore T-Shirts Tees | Gildan 76000<\/strong><\/span><br \/>\n<span style=\"font-size: 14pt;\">&#8211; [Material]: 100% coton<\/span><br \/>\n<span style=\"font-size: 14pt;\">&#8211; [Weight]: 180g\/\u33a1 (5.3 onces par m\u00e8tre carr\u00e9)<\/span><br \/>\n<span style=\"font-size: 14pt;\">&#8211; [Print Technology]: Impression offset par transfert thermique<\/span><br \/>\n<span style=\"font-size: 14pt;\">&#8211; [Print Position]: Impression recto-verso<\/span><br \/>\n<span style=\"font-size: 14pt;\">&#8211; [Type]: T-shirt \u00e0 col ras du cou<\/span><br \/>\n<span style=\"font-size: 14pt;\">&#8211; [Occasion]: T-shirt basique de style d\u00e9contract\u00e9, convenant \u00e0 toute occasion habituelle.<\/span><br \/>\n<span style=\"font-size: 14pt;\">&#8211; [Care Instruction]: Lavage \u00e0 la main ou en machine.<\/span><\/p>\n<p><span style=\"font-size: 14pt;\"><strong>A propos de cet article<\/strong><\/span><br \/>\n<span style=\"font-size: 14pt;\">&#8211; Qualit\u00e9 du travail<\/span><br \/>\n<span style=\"font-size: 14pt;\">Tissus de haute qualit\u00e9 s\u00e9lectionn\u00e9s, doux, confortables et respectueux de la peau, encolure sans couture de 2 cm, qui modifie parfaitement la taille et met en valeur votre silhouette. Technologie am\u00e9ricaine de cylindre sans couture, lavable et durable. Renforcer les bandes de pression sur les \u00e9paules et le d\u00e9collet\u00e9, pour une allure plus \u00e9l\u00e9gante. Les poignets et l&#8217;ourlet de cette chemise sont doublement cousus pour une plus grande durabilit\u00e9.  <\/span><br \/>\n<span style=\"font-size: 14pt;\">&#8211; Mat\u00e9riau de premi\u00e8re qualit\u00e9<\/span><br \/>\n<span style=\"font-size: 14pt;\">La chemise est fabriqu\u00e9e en tissu KRS pr\u00e9-r\u00e9tr\u00e9ci, dont la forme est durable et qui ne se d\u00e9forme pas. Mati\u00e8re 100 % coton pur, respectueuse de la peau. Le tissu \u00e9lastique offre un ajustement ind\u00e9formable et ne bouloche pas. Cette chemise classique absorbant la transpiration convient comme couche.<\/span><br \/>\n<span style=\"font-size: 14pt;\">&#8211; Impression de haute qualit\u00e9<\/span><br \/>\n<span style=\"font-size: 14pt;\">L&#8217;impression par transfert thermique offset est id\u00e9ale pour reproduire des motifs sur diff\u00e9rents tissus de mani\u00e8re claire et pr\u00e9cise avec des couleurs vives. Ce t-shirt est \u00e0 la fois r\u00e9sistant et doux &#8211; une combinaison id\u00e9ale si vous \u00eates \u00e0 la recherche d&#8217;un \u00e9l\u00e9ment de base pour votre garde-robe d\u00e9contract\u00e9e. Personnalisez-le \u00e0 partir de notre place de march\u00e9 pour lib\u00e9rer votre cr\u00e9ativit\u00e9 !<\/span><br \/>\n<span style=\"font-size: 14pt;\">&#8211; Mode et facile \u00e0 assortir<\/span><br \/>\n<span style=\"font-size: 14pt;\">Il est facile \u00e0 assortir \u00e0 vos v\u00eatements de tous les jours et convient \u00e0 toutes les personnes. Un design classique et intemporel sera toujours le meilleur choix pour votre tenue de tous les jours.<\/span><\/p>\n<p><span style=\"font-size: 14pt;\"><strong>Avis<\/strong><\/span><br \/>\n<span style=\"font-size: 14pt;\">Divers facteurs de production peuvent entra\u00eener de l\u00e9g\u00e8res diff\u00e9rences entre le produit r\u00e9el et la maquette, qu&#8217;il s&#8217;agisse des couleurs, de la position de l&#8217;impression ou de la taille.<\/span><br \/>\n<span style=\"font-size: 14pt;\">Les donn\u00e9es relatives \u00e0 la taille sont mesur\u00e9es manuellement. En raison des diff\u00e9rentes m\u00e9thodes de mesure, des erreurs de 1 \u00e0 2 cm sont consid\u00e9r\u00e9es comme normales.<\/span><\/p>\n<div class=\"ProductDescription-attributeValueInfo\" style=\"margin: 0px; padding: 0px; border: 0px; line-height: inherit; vertical-align: baseline;\">\n<div class=\"ProductDescription-attributeValueDescription\" style=\"line-height: inherit; margin: 0px; padding: 0px; border: 0px; vertical-align: baseline;\">\n<h3><img loading=\"lazy\" decoding=\"async\" src=\"https:\/\/s3-us-west-2.amazonaws.com\/diy-pic\/descriptionProduct\/_1606458110085.jpg\" alt=\"\" width=\"790\" height=\"1137\"><img loading=\"lazy\" decoding=\"async\" src=\"https:\/\/s3-us-west-2.amazonaws.com\/diy-pic\/descriptionProduct\/_1606458281643.jpg\" alt=\"\" width=\"790\" height=\"796\"><br \/>\n<img loading=\"lazy\" decoding=\"async\" src=\"https:\/\/s3-us-west-2.amazonaws.com\/diy-pic\/descriptionProduct\/_1606459597691.jpg\" alt=\"\" width=\"790\" height=\"898\"><br \/>\n<img loading=\"lazy\" decoding=\"async\" src=\"https:\/\/s3-us-west-2.amazonaws.com\/diy-pic\/descriptionProduct\/_1606458432612.jpg\" alt=\"\" width=\"790\" height=\"1128\"><br \/>\n<img loading=\"lazy\" decoding=\"async\" src=\"https:\/\/s3-us-west-2.amazonaws.com\/diy-pic\/descriptionProduct\/_1606461130842.jpg\" alt=\"\" width=\"790\" height=\"952\"><br \/>\n<img loading=\"lazy\" decoding=\"async\" src=\"https:\/\/s3-us-west-2.amazonaws.com\/diy-pic\/descriptionProduct\/_1606462006494.jpg\" alt=\"\" width=\"790\" height=\"271\"><br \/>\n<img loading=\"lazy\" decoding=\"async\" src=\"https:\/\/s3-us-west-2.amazonaws.com\/diy-pic\/descriptionProduct\/_1606462398628.jpg\" alt=\"\" width=\"790\" height=\"818\"><br \/>\n<img loading=\"lazy\" decoding=\"async\" src=\"https:\/\/s3-us-west-2.amazonaws.com\/diy-pic\/descriptionProduct\/_1606462816806.jpg\" alt=\"\" width=\"790\" height=\"275\"><br \/>\n<img loading=\"lazy\" decoding=\"async\" src=\"https:\/\/s3-us-west-2.amazonaws.com\/diy-pic\/descriptionProduct\/_1606463486473.jpg\" alt=\"\" width=\"790\" height=\"1317\"><br \/>\n<img loading=\"lazy\" decoding=\"async\" src=\"https:\/\/s3-us-west-2.amazonaws.com\/diy-pic\/descriptionProduct\/_1606463560850.jpg\" alt=\"\" width=\"790\" height=\"1085\"><\/h3>\n<\/div>\n<\/div>\n<p>&nbsp;<\/p>\n<table style=\"height: 199px; width: 951px; border-collapse: collapse;\" border=\"1\">\n<tbody>\n<tr>\n<td style=\"width: 72px; text-align: center;\" width=\"72\">Pays<\/td>\n<td style=\"width: 96px; text-align: center;\" width=\"72\">Poitrine(cm\/in)<\/td>\n<td style=\"width: 104px; text-align: center;\" width=\"72\">Longueur (cm\/in)<\/td>\n<td style=\"width: 103px; text-align: center;\" width=\"72\">Manche(cm\/in)<\/td>\n<td style=\"width: 137px; text-align: center;\" colspan=\"2\" width=\"144\">CN<\/td>\n<td style=\"width: 64px; text-align: center;\" width=\"72\">INT<\/td>\n<td style=\"width: 62px; text-align: center;\" width=\"72\">\u00c9TATS-UNIS<\/td>\n<td style=\"width: 64px; text-align: center;\" width=\"72\">EUR<\/td>\n<td style=\"width: 61px; text-align: center;\" width=\"72\">FR<\/td>\n<td style=\"width: 61px; text-align: center;\" width=\"72\">IT<\/td>\n<td style=\"width: 62px; text-align: center;\" width=\"72\">ROYAUME-UNI<\/td>\n<td style=\"width: 64px; text-align: center;\" width=\"72\">JP<\/td>\n<\/tr>\n<tr>\n<td style=\"width: 72px; text-align: center;\" rowspan=\"7\" width=\"72\">Taille<\/td>\n<td style=\"width: 96px; text-align: center;\" width=\"72\">88\/34.6<\/td>\n<td style=\"width: 104px; text-align: center;\" width=\"72\">64\/25.2<\/td>\n<td style=\"width: 103px; text-align: center;\" width=\"72\">20\/7.8<\/td>\n<td style=\"width: 62px; text-align: center;\" width=\"72\">XS<\/td>\n<td style=\"width: 75px; text-align: center;\" width=\"72\">160\/82A<\/td>\n<td style=\"width: 64px; text-align: center;\" width=\"72\">XXS<\/td>\n<td style=\"width: 62px; text-align: center;\" width=\"72\">32<\/td>\n<td style=\"width: 64px; text-align: center;\" width=\"72\">42<\/td>\n<td style=\"width: 61px; text-align: center;\" width=\"72\">42<\/td>\n<td style=\"width: 61px; text-align: center;\" width=\"72\">42<\/td>\n<td style=\"width: 62px; text-align: center;\" width=\"72\">6<\/td>\n<td style=\"width: 64px; text-align: center;\" width=\"72\">XS<\/td>\n<\/tr>\n<tr>\n<td style=\"width: 96px; text-align: center;\" width=\"72\">94\/37<\/td>\n<td style=\"width: 104px; text-align: center;\" width=\"72\">67\/26.4<\/td>\n<td style=\"width: 103px; text-align: center;\" width=\"72\">20\/7.8<\/td>\n<td style=\"width: 62px; text-align: center;\" width=\"72\">S<\/td>\n<td style=\"width: 75px; text-align: center;\" width=\"72\">165\/84A<\/td>\n<td style=\"width: 64px; text-align: center;\" width=\"72\">XS<\/td>\n<td style=\"width: 62px; text-align: center;\" width=\"72\">34<\/td>\n<td style=\"width: 64px; text-align: center;\" width=\"72\">44<\/td>\n<td style=\"width: 61px; text-align: center;\" width=\"72\">44<\/td>\n<td style=\"width: 61px; text-align: center;\" width=\"72\">44<\/td>\n<td style=\"width: 62px; text-align: center;\" width=\"72\">8<\/td>\n<td style=\"width: 64px; text-align: center;\" width=\"72\">S<\/td>\n<\/tr>\n<tr>\n<td style=\"width: 96px; text-align: center;\" width=\"72\">100\/39.4<\/td>\n<td style=\"width: 104px; text-align: center;\" width=\"72\">70\/27.6<\/td>\n<td style=\"width: 103px; text-align: center;\" width=\"72\">20\/7.8<\/td>\n<td style=\"width: 62px; text-align: center;\" width=\"72\">M<\/td>\n<td style=\"width: 75px; text-align: center;\" width=\"72\">170\/88A<\/td>\n<td style=\"width: 64px; text-align: center;\" width=\"72\">S<\/td>\n<td style=\"width: 62px; text-align: center;\" width=\"72\">36<\/td>\n<td style=\"width: 64px; text-align: center;\" width=\"72\">46<\/td>\n<td style=\"width: 61px; text-align: center;\" width=\"72\">46<\/td>\n<td style=\"width: 61px; text-align: center;\" width=\"72\">46<\/td>\n<td style=\"width: 62px; text-align: center;\" width=\"72\">10<\/td>\n<td style=\"width: 64px; text-align: center;\" width=\"72\">M<\/td>\n<\/tr>\n<tr>\n<td style=\"width: 96px; text-align: center;\" width=\"72\">106\/41.8<\/td>\n<td style=\"width: 104px; text-align: center;\" width=\"72\">73\/28.7<\/td>\n<td style=\"width: 103px; text-align: center;\" width=\"72\">20\/7.8<\/td>\n<td style=\"width: 62px; text-align: center;\" width=\"72\">L<\/td>\n<td style=\"width: 75px; text-align: center;\" width=\"72\">175\/92A<\/td>\n<td style=\"width: 64px; text-align: center;\" width=\"72\">M<\/td>\n<td style=\"width: 62px; text-align: center;\" width=\"72\">38<\/td>\n<td style=\"width: 64px; text-align: center;\" width=\"72\">48<\/td>\n<td style=\"width: 61px; text-align: center;\" width=\"72\">48<\/td>\n<td style=\"width: 61px; text-align: center;\" width=\"72\">48<\/td>\n<td style=\"width: 62px; text-align: center;\" width=\"72\">12<\/td>\n<td style=\"width: 64px; text-align: center;\" width=\"72\">L<\/td>\n<\/tr>\n<tr>\n<td style=\"width: 96px; text-align: center;\" width=\"72\">112\/44<\/td>\n<td style=\"width: 104px; text-align: center;\" width=\"72\">75\/29.5<\/td>\n<td style=\"width: 103px; text-align: center;\" width=\"72\">20\/7.8<\/td>\n<td style=\"width: 62px; text-align: center;\" width=\"72\">XL<\/td>\n<td style=\"width: 75px; text-align: center;\" width=\"72\">180\/96A<\/td>\n<td style=\"width: 64px; text-align: center;\" width=\"72\">L<\/td>\n<td style=\"width: 62px; text-align: center;\" width=\"72\">40<\/td>\n<td style=\"width: 64px; text-align: center;\" width=\"72\">50<\/td>\n<td style=\"width: 61px; text-align: center;\" width=\"72\">50<\/td>\n<td style=\"width: 61px; text-align: center;\" width=\"72\">50<\/td>\n<td style=\"width: 62px; text-align: center;\" width=\"72\">14<\/td>\n<td style=\"width: 64px; text-align: center;\" width=\"72\">XL<\/td>\n<\/tr>\n<tr>\n<td style=\"width: 96px; text-align: center;\" width=\"72\">118\/46.4<\/td>\n<td style=\"width: 104px; text-align: center;\" width=\"72\">77\/30.3<\/td>\n<td style=\"width: 103px; text-align: center;\" width=\"72\">21\/8.2<\/td>\n<td style=\"width: 62px; text-align: center;\" width=\"72\">2XL<\/td>\n<td style=\"width: 75px; text-align: center;\" width=\"72\">185\/100A<\/td>\n<td style=\"width: 64px; text-align: center;\" width=\"72\">XL<\/td>\n<td style=\"width: 62px; text-align: center;\" width=\"72\">42<\/td>\n<td style=\"width: 64px; text-align: center;\" width=\"72\">52<\/td>\n<td style=\"width: 61px; text-align: center;\" width=\"72\">52<\/td>\n<td style=\"width: 61px; text-align: center;\" width=\"72\">52<\/td>\n<td style=\"width: 62px; text-align: center;\" width=\"72\">16<\/td>\n<td style=\"width: 64px; text-align: center;\" width=\"72\">2XL<\/td>\n<\/tr>\n<tr>\n<td style=\"width: 96px; text-align: center;\" width=\"72\">126\/49.6<\/td>\n<td style=\"width: 104px; text-align: center;\" width=\"72\">80\/31.5<\/td>\n<td style=\"width: 103px; text-align: center;\" width=\"72\">21\/8.2<\/td>\n<td style=\"width: 62px; text-align: center;\" width=\"72\">3XL<\/td>\n<td style=\"width: 75px; text-align: center;\" width=\"72\">190\/104A<\/td>\n<td style=\"width: 64px; text-align: center;\" width=\"72\">2XL<\/td>\n<td style=\"width: 62px; text-align: center;\" width=\"72\">44<\/td>\n<td style=\"width: 64px; text-align: center;\" width=\"72\">54<\/td>\n<td style=\"width: 61px; text-align: center;\" width=\"72\">54<\/td>\n<td style=\"width: 61px; text-align: center;\" width=\"72\">54<\/td>\n<td style=\"width: 62px; text-align: center;\" width=\"72\">18<\/td>\n<td style=\"width: 64px; text-align: center;\" width=\"72\">3XL<\/td>\n<\/tr>\n<\/tbody>\n<\/table>\n<p>Ces donn\u00e9es de taille sont mesur\u00e9es manuellement, en raison des diff\u00e9rentes m\u00e9thodes de mesure, des erreurs de 1 \u00e0 2 cm sont consid\u00e9r\u00e9es comme normales.<\/p>\n","protected":false},"excerpt":{"rendered":"<p>FreshClo PAW Shirts Unisex Multicolore T-Shirts Tees | Gildan 76000 &#8211; [Material]: 100% coton &#8211; [Weight]: 180g\/\u33a1 (5.3 onces par m\u00e8tre carr\u00e9) &#8211; [Print Technology]: Impression offset par transfert thermique &#8211; [Print Position]: Impression recto-verso &#8211; [Type]: T-shirt \u00e0 col ras du cou &#8211; [Occasion]: T-shirt basique de style d\u00e9contract\u00e9, convenant \u00e0 toute occasion habituelle. [&hellip;]<\/p>\n","protected":false},"featured_media":3999,"comment_status":"open","ping_status":"closed","template":"","meta":{"_glsr_average":0,"_glsr_ranking":0,"_glsr_reviews":0,"_mi_skip_tracking":false,"_monsterinsights_sitenote_active":false,"_monsterinsights_sitenote_note":"","_monsterinsights_sitenote_category":0},"product_cat":[144,142,158,160],"product_tag":[],"_links":{"self":[{"href":"https:\/\/freshclo.com\/fr\/wp-json\/wp\/v2\/product\/7628"}],"collection":[{"href":"https:\/\/freshclo.com\/fr\/wp-json\/wp\/v2\/product"}],"about":[{"href":"https:\/\/freshclo.com\/fr\/wp-json\/wp\/v2\/types\/product"}],"replies":[{"embeddable":true,"href":"https:\/\/freshclo.com\/fr\/wp-json\/wp\/v2\/comments?post=7628"}],"wp:featuredmedia":[{"embeddable":true,"href":"https:\/\/freshclo.com\/fr\/wp-json\/wp\/v2\/media\/3999"}],"wp:attachment":[{"href":"https:\/\/freshclo.com\/fr\/wp-json\/wp\/v2\/media?parent=7628"}],"wp:term":[{"taxonomy":"product_cat","embeddable":true,"href":"https:\/\/freshclo.com\/fr\/wp-json\/wp\/v2\/product_cat?post=7628"},{"taxonomy":"product_tag","embeddable":true,"href":"https:\/\/freshclo.com\/fr\/wp-json\/wp\/v2\/product_tag?post=7628"}],"curies":[{"name":"wp","href":"https:\/\/api.w.org\/{rel}","templated":true}]}}