{"id":7685,"date":"2023-03-25T08:58:18","date_gmt":"2023-03-25T08:58:18","guid":{"rendered":"https:\/\/freshclo.com\/product\/nouveau-fresh-clo-chemise-unisexe-a-manches-longues-en-coton-denim-vintage\/"},"modified":"2023-06-21T07:34:22","modified_gmt":"2023-06-21T07:34:22","slug":"nouveau-fresh-clo-chemise-unisexe-a-manches-longues-en-coton-denim-vintage","status":"publish","type":"product","link":"https:\/\/freshclo.com\/fr\/produit\/nouveau-fresh-clo-chemise-unisexe-a-manches-longues-en-coton-denim-vintage\/","title":{"rendered":"NOUVEAU Fresh Clo. Chemise unisexe \u00e0 manches longues en coton Denim vintage"},"content":{"rendered":"<p><span style=\"font-size: 14pt;\"><strong>Nouveau Fresh Clo. Chemise unisexe \u00e0 manches longues en coton Denim vintage<\/strong><\/span><br \/>\n<span style=\"font-size: 14pt;\">&#8211; [Material]: 100% coton<br \/>\n&#8211; [Print Technology]: Impression offset par transfert thermique<br \/>\n&#8211; [Print Position]: Retour<br \/>\n&#8211; [Color]: Bleu denim<br \/>\n&#8211; [Type]: Chemise en denim avec boutons aux poignets et fermeture \u00e0 boutons<br \/>\n&#8211; [Occasion]: Style d\u00e9contract\u00e9 convenant \u00e0 toute occasion habituelle.<br \/>\n&#8211; [Care Instruction]: Lavage en machine ou \u00e0 la main.  <\/span><\/p>\n<p><span style=\"font-size: 14pt;\"><strong>A propos de cet article<\/strong><\/span><br \/>\n<span style=\"font-size: 14pt;\">&#8211; Belle et durable<\/span><br \/>\n<span style=\"font-size: 14pt;\">Il est fabriqu\u00e9 en denim de coton de premi\u00e8re qualit\u00e9, confortable \u00e0 porter au quotidien.  <\/span><br \/>\n<span style=\"font-size: 14pt;\">&#8211; L\u00e2che mais bien ajust\u00e9<\/span><br \/>\n<span style=\"font-size: 14pt;\">Il s&#8217;agit d&#8217;une chemise en denim ample et solide qui convient \u00e0 diff\u00e9rents types de porteurs. Vous pouvez ranger certains de vos accessoires habituels, comme des cl\u00e9s ou des cartes, dans les poches de poitrine.<\/span><br \/>\n<span style=\"font-size: 14pt;\">&#8211; Impression de haute qualit\u00e9<\/span><br \/>\n<span style=\"font-size: 14pt;\">L&#8217;impression offset par transfert thermique permet de reproduire des motifs sur diff\u00e9rents tissus de mani\u00e8re claire et pr\u00e9cise avec des couleurs vives.<\/span><br \/>\n<span style=\"font-size: 14pt;\">&#8211; Mode et facile \u00e0 assortir<\/span><br \/>\n<span style=\"font-size: 14pt;\">Une chemise en jean ample n&#8217;a jamais \u00e9t\u00e9 d\u00e9mod\u00e9e, c&#8217;est une tenue d\u00e9contract\u00e9e parfaite tout au long de l&#8217;ann\u00e9e.<\/span><\/p>\n<p><span style=\"font-size: 14pt;\"><strong>Avis<\/strong><br \/>\nDivers facteurs de production peuvent entra\u00eener de l\u00e9g\u00e8res diff\u00e9rences entre le produit r\u00e9el et la maquette, qu&#8217;il s&#8217;agisse des couleurs, de la position de l&#8217;impression ou de la taille.  <\/span><\/p>\n<p>&nbsp;<\/p>\n<table style=\"border-collapse: collapse; width: 700px; height: 200px;\" border=\"1\">\n<tbody>\n<tr>\n<td style=\"font-weight: 400; width: 14.4407%; text-align: center;\" width=\"72\">Taille<\/td>\n<td style=\"font-weight: 400; width: 19.1152%; text-align: center;\" width=\"72\">Longueur (cm\/in)<\/td>\n<td style=\"font-weight: 400; width: 21.3689%; text-align: center;\" width=\"72\">Epaule (cm\/in)<\/td>\n<td style=\"font-weight: 400; width: 17.4457%; text-align: center;\" width=\"72\">Poitrine(cm\/in)<\/td>\n<td style=\"font-weight: 400; width: 27.5459%; text-align: center;\" width=\"72\">Longueur de la manche (cm\/in)<\/td>\n<\/tr>\n<tr>\n<td style=\"font-weight: 400; width: 14.4407%; text-align: center;\" width=\"72\">S<\/td>\n<td style=\"font-weight: 400; width: 19.1152%; text-align: center;\" width=\"72\">71.5\/28.15<\/td>\n<td style=\"font-weight: 400; width: 21.3689%; text-align: center;\" width=\"72\">56\/22.05<\/td>\n<td style=\"font-weight: 400; width: 17.4457%; text-align: center;\" width=\"72\">116\/45.67<\/td>\n<td style=\"font-weight: 400; width: 27.5459%; text-align: center;\" width=\"72\">54\/21.26<\/td>\n<\/tr>\n<tr>\n<td style=\"font-weight: 400; width: 14.4407%; text-align: center;\" width=\"72\">M<\/td>\n<td style=\"font-weight: 400; width: 19.1152%; text-align: center;\" width=\"72\">72.5\/28.54<\/td>\n<td style=\"font-weight: 400; width: 21.3689%; text-align: center;\" width=\"72\">58\/22.83<\/td>\n<td style=\"font-weight: 400; width: 17.4457%; text-align: center;\" width=\"72\">120\/47.24<\/td>\n<td style=\"font-weight: 400; width: 27.5459%; text-align: center;\" width=\"72\">55\/21.65<\/td>\n<\/tr>\n<tr>\n<td style=\"font-weight: 400; width: 14.4407%; text-align: center;\" width=\"72\">L<\/td>\n<td style=\"font-weight: 400; width: 19.1152%; text-align: center;\" width=\"72\">73.5\/28.94<\/td>\n<td style=\"font-weight: 400; width: 21.3689%; text-align: center;\" width=\"72\">60\/23.62<\/td>\n<td style=\"font-weight: 400; width: 17.4457%; text-align: center;\" width=\"72\">124\/48.82<\/td>\n<td style=\"font-weight: 400; width: 27.5459%; text-align: center;\" width=\"72\">56\/22.05<\/td>\n<\/tr>\n<tr>\n<td style=\"font-weight: 400; width: 14.4407%; text-align: center;\" width=\"72\">XL<\/td>\n<td style=\"font-weight: 400; width: 19.1152%; text-align: center;\" width=\"72\">74.5\/29.33<\/td>\n<td style=\"font-weight: 400; width: 21.3689%; text-align: center;\" width=\"72\">62\/24.41<\/td>\n<td style=\"font-weight: 400; width: 17.4457%; text-align: center;\" width=\"72\">128\/50.39<\/td>\n<td style=\"font-weight: 400; width: 27.5459%; text-align: center;\" width=\"72\">57\/22.44<\/td>\n<\/tr>\n<\/tbody>\n<\/table>\n<p><span style=\"font-size: 14pt;\">Ces donn\u00e9es de taille sont mesur\u00e9es manuellement, en raison des diff\u00e9rentes m\u00e9thodes de mesure, des erreurs de 1 \u00e0 2 cm sont consid\u00e9r\u00e9es comme normales.<\/span><\/p>\n","protected":false},"excerpt":{"rendered":"<p>Nouveau Fresh Clo. Chemise unisexe \u00e0 manches longues en coton Denim vintage &#8211; [Material]: 100% coton &#8211; [Print Technology]: Impression offset par transfert thermique &#8211; [Print Position]: Retour &#8211; [Color]: Bleu denim &#8211; [Type]: Chemise en denim avec boutons aux poignets et fermeture \u00e0 boutons &#8211; [Occasion]: Style d\u00e9contract\u00e9 convenant \u00e0 toute occasion habituelle. &#8211; [&hellip;]<\/p>\n","protected":false},"featured_media":4282,"comment_status":"open","ping_status":"closed","template":"","meta":{"_glsr_average":0,"_glsr_ranking":0,"_glsr_reviews":0,"_mi_skip_tracking":false,"_monsterinsights_sitenote_active":false,"_monsterinsights_sitenote_note":"","_monsterinsights_sitenote_category":0},"product_cat":[144,142,151,156],"product_tag":[],"_links":{"self":[{"href":"https:\/\/freshclo.com\/fr\/wp-json\/wp\/v2\/product\/7685"}],"collection":[{"href":"https:\/\/freshclo.com\/fr\/wp-json\/wp\/v2\/product"}],"about":[{"href":"https:\/\/freshclo.com\/fr\/wp-json\/wp\/v2\/types\/product"}],"replies":[{"embeddable":true,"href":"https:\/\/freshclo.com\/fr\/wp-json\/wp\/v2\/comments?post=7685"}],"wp:featuredmedia":[{"embeddable":true,"href":"https:\/\/freshclo.com\/fr\/wp-json\/wp\/v2\/media\/4282"}],"wp:attachment":[{"href":"https:\/\/freshclo.com\/fr\/wp-json\/wp\/v2\/media?parent=7685"}],"wp:term":[{"taxonomy":"product_cat","embeddable":true,"href":"https:\/\/freshclo.com\/fr\/wp-json\/wp\/v2\/product_cat?post=7685"},{"taxonomy":"product_tag","embeddable":true,"href":"https:\/\/freshclo.com\/fr\/wp-json\/wp\/v2\/product_tag?post=7685"}],"curies":[{"name":"wp","href":"https:\/\/api.w.org\/{rel}","templated":true}]}}