{"id":7730,"date":"2023-03-25T08:44:20","date_gmt":"2023-03-25T08:44:20","guid":{"rendered":"https:\/\/freshclo.com\/product\/lions-shirts-coton-pullover-short-sleeve\/"},"modified":"2023-06-21T07:35:00","modified_gmt":"2023-06-21T07:35:00","slug":"lions-shirts-coton-pullover-manches-courtes","status":"publish","type":"product","link":"https:\/\/freshclo.com\/fr\/produit\/lions-shirts-coton-pullover-manches-courtes\/","title":{"rendered":"Lion&#8217;s Shirts Coton Pullover Short Sleeve"},"content":{"rendered":"<p><span style=\"font-size: 14pt;\"><strong>Lion&#8217;s Shirts Coton Pullover Short Sleeve<\/strong><\/span><br \/>\n<span style=\"font-size: 14pt;\">&#8211; [Material]: Coton<\/span><br \/>\n<span style=\"font-size: 14pt;\">&#8211; [Printing Technology]: Impression par transfert thermique offset<\/span><br \/>\n<span style=\"font-size: 14pt;\">&#8211; [Printing Area]: Impression sur le devant + 2 logos sur les manches<\/span><br \/>\n<span style=\"font-size: 14pt;\">&#8211; [Type]: T-shirt \u00e0 manches longues<\/span><span style=\"font-size: 14pt;\"> <\/span><br \/>\n<span style=\"font-size: 14pt;\">&#8211; [Occasion]: Style d\u00e9contract\u00e9 et ext\u00e9rieur, chaud et doux gr\u00e2ce au tissu en coton. Convient \u00e0 l&#8217;impression de toutes sortes de graphiques.<\/span><br \/>\n<span style=\"font-size: 14pt;\">&#8211; [Care Instruction]: lavage en machine ou \u00e0 la main<br \/>\n<span style=\"color: #e74c3c;\">&#8211; [Note]: La dimension r\u00e9elle de la zone d&#8217;impression d\u00e9pend de la taille du v\u00eatement.<\/span><\/span><\/p>\n<p><span style=\"font-size: 14pt;\"><strong>A propos de cet article<\/strong><\/span><br \/>\n<span style=\"font-size: 14pt;\">&#8211; Doux et confortable<\/span><br \/>\n<span style=\"font-size: 14pt;\">Il est fabriqu\u00e9 en coton de haute qualit\u00e9 pour un port confortable. De multiples options de couleurs vous permettent de cr\u00e9er votre mode de tous les styles.<\/span><br \/>\n<span style=\"font-size: 14pt;\">&#8211; Impression de haute qualit\u00e9<\/span><br \/>\n<span style=\"font-size: 14pt;\">Vos visuels seront imprim\u00e9s \u00e0 l&#8217;aide d&#8217;une technologie de transfert thermique offset de haute qualit\u00e9 afin de pr\u00e9server les couleurs et les d\u00e9tails les plus similaires.<\/span><br \/>\n<span style=\"font-size: 14pt;\">&#8211; Mode et facile \u00e0 assortir<\/span><br \/>\n<span style=\"font-size: 14pt;\">Facile \u00e0 assortir \u00e0 vos v\u00eatements de tous les jours, ce mod\u00e8le classique et intemporel s&#8217;adapte \u00e0 tous les styles.<\/span><\/p>\n<p><span style=\"font-size: 14pt;\"><strong>Avis<\/strong><br \/>\nDivers facteurs de production peuvent entra\u00eener de l\u00e9g\u00e8res diff\u00e9rences entre le produit r\u00e9el et la maquette, qu&#8217;il s&#8217;agisse des couleurs, de la position de l&#8217;impression ou de la taille.<\/span><\/p>\n<div class=\"ProductDescription-attributeValueInfo\" style=\"font-size: 14px; margin: 0px; padding: 0px; border: 0px; line-height: inherit; vertical-align: baseline;\">\n<div class=\"ProductDescription-attributeValueDescription\" style=\"line-height: inherit; margin: 0px; padding: 0px; border: 0px; vertical-align: baseline;\">\n<div class=\"ProductDescription-attributeValueDescription\" style=\"line-height: inherit; margin: 0px; padding: 0px; border: 0px; vertical-align: baseline;\">\n<h3><span style=\"font-size: 14pt;\"><strong>D\u00e9tail du produit<\/strong><\/span><br \/>\n<img decoding=\"async\" src=\"https:\/\/diy-pic.s3.us-west-2.amazonaws.com\/ocProduct\/catalog\/dbf8b863e70242bf8fe901121dde3ad2.jpg\" alt=\"\" width=\"300px\" height=\"300px\"><img decoding=\"async\" src=\"https:\/\/diy-pic.s3.us-west-2.amazonaws.com\/ocProduct\/catalog\/0341e31bab4042c99b30f9a1087d0f11.jpg\" alt=\"\" width=\"300px\" height=\"300px\"><img decoding=\"async\" src=\"https:\/\/diy-pic.s3.us-west-2.amazonaws.com\/ocProduct\/catalog\/93d2c751ff034da7a108cf3287f4d988.jpg\" alt=\"\" width=\"300px\" height=\"300px\"><img decoding=\"async\" src=\"https:\/\/diy-pic.s3.us-west-2.amazonaws.com\/ocProduct\/catalog\/cb400eea749349cc9ce7bace540ecd22.jpg\" alt=\"\" width=\"300px\" height=\"300px\"><\/h3>\n<p>&nbsp;<\/p>\n<\/div>\n<\/div>\n<\/div>\n<p>&nbsp;<\/p>\n<table style=\"border-collapse: collapse; width: 70.1437%; height: 111px;\" border=\"1\" width=\"411.77pt\" cellspacing=\"0\" cellpadding=\"0\">\n<colgroup>\n<col style=\"width: 60.75pt;\" width=\"81\">\n<col style=\"width: 60.00pt;\" width=\"80\">\n<col style=\"width: 74.25pt;\" width=\"99\">\n<col style=\"width: 71.25pt;\" width=\"95\">\n<col style=\"width: 66.00pt;\" width=\"88\">\n<col style=\"width: 79.50pt;\" width=\"106\"> <\/colgroup>\n<tbody>\n<tr style=\"height: 13.50pt;\">\n<td class=\"et2\" style=\"height: 13px; width: 14.0136%; text-align: center;\" width=\"81\" height=\"18\">Taille<\/td>\n<td class=\"et2\" style=\"width: 16.5986%; height: 13px; text-align: center;\" width=\"80\">Longueur (cm\/in)<\/td>\n<td class=\"et2\" style=\"width: 16.5986%; height: 13px; text-align: center;\" width=\"99\">Poitrine(cm\/in)<\/td>\n<td class=\"et2\" style=\"width: 16.0544%; height: 13px; text-align: center;\" width=\"95\">Manche(cm\/in)<\/td>\n<td class=\"et2\" style=\"width: 15.9184%; height: 13px; text-align: center;\" width=\"88\">Epaule (cm\/in)<\/td>\n<td class=\"et2\" style=\"width: 28.0272%; height: 13px; text-align: center;\" width=\"106\">Hauteur recommand\u00e9e (cm\/in)<\/td>\n<\/tr>\n<tr style=\"height: 13.50pt;\">\n<td class=\"et2\" style=\"height: 13px; width: 14.0136%; text-align: center;\" height=\"18\">S<\/td>\n<td class=\"et2\" style=\"width: 16.5986%; height: 13px; text-align: center;\">65\/25.59<\/td>\n<td class=\"et2\" style=\"width: 16.5986%; height: 13px; text-align: center;\">92\/36.22<\/td>\n<td class=\"et2\" style=\"width: 16.0544%; height: 13px; text-align: center;\">20\/7.87<\/td>\n<td class=\"et2\" style=\"width: 15.9184%; height: 13px; text-align: center;\">42\/16.54<\/td>\n<td class=\"et2\" style=\"width: 28.0272%; height: 13px; text-align: center;\">160-165\/62.99-64.96<\/td>\n<\/tr>\n<tr style=\"height: 13.50pt;\">\n<td class=\"et2\" style=\"height: 13px; width: 14.0136%; text-align: center;\" height=\"18\">M<\/td>\n<td class=\"et2\" style=\"width: 16.5986%; height: 13px; text-align: center;\">68\/26.77<\/td>\n<td class=\"et2\" style=\"width: 16.5986%; height: 13px; text-align: center;\">98\/38.58<\/td>\n<td class=\"et2\" style=\"width: 16.0544%; height: 13px; text-align: center;\">20\/7.87<\/td>\n<td class=\"et2\" style=\"width: 15.9184%; height: 13px; text-align: center;\">45\/17.72<\/td>\n<td class=\"et2\" style=\"width: 28.0272%; height: 13px; text-align: center;\">165-170\/64.96-66.93<\/td>\n<\/tr>\n<tr style=\"height: 13.50pt;\">\n<td class=\"et2\" style=\"height: 13px; width: 14.0136%; text-align: center;\" height=\"18\">L<\/td>\n<td class=\"et2\" style=\"width: 16.5986%; height: 13px; text-align: center;\">71\/27.95<\/td>\n<td class=\"et2\" style=\"width: 16.5986%; height: 13px; text-align: center;\">104\/40.94<\/td>\n<td class=\"et2\" style=\"width: 16.0544%; height: 13px; text-align: center;\">20\/7.87<\/td>\n<td class=\"et2\" style=\"width: 15.9184%; height: 13px; text-align: center;\">48\/18.9<\/td>\n<td class=\"et2\" style=\"width: 28.0272%; height: 13px; text-align: center;\">170-175\/66.93-68.9<\/td>\n<\/tr>\n<tr style=\"height: 13.50pt;\">\n<td class=\"et2\" style=\"height: 13px; width: 14.0136%; text-align: center;\" height=\"18\">XL<\/td>\n<td class=\"et2\" style=\"width: 16.5986%; height: 13px; text-align: center;\">73\/28.74<\/td>\n<td class=\"et2\" style=\"width: 16.5986%; height: 13px; text-align: center;\">110\/43.31<\/td>\n<td class=\"et2\" style=\"width: 16.0544%; height: 13px; text-align: center;\">20\/7.87<\/td>\n<td class=\"et2\" style=\"width: 15.9184%; height: 13px; text-align: center;\">51\/20.08<\/td>\n<td class=\"et2\" style=\"width: 28.0272%; height: 13px; text-align: center;\">175-180\/68.9-70.87<\/td>\n<\/tr>\n<tr style=\"height: 13.50pt;\">\n<td class=\"et2\" style=\"height: 10px; width: 14.0136%; text-align: center;\" height=\"18\">2XL<\/td>\n<td class=\"et2\" style=\"width: 16.5986%; height: 10px; text-align: center;\">75\/29.53<\/td>\n<td class=\"et2\" style=\"width: 16.5986%; height: 10px; text-align: center;\">116\/45.67<\/td>\n<td class=\"et2\" style=\"width: 16.0544%; height: 10px; text-align: center;\">21\/8.27<\/td>\n<td class=\"et2\" style=\"width: 15.9184%; height: 10px; text-align: center;\">54\/21.26<\/td>\n<td class=\"et2\" style=\"width: 28.0272%; height: 10px; text-align: center;\">180-185\/70.87-72.83<\/td>\n<\/tr>\n<tr style=\"height: 13.50pt;\">\n<td class=\"et2\" style=\"height: 10px; width: 14.0136%; text-align: center;\" height=\"18\">3XL<\/td>\n<td class=\"et2\" style=\"width: 16.5986%; height: 10px; text-align: center;\">78\/30.71<\/td>\n<td class=\"et2\" style=\"width: 16.5986%; height: 10px; text-align: center;\">124\/48.82<\/td>\n<td class=\"et2\" style=\"width: 16.0544%; height: 10px; text-align: center;\">21\/8.27<\/td>\n<td class=\"et2\" style=\"width: 15.9184%; height: 10px; text-align: center;\">58\/22.83<\/td>\n<td class=\"et2\" style=\"width: 28.0272%; height: 10px; text-align: center;\">185-190\/72.83-74.8<\/td>\n<\/tr>\n<tr style=\"height: 13.50pt;\">\n<td class=\"et2\" style=\"height: 13px; width: 14.0136%; text-align: center;\" height=\"18\">4XL<\/td>\n<td class=\"et2\" style=\"width: 16.5986%; height: 13px; text-align: center;\">81\/31.89<\/td>\n<td class=\"et2\" style=\"width: 16.5986%; height: 13px; text-align: center;\">130\/51.18<\/td>\n<td class=\"et2\" style=\"width: 16.0544%; height: 13px; text-align: center;\">22\/8.66<\/td>\n<td class=\"et2\" style=\"width: 15.9184%; height: 13px; text-align: center;\">61\/24.02<\/td>\n<td class=\"et2\" style=\"width: 28.0272%; height: 13px; text-align: center;\">190-195\/74.8-76.77<\/td>\n<\/tr>\n<tr style=\"height: 13.50pt;\">\n<td class=\"et2\" style=\"height: 13px; width: 14.0136%; text-align: center;\" height=\"18\">5XL<\/td>\n<td class=\"et2\" style=\"width: 16.5986%; height: 13px; text-align: center;\">84\/33.07<\/td>\n<td class=\"et2\" style=\"width: 16.5986%; height: 13px; text-align: center;\">140\/55.12<\/td>\n<td class=\"et2\" style=\"width: 16.0544%; height: 13px; text-align: center;\">23\/9.06<\/td>\n<td class=\"et2\" style=\"width: 15.9184%; height: 13px; text-align: center;\">64\/25.2<\/td>\n<td class=\"et2\" style=\"width: 28.0272%; height: 13px; text-align: center;\">195-200\/76.77-78.74<\/td>\n<\/tr>\n<\/tbody>\n<\/table>\n<p style=\"text-align: left;\"><span style=\"font-size: 14pt;\"><br \/>\nCes donn\u00e9es de taille sont mesur\u00e9es manuellement, en raison des diff\u00e9rentes m\u00e9thodes de mesure, des erreurs de 1 \u00e0 2 cm sont consid\u00e9r\u00e9es comme normales.<\/span><\/p>\n","protected":false},"excerpt":{"rendered":"<p>Lion&#8217;s Shirts Coton Pullover Short Sleeve &#8211; [Material]: Coton &#8211; [Printing Technology]: Impression par transfert thermique offset &#8211; [Printing Area]: Impression sur le devant + 2 logos sur les manches &#8211; [Type]: T-shirt \u00e0 manches longues &#8211; [Occasion]: Style d\u00e9contract\u00e9 et ext\u00e9rieur, chaud et doux gr\u00e2ce au tissu en coton. Convient \u00e0 l&#8217;impression de toutes [&hellip;]<\/p>\n","protected":false},"featured_media":4130,"comment_status":"open","ping_status":"closed","template":"","meta":{"_glsr_average":0,"_glsr_ranking":0,"_glsr_reviews":0,"_mi_skip_tracking":false,"_monsterinsights_sitenote_active":false,"_monsterinsights_sitenote_note":"","_monsterinsights_sitenote_category":0},"product_cat":[144,142,158,160],"product_tag":[],"_links":{"self":[{"href":"https:\/\/freshclo.com\/fr\/wp-json\/wp\/v2\/product\/7730"}],"collection":[{"href":"https:\/\/freshclo.com\/fr\/wp-json\/wp\/v2\/product"}],"about":[{"href":"https:\/\/freshclo.com\/fr\/wp-json\/wp\/v2\/types\/product"}],"replies":[{"embeddable":true,"href":"https:\/\/freshclo.com\/fr\/wp-json\/wp\/v2\/comments?post=7730"}],"wp:featuredmedia":[{"embeddable":true,"href":"https:\/\/freshclo.com\/fr\/wp-json\/wp\/v2\/media\/4130"}],"wp:attachment":[{"href":"https:\/\/freshclo.com\/fr\/wp-json\/wp\/v2\/media?parent=7730"}],"wp:term":[{"taxonomy":"product_cat","embeddable":true,"href":"https:\/\/freshclo.com\/fr\/wp-json\/wp\/v2\/product_cat?post=7730"},{"taxonomy":"product_tag","embeddable":true,"href":"https:\/\/freshclo.com\/fr\/wp-json\/wp\/v2\/product_tag?post=7730"}],"curies":[{"name":"wp","href":"https:\/\/api.w.org\/{rel}","templated":true}]}}