{"id":7737,"date":"2023-03-25T09:00:22","date_gmt":"2023-03-25T09:00:22","guid":{"rendered":"https:\/\/freshclo.com\/product\/fresh-clo-mini-robe-a-capuche-a-manches-longues-avec-poche-pour-femmes\/"},"modified":"2023-06-21T07:34:26","modified_gmt":"2023-06-21T07:34:26","slug":"fresh-clo-mini-robe-a-capuche-a-manches-longues-avec-poche-pour-femmes","status":"publish","type":"product","link":"https:\/\/freshclo.com\/fr\/produit\/fresh-clo-mini-robe-a-capuche-a-manches-longues-avec-poche-pour-femmes\/","title":{"rendered":"Fresh Clo. Mini robe \u00e0 capuche \u00e0 manches longues avec poche pour femmes"},"content":{"rendered":"<p><span style=\"font-size: 14pt;\"><strong>Fresh Clo. Mini robe \u00e0 capuche \u00e0 manches longues avec poche pour femmes<\/strong><\/span><br \/>\n<span style=\"font-size: 14pt;\">&#8211; [Material]: Polyester<br \/>\n&#8211; [Print Technology]: Impression offset par transfert thermique<br \/>\n&#8211; [Print Position]: Impression frontale<br \/>\n&#8211; [Color]: Noir<br \/>\n&#8211; [Type]: Mini robe pullover \u00e0 capuche avec poche kangourou<br \/>\n&#8211; [Occasion]: Style d\u00e9contract\u00e9 convenant aux sorties et aux f\u00eates, id\u00e9al pour le printemps et l&#8217;automne.<br \/>\n&#8211; [Care Instruction]: Lavage en machine ou \u00e0 la main.  <\/span><\/p>\n<p><span style=\"font-size: 14pt;\"><strong>A propos de cet article<\/strong><\/span><br \/>\n<span style=\"font-size: 14pt;\">&#8211; Moderne et pratique<\/span><br \/>\n<span style=\"font-size: 14pt;\">Avec une poche kangourou pour ranger vos accessoires quotidiens, il vous suffit d&#8217;enfiler cette robe \u00e0 capuche \u00e0 la mode pour sortir.<\/span><br \/>\n<span style=\"font-size: 14pt;\">&#8211; Doux et chaud<\/span><br \/>\n<span style=\"font-size: 14pt;\">Cette robe \u00e0 capuche est douce car elle est fabriqu\u00e9e en tissu polaire, ce qui permet de rester au chaud \u00e0 l&#8217;ext\u00e9rieur.<\/span><br \/>\n<span style=\"font-size: 14pt;\">&#8211; Impression de haute qualit\u00e9<\/span><br \/>\n<span style=\"font-size: 14pt;\">L&#8217;impression offset par transfert thermique permet de reproduire des motifs sur diff\u00e9rents tissus de mani\u00e8re claire et pr\u00e9cise avec des couleurs vives.<\/span><br \/>\n<span style=\"font-size: 14pt;\">&#8211; Facile \u00e0 assortir<\/span><br \/>\n<span style=\"font-size: 14pt;\">C&#8217;est une robe parfaite pour le temps frais, adapt\u00e9e aux sorties, au shopping, aux rendez-vous, aux f\u00eates et aux sports de plein air.<\/span><\/p>\n<p><span style=\"font-size: 14pt;\"><strong>Avis<\/strong><br \/>\nDivers facteurs de production peuvent entra\u00eener de l\u00e9g\u00e8res diff\u00e9rences entre le produit r\u00e9el et la maquette, qu&#8217;il s&#8217;agisse des couleurs, de la position de l&#8217;impression ou de la taille.  <\/span><\/p>\n<p>&nbsp;<\/p>\n<table style=\"border-collapse: collapse; width: 700px; height: 200px;\" border=\"1\">\n<tbody>\n<tr>\n<td style=\"font-weight: 400; width: 9.25771%; text-align: center;\" width=\"72\">Taille<\/td>\n<td style=\"font-weight: 400; width: 21.7681%; text-align: center;\" width=\"72\">Longueur centrale du dos (cm\/in)<\/td>\n<td style=\"font-weight: 400; width: 11.3428%; text-align: center;\" width=\"72\">Poitrine(cm\/in)<\/td>\n<td style=\"font-weight: 400; width: 11.176%; text-align: center;\" width=\"72\">Taille (cm\/in)<\/td>\n<td style=\"font-weight: 400; width: 18.015%; text-align: center;\" width=\"129\">Largeur du fond (cm\/in)<\/td>\n<\/tr>\n<tr>\n<td style=\"font-weight: 400; width: 9.25771%; text-align: center;\" width=\"72\">S<\/td>\n<td style=\"font-weight: 400; width: 21.7681%; text-align: center;\" width=\"72\">70\/27.56<\/td>\n<td style=\"font-weight: 400; width: 11.3428%; text-align: center;\" width=\"72\">72\/28.35<\/td>\n<td style=\"font-weight: 400; width: 11.176%; text-align: center;\" width=\"72\">62\/24.41<\/td>\n<td style=\"font-weight: 400; width: 18.015%; text-align: center;\" width=\"129\">78\/30.71<\/td>\n<\/tr>\n<tr>\n<td style=\"font-weight: 400; width: 9.25771%; text-align: center;\" width=\"72\">M<\/td>\n<td style=\"font-weight: 400; width: 21.7681%; text-align: center;\" width=\"72\">72.5\/28.54<\/td>\n<td style=\"font-weight: 400; width: 11.3428%; text-align: center;\" width=\"72\">78\/30.71<\/td>\n<td style=\"font-weight: 400; width: 11.176%; text-align: center;\" width=\"72\">68\/26.77<\/td>\n<td style=\"font-weight: 400; width: 18.015%; text-align: center;\" width=\"129\">84\/33.07<\/td>\n<\/tr>\n<tr>\n<td style=\"font-weight: 400; width: 9.25771%; text-align: center;\" width=\"72\">L<\/td>\n<td style=\"font-weight: 400; width: 21.7681%; text-align: center;\" width=\"72\">75\/29.53<\/td>\n<td style=\"font-weight: 400; width: 11.3428%; text-align: center;\" width=\"72\">84\/33.07<\/td>\n<td style=\"font-weight: 400; width: 11.176%; text-align: center;\" width=\"72\">74\/29.13<\/td>\n<td style=\"font-weight: 400; width: 18.015%; text-align: center;\" width=\"129\">90\/35.43<\/td>\n<\/tr>\n<tr>\n<td style=\"font-weight: 400; width: 9.25771%; text-align: center;\" width=\"72\">XL<\/td>\n<td style=\"font-weight: 400; width: 21.7681%; text-align: center;\" width=\"72\">77.5\/30.51<\/td>\n<td style=\"font-weight: 400; width: 11.3428%; text-align: center;\" width=\"72\">90\/35.43<\/td>\n<td style=\"font-weight: 400; width: 11.176%; text-align: center;\" width=\"72\">80\/31.5<\/td>\n<td style=\"font-weight: 400; width: 18.015%; text-align: center;\" width=\"129\">96\/37.8<\/td>\n<\/tr>\n<tr>\n<td style=\"font-weight: 400; width: 9.25771%; text-align: center;\" width=\"72\">2XL<\/td>\n<td style=\"font-weight: 400; width: 21.7681%; text-align: center;\" width=\"72\">80\/31.5<\/td>\n<td style=\"font-weight: 400; width: 11.3428%; text-align: center;\" width=\"72\">96\/37.8<\/td>\n<td style=\"font-weight: 400; width: 11.176%; text-align: center;\" width=\"72\">86\/33.86<\/td>\n<td style=\"font-weight: 400; width: 18.015%; text-align: center;\" width=\"129\">102\/40.16<\/td>\n<\/tr>\n<tr>\n<td style=\"font-weight: 400; width: 9.25771%; text-align: center;\" width=\"72\">3XL<\/td>\n<td style=\"font-weight: 400; width: 21.7681%; text-align: center;\" width=\"72\">82.5\/32.48<\/td>\n<td style=\"font-weight: 400; width: 11.3428%; text-align: center;\" width=\"72\">102\/40.16<\/td>\n<td style=\"font-weight: 400; width: 11.176%; text-align: center;\" width=\"72\">92\/36.22<\/td>\n<td style=\"font-weight: 400; width: 18.015%; text-align: center;\" width=\"129\">108\/42.52<\/td>\n<\/tr>\n<\/tbody>\n<\/table>\n<p><span style=\"font-size: 14pt;\">Ces donn\u00e9es de taille sont mesur\u00e9es manuellement, en raison des diff\u00e9rentes m\u00e9thodes de mesure, des erreurs de 1 \u00e0 2 cm sont consid\u00e9r\u00e9es comme normales.<\/span><\/p>\n","protected":false},"excerpt":{"rendered":"<p>Fresh Clo. Mini robe \u00e0 capuche \u00e0 manches longues avec poche pour femmes &#8211; [Material]: Polyester &#8211; [Print Technology]: Impression offset par transfert thermique &#8211; [Print Position]: Impression frontale &#8211; [Color]: Noir &#8211; [Type]: Mini robe pullover \u00e0 capuche avec poche kangourou &#8211; [Occasion]: Style d\u00e9contract\u00e9 convenant aux sorties et aux f\u00eates, id\u00e9al pour le [&hellip;]<\/p>\n","protected":false},"featured_media":4317,"comment_status":"open","ping_status":"closed","template":"","meta":{"_glsr_average":0,"_glsr_ranking":0,"_glsr_reviews":0,"_mi_skip_tracking":false,"_monsterinsights_sitenote_active":false,"_monsterinsights_sitenote_note":"","_monsterinsights_sitenote_category":0},"product_cat":[144,147],"product_tag":[],"_links":{"self":[{"href":"https:\/\/freshclo.com\/fr\/wp-json\/wp\/v2\/product\/7737"}],"collection":[{"href":"https:\/\/freshclo.com\/fr\/wp-json\/wp\/v2\/product"}],"about":[{"href":"https:\/\/freshclo.com\/fr\/wp-json\/wp\/v2\/types\/product"}],"replies":[{"embeddable":true,"href":"https:\/\/freshclo.com\/fr\/wp-json\/wp\/v2\/comments?post=7737"}],"wp:featuredmedia":[{"embeddable":true,"href":"https:\/\/freshclo.com\/fr\/wp-json\/wp\/v2\/media\/4317"}],"wp:attachment":[{"href":"https:\/\/freshclo.com\/fr\/wp-json\/wp\/v2\/media?parent=7737"}],"wp:term":[{"taxonomy":"product_cat","embeddable":true,"href":"https:\/\/freshclo.com\/fr\/wp-json\/wp\/v2\/product_cat?post=7737"},{"taxonomy":"product_tag","embeddable":true,"href":"https:\/\/freshclo.com\/fr\/wp-json\/wp\/v2\/product_tag?post=7737"}],"curies":[{"name":"wp","href":"https:\/\/api.w.org\/{rel}","templated":true}]}}