{"id":7791,"date":"2023-03-25T09:35:09","date_gmt":"2023-03-25T09:35:09","guid":{"rendered":"https:\/\/freshclo.com\/product\/roi-lion-fresh-clo-chemise-unisexe-a-manches-longues-avec-boutons-chemisiers-amples\/"},"modified":"2023-06-21T07:34:31","modified_gmt":"2023-06-21T07:34:31","slug":"roi-lion-fresh-clo-chemise-unisexe-a-manches-longues-avec-boutons-chemisiers-amples","status":"publish","type":"product","link":"https:\/\/freshclo.com\/fr\/produit\/roi-lion-fresh-clo-chemise-unisexe-a-manches-longues-avec-boutons-chemisiers-amples\/","title":{"rendered":"Roi Lion Fresh Clo. Chemise unisexe \u00e0 manches longues avec boutons Chemisiers amples"},"content":{"rendered":"<div><strong><span style=\"font-size: 14pt;\">Roi Lion Fresh Clo. Chemise unisexe \u00e0 manches longues avec boutons Chemisiers amples  <\/span><\/strong><br \/>\n<span style=\"font-size: 14pt;\">&#8211; [Material]: Polyester<\/span><br \/>\n<span style=\"font-size: 14pt;\">&#8211; [Print Technology]: Impression par transfert thermique<\/span><br \/>\n<span style=\"font-size: 14pt;\">&#8211; [Printing Area]: Imprim\u00e9 sur toute la surface<\/span><br \/>\n<span style=\"font-size: 14pt;\">&#8211; [Type]: Chemise d\u00e9contract\u00e9e<\/span><br \/>\n<span style=\"font-size: 14pt;\">&#8211; [Occasion]: Cette chemise unisexe convient \u00e0 l&#8217;\u00e9cole, au travail, au sport, \u00e0 la plage ou \u00e0 la vie quotidienne au printemps et \u00e0 l&#8217;automne. Elle est id\u00e9ale pour \u00eatre port\u00e9e en tant que chemise d\u00e9contract\u00e9e de style urbain.<\/span><\/div>\n<div><span style=\"font-size: 14pt;\">&#8211; [Care Instruction]: Lavage en machine ou \u00e0 la main.<\/span><\/div>\n<div><\/div>\n<div><\/div>\n<div><strong><span style=\"font-size: 14pt;\">A propos de cet article<\/span><\/strong><br \/>\n<span style=\"font-size: 14pt;\">&#8211; Doux et de haute qualit\u00e9<\/span><br \/>\n<span style=\"font-size: 14pt;\">Ils sont fabriqu\u00e9s en polyester, un tissu doux et confortable au toucher, l\u00e9g\u00e8rement \u00e9lastique. Simple et pratique, il n&#8217;est pas facile de r\u00e9tr\u00e9cir.<\/span><br \/>\n<span style=\"font-size: 14pt;\">&#8211; Style classique et \u00e0 la mode<\/span><br \/>\n<span style=\"font-size: 14pt;\">Ce chemisier personnalis\u00e9 \u00e0 manches longues et \u00e0 boutons est facile \u00e0 porter et \u00e0 ajuster, d\u00e9contract\u00e9 et \u00e9l\u00e9gant. Suffisamment durable pour \u00eatre port\u00e9 tous les jours, l&#8217;impression est \u00e0 la mode et tr\u00e8s tendance.<\/span><\/div>\n<div><span style=\"font-size: 14pt;\">&#8211; Impression de haute qualit\u00e9<\/span><br \/>\n<span style=\"font-size: 14pt;\">L&#8217;impression par transfert thermique permet d&#8217;imprimer des couleurs vives qui ne s&#8217;effacent pas. Il convient \u00e0 une grande vari\u00e9t\u00e9 de tissus pour l&#8217;impression de motifs clairs et ne laisse aucune limite \u00e0 votre cr\u00e9ativit\u00e9.<\/span><br \/>\n<span style=\"font-size: 14pt;\">&#8211; Facile \u00e0 assortir<\/span><br \/>\n<span style=\"font-size: 14pt;\">Ces chemises se marient bien avec les leggings, les jeans, les jupes et les shorts. Le design classique et intemporel s&#8217;adapte \u00e0 tous les styles. T-shirt \u00e0 manches longues parfait pour les saisons printemps\/automne. Id\u00e9al pour l&#8217;\u00e9cole, la randonn\u00e9e, le golf, la course \u00e0 pied, le cyclisme, la p\u00eache, l&#8217;entra\u00eenement, la natation, les voyages et toutes sortes d&#8217;activit\u00e9s de plein air.<\/span><\/div>\n<div><\/div>\n<div><\/div>\n<div><strong><span style=\"font-size: 14pt;\">Avis<\/span><\/strong><br \/>\n<span style=\"font-size: 14pt;\">Divers facteurs de production peuvent entra\u00eener de l\u00e9g\u00e8res diff\u00e9rences entre le produit r\u00e9el et la maquette, qu&#8217;il s&#8217;agisse des couleurs, de la position de l&#8217;impression ou de la taille.<\/span><\/div>\n<p>&nbsp;<\/p>\n<table style=\"border-collapse: collapse; width: 59.0019%; height: 220px;\" border=\"1\" width=\"582\">\n<tbody>\n<tr style=\"height: 22px;\">\n<td style=\"width: 6.76246%; text-align: center; height: 22px;\">Taille<\/td>\n<td style=\"width: 12.0034%; text-align: center; height: 22px;\">Poitrine(cm\/in)<\/td>\n<td style=\"width: 12.5106%; text-align: center; height: 22px;\">Epaule (cm\/in)<\/td>\n<td style=\"width: 13.863%; text-align: center; height: 22px;\">Manche(cm\/in)<\/td>\n<td style=\"width: 13.7786%; text-align: center; height: 22px;\">Longueur (cm\/in)<\/td>\n<\/tr>\n<tr style=\"height: 22px;\">\n<td style=\"width: 6.76246%; text-align: center; height: 22px;\">S<\/td>\n<td style=\"width: 12.0034%; text-align: center; height: 22px;\">107\/42.13<\/td>\n<td style=\"width: 12.5106%; text-align: center; height: 22px;\">44.5\/17.52<\/td>\n<td style=\"width: 13.863%; text-align: center; height: 22px;\">64\/25.2<\/td>\n<td style=\"width: 13.7786%; text-align: center; height: 22px;\">74\/29.13<\/td>\n<\/tr>\n<tr style=\"height: 22px;\">\n<td style=\"width: 6.76246%; text-align: center; height: 22px;\">M<\/td>\n<td style=\"width: 12.0034%; text-align: center; height: 22px;\">111\/43.7<\/td>\n<td style=\"width: 12.5106%; text-align: center; height: 22px;\">46\/18.11<\/td>\n<td style=\"width: 13.863%; text-align: center; height: 22px;\">65\/25.59<\/td>\n<td style=\"width: 13.7786%; text-align: center; height: 22px;\">76\/29.92<\/td>\n<\/tr>\n<tr style=\"height: 22px;\">\n<td style=\"width: 6.76246%; text-align: center; height: 22px;\">L<\/td>\n<td style=\"width: 12.0034%; text-align: center; height: 22px;\">115\/45.28<\/td>\n<td style=\"width: 12.5106%; text-align: center; height: 22px;\">47.5\/18.7<\/td>\n<td style=\"width: 13.863%; text-align: center; height: 22px;\">66\/25.98<\/td>\n<td style=\"width: 13.7786%; text-align: center; height: 22px;\">78\/30.71<\/td>\n<\/tr>\n<tr style=\"height: 22px;\">\n<td style=\"width: 6.76246%; text-align: center; height: 22px;\">XL<\/td>\n<td style=\"width: 12.0034%; text-align: center; height: 22px;\">119\/46.85<\/td>\n<td style=\"width: 12.5106%; text-align: center; height: 22px;\">49\/19.29<\/td>\n<td style=\"width: 13.863%; text-align: center; height: 22px;\">67\/26.38<\/td>\n<td style=\"width: 13.7786%; text-align: center; height: 22px;\">80\/31.5<\/td>\n<\/tr>\n<tr style=\"height: 22px;\">\n<td style=\"width: 6.76246%; text-align: center; height: 22px;\">2XL<\/td>\n<td style=\"width: 12.0034%; text-align: center; height: 22px;\">123\/48.43<\/td>\n<td style=\"width: 12.5106%; text-align: center; height: 22px;\">50.5\/19.88<\/td>\n<td style=\"width: 13.863%; text-align: center; height: 22px;\">68\/26.77<\/td>\n<td style=\"width: 13.7786%; text-align: center; height: 22px;\">82\/32.28<\/td>\n<\/tr>\n<tr style=\"height: 22px;\">\n<td style=\"width: 6.76246%; text-align: center; height: 22px;\">3XL<\/td>\n<td style=\"width: 12.0034%; text-align: center; height: 22px;\">127\/50<\/td>\n<td style=\"width: 12.5106%; text-align: center; height: 22px;\">52\/20.47<\/td>\n<td style=\"width: 13.863%; text-align: center; height: 22px;\">69\/27.17<\/td>\n<td style=\"width: 13.7786%; text-align: center; height: 22px;\">84\/33.07<\/td>\n<\/tr>\n<tr style=\"height: 22px;\">\n<td style=\"width: 6.76246%; text-align: center; height: 22px;\">4XL<\/td>\n<td style=\"width: 12.0034%; text-align: center; height: 22px;\">131\/51.57<\/td>\n<td style=\"width: 12.5106%; text-align: center; height: 22px;\">53.5\/21.06<\/td>\n<td style=\"width: 13.863%; text-align: center; height: 22px;\">70\/27.56<\/td>\n<td style=\"width: 13.7786%; text-align: center; height: 22px;\">86\/33.86<\/td>\n<\/tr>\n<tr style=\"height: 22px;\">\n<td style=\"width: 6.76246%; text-align: center; height: 22px;\">5XL<\/td>\n<td style=\"width: 12.0034%; text-align: center; height: 22px;\">135\/53.15<\/td>\n<td style=\"width: 12.5106%; text-align: center; height: 22px;\">55\/21.65<\/td>\n<td style=\"width: 13.863%; text-align: center; height: 22px;\">71\/27.95<\/td>\n<td style=\"width: 13.7786%; text-align: center; height: 22px;\">88\/34.65<\/td>\n<\/tr>\n<tr style=\"height: 22px;\">\n<td style=\"width: 6.76246%; text-align: center; height: 22px;\">6XL<\/td>\n<td style=\"width: 12.0034%; text-align: center; height: 22px;\">139\/54.72<\/td>\n<td style=\"width: 12.5106%; text-align: center; height: 22px;\">56.5\/22.24<\/td>\n<td style=\"width: 13.863%; text-align: center; height: 22px;\">72\/28.35<\/td>\n<td style=\"width: 13.7786%; text-align: center; height: 22px;\">90\/35.43<\/td>\n<\/tr>\n<\/tbody>\n<\/table>\n<p style=\"text-align: left;\"><span style=\"font-size: 12pt;\">Ces donn\u00e9es de taille sont mesur\u00e9es manuellement, en raison des diff\u00e9rentes m\u00e9thodes de mesure, des erreurs de 1 \u00e0 2 cm sont consid\u00e9r\u00e9es comme normales.<\/span><\/p>\n","protected":false},"excerpt":{"rendered":"<p>Roi Lion Fresh Clo. Chemise unisexe \u00e0 manches longues avec boutons Chemisiers amples &#8211; [Material]: Polyester &#8211; [Print Technology]: Impression par transfert thermique &#8211; [Printing Area]: Imprim\u00e9 sur toute la surface &#8211; [Type]: Chemise d\u00e9contract\u00e9e &#8211; [Occasion]: Cette chemise unisexe convient \u00e0 l&#8217;\u00e9cole, au travail, au sport, \u00e0 la plage ou \u00e0 la vie quotidienne [&hellip;]<\/p>\n","protected":false},"featured_media":4355,"comment_status":"open","ping_status":"closed","template":"","meta":{"_glsr_average":0,"_glsr_ranking":0,"_glsr_reviews":0,"_mi_skip_tracking":false,"_monsterinsights_sitenote_active":false,"_monsterinsights_sitenote_note":"","_monsterinsights_sitenote_category":0},"product_cat":[146,144,142],"product_tag":[],"_links":{"self":[{"href":"https:\/\/freshclo.com\/fr\/wp-json\/wp\/v2\/product\/7791"}],"collection":[{"href":"https:\/\/freshclo.com\/fr\/wp-json\/wp\/v2\/product"}],"about":[{"href":"https:\/\/freshclo.com\/fr\/wp-json\/wp\/v2\/types\/product"}],"replies":[{"embeddable":true,"href":"https:\/\/freshclo.com\/fr\/wp-json\/wp\/v2\/comments?post=7791"}],"wp:featuredmedia":[{"embeddable":true,"href":"https:\/\/freshclo.com\/fr\/wp-json\/wp\/v2\/media\/4355"}],"wp:attachment":[{"href":"https:\/\/freshclo.com\/fr\/wp-json\/wp\/v2\/media?parent=7791"}],"wp:term":[{"taxonomy":"product_cat","embeddable":true,"href":"https:\/\/freshclo.com\/fr\/wp-json\/wp\/v2\/product_cat?post=7791"},{"taxonomy":"product_tag","embeddable":true,"href":"https:\/\/freshclo.com\/fr\/wp-json\/wp\/v2\/product_tag?post=7791"}],"curies":[{"name":"wp","href":"https:\/\/api.w.org\/{rel}","templated":true}]}}