{"id":7798,"date":"2023-03-24T06:15:33","date_gmt":"2023-03-24T06:15:33","guid":{"rendered":"https:\/\/freshclo.com\/product\/limitee-fresh-clo-special-mid-top-breathable-non-slip-sneakers\/"},"modified":"2023-06-21T07:34:33","modified_gmt":"2023-06-21T07:34:33","slug":"limitee-fresh-clo-special-mid-top-breathable-non-slip-sneakers","status":"publish","type":"product","link":"https:\/\/freshclo.com\/fr\/produit\/limitee-fresh-clo-special-mid-top-breathable-non-slip-sneakers\/","title":{"rendered":"LIMIT\u00c9E Fresh Clo. Sp\u00e9cial Mid Top Breathable Non-slip Sneakers"},"content":{"rendered":"<p><span style=\"font-size: 14pt\"><strong>LIMIT\u00c9E Fresh Clo. Baskets interm\u00e9diaires respirantes et antid\u00e9rapantes<\/strong><\/span><br \/><span style=\"font-size: 14pt\">&#8211; [Material]: Tige en Flyknit, semelle en caoutchouc<br \/>&#8211; [Color]: Dentelle blanche, semelle noire<\/span><br \/><span style=\"font-size: 14pt\">&#8211; [Type]: Baskets montantes<\/span><br \/><span style=\"font-size: 14pt\">&#8211; [Occassion]: Convient aux v\u00eatements quotidiens, d\u00e9contract\u00e9s, de plein air, tactiques, militaires, de ruisseau, de camping, de randonn\u00e9e, d&#8217;escalade, etc.<\/span><br \/><span style=\"font-size: 14pt\">&#8211; [Care Instruction]: lavage \u00e0 la main<\/span><\/p>\n<\/p>\n<p><span style=\"font-size: 14pt\"><strong>A propos de cet article<\/strong><\/span><br \/><span style=\"font-size: 14pt\">&#8211; Chaussures en textile<\/span><br \/><span style=\"font-size: 14pt\">Fabriqu\u00e9 en mati\u00e8re v\u00e9g\u00e9talienne.<\/span><br \/><span style=\"font-size: 14pt\">&#8211; Confortable<\/span><br \/><span style=\"font-size: 14pt\">L\u00e9g\u00e8res, respirantes et \u00e0 s\u00e9chage rapide, ces chaussures personnalis\u00e9es sont agr\u00e9ables \u00e0 porter. Ils sont robustes et le tissu de qualit\u00e9 les rend r\u00e9sistants aux rayures.<\/span><br \/><span style=\"font-size: 14pt\">&#8211; Antid\u00e9rapant<\/span><br \/><span style=\"font-size: 14pt\">La semelle en caoutchouc est la plus l\u00e9g\u00e8re et offre une meilleure fonction antid\u00e9rapante. La semelle ext\u00e9rieure en caoutchouc antid\u00e9rapant assure une bonne adh\u00e9rence au sol, m\u00eame sur les sols humides et glissants.<\/span><br \/><span style=\"font-size: 14pt\">&#8211; Facile \u00e0 assortir<\/span><br \/><span style=\"font-size: 14pt\">Il s&#8217;agit d&#8217;un style de loisir qui peut \u00eatre assorti \u00e0 un jean, un pantalon de sport, un short, etc.<\/span><\/p>\n<\/p>\n<p><strong><span style=\"font-size: 14pt\">Avis<\/span><\/strong><br \/><span style=\"font-size: 14pt\">Divers facteurs de production peuvent entra\u00eener de l\u00e9g\u00e8res diff\u00e9rences entre le produit r\u00e9el et la maquette, qu&#8217;il s&#8217;agisse des couleurs, de la position de l&#8217;impression ou de la taille.  <\/span><\/p>\n<p><\/p>\n<p><span style=\"font-size: 14pt\">La taille de ce produit se r\u00e9f\u00e8re \u00e0 la norme de taille Euro.<\/span><\/p>\n<table style=\"height: 292px;width: 0px;border-collapse: collapse;margin-left: auto;margin-right: auto\" border=\"1\">\n<tbody>\n<tr style=\"height: 21px\">\n<td style=\"width: 307.805px;text-align: center;height: 21px\" colspan=\"6\">Taille de la chaussure de femme  <\/td>\n<td style=\"width: 0px;text-align: center;height: 252px\" rowspan=\"14\"> <\/td>\n<td style=\"width: 299.18px;text-align: center;height: 21px\" colspan=\"6\">Taille de chaussure pour homme<\/td>\n<\/tr>\n<tr style=\"height: 21px\">\n<td style=\"width: 32.1328px;text-align: center;height: 21px\">\u00c9TATS-UNIS<\/td>\n<td style=\"width: 32.1328px;text-align: center;height: 21px\">ROYAUME-UNI<\/td>\n<td style=\"width: 40.4297px;text-align: center;height: 21px\">Japon<\/td>\n<td style=\"width: 40.0078px;text-align: center;height: 21px\">Chine<\/td>\n<td style=\"width: 32.0859px;text-align: center;height: 21px\">L&#8217;euro<\/td>\n<td style=\"width: 59.5312px;text-align: center;height: 21px\">Longueur int\u00e9rieure\uff08mm\uff09<\/td>\n<td style=\"width: 23.5078px;text-align: center;height: 21px\">\u00c9TATS-UNIS<\/td>\n<td style=\"width: 32.1328px;text-align: center;height: 21px\">ROYAUME-UNI<\/td>\n<td style=\"width: 40.4297px;text-align: center;height: 21px\">Japon<\/td>\n<td style=\"width: 40.0078px;text-align: center;height: 21px\">Chine<\/td>\n<td style=\"width: 32.0859px;text-align: center;height: 21px\">L&#8217;euro<\/td>\n<td style=\"width: 59.5312px;text-align: center;height: 21px\">Longueur int\u00e9rieure\uff08mm\uff09<\/td>\n<\/tr>\n<tr style=\"height: 21px\">\n<td style=\"width: 32.1328px;text-align: center;height: 21px\">6<\/td>\n<td style=\"width: 32.1328px;text-align: center;height: 21px\">3\u00bd<\/td>\n<td style=\"width: 40.4297px;text-align: center;height: 21px\">22<\/td>\n<td style=\"width: 40.0078px;text-align: center;height: 21px\">37<\/td>\n<td style=\"width: 32.0859px;text-align: center;height: 21px\"><span style=\"color: #e74c3c\">36<\/span><\/td>\n<td style=\"width: 59.5312px;text-align: center;height: 21px\">239<\/td>\n<td style=\"width: 23.5078px;text-align: center;height: 21px\">4\u00bd<\/td>\n<td style=\"width: 32.1328px;text-align: center;height: 21px\">4<\/td>\n<td style=\"width: 40.4297px;text-align: center;height: 21px\">22.5<\/td>\n<td style=\"width: 40.0078px;text-align: center;height: 21px\">37<\/td>\n<td style=\"width: 32.0859px;text-align: center;height: 21px\"><span style=\"color: #e74c3c\">36<\/span><\/td>\n<td style=\"width: 59.5312px;text-align: center;height: 21px\">239<\/td>\n<\/tr>\n<tr style=\"height: 21px\">\n<td style=\"width: 32.1328px;text-align: center;height: 21px\">6\u00bd<\/td>\n<td style=\"width: 32.1328px;text-align: center;height: 21px\">4<\/td>\n<td style=\"width: 40.4297px;text-align: center;height: 21px\">22.5<\/td>\n<td style=\"width: 40.0078px;text-align: center;height: 21px\">37.5<\/td>\n<td style=\"width: 32.0859px;text-align: center;height: 21px\"><span style=\"color: #e74c3c\">37<\/span><\/td>\n<td style=\"width: 59.5312px;text-align: center;height: 21px\">246<\/td>\n<td style=\"width: 23.5078px;text-align: center;height: 21px\">5<\/td>\n<td style=\"width: 32.1328px;text-align: center;height: 21px\">4\u00bd<\/td>\n<td style=\"width: 40.4297px;text-align: center;height: 21px\">23<\/td>\n<td style=\"width: 40.0078px;text-align: center;height: 21px\">38<\/td>\n<td style=\"width: 32.0859px;text-align: center;height: 21px\"><span style=\"color: #e74c3c\">37<\/span><\/td>\n<td style=\"width: 59.5312px;text-align: center;height: 21px\">246<\/td>\n<\/tr>\n<tr style=\"height: 21px\">\n<td style=\"width: 32.1328px;text-align: center;height: 21px\">7\u00bd<\/td>\n<td style=\"width: 32.1328px;text-align: center;height: 21px\">5<\/td>\n<td style=\"width: 40.4297px;text-align: center;height: 21px\">23.5<\/td>\n<td style=\"width: 40.0078px;text-align: center;height: 21px\">39<\/td>\n<td style=\"width: 32.0859px;text-align: center;height: 21px\"><span style=\"color: #e74c3c\">38<\/span><\/td>\n<td style=\"width: 59.5312px;text-align: center;height: 21px\">252<\/td>\n<td style=\"width: 23.5078px;text-align: center;height: 21px\">6<\/td>\n<td style=\"width: 32.1328px;text-align: center;height: 21px\">5\u00bd<\/td>\n<td style=\"width: 40.4297px;text-align: center;height: 21px\">24<\/td>\n<td style=\"width: 40.0078px;text-align: center;height: 21px\">39.5<\/td>\n<td style=\"width: 32.0859px;text-align: center;height: 21px\"><span style=\"color: #e74c3c\">38<\/span><\/td>\n<td style=\"width: 59.5312px;text-align: center;height: 21px\">252<\/td>\n<\/tr>\n<tr style=\"height: 21px\">\n<td style=\"width: 32.1328px;text-align: center;height: 21px\">8\u00bd<\/td>\n<td style=\"width: 32.1328px;text-align: center;height: 21px\">6<\/td>\n<td style=\"width: 40.4297px;text-align: center;height: 21px\">24.5<\/td>\n<td style=\"width: 40.0078px;text-align: center;height: 21px\">40<\/td>\n<td style=\"width: 32.0859px;text-align: center;height: 21px\"><span style=\"color: #e74c3c\">39<\/span><\/td>\n<td style=\"width: 59.5312px;text-align: center;height: 21px\">257<\/td>\n<td style=\"width: 23.5078px;text-align: center;height: 21px\">7<\/td>\n<td style=\"width: 32.1328px;text-align: center;height: 21px\">6\u00bd<\/td>\n<td style=\"width: 40.4297px;text-align: center;height: 21px\">25<\/td>\n<td style=\"width: 40.0078px;text-align: center;height: 21px\">41<\/td>\n<td style=\"width: 32.0859px;text-align: center;height: 21px\"><span style=\"color: #e74c3c\">39<\/span><\/td>\n<td style=\"width: 59.5312px;text-align: center;height: 21px\">257<\/td>\n<\/tr>\n<tr style=\"height: 21px\">\n<td style=\"width: 32.1328px;text-align: center;height: 21px\">9<\/td>\n<td style=\"width: 32.1328px;text-align: center;height: 21px\">6\u00bd<\/td>\n<td style=\"width: 40.4297px;text-align: center;height: 21px\">25<\/td>\n<td style=\"width: 40.0078px;text-align: center;height: 21px\">41<\/td>\n<td style=\"width: 32.0859px;text-align: center;height: 21px\"><span style=\"color: #e74c3c\">40<\/span><\/td>\n<td style=\"width: 59.5312px;text-align: center;height: 21px\">263<\/td>\n<td style=\"width: 23.5078px;text-align: center;height: 21px\">7\u00bd<\/td>\n<td style=\"width: 32.1328px;text-align: center;height: 21px\">7<\/td>\n<td style=\"width: 40.4297px;text-align: center;height: 21px\">25.5<\/td>\n<td style=\"width: 40.0078px;text-align: center;height: 21px\">&#8211;<\/td>\n<td style=\"width: 32.0859px;text-align: center;height: 21px\"><span style=\"color: #e74c3c\">40<\/span><\/td>\n<td style=\"width: 59.5312px;text-align: center;height: 21px\">263<\/td>\n<\/tr>\n<tr style=\"height: 21px\">\n<td style=\"width: 32.1328px;text-align: center;height: 21px\">9\u00bd<\/td>\n<td style=\"width: 32.1328px;text-align: center;height: 21px\">7<\/td>\n<td style=\"width: 40.4297px;text-align: center;height: 21px\">25.5<\/td>\n<td style=\"width: 40.0078px;text-align: center;height: 21px\">41.5<\/td>\n<td style=\"width: 32.0859px;text-align: center;height: 21px\"><span style=\"color: #e74c3c\">41<\/span><\/td>\n<td style=\"width: 59.5312px;text-align: center;height: 21px\">270<\/td>\n<td style=\"width: 23.5078px;text-align: center;height: 21px\">8<\/td>\n<td style=\"width: 32.1328px;text-align: center;height: 21px\">7\u00bd<\/td>\n<td style=\"width: 40.4297px;text-align: center;height: 21px\">26<\/td>\n<td style=\"width: 40.0078px;text-align: center;height: 21px\">42<\/td>\n<td style=\"width: 32.0859px;text-align: center;height: 21px\"><span style=\"color: #e74c3c\">41<\/span><\/td>\n<td style=\"width: 59.5312px;text-align: center;height: 21px\">270<\/td>\n<\/tr>\n<tr style=\"height: 21px\">\n<td style=\"width: 32.1328px;text-align: center;height: 21px\">10<\/td>\n<td style=\"width: 32.1328px;text-align: center;height: 21px\">7\u00bd<\/td>\n<td style=\"width: 40.4297px;text-align: center;height: 21px\">26<\/td>\n<td style=\"width: 40.0078px;text-align: center;height: 21px\">43<\/td>\n<td style=\"width: 32.0859px;text-align: center;height: 21px\"><span style=\"color: #e74c3c\">42<\/span><\/td>\n<td style=\"width: 59.5312px;text-align: center;height: 21px\">276<\/td>\n<td style=\"width: 23.5078px;text-align: center;height: 21px\">8\u00bd<\/td>\n<td style=\"width: 32.1328px;text-align: center;height: 21px\">8<\/td>\n<td style=\"width: 40.4297px;text-align: center;height: 21px\">26.5<\/td>\n<td style=\"width: 40.0078px;text-align: center;height: 21px\">43<\/td>\n<td style=\"width: 32.0859px;text-align: center;height: 21px\"><span style=\"color: #e74c3c\">42<\/span><\/td>\n<td style=\"width: 59.5312px;text-align: center;height: 21px\">276<\/td>\n<\/tr>\n<tr style=\"height: 21px\">\n<td style=\"width: 32.1328px;text-align: center;height: 21px\">10\u00bd<\/td>\n<td style=\"width: 32.1328px;text-align: center;height: 21px\">8<\/td>\n<td style=\"width: 40.4297px;text-align: center;height: 21px\">27<\/td>\n<td style=\"width: 40.0078px;text-align: center;height: 21px\">44<\/td>\n<td style=\"width: 32.0859px;text-align: center;height: 21px\"><span style=\"color: #e74c3c\">43<\/span><\/td>\n<td style=\"width: 59.5312px;text-align: center;height: 21px\">283<\/td>\n<td style=\"width: 23.5078px;text-align: center;height: 21px\">9<\/td>\n<td style=\"width: 32.1328px;text-align: center;height: 21px\">8\u00bd<\/td>\n<td style=\"width: 40.4297px;text-align: center;height: 21px\">27<\/td>\n<td style=\"width: 40.0078px;text-align: center;height: 21px\">43.5<\/td>\n<td style=\"width: 32.0859px;text-align: center;height: 21px\"><span style=\"color: #e74c3c\">43<\/span><\/td>\n<td style=\"width: 59.5312px;text-align: center;height: 21px\">283<\/td>\n<\/tr>\n<tr style=\"height: 21px\">\n<td style=\"width: 32.1328px;text-align: center;height: 21px\">12<\/td>\n<td style=\"width: 32.1328px;text-align: center;height: 21px\">9\u00bd<\/td>\n<td style=\"width: 40.4297px;text-align: center;height: 21px\">28<\/td>\n<td style=\"width: 40.0078px;text-align: center;height: 21px\">44.5<\/td>\n<td style=\"width: 32.0859px;text-align: center;height: 21px\"><span style=\"color: #e74c3c\">44<\/span><\/td>\n<td style=\"width: 59.5312px;text-align: center;height: 21px\">289<\/td>\n<td style=\"width: 23.5078px;text-align: center;height: 21px\">10<\/td>\n<td style=\"width: 32.1328px;text-align: center;height: 21px\">9\u00bd<\/td>\n<td style=\"width: 40.4297px;text-align: center;height: 21px\">28<\/td>\n<td style=\"width: 40.0078px;text-align: center;height: 21px\">44.5<\/td>\n<td style=\"width: 32.0859px;text-align: center;height: 21px\"><span style=\"color: #e74c3c\">44<\/span><\/td>\n<td style=\"width: 59.5312px;text-align: center;height: 21px\">289<\/td>\n<\/tr>\n<tr style=\"height: 21px\">\n<td style=\"width: 32.1328px;text-align: center;height: 21px\">13<\/td>\n<td style=\"width: 32.1328px;text-align: center;height: 21px\">10\u00bd<\/td>\n<td style=\"width: 40.4297px;text-align: center;height: 21px\">29<\/td>\n<td style=\"width: 40.0078px;text-align: center;height: 21px\">46<\/td>\n<td style=\"width: 32.0859px;text-align: center;height: 21px\"><span style=\"color: #e74c3c\">45<\/span><\/td>\n<td style=\"width: 59.5312px;text-align: center;height: 21px\">296<\/td>\n<td style=\"width: 23.5078px;text-align: center;height: 21px\">11<\/td>\n<td style=\"width: 32.1328px;text-align: center;height: 21px\">10\u00bd<\/td>\n<td style=\"width: 40.4297px;text-align: center;height: 21px\">29<\/td>\n<td style=\"width: 40.0078px;text-align: center;height: 21px\">46<\/td>\n<td style=\"width: 32.0859px;text-align: center;height: 21px\"><span style=\"color: #e74c3c\">45<\/span><\/td>\n<td style=\"width: 59.5312px;text-align: center;height: 21px\">296<\/td>\n<\/tr>\n<tr style=\"height: 20px\">\n<td style=\"width: 32.1328px;text-align: center;height: 20px\">&#8211;<\/td>\n<td style=\"width: 32.1328px;text-align: center;height: 20px\">&#8211;<\/td>\n<td style=\"width: 40.4297px;text-align: center;height: 20px\">&#8211;<\/td>\n<td style=\"width: 40.0078px;text-align: center;height: 20px\">&#8211;<\/td>\n<td style=\"width: 32.0859px;text-align: center;height: 20px\"><span style=\"color: #e74c3c\">46<\/span><\/td>\n<td style=\"width: 59.5312px;text-align: center;height: 20px\">302<\/td>\n<td style=\"width: 23.5078px;text-align: center;height: 20px\">12<\/td>\n<td style=\"width: 32.1328px;text-align: center;height: 20px\">11\u00bd<\/td>\n<td style=\"width: 40.4297px;text-align: center;height: 20px\">30<\/td>\n<td style=\"width: 40.0078px;text-align: center;height: 20px\">47<\/td>\n<td style=\"width: 32.0859px;text-align: center;height: 20px\"><span style=\"color: #e74c3c\">46<\/span><\/td>\n<td style=\"width: 59.5312px;text-align: center;height: 20px\">302<\/td>\n<\/tr>\n<tr style=\"height: 20px\">\n<td style=\"width: 32.1328px;text-align: center;height: 20px\">&#8211;<\/td>\n<td style=\"width: 32.1328px;text-align: center;height: 20px\">&#8211;<\/td>\n<td style=\"width: 40.4297px;text-align: center;height: 20px\">&#8211;<\/td>\n<td style=\"width: 40.0078px;text-align: center;height: 20px\">&#8211;<\/td>\n<td style=\"width: 32.0859px;text-align: center;height: 20px\"><span style=\"color: #e74c3c\">47<\/span><\/td>\n<td style=\"width: 59.5312px;text-align: center;height: 20px\">312<\/td>\n<td style=\"width: 23.5078px;text-align: center;height: 20px\">13<\/td>\n<td style=\"width: 32.1328px;text-align: center;height: 20px\">12\u00bd<\/td>\n<td style=\"width: 40.4297px;text-align: center;height: 20px\">31<\/td>\n<td style=\"width: 40.0078px;text-align: center;height: 20px\">48<\/td>\n<td style=\"width: 32.0859px;text-align: center;height: 20px\"><span style=\"color: #e74c3c\">47<\/span><\/td>\n<td style=\"width: 59.5312px;text-align: center;height: 20px\">312<\/td>\n<\/tr>\n<\/tbody>\n<\/table>\n<p><span style=\"font-size: 14pt\">Les donn\u00e9es relatives \u00e0 la taille sont mesur\u00e9es manuellement. En raison des diff\u00e9rentes m\u00e9thodes de mesure, des erreurs de 1 \u00e0 2 cm sont consid\u00e9r\u00e9es comme normales.<\/span><\/p>\n","protected":false},"excerpt":{"rendered":"<p>LIMIT\u00c9E Fresh Clo. Baskets interm\u00e9diaires respirantes et antid\u00e9rapantes&#8211; [Material]: Tige en Flyknit, semelle en caoutchouc&#8211; [Color]: Dentelle blanche, semelle noire&#8211; [Type]: Baskets montantes&#8211; [Occassion]: Convient aux v\u00eatements quotidiens, d\u00e9contract\u00e9s, de plein air, tactiques, militaires, de ruisseau, de camping, de randonn\u00e9e, d&#8217;escalade, etc.&#8211; [Care Instruction]: lavage \u00e0 la main A propos de cet article&#8211; Chaussures en [&hellip;]<\/p>\n","protected":false},"featured_media":4034,"comment_status":"open","ping_status":"closed","template":"","meta":{"_glsr_average":0,"_glsr_ranking":0,"_glsr_reviews":0,"_mi_skip_tracking":false,"_monsterinsights_sitenote_active":false,"_monsterinsights_sitenote_note":"","_monsterinsights_sitenote_category":0},"product_cat":[145,143,144,142],"product_tag":[],"_links":{"self":[{"href":"https:\/\/freshclo.com\/fr\/wp-json\/wp\/v2\/product\/7798"}],"collection":[{"href":"https:\/\/freshclo.com\/fr\/wp-json\/wp\/v2\/product"}],"about":[{"href":"https:\/\/freshclo.com\/fr\/wp-json\/wp\/v2\/types\/product"}],"replies":[{"embeddable":true,"href":"https:\/\/freshclo.com\/fr\/wp-json\/wp\/v2\/comments?post=7798"}],"wp:featuredmedia":[{"embeddable":true,"href":"https:\/\/freshclo.com\/fr\/wp-json\/wp\/v2\/media\/4034"}],"wp:attachment":[{"href":"https:\/\/freshclo.com\/fr\/wp-json\/wp\/v2\/media?parent=7798"}],"wp:term":[{"taxonomy":"product_cat","embeddable":true,"href":"https:\/\/freshclo.com\/fr\/wp-json\/wp\/v2\/product_cat?post=7798"},{"taxonomy":"product_tag","embeddable":true,"href":"https:\/\/freshclo.com\/fr\/wp-json\/wp\/v2\/product_tag?post=7798"}],"curies":[{"name":"wp","href":"https:\/\/api.w.org\/{rel}","templated":true}]}}