{"id":7862,"date":"2023-03-25T09:37:40","date_gmt":"2023-03-25T09:37:40","guid":{"rendered":"https:\/\/freshclo.com\/product\/fresh-clo-sweatshirts-a-capuche-unisexes-avec-poches\/"},"modified":"2023-06-21T07:35:29","modified_gmt":"2023-06-21T07:35:29","slug":"fresh-clo-unisex-hoodies-novelty-pullover-sweatshirts-with-pockets","status":"publish","type":"product","link":"https:\/\/freshclo.com\/fr\/produit\/fresh-clo-unisex-hoodies-novelty-pullover-sweatshirts-with-pockets\/","title":{"rendered":"Fresh Clo. Sweatshirts \u00e0 capuche unisexes avec poches"},"content":{"rendered":"<p><strong><span style=\"font-size: 14pt;\">Fresh Clo. Sweatshirts \u00e0 capuche unisexes avec poches<\/span><\/strong><br \/>\n<span style=\"font-size: 14pt;\">&#8211; [Material]: Tissu \u00e0 fines c\u00f4tes (polyester)<\/span><br \/>\n<span style=\"font-size: 14pt;\">&#8211; [Print Technology]: Impression par transfert thermique<\/span><br \/>\n<span style=\"font-size: 14pt;\">&#8211; [Print Position]: Imprim\u00e9 sur toute la surface<\/span><br \/>\n<span style=\"font-size: 14pt;\">&#8211; [Type]: Sweats \u00e0 capuche<\/span><br \/>\n<span style=\"font-size: 14pt;\">&#8211; [Occasion]: Convient aux adolescents et aux jeunes hommes et femmes pour une tenue quotidienne ou pour des f\u00eates, des clubs, des \u00e9coles, des sports, des voyages en plein air, des vacances et divers types de lieux de sports de loisirs, et peut \u00e9galement \u00eatre utilis\u00e9 par des couples, des s\u0153urs, des fr\u00e8res ou des membres de la famille. La saison d&#8217;habillage est le printemps, l&#8217;automne et l&#8217;hiver.<\/span><br \/>\n<span style=\"font-size: 14pt;\">&#8211; [Care Instruction]: Lavage en machine ou \u00e0 la main.<\/span><\/p>\n<p><strong><span style=\"font-size: 14pt;\">A propos de cet article<\/span><\/strong><br \/>\n<span style=\"font-size: 14pt;\">&#8211; Classique et \u00e9l\u00e9gant<\/span><br \/>\n<span style=\"font-size: 14pt;\">Ces sweats amples \u00e0 manches longues sont dot\u00e9s d&#8217;une capuche \u00e0 cordon de serrage pour plus de style. Un look d\u00e9contract\u00e9 avec une grande poche Kangourou sur le devant pour les petits objets ou les chauffe-mains.<\/span><br \/>\n<span style=\"font-size: 14pt;\">&#8211; Tissu confortable<\/span><br \/>\n<span style=\"font-size: 14pt;\">Ces sweats \u00e0 capuche \u00e0 imprim\u00e9 all-over sont fabriqu\u00e9s \u00e0 partir d&#8217;un tissu \u00e0 c\u00f4tes fines pour produire un sweat \u00e0 capuche d&#8217;un design magnifique. Lorsque vous le portez, vous vous sentez tr\u00e8s \u00e0 l&#8217;aise et vous avez l&#8217;air plus beau et plus charmant en m\u00eame temps.<\/span><br \/>\n<span style=\"font-size: 14pt;\">&#8211; Polyvalence et haute performance  <\/span><br \/>\n<span style=\"font-size: 14pt;\">Parfait pour la randonn\u00e9e, le camping, le cyclisme, la p\u00eache, les voyages et toutes les autres activit\u00e9s de plein air. Ces sweatshirts \u00e9l\u00e9gants et fonctionnels devraient vous accompagner lors de vos aventures et de vos d\u00e9placements quotidiens.<\/span><br \/>\n<span style=\"font-size: 14pt;\">&#8211; Des cadeaux parfaits<\/span><br \/>\n<span style=\"font-size: 14pt;\">Ce sweat \u00e0 capuche cr\u00e9atif convient aux hommes, aux femmes, aux adolescentes, aux grands gar\u00e7ons, aux adolescents, aux grands enfants et aux enfants adolescents, qui l&#8217;adorent. Il peut \u00e9galement \u00eatre offert \u00e0 l&#8217;occasion de la Saint-Valentin, de Thanksgiving, de No\u00ebl ou du Nouvel An.<\/span><\/p>\n<p><strong><span style=\"font-size: 14pt;\">Avis<\/span><\/strong><br \/>\n<span style=\"font-size: 14pt;\">Divers facteurs de production peuvent entra\u00eener de l\u00e9g\u00e8res diff\u00e9rences entre le produit r\u00e9el et la maquette, qu&#8217;il s&#8217;agisse des couleurs, de la position de l&#8217;impression ou de la taille.<\/span><\/p>\n<p>&nbsp;<\/p>\n<table style=\"border-collapse: collapse; width: 72.699%; height: 234px; margin-left: auto; margin-right: auto;\" border=\"1\" width=\"582\">\n<tbody>\n<tr style=\"height: 26px;\">\n<td style=\"width: 9.29839%; text-align: center; height: 26px;\"><span style=\"font-size: 14pt;\">Taille<\/span><\/td>\n<td style=\"width: 15.0465%; text-align: center; height: 26px;\"><span style=\"font-size: 14pt;\">Poitrine(cm\/in)<\/span><\/td>\n<td style=\"width: 17.3288%; text-align: center; height: 26px;\"><span style=\"font-size: 14pt;\">Longueur (cm\/in)<\/span><\/td>\n<td style=\"width: 16.7371%; text-align: center; height: 26px;\"><span style=\"font-size: 14pt;\">Epaule (cm\/in)<\/span><\/td>\n<td style=\"width: 14.2883%; text-align: center; height: 26px;\"><span style=\"font-size: 14pt;\">Manche(cm\/in)<\/span><\/td>\n<\/tr>\n<tr style=\"text-align: center;\">\n<td style=\"width: 9.29839%; height: 26px;\"><span style=\"font-size: 14pt;\">S<\/span><\/td>\n<td style=\"width: 15.0465%; height: 26px;\"><span style=\"font-size: 14pt;\">108\/42.52<\/span><\/td>\n<td style=\"width: 17.3288%; height: 26px;\"><span style=\"font-size: 14pt;\">64\/25.2<\/span><\/td>\n<td style=\"width: 16.7371%; height: 26px;\"><span style=\"font-size: 14pt;\">57\/22.44<\/span><\/td>\n<td style=\"width: 14.2883%; height: 26px;\"><span style=\"font-size: 14pt;\">51\/20.08<\/span><\/td>\n<\/tr>\n<tr style=\"text-align: center;\">\n<td style=\"width: 9.29839%; height: 26px;\"><span style=\"font-size: 14pt;\">M<\/span><\/td>\n<td style=\"width: 15.0465%; height: 26px;\"><span style=\"font-size: 14pt;\">112\/44.09<\/span><\/td>\n<td style=\"width: 17.3288%; height: 26px;\"><span style=\"font-size: 14pt;\">67\/26.38<\/span><\/td>\n<td style=\"width: 16.7371%; height: 26px;\"><span style=\"font-size: 14pt;\">59\/23.23<\/span><\/td>\n<td style=\"width: 14.2883%; height: 26px;\"><span style=\"font-size: 14pt;\">52\/20.47<\/span><\/td>\n<\/tr>\n<tr style=\"text-align: center;\">\n<td style=\"width: 9.29839%; height: 26px;\"><span style=\"font-size: 14pt;\">L<\/span><\/td>\n<td style=\"width: 15.0465%; height: 26px;\"><span style=\"font-size: 14pt;\">116\/45.67<\/span><\/td>\n<td style=\"width: 17.3288%; height: 26px;\"><span style=\"font-size: 14pt;\">70\/27.56<\/span><\/td>\n<td style=\"width: 16.7371%; height: 26px;\"><span style=\"font-size: 14pt;\">61\/24.02<\/span><\/td>\n<td style=\"width: 14.2883%; height: 26px;\"><span style=\"font-size: 14pt;\">53\/20.87<\/span><\/td>\n<\/tr>\n<tr style=\"text-align: center;\">\n<td style=\"width: 9.29839%; height: 26px;\"><span style=\"font-size: 14pt;\">XL<\/span><\/td>\n<td style=\"width: 15.0465%; height: 26px;\"><span style=\"font-size: 14pt;\">120\/47.24<\/span><\/td>\n<td style=\"width: 17.3288%; height: 26px;\"><span style=\"font-size: 14pt;\">73\/28.74<\/span><\/td>\n<td style=\"width: 16.7371%; height: 26px;\"><span style=\"font-size: 14pt;\">63\/24.8<\/span><\/td>\n<td style=\"width: 14.2883%; height: 26px;\"><span style=\"font-size: 14pt;\">54\/21.26<\/span><\/td>\n<\/tr>\n<tr style=\"text-align: center;\">\n<td style=\"width: 9.29839%; height: 26px;\"><span style=\"font-size: 14pt;\">2XL<\/span><\/td>\n<td style=\"width: 15.0465%; height: 26px;\"><span style=\"font-size: 14pt;\">124\/48.82<\/span><\/td>\n<td style=\"width: 17.3288%; height: 26px;\"><span style=\"font-size: 14pt;\">75\/29.53<\/span><\/td>\n<td style=\"width: 16.7371%; height: 26px;\"><span style=\"font-size: 14pt;\">65\/25.59<\/span><\/td>\n<td style=\"width: 14.2883%; height: 26px;\"><span style=\"font-size: 14pt;\">55\/21.65<\/span><\/td>\n<\/tr>\n<tr style=\"text-align: center;\">\n<td style=\"width: 9.29839%; height: 26px;\"><span style=\"font-size: 14pt;\">3XL<\/span><\/td>\n<td style=\"width: 15.0465%; height: 26px;\"><span style=\"font-size: 14pt;\">128\/50.39<\/span><\/td>\n<td style=\"width: 17.3288%; height: 26px;\"><span style=\"font-size: 14pt;\">78\/30.71<\/span><\/td>\n<td style=\"width: 16.7371%; height: 26px;\"><span style=\"font-size: 14pt;\">67\/26.38<\/span><\/td>\n<td style=\"width: 14.2883%; height: 26px;\"><span style=\"font-size: 14pt;\">56\/22.05<\/span><\/td>\n<\/tr>\n<tr style=\"text-align: center;\">\n<td style=\"width: 9.29839%; height: 26px;\"><span style=\"font-size: 14pt;\">4XL<\/span><\/td>\n<td style=\"width: 15.0465%; height: 26px;\"><span style=\"font-size: 14pt;\">132\/51.97<\/span><\/td>\n<td style=\"width: 17.3288%; height: 26px;\"><span style=\"font-size: 14pt;\">80\/31.5<\/span><\/td>\n<td style=\"width: 16.7371%; height: 26px;\"><span style=\"font-size: 14pt;\">69\/27.17<\/span><\/td>\n<td style=\"width: 14.2883%; height: 26px;\"><span style=\"font-size: 14pt;\">57\/22.44<\/span><\/td>\n<\/tr>\n<tr style=\"text-align: center;\">\n<td style=\"width: 9.29839%; height: 26px;\"><span style=\"font-size: 14pt;\">5XL<\/span><\/td>\n<td style=\"width: 15.0465%; height: 26px;\"><span style=\"font-size: 14pt;\">136\/53.54<\/span><\/td>\n<td style=\"width: 17.3288%; height: 26px;\"><span style=\"font-size: 14pt;\">82\/32.28<\/span><\/td>\n<td style=\"width: 16.7371%; height: 26px;\"><span style=\"font-size: 14pt;\">71\/27.95<\/span><\/td>\n<td style=\"width: 14.2883%; height: 26px;\"><span style=\"font-size: 14pt;\">58\/22.83<\/span><\/td>\n<\/tr>\n<\/tbody>\n<\/table>\n<p style=\"text-align: center;\"><span style=\"font-size: 14pt;\">Ces donn\u00e9es de taille sont mesur\u00e9es manuellement, en raison des diff\u00e9rentes m\u00e9thodes de mesure, des erreurs de 1 \u00e0 2 cm sont consid\u00e9r\u00e9es comme normales.<\/span><\/p>\n","protected":false},"excerpt":{"rendered":"<p>Fresh Clo. Sweatshirts \u00e0 capuche unisexes avec poches &#8211; [Material]: Tissu \u00e0 fines c\u00f4tes (polyester) &#8211; [Print Technology]: Impression par transfert thermique &#8211; [Print Position]: Imprim\u00e9 sur toute la surface &#8211; [Type]: Sweats \u00e0 capuche &#8211; [Occasion]: Convient aux adolescents et aux jeunes hommes et femmes pour une tenue quotidienne ou pour des f\u00eates, des [&hellip;]<\/p>\n","protected":false},"featured_media":4367,"comment_status":"open","ping_status":"closed","template":"","meta":{"_glsr_average":0,"_glsr_ranking":0,"_glsr_reviews":0,"_mi_skip_tracking":false,"_monsterinsights_sitenote_active":false,"_monsterinsights_sitenote_note":"","_monsterinsights_sitenote_category":0},"product_cat":[144,142,149],"product_tag":[],"_links":{"self":[{"href":"https:\/\/freshclo.com\/fr\/wp-json\/wp\/v2\/product\/7862"}],"collection":[{"href":"https:\/\/freshclo.com\/fr\/wp-json\/wp\/v2\/product"}],"about":[{"href":"https:\/\/freshclo.com\/fr\/wp-json\/wp\/v2\/types\/product"}],"replies":[{"embeddable":true,"href":"https:\/\/freshclo.com\/fr\/wp-json\/wp\/v2\/comments?post=7862"}],"wp:featuredmedia":[{"embeddable":true,"href":"https:\/\/freshclo.com\/fr\/wp-json\/wp\/v2\/media\/4367"}],"wp:attachment":[{"href":"https:\/\/freshclo.com\/fr\/wp-json\/wp\/v2\/media?parent=7862"}],"wp:term":[{"taxonomy":"product_cat","embeddable":true,"href":"https:\/\/freshclo.com\/fr\/wp-json\/wp\/v2\/product_cat?post=7862"},{"taxonomy":"product_tag","embeddable":true,"href":"https:\/\/freshclo.com\/fr\/wp-json\/wp\/v2\/product_tag?post=7862"}],"curies":[{"name":"wp","href":"https:\/\/api.w.org\/{rel}","templated":true}]}}