{"id":7951,"date":"2023-03-25T08:48:37","date_gmt":"2023-03-25T08:48:37","guid":{"rendered":"https:\/\/freshclo.com\/product\/fresh-clo-sweatshirt-offset-transfert-de-chaleur\/"},"modified":"2023-06-21T07:35:29","modified_gmt":"2023-06-21T07:35:29","slug":"fresh-clo-sweatshirt-offset-transfert-de-chaleur","status":"publish","type":"product","link":"https:\/\/freshclo.com\/fr\/produit\/fresh-clo-sweatshirt-offset-transfert-de-chaleur\/","title":{"rendered":"Fresh Clo. Sweatshirt Offset Transfert de chaleur"},"content":{"rendered":"<p><span style=\"font-size: 14pt;\"><strong>Fresh Clo. Sweatshirt Offset Transfert de chaleur<\/strong><\/span><br \/>\n<span style=\"font-size: 14pt;\">&#8211; [Material]: Coton<\/span><br \/>\n<span style=\"font-size: 14pt;\">&#8211; [Printing Technology]: Impression par transfert thermique offset<\/span><br \/>\n<span style=\"font-size: 14pt;\">&#8211; [Printing Area]: Impression recto-verso (poitrine et dos)<\/span><br \/>\n<span style=\"font-size: 14pt;\">&#8211; [Type]: Pull-over doubl\u00e9 de polaire<\/span><br \/>\n<span style=\"font-size: 14pt;\">&#8211; [Occasion]: Style d\u00e9contract\u00e9 et ext\u00e9rieur, chaud et doux gr\u00e2ce au tissu en coton. Convient \u00e0 l&#8217;impression de toutes sortes de graphiques.<\/span><br \/>\n<span style=\"font-size: 14pt;\">&#8211; [Care Instruction]: lavage en machine ou \u00e0 la main<br \/>\n<span style=\"color: #e74c3c;\">&#8211; [Note]: La dimension r\u00e9elle de la zone d&#8217;impression d\u00e9pend de la taille du v\u00eatement.<\/span><\/span><\/p>\n<p><span style=\"font-size: 14pt;\"><strong>A propos de cet article<\/strong><\/span><br \/>\n<span style=\"font-size: 14pt;\">&#8211; Doux et confortable<\/span><br \/>\n<span style=\"font-size: 14pt;\">Les bords c\u00f4tel\u00e9s au niveau du cou et des poignets rendent ce v\u00eatement de tous les jours plus robuste et lui conf\u00e8rent un style unique.<\/span><br \/>\n<span style=\"font-size: 14pt;\">&#8211; Impression de haute qualit\u00e9<\/span><br \/>\n<span style=\"font-size: 14pt;\">Vos visuels seront imprim\u00e9s \u00e0 l&#8217;aide d&#8217;une technologie de transfert thermique offset de haute qualit\u00e9 afin de pr\u00e9server les couleurs et les d\u00e9tails les plus similaires.<\/span><br \/>\n<span style=\"font-size: 14pt;\">&#8211; Mode et facile \u00e0 assortir<\/span><br \/>\n<span style=\"font-size: 14pt;\">Facile \u00e0 assortir \u00e0 vos v\u00eatements de tous les jours, ce mod\u00e8le classique et intemporel s&#8217;adapte \u00e0 tous les styles.<\/span><\/p>\n<p><span style=\"font-size: 14pt;\"><strong>Avis<\/strong><br \/>\nDivers facteurs de production peuvent entra\u00eener de l\u00e9g\u00e8res diff\u00e9rences entre le produit r\u00e9el et la maquette, qu&#8217;il s&#8217;agisse des couleurs, de la position de l&#8217;impression ou de la taille.<\/span><\/p>\n<div><strong><span style=\"font-size: 14pt;\">D\u00e9tail du produit<\/span><\/strong><\/div>\n<div><strong><span style=\"font-size: 14pt;\"><img decoding=\"async\" src=\"https:\/\/diy-pic.s3.us-west-2.amazonaws.com\/ocProduct\/catalog\/c214ebad3daa4f73b8516ca8cdfd4b12.JPG\" alt=\"\" width=\"300px\" height=\"300px\"><img decoding=\"async\" src=\"https:\/\/diy-pic.s3.us-west-2.amazonaws.com\/ocProduct\/catalog\/5c77f8cf8bfe4857bdd2dc699d8d30d4.jpg\" alt=\"\" width=\"300px\" height=\"300px\"><img decoding=\"async\" src=\"https:\/\/diy-pic.s3.us-west-2.amazonaws.com\/ocProduct\/catalog\/b8e426dadc9340bc95ad3788c7db2d8c.jpg\" alt=\"\" width=\"300px\" height=\"300px\"><img decoding=\"async\" src=\"https:\/\/diy-pic.s3.us-west-2.amazonaws.com\/ocProduct\/catalog\/22316eb4419742bb80b28b9e76be9a92.JPG\" alt=\"\" width=\"300px\" height=\"300px\"><img decoding=\"async\" src=\"https:\/\/diy-pic.s3.us-west-2.amazonaws.com\/ocProduct\/catalog\/be5a358f86514bbbb0f9fa4e6c132961.jpg\" alt=\"\" width=\"300px\" height=\"300px\"><\/span><\/strong><\/div>\n<p>&nbsp;<\/p>\n<table style=\"border-collapse: collapse; width: 700px; height: 130px;\" border=\"1\">\n<tbody>\n<tr style=\"height: 13px;\">\n<td class=\"et3\" style=\"height: 13px; width: 44.7852px; text-align: center;\" height=\"18\">Taille<\/td>\n<td class=\"et3\" style=\"width: 130.938px; text-align: center; height: 13px;\">Poitrine(cm\/in)<\/td>\n<td class=\"et3\" style=\"width: 130.352px; text-align: center; height: 13px;\">Longueur (cm\/in)<\/td>\n<td class=\"et3\" style=\"width: 164.219px; text-align: center; height: 13px;\">Hauteur de r\u00e9f\u00e9rence (cm\/in)<\/td>\n<td class=\"et2\" style=\"height: 13px; width: 158.34px; text-align: center;\" height=\"18\">Poids de r\u00e9f\u00e9rence (kg\/lb)<\/td>\n<\/tr>\n<tr style=\"height: 13px;\">\n<td class=\"et3\" style=\"height: 13px; width: 44.7852px; text-align: center;\" height=\"18\">S<\/td>\n<td class=\"et3\" style=\"width: 130.938px; text-align: center; height: 13px;\">92\/36.22<\/td>\n<td class=\"et3\" style=\"width: 130.352px; text-align: center; height: 13px;\">65\/25.59<\/td>\n<td class=\"et3\" style=\"width: 164.219px; text-align: center; height: 13px;\">155\/61.02<\/td>\n<td class=\"et2\" style=\"height: 13px; width: 158.34px; text-align: center;\" height=\"18\">110\/49.9<\/td>\n<\/tr>\n<tr style=\"height: 13px;\">\n<td class=\"et3\" style=\"height: 13px; width: 44.7852px; text-align: center;\" height=\"18\">M<\/td>\n<td class=\"et3\" style=\"width: 130.938px; text-align: center; height: 13px;\">96\/37.8<\/td>\n<td class=\"et3\" style=\"width: 130.352px; text-align: center; height: 13px;\">67\/26.38<\/td>\n<td class=\"et3\" style=\"width: 164.219px; text-align: center; height: 13px;\">160\/62.99<\/td>\n<td class=\"et2\" style=\"height: 13px; width: 158.34px; text-align: center;\" height=\"18\">112\/50.8<\/td>\n<\/tr>\n<tr style=\"height: 13px;\">\n<td class=\"et3\" style=\"height: 13px; width: 44.7852px; text-align: center;\" height=\"18\">L<\/td>\n<td class=\"et3\" style=\"width: 130.938px; text-align: center; height: 13px;\">100\/39.37<\/td>\n<td class=\"et3\" style=\"width: 130.352px; text-align: center; height: 13px;\">69\/27.17<\/td>\n<td class=\"et3\" style=\"width: 164.219px; text-align: center; height: 13px;\">165\/64.96<\/td>\n<td class=\"et2\" style=\"height: 13px; width: 158.34px; text-align: center;\" height=\"18\">124\/56.25<\/td>\n<\/tr>\n<tr style=\"height: 13px;\">\n<td class=\"et3\" style=\"height: 13px; width: 44.7852px; text-align: center;\" height=\"18\">XL<\/td>\n<td class=\"et3\" style=\"width: 130.938px; text-align: center; height: 13px;\">104\/40.94<\/td>\n<td class=\"et3\" style=\"width: 130.352px; text-align: center; height: 13px;\">71\/27.95<\/td>\n<td class=\"et3\" style=\"width: 164.219px; text-align: center; height: 13px;\">170\/66.93<\/td>\n<td class=\"et2\" style=\"height: 13px; width: 158.34px; text-align: center;\" height=\"18\">136\/61.69<\/td>\n<\/tr>\n<tr style=\"height: 13px;\">\n<td class=\"et3\" style=\"height: 13px; width: 44.7852px; text-align: center;\" height=\"18\">2XL<\/td>\n<td class=\"et3\" style=\"width: 130.938px; text-align: center; height: 13px;\">108\/42.52<\/td>\n<td class=\"et3\" style=\"width: 130.352px; text-align: center; height: 13px;\">73\/28.74<\/td>\n<td class=\"et3\" style=\"width: 164.219px; text-align: center; height: 13px;\">175\/68.9<\/td>\n<td class=\"et2\" style=\"height: 13px; width: 158.34px; text-align: center;\" height=\"18\">148\/67.13<\/td>\n<\/tr>\n<tr style=\"height: 13px;\">\n<td class=\"et3\" style=\"height: 13px; width: 44.7852px; text-align: center;\" height=\"18\">3XL<\/td>\n<td class=\"et3\" style=\"width: 130.938px; text-align: center; height: 13px;\">112\/44.09<\/td>\n<td class=\"et3\" style=\"width: 130.352px; text-align: center; height: 13px;\">75\/29.53<\/td>\n<td class=\"et3\" style=\"width: 164.219px; text-align: center; height: 13px;\">180\/70.87<\/td>\n<td class=\"et2\" style=\"height: 13px; width: 158.34px; text-align: center;\" height=\"18\">160\/72.57<\/td>\n<\/tr>\n<tr style=\"height: 13px;\">\n<td class=\"et3\" style=\"height: 13px; width: 44.7852px; text-align: center;\" height=\"18\">4XL<\/td>\n<td class=\"et3\" style=\"width: 130.938px; text-align: center; height: 13px;\">116\/45.67<\/td>\n<td class=\"et3\" style=\"width: 130.352px; text-align: center; height: 13px;\">77\/30.31<\/td>\n<td class=\"et3\" style=\"width: 164.219px; text-align: center; height: 13px;\">185\/72.83<\/td>\n<td class=\"et2\" style=\"height: 13px; width: 158.34px; text-align: center;\" height=\"18\">172\/78.02<\/td>\n<\/tr>\n<tr style=\"height: 13px;\">\n<td class=\"et3\" style=\"height: 13px; width: 44.7852px; text-align: center;\" height=\"18\">5XL<\/td>\n<td class=\"et3\" style=\"width: 130.938px; text-align: center; height: 13px;\">120\/47.24<\/td>\n<td class=\"et3\" style=\"width: 130.352px; text-align: center; height: 13px;\">79\/31.1<\/td>\n<td class=\"et3\" style=\"width: 164.219px; text-align: center; height: 13px;\">190\/74.8<\/td>\n<td class=\"et2\" style=\"height: 13px; width: 158.34px; text-align: center;\" height=\"18\">184\/83.46<\/td>\n<\/tr>\n<\/tbody>\n<\/table>\n<p><span style=\"font-size: 14pt;\">Ces donn\u00e9es de taille sont mesur\u00e9es manuellement, en raison des diff\u00e9rentes m\u00e9thodes de mesure, des erreurs de 1 \u00e0 2 cm sont consid\u00e9r\u00e9es comme normales.<\/span><\/p>\n","protected":false},"excerpt":{"rendered":"<p>Fresh Clo. Sweatshirt Offset Transfert de chaleur &#8211; [Material]: Coton &#8211; [Printing Technology]: Impression par transfert thermique offset &#8211; [Printing Area]: Impression recto-verso (poitrine et dos) &#8211; [Type]: Pull-over doubl\u00e9 de polaire &#8211; [Occasion]: Style d\u00e9contract\u00e9 et ext\u00e9rieur, chaud et doux gr\u00e2ce au tissu en coton. Convient \u00e0 l&#8217;impression de toutes sortes de graphiques. &#8211; [&hellip;]<\/p>\n","protected":false},"featured_media":4159,"comment_status":"open","ping_status":"closed","template":"","meta":{"_glsr_average":0,"_glsr_ranking":0,"_glsr_reviews":0,"_mi_skip_tracking":false,"_monsterinsights_sitenote_active":false,"_monsterinsights_sitenote_note":"","_monsterinsights_sitenote_category":0},"product_cat":[144,142,151,156],"product_tag":[],"_links":{"self":[{"href":"https:\/\/freshclo.com\/fr\/wp-json\/wp\/v2\/product\/7951"}],"collection":[{"href":"https:\/\/freshclo.com\/fr\/wp-json\/wp\/v2\/product"}],"about":[{"href":"https:\/\/freshclo.com\/fr\/wp-json\/wp\/v2\/types\/product"}],"replies":[{"embeddable":true,"href":"https:\/\/freshclo.com\/fr\/wp-json\/wp\/v2\/comments?post=7951"}],"wp:featuredmedia":[{"embeddable":true,"href":"https:\/\/freshclo.com\/fr\/wp-json\/wp\/v2\/media\/4159"}],"wp:attachment":[{"href":"https:\/\/freshclo.com\/fr\/wp-json\/wp\/v2\/media?parent=7951"}],"wp:term":[{"taxonomy":"product_cat","embeddable":true,"href":"https:\/\/freshclo.com\/fr\/wp-json\/wp\/v2\/product_cat?post=7951"},{"taxonomy":"product_tag","embeddable":true,"href":"https:\/\/freshclo.com\/fr\/wp-json\/wp\/v2\/product_tag?post=7951"}],"curies":[{"name":"wp","href":"https:\/\/api.w.org\/{rel}","templated":true}]}}