{"id":7956,"date":"2023-04-30T14:17:49","date_gmt":"2023-04-30T14:17:49","guid":{"rendered":"https:\/\/freshclo.com\/product\/boucle-magnetique-tortue-perle-ethnique\/"},"modified":"2023-06-21T07:34:58","modified_gmt":"2023-06-21T07:34:58","slug":"boucle-magnetique-tortue-perle-ethnique","status":"publish","type":"product","link":"https:\/\/freshclo.com\/fr\/produit\/boucle-magnetique-tortue-perle-ethnique\/","title":{"rendered":"Boucle magn\u00e9tique tortue perle ethnique"},"content":{"rendered":"<div><strong><span style=\"font-size: 14pt\">Bracelet Ethnique en Cuir PU tress\u00e9 avec Boucle Magn\u00e9tique et Perle de Turtle<\/span><\/strong><\/div>\n<div><span style=\"font-size: 14pt\">&#8211; [Material]: PU<\/span><\/div>\n<div><span style=\"font-size: 14pt\">&#8211; [Size]: 19.5cm(7.7&#8243;)<\/span><\/div>\n<div><span style=\"font-size: 14pt\">&#8211; [Type]: Bracelet<\/span><\/div>\n<div><span style=\"font-size: 14pt\">&#8211; [Occasion]: Il s&#8217;agit d&#8217;un d\u00e9licat bracelet tress\u00e9 dans un style ethnique avec une d\u00e9coration de tortue. D\u00e9licat et \u00e9l\u00e9gant, il convient \u00e0 toutes les occasions.<\/span><\/div>\n<div> <\/div>\n<div><strong><span style=\"font-size: 14pt\">A propos de cet article<\/span><\/strong><\/div>\n<div><span style=\"font-size: 14pt\">&#8211; Artisanat d\u00e9licat<\/span><\/div>\n<div><span style=\"font-size: 14pt\">Chaque mat\u00e9riau du bracelet a \u00e9t\u00e9 soigneusement s\u00e9lectionn\u00e9 pour fabriquer ces magnifiques bracelets.<\/span><\/div>\n<div><span style=\"font-size: 14pt\">&#8211; Un design unique<\/span><\/div>\n<div><span style=\"font-size: 14pt\">Le bracelet vous donne une allure \u00e9l\u00e9gante. Il peut \u00eatre port\u00e9 par les hommes et les femmes dans diff\u00e9rents styles et couleurs.<\/span><\/div>\n<div><span style=\"font-size: 14pt\">&#8211; Un beau cadeau \u00e0 offrir<\/span><\/div>\n<div><span style=\"font-size: 14pt\">Le bracelet s&#8217;accorde avec toutes sortes de styles, et ce serait une surprise de recevoir ce magnifique bracelet \u00e0 l&#8217;occasion de son anniversaire, de sa f\u00eate, etc.<\/span><\/div>\n<div> <\/div>\n<p><\/p>\n","protected":false},"excerpt":{"rendered":"<p>Bracelet Ethnique en Cuir PU tress\u00e9 avec Boucle Magn\u00e9tique et Perle de Turtle &#8211; [Material]: PU &#8211; [Size]: 19.5cm(7.7&#8243;) &#8211; [Type]: Bracelet &#8211; [Occasion]: Il s&#8217;agit d&#8217;un d\u00e9licat bracelet tress\u00e9 dans un style ethnique avec une d\u00e9coration de tortue. D\u00e9licat et \u00e9l\u00e9gant, il convient \u00e0 toutes les occasions. A propos de cet article &#8211; Artisanat [&hellip;]<\/p>\n","protected":false},"featured_media":7970,"comment_status":"open","ping_status":"closed","template":"","meta":{"_glsr_average":0,"_glsr_ranking":0,"_glsr_reviews":0,"_mi_skip_tracking":false,"_monsterinsights_sitenote_active":false,"_monsterinsights_sitenote_note":"","_monsterinsights_sitenote_category":0},"product_cat":[139,168],"product_tag":[],"_links":{"self":[{"href":"https:\/\/freshclo.com\/fr\/wp-json\/wp\/v2\/product\/7956"}],"collection":[{"href":"https:\/\/freshclo.com\/fr\/wp-json\/wp\/v2\/product"}],"about":[{"href":"https:\/\/freshclo.com\/fr\/wp-json\/wp\/v2\/types\/product"}],"replies":[{"embeddable":true,"href":"https:\/\/freshclo.com\/fr\/wp-json\/wp\/v2\/comments?post=7956"}],"wp:featuredmedia":[{"embeddable":true,"href":"https:\/\/freshclo.com\/fr\/wp-json\/wp\/v2\/media\/7970"}],"wp:attachment":[{"href":"https:\/\/freshclo.com\/fr\/wp-json\/wp\/v2\/media?parent=7956"}],"wp:term":[{"taxonomy":"product_cat","embeddable":true,"href":"https:\/\/freshclo.com\/fr\/wp-json\/wp\/v2\/product_cat?post=7956"},{"taxonomy":"product_tag","embeddable":true,"href":"https:\/\/freshclo.com\/fr\/wp-json\/wp\/v2\/product_tag?post=7956"}],"curies":[{"name":"wp","href":"https:\/\/api.w.org\/{rel}","templated":true}]}}