{"id":7963,"date":"2023-05-01T14:48:45","date_gmt":"2023-05-01T14:48:45","guid":{"rendered":"https:\/\/freshclo.com\/product\/fashion-solid-color-stand-collar-coat-steampunk-retro-mens-uniform\/"},"modified":"2023-06-21T07:35:21","modified_gmt":"2023-06-21T07:35:21","slug":"fashion-solid-color-stand-collar-coat-steampunk-retro-mens-uniform","status":"publish","type":"product","link":"https:\/\/freshclo.com\/fr\/produit\/fashion-solid-color-stand-collar-coat-steampunk-retro-mens-uniform\/","title":{"rendered":"Fashion Solid Color Stand Collar Coat Steampunk Retro Men&#8217;s Uniform"},"content":{"rendered":"<div><span style=\"font-size: 14pt\"><strong>Fashion Solid Color Stand Collar Coat Steampunk Retro Men&#8217;s Uniform<\/strong><\/span><\/div>\n<div><span style=\"font-size: 14pt\">&#8211; [Material]: coton 85% + polyester 15%.<\/span><br \/><span style=\"font-size: 14pt\">&#8211; [Type]: Uniforme r\u00e9tro steampunk pour homme<\/span><br \/><span style=\"font-size: 14pt\">&#8211; [Occasion]: Notre costume a un design r\u00e9tro steampunk distinct et typique, qui peut \u00eatre appliqu\u00e9 \u00e0 diverses occasions, comme les f\u00eates d&#8217;Halloween et les activit\u00e9s de cosplay, le manteau aura l&#8217;air cool, en particulier la nuit, et fera de vous la vie de la f\u00eate.<\/span><\/div>\n<div><span style=\"font-size: 14pt\">&#8211; [Care Instruction]: Lavage \u00e0 la main ou en machine.<\/span><\/div>\n<div><strong><span style=\"font-size: 14pt\">A propos de cet article<\/span><\/strong><br \/><span style=\"font-size: 14pt\">&#8211; Mat\u00e9riau confortable<\/span><br \/><span style=\"font-size: 14pt\">Fabriqu\u00e9 en fibres de polyester et de coton, confortable et respirant, doux et soyeux, l\u00e9ger et n&#8217;appuyant pas sur le corps, particuli\u00e8rement confortable \u00e0 porter sur le corps. La combinaison de tissus uniques et d&#8217;un design innovant permet de maintenir la collection \u00e0 la mode.<\/span><br \/><span style=\"font-size: 14pt\">&#8211; Design \u00e0 la mode<\/span><br \/><span style=\"font-size: 14pt\">Le costume est dot\u00e9 d&#8217;un col montant \u00e0 la mode steampunk r\u00e9tro, qui peut modifier votre corps. L&#8217;encolure \u00e0 double boutonnage, la fausse cape, chaude et coupe-vent, les d\u00e9corations amovibles et la ceinture r\u00e9glable, ainsi que l&#8217;ourlet irr\u00e9gulier en queue d&#8217;aronde, r\u00e9tro et gentleman, sont autant d&#8217;atouts.<\/span><\/p>\n<div><span style=\"font-size: 14pt\">&#8211; Cadeau id\u00e9al<\/span><\/div>\n<div><span style=\"font-size: 14pt\">Ce manteau de costume est un cadeau parfait pour vos amis ou votre famille \u00e0 l&#8217;occasion d&#8217;Halloween, des f\u00eates de Cos, des d\u00eeners \u00e0 th\u00e8me ou d&#8217;autres f\u00eates caract\u00e9ristiques, ou pour vos amis ou votre famille, ou encore pour quelqu&#8217;un que vous aimez.  <\/span><\/div>\n<\/div>\n<div> <\/div>\n<div><strong><span style=\"font-size: 14pt\">Avis<\/span><\/strong><br \/><span style=\"font-size: 14pt\">Divers facteurs de production peuvent entra\u00eener de l\u00e9g\u00e8res diff\u00e9rences entre le produit r\u00e9el et la maquette, qu&#8217;il s&#8217;agisse des couleurs, de la position de l&#8217;impression ou de la taille.<\/span><\/div>\n<p><\/p>\n<p style=\"text-align: center\"><span style=\"font-size: 14pt\">Ces donn\u00e9es de taille sont mesur\u00e9es manuellement, en raison des diff\u00e9rentes m\u00e9thodes de mesure, des erreurs de 1 \u00e0 3 cm sont consid\u00e9r\u00e9es comme normales.<\/span><\/p>\n","protected":false},"excerpt":{"rendered":"<p>Fashion Solid Color Stand Collar Coat Steampunk Retro Men&#8217;s Uniform &#8211; [Material]: coton 85% + polyester 15%.&#8211; [Type]: Uniforme r\u00e9tro steampunk pour homme&#8211; [Occasion]: Notre costume a un design r\u00e9tro steampunk distinct et typique, qui peut \u00eatre appliqu\u00e9 \u00e0 diverses occasions, comme les f\u00eates d&#8217;Halloween et les activit\u00e9s de cosplay, le manteau aura l&#8217;air cool, [&hellip;]<\/p>\n","protected":false},"featured_media":8011,"comment_status":"open","ping_status":"closed","template":"","meta":{"_glsr_average":0,"_glsr_ranking":0,"_glsr_reviews":0,"_mi_skip_tracking":false,"_monsterinsights_sitenote_active":false,"_monsterinsights_sitenote_note":"","_monsterinsights_sitenote_category":0},"product_cat":[142,151],"product_tag":[],"_links":{"self":[{"href":"https:\/\/freshclo.com\/fr\/wp-json\/wp\/v2\/product\/7963"}],"collection":[{"href":"https:\/\/freshclo.com\/fr\/wp-json\/wp\/v2\/product"}],"about":[{"href":"https:\/\/freshclo.com\/fr\/wp-json\/wp\/v2\/types\/product"}],"replies":[{"embeddable":true,"href":"https:\/\/freshclo.com\/fr\/wp-json\/wp\/v2\/comments?post=7963"}],"wp:featuredmedia":[{"embeddable":true,"href":"https:\/\/freshclo.com\/fr\/wp-json\/wp\/v2\/media\/8011"}],"wp:attachment":[{"href":"https:\/\/freshclo.com\/fr\/wp-json\/wp\/v2\/media?parent=7963"}],"wp:term":[{"taxonomy":"product_cat","embeddable":true,"href":"https:\/\/freshclo.com\/fr\/wp-json\/wp\/v2\/product_cat?post=7963"},{"taxonomy":"product_tag","embeddable":true,"href":"https:\/\/freshclo.com\/fr\/wp-json\/wp\/v2\/product_tag?post=7963"}],"curies":[{"name":"wp","href":"https:\/\/api.w.org\/{rel}","templated":true}]}}