{"id":8148,"date":"2023-04-30T14:19:39","date_gmt":"2023-04-30T14:19:39","guid":{"rendered":"https:\/\/freshclo.com\/product\/bracelet-boho-en-cuir-multicouche\/"},"modified":"2023-06-21T07:35:06","modified_gmt":"2023-06-21T07:35:06","slug":"bracelet-boho-en-cuir-multicouche","status":"publish","type":"product","link":"https:\/\/freshclo.com\/fr\/produit\/bracelet-boho-en-cuir-multicouche\/","title":{"rendered":"Bracelet Boho en cuir multicouche"},"content":{"rendered":"<div><strong><span style=\"font-size: 14pt;\">Bracelet Boho en cuir multicouche avec c\u0153ur Bracelet \u00e0 boucle aimant\u00e9e pour dames<\/span><\/strong><\/div>\n<div><span style=\"font-size: 14pt;\">&#8211; [Material]: PU<\/span><\/div>\n<div><span style=\"font-size: 14pt;\">&#8211; [Size]: 19.5cm(7.7&#8243;)<\/span><\/div>\n<div><span style=\"font-size: 14pt;\">&#8211; [Type]: Bracelet<\/span><\/div>\n<div><span style=\"font-size: 14pt;\">&#8211; [Occasion]: Il s&#8217;agit d&#8217;un bracelet de style boh\u00e8me \u00e0 double couche, principalement compos\u00e9 de cuir, fix\u00e9 par un fermoir magn\u00e9tique, qui est stable et ne tombe pas. S&#8217;adapte \u00e0 tous les styles et \u00e0 toutes les sc\u00e8nes.<\/span><\/div>\n<div><\/div>\n<div><\/div>\n<div><strong><span style=\"font-size: 14pt;\">A propos de cet article<\/span><\/strong><\/div>\n<div><span style=\"font-size: 14pt;\">&#8211; Artisanat d\u00e9licat<\/span><\/div>\n<div><span style=\"font-size: 14pt;\">Chaque mat\u00e9riau du bracelet a \u00e9t\u00e9 soigneusement s\u00e9lectionn\u00e9 pour fabriquer ces magnifiques bracelets.<\/span><\/div>\n<div><span style=\"font-size: 14pt;\">&#8211; Un design unique<\/span><\/div>\n<div><span style=\"font-size: 14pt;\">Le bracelet vous donne une allure \u00e9l\u00e9gante. Il peut \u00eatre port\u00e9 par les femmes dans diff\u00e9rents styles et couleurs.<\/span><\/div>\n<div><span style=\"font-size: 14pt;\">&#8211; Un beau cadeau \u00e0 offrir<\/span><\/div>\n<div><span style=\"font-size: 14pt;\">Le bracelet s&#8217;accorde avec toutes sortes de styles, et ce serait une surprise de recevoir ce magnifique bracelet \u00e0 l&#8217;occasion de son anniversaire, de sa f\u00eate, etc.<\/span><\/div>\n<div><\/div>\n<p>&nbsp;<\/p>\n","protected":false},"excerpt":{"rendered":"<p>Bracelet Boho en cuir multicouche avec c\u0153ur Bracelet \u00e0 boucle aimant\u00e9e pour dames &#8211; [Material]: PU &#8211; [Size]: 19.5cm(7.7&#8243;) &#8211; [Type]: Bracelet &#8211; [Occasion]: Il s&#8217;agit d&#8217;un bracelet de style boh\u00e8me \u00e0 double couche, principalement compos\u00e9 de cuir, fix\u00e9 par un fermoir magn\u00e9tique, qui est stable et ne tombe pas. S&#8217;adapte \u00e0 tous les styles [&hellip;]<\/p>\n","protected":false},"featured_media":8189,"comment_status":"open","ping_status":"closed","template":"","meta":{"_glsr_average":0,"_glsr_ranking":0,"_glsr_reviews":0,"_mi_skip_tracking":false,"_monsterinsights_sitenote_active":false,"_monsterinsights_sitenote_note":"","_monsterinsights_sitenote_category":0},"product_cat":[139,168],"product_tag":[],"_links":{"self":[{"href":"https:\/\/freshclo.com\/fr\/wp-json\/wp\/v2\/product\/8148"}],"collection":[{"href":"https:\/\/freshclo.com\/fr\/wp-json\/wp\/v2\/product"}],"about":[{"href":"https:\/\/freshclo.com\/fr\/wp-json\/wp\/v2\/types\/product"}],"replies":[{"embeddable":true,"href":"https:\/\/freshclo.com\/fr\/wp-json\/wp\/v2\/comments?post=8148"}],"wp:featuredmedia":[{"embeddable":true,"href":"https:\/\/freshclo.com\/fr\/wp-json\/wp\/v2\/media\/8189"}],"wp:attachment":[{"href":"https:\/\/freshclo.com\/fr\/wp-json\/wp\/v2\/media?parent=8148"}],"wp:term":[{"taxonomy":"product_cat","embeddable":true,"href":"https:\/\/freshclo.com\/fr\/wp-json\/wp\/v2\/product_cat?post=8148"},{"taxonomy":"product_tag","embeddable":true,"href":"https:\/\/freshclo.com\/fr\/wp-json\/wp\/v2\/product_tag?post=8148"}],"curies":[{"name":"wp","href":"https:\/\/api.w.org\/{rel}","templated":true}]}}