{"id":8237,"date":"2023-04-30T14:30:56","date_gmt":"2023-04-30T14:30:56","guid":{"rendered":"https:\/\/freshclo.com\/product\/bracelet-dor-rose-ajustable-pour-femmes\/"},"modified":"2023-06-21T07:35:13","modified_gmt":"2023-06-21T07:35:13","slug":"bracelet-dor-rose-ajustable-pour-femmes","status":"publish","type":"product","link":"https:\/\/freshclo.com\/fr\/produit\/bracelet-dor-rose-ajustable-pour-femmes\/","title":{"rendered":"Bracelet d&#8217;or rose ajustable pour femmes"},"content":{"rendered":"<div><strong><span style=\"font-size: 14pt;\">Bracelet en or rose Bracelet ajustable en cristal de pierre de naissance pour femme<\/span><\/strong><\/div>\n<div><span style=\"font-size: 14pt;\">&#8211; [Material]: Cuivre + Zircon<\/span><\/div>\n<div><span style=\"font-size: 14pt;\">&#8211; [Size]: 11.4cm-13.4cm(4.5&#8243;-5.3&#8243;)<\/span><\/div>\n<div><span style=\"font-size: 14pt;\">&#8211; [Type]: Bracelet<\/span><\/div>\n<div><span style=\"font-size: 14pt;\">&#8211; [Occasion]: Ce bracelet en zircon est d\u00e9licat, \u00e9l\u00e9gant et beau. Il est simple et d\u00e9contract\u00e9 et convient \u00e0 toutes les occasions.<\/span><\/div>\n<div><\/div>\n<div><strong><span style=\"font-size: 14pt;\">A propos de cet article<\/span><\/strong><\/div>\n<div><span style=\"font-size: 14pt;\">&#8211; Artisanat d\u00e9licat<\/span><\/div>\n<div><span style=\"font-size: 14pt;\">Chaque mat\u00e9riau du bracelet a \u00e9t\u00e9 soigneusement s\u00e9lectionn\u00e9 pour fabriquer ces magnifiques bracelets.<\/span><\/div>\n<div><span style=\"font-size: 14pt;\">&#8211; Un design unique<\/span><\/div>\n<div><span style=\"font-size: 14pt;\">Les bracelets vous donnent une allure \u00e9l\u00e9gante. Il peut \u00eatre fabriqu\u00e9 dans diff\u00e9rentes couleurs, ce qui offre une grande vari\u00e9t\u00e9 d&#8217;options.<\/span><\/div>\n<div><span style=\"font-size: 14pt;\">&#8211; Un beau cadeau \u00e0 offrir<\/span><\/div>\n<div><span style=\"font-size: 14pt;\">Le bracelet se marie tr\u00e8s bien avec toutes sortes de styles, et ce serait une surprise de recevoir ce magnifique bracelet \u00e0 l&#8217;occasion de son anniversaire, de sa f\u00eate, etc.<\/span><\/div>\n<div><\/div>\n<p>&nbsp;<\/p>\n","protected":false},"excerpt":{"rendered":"<p>Bracelet en or rose Bracelet ajustable en cristal de pierre de naissance pour femme &#8211; [Material]: Cuivre + Zircon &#8211; [Size]: 11.4cm-13.4cm(4.5&#8243;-5.3&#8243;) &#8211; [Type]: Bracelet &#8211; [Occasion]: Ce bracelet en zircon est d\u00e9licat, \u00e9l\u00e9gant et beau. Il est simple et d\u00e9contract\u00e9 et convient \u00e0 toutes les occasions. A propos de cet article &#8211; Artisanat d\u00e9licat [&hellip;]<\/p>\n","protected":false},"featured_media":8279,"comment_status":"open","ping_status":"closed","template":"","meta":{"_glsr_average":0,"_glsr_ranking":0,"_glsr_reviews":0,"_mi_skip_tracking":false,"_monsterinsights_sitenote_active":false,"_monsterinsights_sitenote_note":"","_monsterinsights_sitenote_category":0},"product_cat":[139,168],"product_tag":[],"_links":{"self":[{"href":"https:\/\/freshclo.com\/fr\/wp-json\/wp\/v2\/product\/8237"}],"collection":[{"href":"https:\/\/freshclo.com\/fr\/wp-json\/wp\/v2\/product"}],"about":[{"href":"https:\/\/freshclo.com\/fr\/wp-json\/wp\/v2\/types\/product"}],"replies":[{"embeddable":true,"href":"https:\/\/freshclo.com\/fr\/wp-json\/wp\/v2\/comments?post=8237"}],"wp:featuredmedia":[{"embeddable":true,"href":"https:\/\/freshclo.com\/fr\/wp-json\/wp\/v2\/media\/8279"}],"wp:attachment":[{"href":"https:\/\/freshclo.com\/fr\/wp-json\/wp\/v2\/media?parent=8237"}],"wp:term":[{"taxonomy":"product_cat","embeddable":true,"href":"https:\/\/freshclo.com\/fr\/wp-json\/wp\/v2\/product_cat?post=8237"},{"taxonomy":"product_tag","embeddable":true,"href":"https:\/\/freshclo.com\/fr\/wp-json\/wp\/v2\/product_tag?post=8237"}],"curies":[{"name":"wp","href":"https:\/\/api.w.org\/{rel}","templated":true}]}}