{"id":8291,"date":"2023-04-30T14:21:46","date_gmt":"2023-04-30T14:21:46","guid":{"rendered":"https:\/\/freshclo.com\/product\/bracelet-punk-en-oeil-de-tigre-depoli\/"},"modified":"2023-06-21T07:35:13","modified_gmt":"2023-06-21T07:35:13","slug":"bracelet-punk-en-oeil-de-tigre-depoli","status":"publish","type":"product","link":"https:\/\/freshclo.com\/fr\/produit\/bracelet-punk-en-oeil-de-tigre-depoli\/","title":{"rendered":"Bracelet Punk en Oeil de Tigre D\u00e9poli"},"content":{"rendered":"<div><strong><span style=\"font-size: 14pt\">Punk Bracelet d&#8217;oeil de tigre givr\u00e9 Bracelet de personnalit\u00e9 Bracelet de cha\u00eene de perles en pierre naturelle<\/span><\/strong><\/div>\n<div><span style=\"font-size: 14pt\">&#8211; [Material]: Alliage + pierre naturelle<\/span><\/div>\n<div><span style=\"font-size: 14pt\">&#8211; [Size]: 21.5cm(8.5&#8243;)<\/span><\/div>\n<div><span style=\"font-size: 14pt\">&#8211; [Type]: Bracelet<\/span><\/div>\n<div><span style=\"font-size: 14pt\">&#8211; [Occasion]: Il s&#8217;agit d&#8217;un bracelet en pierres naturelles sans pr\u00e9tention, compos\u00e9 de perles rondes broy\u00e9es \u00e0 partir de diff\u00e9rents minerais pour former un bracelet au style simple qui s&#8217;adapte \u00e0 tous les lieux.<\/span><\/div>\n<div><span style=\"font-size: 14pt\">&#8211; [Note]: Le motif de la pierre naturelle \u00e9tant g\u00e9n\u00e9r\u00e9 naturellement, il n&#8217;est pas possible d&#8217;exiger que chaque bracelet soit identique \u00e0 la photo.<\/span><\/div>\n<div> <\/div>\n<div><strong><span style=\"font-size: 14pt\">A propos de cet article<\/span><\/strong><\/div>\n<div><span style=\"font-size: 14pt\">&#8211; Artisanat d\u00e9licat<\/span><\/div>\n<div><span style=\"font-size: 14pt\">Chaque mat\u00e9riau du bracelet a \u00e9t\u00e9 soigneusement s\u00e9lectionn\u00e9 pour fabriquer ces magnifiques bracelets.<\/span><\/div>\n<div><span style=\"font-size: 14pt\">&#8211; Un design unique<\/span><\/div>\n<div><span style=\"font-size: 14pt\">Le bracelet vous donne une allure \u00e9l\u00e9gante. Il peut \u00eatre port\u00e9 par les hommes et les femmes dans diff\u00e9rents styles et couleurs.<\/span><\/div>\n<div><span style=\"font-size: 14pt\">&#8211; Un beau cadeau \u00e0 offrir<\/span><\/div>\n<div><span style=\"font-size: 14pt\">Le bracelet s&#8217;accorde avec toutes sortes de styles, et ce serait une surprise de recevoir ce magnifique bracelet \u00e0 l&#8217;occasion d&#8217;un anniversaire, d&#8217;une f\u00eate, etc.<\/span><\/div>\n<div> <\/div>\n<p><\/p>\n","protected":false},"excerpt":{"rendered":"<p>Punk Bracelet d&#8217;oeil de tigre givr\u00e9 Bracelet de personnalit\u00e9 Bracelet de cha\u00eene de perles en pierre naturelle &#8211; [Material]: Alliage + pierre naturelle &#8211; [Size]: 21.5cm(8.5&#8243;) &#8211; [Type]: Bracelet &#8211; [Occasion]: Il s&#8217;agit d&#8217;un bracelet en pierres naturelles sans pr\u00e9tention, compos\u00e9 de perles rondes broy\u00e9es \u00e0 partir de diff\u00e9rents minerais pour former un bracelet au [&hellip;]<\/p>\n","protected":false},"featured_media":8335,"comment_status":"open","ping_status":"closed","template":"","meta":{"_glsr_average":0,"_glsr_ranking":0,"_glsr_reviews":0,"_mi_skip_tracking":false,"_monsterinsights_sitenote_active":false,"_monsterinsights_sitenote_note":"","_monsterinsights_sitenote_category":0},"product_cat":[139,168],"product_tag":[],"_links":{"self":[{"href":"https:\/\/freshclo.com\/fr\/wp-json\/wp\/v2\/product\/8291"}],"collection":[{"href":"https:\/\/freshclo.com\/fr\/wp-json\/wp\/v2\/product"}],"about":[{"href":"https:\/\/freshclo.com\/fr\/wp-json\/wp\/v2\/types\/product"}],"replies":[{"embeddable":true,"href":"https:\/\/freshclo.com\/fr\/wp-json\/wp\/v2\/comments?post=8291"}],"wp:featuredmedia":[{"embeddable":true,"href":"https:\/\/freshclo.com\/fr\/wp-json\/wp\/v2\/media\/8335"}],"wp:attachment":[{"href":"https:\/\/freshclo.com\/fr\/wp-json\/wp\/v2\/media?parent=8291"}],"wp:term":[{"taxonomy":"product_cat","embeddable":true,"href":"https:\/\/freshclo.com\/fr\/wp-json\/wp\/v2\/product_cat?post=8291"},{"taxonomy":"product_tag","embeddable":true,"href":"https:\/\/freshclo.com\/fr\/wp-json\/wp\/v2\/product_tag?post=8291"}],"curies":[{"name":"wp","href":"https:\/\/api.w.org\/{rel}","templated":true}]}}