{"id":8599,"date":"2023-05-01T14:25:19","date_gmt":"2023-05-01T14:25:19","guid":{"rendered":"https:\/\/freshclo.com\/product\/chemise-de-cyclisme-pour-hommes-a-motifs-noues-et-colores\/"},"modified":"2023-06-21T07:35:37","modified_gmt":"2023-06-21T07:35:37","slug":"chemise-de-cyclisme-pour-hommes-a-motifs-noues-et-colores","status":"publish","type":"product","link":"https:\/\/freshclo.com\/fr\/produit\/chemise-de-cyclisme-pour-hommes-a-motifs-noues-et-colores\/","title":{"rendered":"Chemise de cyclisme pour hommes \u00e0 motifs nou\u00e9s et color\u00e9s"},"content":{"rendered":"<p><span style=\"font-size: 14pt\"><strong>Colorful Tie-dyed Pattern Men&#8217;s Cycling Shirt Flag Stylishing Cycling Jersey Mesh Breathable Activewear Cycling Top<\/strong><\/span><br \/><span style=\"font-size: 14pt\">&#8211; [Material]: Tissu en maille, polyester<\/span><br \/><span style=\"font-size: 14pt\">&#8211; [Type]: Haut de cyclisme pour homme<\/span><br \/><span style=\"font-size: 14pt\">&#8211; [Occasion]: Parfait pour le cyclisme, les entra\u00eenements en salle de sport, la course \u00e0 pied et d&#8217;autres activit\u00e9s int\u00e9rieures ou ext\u00e9rieures. Ne vous contentez pas de v\u00eatements d&#8217;entra\u00eenement ennuyeux &#8211; am\u00e9liorez votre garde-robe avec ce haut polyvalent et \u00e9l\u00e9gant d\u00e8s aujourd&#8217;hui !<\/span><br \/><span style=\"font-size: 14pt\">&#8211; [Care Instruction]: Lavable en machine, s\u00e9cher dans un s\u00e8che-linge.<\/span><\/p>\n<\/p>\n<div><strong><strong><span style=\"font-size: 14pt\">\u00c0 propos de l&#8217;article<\/span><\/strong><\/strong><\/p>\n<div><span style=\"font-size: 14pt\">&#8211; Montrez votre patriotisme<\/span><br \/><span style=\"font-size: 14pt\">Fabriqu\u00e9 en tissu mesh respirant, ce maillot offre un confort ultime lors des longues randonn\u00e9es. Le design vibrant pr\u00e9sente une pulv\u00e9risation al\u00e9atoire de couleurs, parfaite pour montrer votre go\u00fbt pour la mode lors de vos sorties \u00e0 v\u00e9lo ou pour toute autre occasion.<\/span><\/div>\n<p><span style=\"font-size: 14pt\">&#8211; Design audacieux<\/span><br \/><span style=\"font-size: 14pt\">Que vous soyez un pro chevronn\u00e9 ou un d\u00e9butant, le maillot de cyclisme est le moyen id\u00e9al d&#8217;afficher votre style pendant que vous p\u00e9dalez.<\/span><\/div>\n<div><span style=\"font-size: 14pt\">&#8211; Impression par transfert thermique de haute qualit\u00e9<\/span><br \/><span style=\"font-size: 14pt\">La technologie d&#8217;impression par transfert thermique utilis\u00e9e pour ce T-shirt garantit que les couleurs restent vives et \u00e9clatantes.<\/span><\/div>\n<div><span style=\"font-size: 14pt\">&#8211; Mati\u00e8re absorbant l&#8217;humidit\u00e9<\/span><br \/><span style=\"font-size: 14pt\">Le mat\u00e9riau durable r\u00e9siste \u00e0 une utilisation et \u00e0 des lavages fr\u00e9quents, ce qui fait de ce maillot un must-have pour tout amateur de cyclisme.  <\/span><\/div>\n<div> <\/div>\n<p><strong><span style=\"font-size: 14pt\">Avis<\/span><\/strong><br \/><span style=\"font-size: 14pt\">En raison de divers facteurs de production, il peut y avoir de l\u00e9g\u00e8res diff\u00e9rences entre le produit r\u00e9el et la maquette en termes de couleur, de position ou de taille.<\/span><\/p>\n<p><\/p>\n<table style=\"border-collapse: collapse;width: 68.7127%;height: 396px\" border=\"1\" width=\"378.02pt\" cellspacing=\"0\" cellpadding=\"0\">\n<colgroup>\n<col style=\"width: 54.00pt\" span=\"7\" width=\"72\"> <\/colgroup>\n<tbody>\n<tr style=\"height: 54.00pt\">\n<td class=\"et2\" style=\"height: 54pt;width: 54pt;text-align: center\" width=\"72\" height=\"72\">Taille<\/td>\n<td class=\"et3\" style=\"width: 54pt;text-align: center\" width=\"72\">Tour de poitrine (CM\/IN)<\/td>\n<td class=\"et3\" style=\"width: 54pt;text-align: center\" width=\"72\">Longueur (CM\/IN)<\/td>\n<td class=\"et3\" style=\"width: 54pt;text-align: center\" width=\"72\">Manche (CM\/IN)<\/td>\n<td class=\"et3\" style=\"width: 54pt;text-align: center\" width=\"72\">Largeur du brassard (CM\/IN)<\/td>\n<td class=\"et3\" style=\"width: 54pt;text-align: center\" width=\"72\">Largeur de l&#8217;ourlet (CM\/IN)<\/td>\n<td class=\"et3\" style=\"width: 54pt;text-align: center\" width=\"72\">Longueur de la fermeture \u00e9clair (CM\/IN)<\/td>\n<\/tr>\n<tr style=\"height: 13.50pt\">\n<td class=\"et3\" style=\"height: 13.5pt;width: 54pt;text-align: center\" width=\"72\" height=\"18\">S<\/td>\n<td class=\"et2\" style=\"text-align: center\">96\/37.8<\/td>\n<td class=\"et2\" style=\"text-align: center\">67\/26.38<\/td>\n<td class=\"et2\" style=\"text-align: center\">35\/13.78<\/td>\n<td class=\"et2\" style=\"text-align: center\">14.5\/5.71<\/td>\n<td class=\"et2\" style=\"text-align: center\">39\/15.35<\/td>\n<td class=\"et2\" style=\"text-align: center\">55\/21.65<\/td>\n<\/tr>\n<tr style=\"height: 13.50pt\">\n<td class=\"et3\" style=\"height: 13.5pt;width: 54pt;text-align: center\" width=\"72\" height=\"18\">M<\/td>\n<td class=\"et2\" style=\"text-align: center\">102\/40.16<\/td>\n<td class=\"et2\" style=\"text-align: center\">69\/27.17<\/td>\n<td class=\"et2\" style=\"text-align: center\">36.5\/14.37<\/td>\n<td class=\"et2\" style=\"text-align: center\">15.25\/6<\/td>\n<td class=\"et2\" style=\"text-align: center\">41.5\/16.34<\/td>\n<td class=\"et2\" style=\"text-align: center\">56.5\/22.24<\/td>\n<\/tr>\n<tr style=\"height: 13.50pt\">\n<td class=\"et3\" style=\"height: 13.5pt;width: 54pt;text-align: center\" width=\"72\" height=\"18\">L<\/td>\n<td class=\"et2\" style=\"text-align: center\">108\/42.52<\/td>\n<td class=\"et2\" style=\"text-align: center\">71\/27.95<\/td>\n<td class=\"et2\" style=\"text-align: center\">38\/14.96<\/td>\n<td class=\"et2\" style=\"text-align: center\">16\/6.3<\/td>\n<td class=\"et2\" style=\"text-align: center\">44\/17.32<\/td>\n<td class=\"et2\" style=\"text-align: center\">58\/22.83<\/td>\n<\/tr>\n<tr style=\"height: 13.50pt\">\n<td class=\"et3\" style=\"height: 13.5pt;width: 54pt;text-align: center\" width=\"72\" height=\"18\">XL<\/td>\n<td class=\"et2\" style=\"text-align: center\">114\/44.88<\/td>\n<td class=\"et2\" style=\"text-align: center\">73\/28.74<\/td>\n<td class=\"et2\" style=\"text-align: center\">39.5\/15.55<\/td>\n<td class=\"et2\" style=\"text-align: center\">16.75\/6.59<\/td>\n<td class=\"et2\" style=\"text-align: center\">46.5\/18.31<\/td>\n<td class=\"et2\" style=\"text-align: center\">59.5\/23.43<\/td>\n<\/tr>\n<tr style=\"height: 13.50pt\">\n<td class=\"et3\" style=\"height: 13.5pt;width: 54pt;text-align: center\" width=\"72\" height=\"18\">2XL<\/td>\n<td class=\"et2\" style=\"text-align: center\">122\/48.03<\/td>\n<td class=\"et2\" style=\"text-align: center\">74\/29.13<\/td>\n<td class=\"et2\" style=\"text-align: center\">41\/16.14<\/td>\n<td class=\"et2\" style=\"text-align: center\">17.5\/6.89<\/td>\n<td class=\"et2\" style=\"text-align: center\">49.5\/19.49<\/td>\n<td class=\"et2\" style=\"text-align: center\">60\/23.62<\/td>\n<\/tr>\n<tr style=\"height: 13.50pt\">\n<td class=\"et3\" style=\"height: 13.5pt;width: 54pt;text-align: center\" width=\"72\" height=\"18\">3XL<\/td>\n<td class=\"et2\" style=\"text-align: center\">130\/51.18<\/td>\n<td class=\"et2\" style=\"text-align: center\">75\/29.53<\/td>\n<td class=\"et2\" style=\"text-align: center\">42.5\/16.73<\/td>\n<td class=\"et2\" style=\"text-align: center\">18.25\/7.19<\/td>\n<td class=\"et2\" style=\"text-align: center\">53\/20.87<\/td>\n<td class=\"et2\" style=\"text-align: center\">60.5\/23.82<\/td>\n<\/tr>\n<tr style=\"height: 13.50pt\">\n<td class=\"et3\" style=\"height: 13.5pt;width: 54pt;text-align: center\" width=\"72\" height=\"18\">4XL<\/td>\n<td class=\"et2\" style=\"text-align: center\">138\/54.33<\/td>\n<td class=\"et2\" style=\"text-align: center\">76\/29.92<\/td>\n<td class=\"et2\" style=\"text-align: center\">44\/17.32<\/td>\n<td class=\"et2\" style=\"text-align: center\">19\/7.48<\/td>\n<td class=\"et2\" style=\"text-align: center\">56.5\/22.24<\/td>\n<td class=\"et2\" style=\"text-align: center\">61\/24.02<\/td>\n<\/tr>\n<tr style=\"height: 13.50pt\">\n<td class=\"et3\" style=\"height: 13.5pt;width: 54pt;text-align: center\" width=\"72\" height=\"18\">5XL<\/td>\n<td class=\"et2\" style=\"text-align: center\">146\/57.48<\/td>\n<td class=\"et2\" style=\"text-align: center\">77\/30.31<\/td>\n<td class=\"et2\" style=\"text-align: center\">45.5\/17.91<\/td>\n<td class=\"et2\" style=\"text-align: center\">19.75\/7.78<\/td>\n<td class=\"et2\" style=\"text-align: center\">60\/23.62<\/td>\n<td class=\"et2\" style=\"text-align: center\">61.5\/24.21<\/td>\n<\/tr>\n<tr style=\"height: 13.50pt\">\n<td class=\"et3\" style=\"height: 13.5pt;width: 54pt;text-align: center\" width=\"72\" height=\"18\">6XL<\/td>\n<td class=\"et2\" style=\"text-align: center\">154\/60.63<\/td>\n<td class=\"et2\" style=\"text-align: center\">78\/30.71<\/td>\n<td class=\"et2\" style=\"text-align: center\">47\/18.5<\/td>\n<td class=\"et2\" style=\"text-align: center\">20.5\/8.07<\/td>\n<td class=\"et2\" style=\"text-align: center\">63.5\/25<\/td>\n<td class=\"et2\" style=\"text-align: center\">62\/24.41<\/td>\n<\/tr>\n<\/tbody>\n<\/table>\n<p>Ces donn\u00e9es de taille sont mesur\u00e9es manuellement, en raison des diff\u00e9rentes m\u00e9thodes de mesure, des erreurs de 1 \u00e0 2 cm sont consid\u00e9r\u00e9es comme normales.<\/p>\n","protected":false},"excerpt":{"rendered":"<p>Colorful Tie-dyed Pattern Men&#8217;s Cycling Shirt Flag Stylishing Cycling Jersey Mesh Breathable Activewear Cycling Top&#8211; [Material]: Tissu en maille, polyester&#8211; [Type]: Haut de cyclisme pour homme&#8211; [Occasion]: Parfait pour le cyclisme, les entra\u00eenements en salle de sport, la course \u00e0 pied et d&#8217;autres activit\u00e9s int\u00e9rieures ou ext\u00e9rieures. Ne vous contentez pas de v\u00eatements d&#8217;entra\u00eenement ennuyeux [&hellip;]<\/p>\n","protected":false},"featured_media":8637,"comment_status":"open","ping_status":"closed","template":"","meta":{"_glsr_average":0,"_glsr_ranking":0,"_glsr_reviews":0,"_mi_skip_tracking":false,"_monsterinsights_sitenote_active":false,"_monsterinsights_sitenote_note":"","_monsterinsights_sitenote_category":0},"product_cat":[146,142,160],"product_tag":[],"_links":{"self":[{"href":"https:\/\/freshclo.com\/fr\/wp-json\/wp\/v2\/product\/8599"}],"collection":[{"href":"https:\/\/freshclo.com\/fr\/wp-json\/wp\/v2\/product"}],"about":[{"href":"https:\/\/freshclo.com\/fr\/wp-json\/wp\/v2\/types\/product"}],"replies":[{"embeddable":true,"href":"https:\/\/freshclo.com\/fr\/wp-json\/wp\/v2\/comments?post=8599"}],"wp:featuredmedia":[{"embeddable":true,"href":"https:\/\/freshclo.com\/fr\/wp-json\/wp\/v2\/media\/8637"}],"wp:attachment":[{"href":"https:\/\/freshclo.com\/fr\/wp-json\/wp\/v2\/media?parent=8599"}],"wp:term":[{"taxonomy":"product_cat","embeddable":true,"href":"https:\/\/freshclo.com\/fr\/wp-json\/wp\/v2\/product_cat?post=8599"},{"taxonomy":"product_tag","embeddable":true,"href":"https:\/\/freshclo.com\/fr\/wp-json\/wp\/v2\/product_tag?post=8599"}],"curies":[{"name":"wp","href":"https:\/\/api.w.org\/{rel}","templated":true}]}}