{"id":8624,"date":"2023-05-01T14:42:52","date_gmt":"2023-05-01T14:42:52","guid":{"rendered":"https:\/\/freshclo.com\/product\/chandails-tricotes-pour-hommes-col-roule-basic-ribbed-pullover\/"},"modified":"2023-06-21T07:35:32","modified_gmt":"2023-06-21T07:35:32","slug":"chandails-tricotes-pour-hommes-col-roule-basic-ribbed-pullover","status":"publish","type":"product","link":"https:\/\/freshclo.com\/fr\/produit\/chandails-tricotes-pour-hommes-col-roule-basic-ribbed-pullover\/","title":{"rendered":"Chandails tricot\u00e9s pour hommes Col roul\u00e9 Basic Ribbed Pullover"},"content":{"rendered":"<div><strong><span style=\"font-size: 14pt\">Chandails tricot\u00e9s pour hommes Col roul\u00e9 Basic Ribbed Pullover Thermal Solid Sweaters<\/span><\/strong><\/div>\n<div><span style=\"font-size: 14pt\">&#8211; [Material]: Tissu en tricot c\u00f4tel\u00e9<\/span><br \/><span style=\"font-size: 14pt\">&#8211; [Color]: <span style=\"color: #000000\">Noir\/AntiqueBlanc\/Bleu nuit\/Gris<\/span><\/span><br \/><span style=\"font-size: 14pt\">&#8211; [Type]: Pull<\/span><br \/><span style=\"font-size: 14pt\">&#8211; [Occasion]: Il est id\u00e9al pour la plage, les f\u00eates, les vacances, les cocktails, les clubs, les rendez-vous, les d\u00eeners, les mariages, les loisirs, les voyages, le bureau et les v\u00eatements de tous les jours, vous donnant ainsi une allure \u00e9l\u00e9gante.<\/span><br \/><span style=\"font-size: 14pt\">&#8211; [Care Instruction]: Lavage \u00e0 la main ou en machine.<\/span><\/div>\n<div> <\/div>\n<div><strong><span style=\"font-size: 14pt\">A propos de cet article<\/span><\/strong><br \/><span style=\"font-size: 14pt\">&#8211; Tissu souple<\/span><br \/><span style=\"font-size: 14pt\">Le pull \u00e0 col roul\u00e9 est fabriqu\u00e9 dans un tissu agr\u00e9able pour la peau, tr\u00e8s doux et respirant, qui vous garde au chaud pendant les froids de l&#8217;hiver.<\/span><br \/><span style=\"font-size: 14pt\">&#8211; Design classique<\/span><br \/><span style=\"font-size: 14pt\">Le pull \u00e0 col roul\u00e9 ajust\u00e9 permet de garder le cou au chaud. Le pull-over de couleur unie avec un fil torsad\u00e9 permet d&#8217;assortir le pull-over \u00e0 col roul\u00e9 \u00e0 toutes sortes de v\u00eatements sans perdre la mode.<\/span><br \/><span style=\"font-size: 14pt\">&#8211; Col roul\u00e9 pour hommes<\/span><br \/><span style=\"font-size: 14pt\">Le pull \u00e0 col roul\u00e9 de base pour homme est un \u00e9l\u00e9ment indispensable de la garde-robe masculine, surtout pendant les saisons froides de l&#8217;automne et de l&#8217;hiver. Avec notre pull \u00e0 col roul\u00e9, vous ne perdrez pas votre style.<\/span><br \/><span style=\"font-size: 14pt\">&#8211; Bon match<\/span><br \/><span style=\"font-size: 14pt\">Le pull peut \u00eatre port\u00e9 seul ou comme v\u00eatement d&#8217;int\u00e9rieur. Il s&#8217;accorde parfaitement avec diff\u00e9rents types de vestes, manteaux ou coupe-vent.<\/span><\/div>\n<div> <\/div>\n<div> <\/div>\n<div><strong><span style=\"font-size: 14pt\">Avis<\/span><\/strong><\/div>\n<div><span style=\"font-size: 14pt\">Divers facteurs de production peuvent entra\u00eener de l\u00e9g\u00e8res diff\u00e9rences entre le produit r\u00e9el et la maquette, qu&#8217;il s&#8217;agisse des couleurs, de la position de l&#8217;impression ou de la taille.  <\/span><br \/><span style=\"font-size: 14pt\">Ces donn\u00e9es de taille sont mesur\u00e9es manuellement, en raison des diff\u00e9rentes m\u00e9thodes de mesure, des erreurs de 1 \u00e0 3 cm sont consid\u00e9r\u00e9es comme normales.<\/span><\/div>\n<p><\/p>\n<table style=\"border-collapse: collapse;width: 43.3712%;margin-left: auto;margin-right: auto\" border=\"1\" width=\"401\">\n<tbody>\n<tr>\n<td style=\"width: 9.25771%;text-align: center\"><span style=\"font-size: 14pt\">Taille<\/span><\/td>\n<td style=\"width: 12.427%;text-align: center\"><span style=\"font-size: 14pt\">Poitrine(cm\/in)<\/span><\/td>\n<td style=\"width: 11.7925%;text-align: center\"><span style=\"font-size: 14pt\">Manche(cm\/in)<\/span><\/td>\n<td style=\"width: 9.81206%;text-align: center\"><span style=\"font-size: 14pt\">Longueur (cm\/in)<\/span><\/td>\n<\/tr>\n<tr>\n<td style=\"width: 9.25771%;text-align: center\"><span style=\"font-size: 14pt\">M<\/span><\/td>\n<td style=\"width: 12.427%;text-align: center\"><span style=\"font-size: 14pt\">112\/44.09<\/span><\/td>\n<td style=\"width: 11.7925%;text-align: center\"><span style=\"font-size: 14pt\">52\/20.47<\/span><\/td>\n<td style=\"width: 9.81206%;text-align: center\"><span style=\"font-size: 14pt\">68\/26.77<\/span><\/td>\n<\/tr>\n<tr>\n<td style=\"width: 9.25771%;text-align: center\"><span style=\"font-size: 14pt\">L<\/span><\/td>\n<td style=\"width: 12.427%;text-align: center\"><span style=\"font-size: 14pt\">116\/45.67<\/span><\/td>\n<td style=\"width: 11.7925%;text-align: center\"><span style=\"font-size: 14pt\">53\/20.87<\/span><\/td>\n<td style=\"width: 9.81206%;text-align: center\"><span style=\"font-size: 14pt\">69\/27.17<\/span><\/td>\n<\/tr>\n<tr>\n<td style=\"width: 9.25771%;text-align: center\"><span style=\"font-size: 14pt\">XL<\/span><\/td>\n<td style=\"width: 12.427%;text-align: center\"><span style=\"font-size: 14pt\">120\/47.24<\/span><\/td>\n<td style=\"width: 11.7925%;text-align: center\"><span style=\"font-size: 14pt\">54\/21.26<\/span><\/td>\n<td style=\"width: 9.81206%;text-align: center\"><span style=\"font-size: 14pt\">70\/27.56<\/span><\/td>\n<\/tr>\n<tr>\n<td style=\"width: 9.25771%;text-align: center\"><span style=\"font-size: 14pt\">2XL<\/span><\/td>\n<td style=\"width: 12.427%;text-align: center\"><span style=\"font-size: 14pt\">124\/48.82<\/span><\/td>\n<td style=\"width: 11.7925%;text-align: center\"><span style=\"font-size: 14pt\">55\/21.65<\/span><\/td>\n<td style=\"width: 9.81206%;text-align: center\"><span style=\"font-size: 14pt\">71\/27.95<\/span><\/td>\n<\/tr>\n<\/tbody>\n<\/table>\n<p style=\"text-align: center\"><span style=\"font-size: 14pt\">Les donn\u00e9es relatives \u00e0 la taille sont mesur\u00e9es manuellement. En raison des diff\u00e9rentes m\u00e9thodes de mesure, des erreurs de 1 \u00e0 2 cm sont consid\u00e9r\u00e9es comme normales.<\/span><\/p>\n","protected":false},"excerpt":{"rendered":"<p>Chandails tricot\u00e9s pour hommes Col roul\u00e9 Basic Ribbed Pullover Thermal Solid Sweaters &#8211; [Material]: Tissu en tricot c\u00f4tel\u00e9&#8211; [Color]: Noir\/AntiqueBlanc\/Bleu nuit\/Gris&#8211; [Type]: Pull&#8211; [Occasion]: Il est id\u00e9al pour la plage, les f\u00eates, les vacances, les cocktails, les clubs, les rendez-vous, les d\u00eeners, les mariages, les loisirs, les voyages, le bureau et les v\u00eatements de tous [&hellip;]<\/p>\n","protected":false},"featured_media":8664,"comment_status":"open","ping_status":"closed","template":"","meta":{"_glsr_average":0,"_glsr_ranking":0,"_glsr_reviews":0,"_mi_skip_tracking":false,"_monsterinsights_sitenote_active":false,"_monsterinsights_sitenote_note":"","_monsterinsights_sitenote_category":0},"product_cat":[142,149],"product_tag":[],"_links":{"self":[{"href":"https:\/\/freshclo.com\/fr\/wp-json\/wp\/v2\/product\/8624"}],"collection":[{"href":"https:\/\/freshclo.com\/fr\/wp-json\/wp\/v2\/product"}],"about":[{"href":"https:\/\/freshclo.com\/fr\/wp-json\/wp\/v2\/types\/product"}],"replies":[{"embeddable":true,"href":"https:\/\/freshclo.com\/fr\/wp-json\/wp\/v2\/comments?post=8624"}],"wp:featuredmedia":[{"embeddable":true,"href":"https:\/\/freshclo.com\/fr\/wp-json\/wp\/v2\/media\/8664"}],"wp:attachment":[{"href":"https:\/\/freshclo.com\/fr\/wp-json\/wp\/v2\/media?parent=8624"}],"wp:term":[{"taxonomy":"product_cat","embeddable":true,"href":"https:\/\/freshclo.com\/fr\/wp-json\/wp\/v2\/product_cat?post=8624"},{"taxonomy":"product_tag","embeddable":true,"href":"https:\/\/freshclo.com\/fr\/wp-json\/wp\/v2\/product_tag?post=8624"}],"curies":[{"name":"wp","href":"https:\/\/api.w.org\/{rel}","templated":true}]}}