{"id":8889,"date":"2023-05-01T14:51:30","date_gmt":"2023-05-01T14:51:30","guid":{"rendered":"https:\/\/freshclo.com\/product\/ensemble-bonnet-et-echarpe-dhiver-2-pieces-pour-garcons-et-filles-bonnets-en-tricot\/"},"modified":"2023-06-21T07:35:37","modified_gmt":"2023-06-21T07:35:37","slug":"ensemble-bonnet-et-echarpe-dhiver-2-pieces-pour-garcons-et-filles-bonnets-en-tricot","status":"publish","type":"product","link":"https:\/\/freshclo.com\/fr\/produit\/ensemble-bonnet-et-echarpe-dhiver-2-pieces-pour-garcons-et-filles-bonnets-en-tricot\/","title":{"rendered":"Ensemble bonnet et \u00e9charpe d&#8217;hiver 2 pi\u00e8ces pour gar\u00e7ons et filles Bonnets en tricot"},"content":{"rendered":"<div><strong><span style=\"font-size: 14pt\">Ensemble bonnet et \u00e9charpe d&#8217;hiver 2 pi\u00e8ces pour gar\u00e7ons et filles Bonnets en tricot<\/span><\/strong><\/div>\n<div><span style=\"font-size: 14pt\">&#8211; [Material]: Fil de laine<\/span><br \/><span style=\"font-size: 14pt\">&#8211; [Size]: S\/M pour les enfants<\/span><\/div>\n<div><span style=\"font-size: 14pt\">&#8211; [Color]: <span style=\"color: #000000\">Gris\/AntiqueBlanc\/Pourpre\/Rose<\/span><\/span><br \/><span style=\"font-size: 14pt\">&#8211; [Type]: Chapeau+\u00c9charpe<\/span><br \/><span style=\"font-size: 14pt\">&#8211; [Occasion]: Notre ensemble bonnet-\u00e9charpe pour gar\u00e7ons et filles peut couvrir enti\u00e8rement les oreilles et la bouche, parfait pour la marche, la course, la randonn\u00e9e, le patinage sur glace, le ski et d&#8217;autres activit\u00e9s de plein air en hiver.<\/span><\/div>\n<div> <\/div>\n<div> <\/div>\n<div><strong><span style=\"font-size: 14pt\">A propos de cet article<\/span><\/strong><br \/><span style=\"font-size: 14pt\">&#8211; Tricot classique<br \/>Un adorable bonnet d&#8217;hiver tricot\u00e9 avec une \u00e9charpe vous permet d&#8217;\u00eatre \u00e0 la fois \u00e0 la mode et au chaud. Deux tailles conviennent \u00e0 la plupart des t\u00eates d&#8217;enfants. Le mat\u00e9riau est flexible et \u00e9lastique, il convient donc \u00e0 la majorit\u00e9 des t\u00eates d&#8217;enfants.<br \/><\/span><\/div>\n<div><span style=\"font-size: 14pt\">&#8211; Mat\u00e9riau de haute qualit\u00e9<\/span><\/div>\n<div><span style=\"font-size: 14pt\">L&#8217;ensemble bonnet et \u00e9charpe pour enfants est fabriqu\u00e9 en fil de laine. Vous pouvez utiliser cet ensemble bonnet et \u00e9charpe pour enfants ensemble ou s\u00e9par\u00e9ment comme vous le souhaitez, il gardera votre t\u00eate, vos oreilles, votre visage et votre cou au chaud tout le temps.<\/span><br \/><span style=\"font-size: 14pt\">&#8211; Dr\u00f4le et fonctionnel<\/span><\/div>\n<div><span style=\"font-size: 14pt\">Les poignets du bonnet peuvent \u00eatre relev\u00e9s ou abaiss\u00e9s pour bien tenir sur la t\u00eate de votre enfant lorsqu&#8217;il est dehors par temps froid. C&#8217;est \u00e9galement une id\u00e9e de cadeau unique, qui peut \u00eatre utilis\u00e9e comme cadeau d&#8217;anniversaire, de No\u00ebl, de Nouvel An et autres cadeaux de No\u00ebl pour les parents et les amis.<\/span><\/div>\n<div> <\/div>\n<div> <\/div>\n<div><strong><span style=\"font-size: 14pt\">Avis<\/span><\/strong><\/div>\n<div><span style=\"font-size: 14pt\">Ces donn\u00e9es de taille sont mesur\u00e9es manuellement, en raison des diff\u00e9rentes m\u00e9thodes de mesure, des erreurs de 1 \u00e0 3 cm sont consid\u00e9r\u00e9es comme normales.<\/span><\/div>\n<p><\/p>\n<table style=\"border-collapse: collapse;width: 63.6356%;margin-left: auto;margin-right: auto\" border=\"1\" width=\"582\">\n<tbody>\n<tr>\n<td style=\"width: 5.50459%;text-align: center\"><span style=\"font-size: 14pt\">Taille<\/span><\/td>\n<td style=\"width: 12.5938%;text-align: center\"><span style=\"font-size: 14pt\">Largeur du chapeau (cm\/in)<\/span><\/td>\n<td style=\"width: 13.0108%;text-align: center\"><span style=\"font-size: 14pt\">Hauteur du chapeau (cm\/in)<\/span><\/td>\n<td style=\"width: 15.6797%;text-align: center\"><span style=\"font-size: 14pt\">Largeur de l&#8217;\u00e9charpe (cm\/in)<\/span><\/td>\n<td style=\"width: 16.8475%;text-align: center\"><span style=\"font-size: 14pt\">Hauteur de l&#8217;\u00e9charpe (cm\/in)<\/span><\/td>\n<\/tr>\n<tr>\n<td style=\"width: 5.50459%;text-align: center\"><span style=\"font-size: 14pt\">S<\/span><\/td>\n<td style=\"width: 12.5938%;text-align: center\"><span style=\"font-size: 14pt\">16\/6.3<\/span><\/td>\n<td style=\"width: 13.0108%;text-align: center\"><span style=\"font-size: 14pt\">16.5\/6.5<\/span><\/td>\n<td style=\"width: 15.6797%;text-align: center\"><span style=\"font-size: 14pt\">18\/7.09<\/span><\/td>\n<td style=\"width: 16.8475%;text-align: center\"><span style=\"font-size: 14pt\">12\/4.72<\/span><\/td>\n<\/tr>\n<tr>\n<td style=\"width: 5.50459%;text-align: center\"><span style=\"font-size: 14pt\">M<\/span><\/td>\n<td style=\"width: 12.5938%;text-align: center\"><span style=\"font-size: 14pt\">18.5\/7.28<\/span><\/td>\n<td style=\"width: 13.0108%;text-align: center\"><span style=\"font-size: 14pt\">19\/7.48<\/span><\/td>\n<td style=\"width: 15.6797%;text-align: center\"><span style=\"font-size: 14pt\">22\/8.66<\/span><\/td>\n<td style=\"width: 16.8475%;text-align: center\"><span style=\"font-size: 14pt\">16\/6.3<\/span><\/td>\n<\/tr>\n<\/tbody>\n<\/table>\n<p style=\"text-align: center\"><span style=\"font-size: 14pt\">Ces donn\u00e9es de taille sont mesur\u00e9es manuellement, en raison des diff\u00e9rentes m\u00e9thodes de mesure, des erreurs de 1 \u00e0 3 cm sont consid\u00e9r\u00e9es comme normales.<\/span><\/p>\n","protected":false},"excerpt":{"rendered":"<p>Ensemble bonnet et \u00e9charpe d&#8217;hiver 2 pi\u00e8ces pour gar\u00e7ons et filles Bonnets en tricot &#8211; [Material]: Fil de laine&#8211; [Size]: S\/M pour les enfants &#8211; [Color]: Gris\/AntiqueBlanc\/Pourpre\/Rose&#8211; [Type]: Chapeau+\u00c9charpe&#8211; [Occasion]: Notre ensemble bonnet-\u00e9charpe pour gar\u00e7ons et filles peut couvrir enti\u00e8rement les oreilles et la bouche, parfait pour la marche, la course, la randonn\u00e9e, le patinage [&hellip;]<\/p>\n","protected":false},"featured_media":8916,"comment_status":"open","ping_status":"closed","template":"","meta":{"_glsr_average":0,"_glsr_ranking":0,"_glsr_reviews":0,"_mi_skip_tracking":false,"_monsterinsights_sitenote_active":false,"_monsterinsights_sitenote_note":"","_monsterinsights_sitenote_category":0},"product_cat":[141,164,173,165],"product_tag":[],"_links":{"self":[{"href":"https:\/\/freshclo.com\/fr\/wp-json\/wp\/v2\/product\/8889"}],"collection":[{"href":"https:\/\/freshclo.com\/fr\/wp-json\/wp\/v2\/product"}],"about":[{"href":"https:\/\/freshclo.com\/fr\/wp-json\/wp\/v2\/types\/product"}],"replies":[{"embeddable":true,"href":"https:\/\/freshclo.com\/fr\/wp-json\/wp\/v2\/comments?post=8889"}],"wp:featuredmedia":[{"embeddable":true,"href":"https:\/\/freshclo.com\/fr\/wp-json\/wp\/v2\/media\/8916"}],"wp:attachment":[{"href":"https:\/\/freshclo.com\/fr\/wp-json\/wp\/v2\/media?parent=8889"}],"wp:term":[{"taxonomy":"product_cat","embeddable":true,"href":"https:\/\/freshclo.com\/fr\/wp-json\/wp\/v2\/product_cat?post=8889"},{"taxonomy":"product_tag","embeddable":true,"href":"https:\/\/freshclo.com\/fr\/wp-json\/wp\/v2\/product_tag?post=8889"}],"curies":[{"name":"wp","href":"https:\/\/api.w.org\/{rel}","templated":true}]}}