{"id":8924,"date":"2023-05-01T14:44:26","date_gmt":"2023-05-01T14:44:26","guid":{"rendered":"https:\/\/freshclo.com\/product\/pull-en-tricot-a-col-rond-et-manches-longues-pour-hommes\/"},"modified":"2023-06-21T07:35:58","modified_gmt":"2023-06-21T07:35:58","slug":"mens-fashion-round-neck-knitwear-sweater-long-sleeve-pullover","status":"publish","type":"product","link":"https:\/\/freshclo.com\/fr\/produit\/mens-fashion-round-neck-knitwear-sweater-long-sleeve-pullover\/","title":{"rendered":"Pull en tricot \u00e0 col rond et manches longues pour hommes"},"content":{"rendered":"<div><strong><span style=\"font-size: 14pt\">Pull en tricot \u00e0 col rond et manches longues pour hommes<\/span><\/strong><\/div>\n<div><span style=\"font-size: 14pt\">&#8211; [Material]: Polyester<br \/>&#8211; [Type]: Sweat-shirt homme<br \/>&#8211; [Occasion]: Le v\u00eatement le plus classique et le plus d\u00e9contract\u00e9 pour le printemps, l&#8217;automne et l&#8217;hiver. Il est fabriqu\u00e9 en fibres douces et respectueuses de la peau. Il est chaud et peut \u00eatre port\u00e9 \u00e0 l&#8217;int\u00e9rieur comme \u00e0 l&#8217;ext\u00e9rieur.<br \/>&#8211; [Care Instruction]:  <\/span><span style=\"font-size: 14pt\">Lavage \u00e0 la main ou en machine.<\/span><\/div>\n<div> <\/div>\n<div><span style=\"font-size: 14pt\"><strong>A propos de cet article<\/strong><\/span><br \/><span style=\"font-size: 14pt\">&#8211; \u00c9pais et chaud<\/span><br \/><span style=\"font-size: 14pt\">Le sweat-shirt est fabriqu\u00e9 en fibres de polyester, tr\u00e8s douces et chaudes. Il vous permettra d&#8217;\u00eatre \u00e0 la mode et au chaud tout au long de l&#8217;automne et de l&#8217;hiver.  <\/span><span style=\"font-size: 14pt\">Il est doux au toucher, micro \u00e9lastique, ample et confortable \u00e0 porter. Le pull-over \u00e0 la mode est suffisamment \u00e9lastique pour permettre la pratique de tous les sports de plein air. L&#8217;hiver, le printemps et l&#8217;automne appellent un pull \u00e9l\u00e9gant et ce haut au design intemporel est parfait pour les cr\u00e9ations. Enfilez ce pull et embrassez vos saisons uniques.<\/span><\/div>\n<div><span style=\"font-size: 14pt\">&#8211; L\u00e2che et \u00e9l\u00e9gant<\/span><\/div>\n<div><span style=\"font-size: 14pt\">Ce pull en maille pour homme est con\u00e7u avec un col ras du cou et des manches longues, un haut de chemise \u00e0 la mode. Un sweat-shirt ample et confortable, d&#8217;une longueur convenable, est un excellent moyen de mettre en valeur vos longues jambes.<\/span><\/div>\n<div><span style=\"font-size: 14pt\">&#8211; Facile \u00e0 assortir<\/span><br \/><span style=\"font-size: 14pt\">Un sweat-shirt classique et \u00e0 la mode, facile \u00e0 assortir \u00e0 vos v\u00eatements de tous les jours, qui convient \u00e0 toutes les occasions de la vie quotidienne.<\/span><\/div>\n<div> <\/div>\n<div><span style=\"font-size: 14pt\"><strong>Avis<\/strong><\/span><\/div>\n<div><span style=\"font-size: 14pt\">Divers facteurs de production peuvent entra\u00eener de l\u00e9g\u00e8res diff\u00e9rences entre le produit r\u00e9el et la maquette, qu&#8217;il s&#8217;agisse des couleurs, de la position de l&#8217;impression ou de la taille.<\/span><\/div>\n<p><\/p>\n<table style=\"border-collapse: collapse;width: 523px;margin-left: auto;margin-right: auto\" border=\"1\">\n<tbody>\n<tr>\n<td style=\"width: 32.6406px;text-align: center\">\n<p><span style=\"font-size: 14pt\">Taille<\/span><\/p>\n<\/td>\n<td style=\"width: 132.031px;text-align: center\">\n<p><span style=\"font-size: 14pt\">Epaule (cm\/in)<\/span><\/p>\n<\/td>\n<td style=\"width: 99.0156px;text-align: center\">\n<p><span style=\"font-size: 14pt\">Ouest(cm\/in)<\/span><\/p>\n<\/td>\n<td style=\"width: 115.281px;text-align: center\">\n<p><span style=\"font-size: 14pt\">Longueur (cm\/in)<\/span><\/p>\n<\/td>\n<td style=\"width: 110.969px;text-align: center\">\n<p><span style=\"font-size: 14pt\">Manchon<\/span><span style=\"font-size: 14pt\">(cm\/in)<\/span><\/p>\n<\/td>\n<\/tr>\n<tr>\n<td style=\"width: 32.6406px;text-align: center\">\n<p><span style=\"font-size: 14pt\">M<\/span><\/p>\n<\/td>\n<td style=\"width: 132.031px;text-align: center\">\n<p><span style=\"font-size: 14pt\">40\/15.75<\/span><\/p>\n<\/td>\n<td style=\"width: 99.0156px;text-align: center\">\n<p><span style=\"font-size: 14pt\">98\/38.58<\/span><\/p>\n<\/td>\n<td style=\"width: 115.281px;text-align: center\">\n<p><span style=\"font-size: 14pt\">66\/25.98<\/span><\/p>\n<\/td>\n<td style=\"width: 110.969px;text-align: center\">\n<p><span style=\"font-size: 14pt\">61\/24.02<\/span><\/p>\n<\/td>\n<\/tr>\n<tr>\n<td style=\"width: 32.6406px;text-align: center\">\n<p><span style=\"font-size: 14pt\">L<\/span><\/p>\n<\/td>\n<td style=\"width: 132.031px;text-align: center\">\n<p><span style=\"font-size: 14pt\">41.5\/16.34<\/span><\/p>\n<\/td>\n<td style=\"width: 99.0156px;text-align: center\">\n<p><span style=\"font-size: 14pt\">102\/40.16<\/span><\/p>\n<\/td>\n<td style=\"width: 115.281px;text-align: center\">\n<p><span style=\"font-size: 14pt\">68\/26.77<\/span><\/p>\n<\/td>\n<td style=\"width: 110.969px;text-align: center\">\n<p><span style=\"font-size: 14pt\">63\/24.8<\/span><\/p>\n<\/td>\n<\/tr>\n<tr>\n<td style=\"width: 32.6406px;text-align: center\">\n<p><span style=\"font-size: 14pt\">XL<\/span><\/p>\n<\/td>\n<td style=\"width: 132.031px;text-align: center\">\n<p><span style=\"font-size: 14pt\">43.5\/17.13<\/span><\/p>\n<\/td>\n<td style=\"width: 99.0156px;text-align: center\">\n<p><span style=\"font-size: 14pt\">106\/41.73<\/span><\/p>\n<\/td>\n<td style=\"width: 115.281px;text-align: center\">\n<p><span style=\"font-size: 14pt\">70\/27.56<\/span><\/p>\n<\/td>\n<td style=\"width: 110.969px;text-align: center\">\n<p><span style=\"font-size: 14pt\">65\/25.59<\/span><\/p>\n<\/td>\n<\/tr>\n<tr>\n<td style=\"width: 32.6406px;text-align: center\">\n<p><span style=\"font-size: 14pt\">2XL<\/span><\/p>\n<\/td>\n<td style=\"width: 132.031px;text-align: center\">\n<p><span style=\"font-size: 14pt\">45.5\/17.91<\/span><\/p>\n<\/td>\n<td style=\"width: 99.0156px;text-align: center\">\n<p><span style=\"font-size: 14pt\">110\/43.31<\/span><\/p>\n<\/td>\n<td style=\"width: 115.281px;text-align: center\">\n<p><span style=\"font-size: 14pt\">72\/28.35<\/span><\/p>\n<\/td>\n<td style=\"width: 110.969px;text-align: center\">\n<p><span style=\"font-size: 14pt\">67\/26.38<\/span><\/p>\n<\/td>\n<\/tr>\n<tr>\n<td style=\"width: 32.6406px;text-align: center\">\n<p><span style=\"font-size: 14pt\">3XL<\/span><\/p>\n<\/td>\n<td style=\"width: 132.031px;text-align: center\">\n<p><span style=\"font-size: 14pt\">47\/18.5<\/span><\/p>\n<\/td>\n<td style=\"width: 99.0156px;text-align: center\">\n<p><span style=\"font-size: 14pt\">114\/44.88<\/span><\/p>\n<\/td>\n<td style=\"width: 115.281px;text-align: center\">\n<p><span style=\"font-size: 14pt\">74\/29.13<\/span><\/p>\n<\/td>\n<td style=\"width: 110.969px;text-align: center\">\n<p><span style=\"font-size: 14pt\">69\/27.17<\/span><\/p>\n<\/td>\n<\/tr>\n<\/tbody>\n<\/table>\n<p style=\"text-align: center\"><span style=\"font-size: 14pt\">Ces donn\u00e9es de taille sont mesur\u00e9es manuellement, en raison des diff\u00e9rentes m\u00e9thodes de mesure, des erreurs de 1 \u00e0 2 cm sont consid\u00e9r\u00e9es comme normales.<\/span><\/p>\n","protected":false},"excerpt":{"rendered":"<p>Pull en tricot \u00e0 col rond et manches longues pour hommes &#8211; [Material]: Polyester&#8211; [Type]: Sweat-shirt homme&#8211; [Occasion]: Le v\u00eatement le plus classique et le plus d\u00e9contract\u00e9 pour le printemps, l&#8217;automne et l&#8217;hiver. Il est fabriqu\u00e9 en fibres douces et respectueuses de la peau. Il est chaud et peut \u00eatre port\u00e9 \u00e0 l&#8217;int\u00e9rieur comme \u00e0 [&hellip;]<\/p>\n","protected":false},"featured_media":8953,"comment_status":"open","ping_status":"closed","template":"","meta":{"_glsr_average":0,"_glsr_ranking":0,"_glsr_reviews":0,"_mi_skip_tracking":false,"_monsterinsights_sitenote_active":false,"_monsterinsights_sitenote_note":"","_monsterinsights_sitenote_category":0},"product_cat":[142,149],"product_tag":[],"_links":{"self":[{"href":"https:\/\/freshclo.com\/fr\/wp-json\/wp\/v2\/product\/8924"}],"collection":[{"href":"https:\/\/freshclo.com\/fr\/wp-json\/wp\/v2\/product"}],"about":[{"href":"https:\/\/freshclo.com\/fr\/wp-json\/wp\/v2\/types\/product"}],"replies":[{"embeddable":true,"href":"https:\/\/freshclo.com\/fr\/wp-json\/wp\/v2\/comments?post=8924"}],"wp:featuredmedia":[{"embeddable":true,"href":"https:\/\/freshclo.com\/fr\/wp-json\/wp\/v2\/media\/8953"}],"wp:attachment":[{"href":"https:\/\/freshclo.com\/fr\/wp-json\/wp\/v2\/media?parent=8924"}],"wp:term":[{"taxonomy":"product_cat","embeddable":true,"href":"https:\/\/freshclo.com\/fr\/wp-json\/wp\/v2\/product_cat?post=8924"},{"taxonomy":"product_tag","embeddable":true,"href":"https:\/\/freshclo.com\/fr\/wp-json\/wp\/v2\/product_tag?post=8924"}],"curies":[{"name":"wp","href":"https:\/\/api.w.org\/{rel}","templated":true}]}}