{"id":9034,"date":"2023-05-01T14:26:15","date_gmt":"2023-05-01T14:26:15","guid":{"rendered":"https:\/\/freshclo.com\/product\/funny-activewear-bib-shorts-pattern-mens-cycling-shirt\/"},"modified":"2023-06-21T07:35:47","modified_gmt":"2023-06-21T07:35:47","slug":"funny-activewear-bib-shorts-modele-cyclisme-homme","status":"publish","type":"product","link":"https:\/\/freshclo.com\/fr\/produit\/funny-activewear-bib-shorts-modele-cyclisme-homme\/","title":{"rendered":"Funny Activewear Bib Shorts Pattern Men&#8217;s Cycling Shirt"},"content":{"rendered":"<p><span style=\"font-size: 14pt\"><strong>Funny Activewear Bib Shorts Pattern Men&#8217;s Cycling Shirt Mesh Breathable Activewear Cycling Top<\/strong><\/span><br \/><span style=\"font-size: 14pt\">&#8211; [Material]: Tissu en maille, polyester<\/span><br \/><span style=\"font-size: 14pt\">&#8211; [Type]: Haut de cyclisme pour homme<\/span><br \/><span style=\"font-size: 14pt\">&#8211; [Occasion]: Parfait pour le cyclisme, les entra\u00eenements en salle de sport, la course \u00e0 pied et d&#8217;autres activit\u00e9s int\u00e9rieures ou ext\u00e9rieures. Ne vous contentez pas de v\u00eatements d&#8217;entra\u00eenement ennuyeux &#8211; am\u00e9liorez votre garde-robe avec ce haut polyvalent et \u00e9l\u00e9gant d\u00e8s aujourd&#8217;hui !<\/span><br \/><span style=\"font-size: 14pt\">&#8211; [Care Instruction]: Lavable en machine, s\u00e9chage \u00e0 l&#8217;air libre.<\/span><\/p>\n<\/p>\n<div><strong><strong><span style=\"font-size: 14pt\">\u00c0 propos de l&#8217;article<\/span><\/strong><\/strong><\/p>\n<div><span style=\"font-size: 14pt\">&#8211; Tenue de cycliste \u00e0 la mode<\/span><br \/><span style=\"font-size: 14pt\">Am\u00e9liorez votre garde-robe de cycliste avec notre derni\u00e8re nouveaut\u00e9 &#8211; un haut de cycliste amusant dot\u00e9 d&#8217;une chemise \u00e0 grille \u00e9l\u00e9gante et d&#8217;un motif global r\u00e9tro. Parfaite pour toutes les randonn\u00e9es, cette chemise \u00e0 manches courtes se porte aussi bien en sportswear qu&#8217;en tenue d\u00e9contract\u00e9e.<\/span><\/div>\n<p><span style=\"font-size: 14pt\">&#8211; Design audacieux<\/span><br \/><span style=\"font-size: 14pt\">Se d\u00e9marquer de la foule avec un design audacieux et vibrant qui convient parfaitement \u00e0 tout homme actif.<\/span><\/div>\n<div><span style=\"font-size: 14pt\">&#8211; Impression par transfert thermique de haute qualit\u00e9<\/span><br \/><span style=\"font-size: 14pt\">La technologie d&#8217;impression par transfert thermique utilis\u00e9e pour ce T-shirt garantit que les couleurs restent vives et \u00e9clatantes.<\/span><\/div>\n<div><span style=\"font-size: 14pt\">&#8211; Mati\u00e8re absorbant l&#8217;humidit\u00e9<\/span><br \/><span style=\"font-size: 14pt\">Restez au frais et \u00e0 l&#8217;aise pendant toute activit\u00e9 gr\u00e2ce \u00e0 la mati\u00e8re polyester qui \u00e9vacue la transpiration et l&#8217;humidit\u00e9.<\/span><\/div>\n<div> <\/div>\n<p><strong><span style=\"font-size: 14pt\">Avis<\/span><\/strong><br \/><span style=\"font-size: 14pt\">En raison de divers facteurs de production, il peut y avoir de l\u00e9g\u00e8res diff\u00e9rences entre le produit r\u00e9el et la maquette en termes de couleur, de position ou de taille.<\/span><\/p>\n<p><\/p>\n<table style=\"border-collapse: collapse;width: 68.7127%;height: 396px\" border=\"1\" width=\"378.02pt\" cellspacing=\"0\" cellpadding=\"0\">\n<colgroup>\n<col style=\"width: 54.00pt\" span=\"7\" width=\"72\"> <\/colgroup>\n<tbody>\n<tr style=\"height: 54.00pt\">\n<td class=\"et2\" style=\"height: 54pt;width: 54pt;text-align: center\" width=\"72\" height=\"72\">Taille<\/td>\n<td class=\"et3\" style=\"width: 54pt;text-align: center\" width=\"72\">Tour de poitrine (CM\/IN)<\/td>\n<td class=\"et3\" style=\"width: 54pt;text-align: center\" width=\"72\">Longueur (CM\/IN)<\/td>\n<td class=\"et3\" style=\"width: 54pt;text-align: center\" width=\"72\">Manche (CM\/IN)<\/td>\n<td class=\"et3\" style=\"width: 54pt;text-align: center\" width=\"72\">Largeur du brassard (CM\/IN)<\/td>\n<td class=\"et3\" style=\"width: 54pt;text-align: center\" width=\"72\">Largeur de l&#8217;ourlet (CM\/IN)<\/td>\n<td class=\"et3\" style=\"width: 54pt;text-align: center\" width=\"72\">Longueur de la fermeture \u00e9clair (CM\/IN)<\/td>\n<\/tr>\n<tr style=\"height: 13.50pt\">\n<td class=\"et3\" style=\"height: 13.5pt;width: 54pt;text-align: center\" width=\"72\" height=\"18\">S<\/td>\n<td class=\"et2\" style=\"text-align: center\">96\/37.8<\/td>\n<td class=\"et2\" style=\"text-align: center\">67\/26.38<\/td>\n<td class=\"et2\" style=\"text-align: center\">35\/13.78<\/td>\n<td class=\"et2\" style=\"text-align: center\">14.5\/5.71<\/td>\n<td class=\"et2\" style=\"text-align: center\">39\/15.35<\/td>\n<td class=\"et2\" style=\"text-align: center\">55\/21.65<\/td>\n<\/tr>\n<tr style=\"height: 13.50pt\">\n<td class=\"et3\" style=\"height: 13.5pt;width: 54pt;text-align: center\" width=\"72\" height=\"18\">M<\/td>\n<td class=\"et2\" style=\"text-align: center\">102\/40.16<\/td>\n<td class=\"et2\" style=\"text-align: center\">69\/27.17<\/td>\n<td class=\"et2\" style=\"text-align: center\">36.5\/14.37<\/td>\n<td class=\"et2\" style=\"text-align: center\">15.25\/6<\/td>\n<td class=\"et2\" style=\"text-align: center\">41.5\/16.34<\/td>\n<td class=\"et2\" style=\"text-align: center\">56.5\/22.24<\/td>\n<\/tr>\n<tr style=\"height: 13.50pt\">\n<td class=\"et3\" style=\"height: 13.5pt;width: 54pt;text-align: center\" width=\"72\" height=\"18\">L<\/td>\n<td class=\"et2\" style=\"text-align: center\">108\/42.52<\/td>\n<td class=\"et2\" style=\"text-align: center\">71\/27.95<\/td>\n<td class=\"et2\" style=\"text-align: center\">38\/14.96<\/td>\n<td class=\"et2\" style=\"text-align: center\">16\/6.3<\/td>\n<td class=\"et2\" style=\"text-align: center\">44\/17.32<\/td>\n<td class=\"et2\" style=\"text-align: center\">58\/22.83<\/td>\n<\/tr>\n<tr style=\"height: 13.50pt\">\n<td class=\"et3\" style=\"height: 13.5pt;width: 54pt;text-align: center\" width=\"72\" height=\"18\">XL<\/td>\n<td class=\"et2\" style=\"text-align: center\">114\/44.88<\/td>\n<td class=\"et2\" style=\"text-align: center\">73\/28.74<\/td>\n<td class=\"et2\" style=\"text-align: center\">39.5\/15.55<\/td>\n<td class=\"et2\" style=\"text-align: center\">16.75\/6.59<\/td>\n<td class=\"et2\" style=\"text-align: center\">46.5\/18.31<\/td>\n<td class=\"et2\" style=\"text-align: center\">59.5\/23.43<\/td>\n<\/tr>\n<tr style=\"height: 13.50pt\">\n<td class=\"et3\" style=\"height: 13.5pt;width: 54pt;text-align: center\" width=\"72\" height=\"18\">2XL<\/td>\n<td class=\"et2\" style=\"text-align: center\">122\/48.03<\/td>\n<td class=\"et2\" style=\"text-align: center\">74\/29.13<\/td>\n<td class=\"et2\" style=\"text-align: center\">41\/16.14<\/td>\n<td class=\"et2\" style=\"text-align: center\">17.5\/6.89<\/td>\n<td class=\"et2\" style=\"text-align: center\">49.5\/19.49<\/td>\n<td class=\"et2\" style=\"text-align: center\">60\/23.62<\/td>\n<\/tr>\n<tr style=\"height: 13.50pt\">\n<td class=\"et3\" style=\"height: 13.5pt;width: 54pt;text-align: center\" width=\"72\" height=\"18\">3XL<\/td>\n<td class=\"et2\" style=\"text-align: center\">130\/51.18<\/td>\n<td class=\"et2\" style=\"text-align: center\">75\/29.53<\/td>\n<td class=\"et2\" style=\"text-align: center\">42.5\/16.73<\/td>\n<td class=\"et2\" style=\"text-align: center\">18.25\/7.19<\/td>\n<td class=\"et2\" style=\"text-align: center\">53\/20.87<\/td>\n<td class=\"et2\" style=\"text-align: center\">60.5\/23.82<\/td>\n<\/tr>\n<tr style=\"height: 13.50pt\">\n<td class=\"et3\" style=\"height: 13.5pt;width: 54pt;text-align: center\" width=\"72\" height=\"18\">4XL<\/td>\n<td class=\"et2\" style=\"text-align: center\">138\/54.33<\/td>\n<td class=\"et2\" style=\"text-align: center\">76\/29.92<\/td>\n<td class=\"et2\" style=\"text-align: center\">44\/17.32<\/td>\n<td class=\"et2\" style=\"text-align: center\">19\/7.48<\/td>\n<td class=\"et2\" style=\"text-align: center\">56.5\/22.24<\/td>\n<td class=\"et2\" style=\"text-align: center\">61\/24.02<\/td>\n<\/tr>\n<tr style=\"height: 13.50pt\">\n<td class=\"et3\" style=\"height: 13.5pt;width: 54pt;text-align: center\" width=\"72\" height=\"18\">5XL<\/td>\n<td class=\"et2\" style=\"text-align: center\">146\/57.48<\/td>\n<td class=\"et2\" style=\"text-align: center\">77\/30.31<\/td>\n<td class=\"et2\" style=\"text-align: center\">45.5\/17.91<\/td>\n<td class=\"et2\" style=\"text-align: center\">19.75\/7.78<\/td>\n<td class=\"et2\" style=\"text-align: center\">60\/23.62<\/td>\n<td class=\"et2\" style=\"text-align: center\">61.5\/24.21<\/td>\n<\/tr>\n<tr style=\"height: 13.50pt\">\n<td class=\"et3\" style=\"height: 13.5pt;width: 54pt;text-align: center\" width=\"72\" height=\"18\">6XL<\/td>\n<td class=\"et2\" style=\"text-align: center\">154\/60.63<\/td>\n<td class=\"et2\" style=\"text-align: center\">78\/30.71<\/td>\n<td class=\"et2\" style=\"text-align: center\">47\/18.5<\/td>\n<td class=\"et2\" style=\"text-align: center\">20.5\/8.07<\/td>\n<td class=\"et2\" style=\"text-align: center\">63.5\/25<\/td>\n<td class=\"et2\" style=\"text-align: center\">62\/24.41<\/td>\n<\/tr>\n<\/tbody>\n<\/table>\n<p>Ces donn\u00e9es de taille sont mesur\u00e9es manuellement, en raison des diff\u00e9rentes m\u00e9thodes de mesure, des erreurs de 1 \u00e0 2 cm sont consid\u00e9r\u00e9es comme normales.<\/p>\n","protected":false},"excerpt":{"rendered":"<p>Funny Activewear Bib Shorts Pattern Men&#8217;s Cycling Shirt Mesh Breathable Activewear Cycling Top&#8211; [Material]: Tissu en maille, polyester&#8211; [Type]: Haut de cyclisme pour homme&#8211; [Occasion]: Parfait pour le cyclisme, les entra\u00eenements en salle de sport, la course \u00e0 pied et d&#8217;autres activit\u00e9s int\u00e9rieures ou ext\u00e9rieures. Ne vous contentez pas de v\u00eatements d&#8217;entra\u00eenement ennuyeux &#8211; am\u00e9liorez [&hellip;]<\/p>\n","protected":false},"featured_media":9061,"comment_status":"open","ping_status":"closed","template":"","meta":{"_glsr_average":0,"_glsr_ranking":0,"_glsr_reviews":0,"_mi_skip_tracking":false,"_monsterinsights_sitenote_active":false,"_monsterinsights_sitenote_note":"","_monsterinsights_sitenote_category":0},"product_cat":[146,142,160],"product_tag":[],"_links":{"self":[{"href":"https:\/\/freshclo.com\/fr\/wp-json\/wp\/v2\/product\/9034"}],"collection":[{"href":"https:\/\/freshclo.com\/fr\/wp-json\/wp\/v2\/product"}],"about":[{"href":"https:\/\/freshclo.com\/fr\/wp-json\/wp\/v2\/types\/product"}],"replies":[{"embeddable":true,"href":"https:\/\/freshclo.com\/fr\/wp-json\/wp\/v2\/comments?post=9034"}],"wp:featuredmedia":[{"embeddable":true,"href":"https:\/\/freshclo.com\/fr\/wp-json\/wp\/v2\/media\/9061"}],"wp:attachment":[{"href":"https:\/\/freshclo.com\/fr\/wp-json\/wp\/v2\/media?parent=9034"}],"wp:term":[{"taxonomy":"product_cat","embeddable":true,"href":"https:\/\/freshclo.com\/fr\/wp-json\/wp\/v2\/product_cat?post=9034"},{"taxonomy":"product_tag","embeddable":true,"href":"https:\/\/freshclo.com\/fr\/wp-json\/wp\/v2\/product_tag?post=9034"}],"curies":[{"name":"wp","href":"https:\/\/api.w.org\/{rel}","templated":true}]}}