{"id":9692,"date":"2023-05-01T15:30:38","date_gmt":"2023-05-01T15:30:38","guid":{"rendered":"https:\/\/freshclo.com\/product\/chapeau-de-pecheur-dete-pour-hommes\/"},"modified":"2023-06-26T10:48:32","modified_gmt":"2023-06-26T10:48:32","slug":"chapeau-de-pecheur-dete-pour-hommes","status":"publish","type":"product","link":"https:\/\/freshclo.com\/fr\/produit\/chapeau-de-pecheur-dete-pour-hommes\/","title":{"rendered":"Chapeau de p\u00eacheur d&#8217;\u00e9t\u00e9 pour hommes"},"content":{"rendered":"<div><span style=\"font-size: 14pt\"><strong>Chapeau de p\u00eacheur d&#8217;\u00e9t\u00e9 pour hommes Chapeau de p\u00eacheur d&#8217;alpinisme Chapeau de soleil pour hommes<\/strong><\/span><br \/><span style=\"font-size: 14pt\">&#8211; [Material]: Polyester<\/span><br \/><span style=\"font-size: 14pt\">&#8211; [Color]: Multicolore<\/span><\/div>\n<div><span style=\"font-size: 14pt\">&#8211; [Size]: Grand bord : 12cm(4.7&#8221;)\/Petit bord : 9cm(3.5&#8221;)<\/span><br \/><span style=\"font-size: 14pt\">&#8211; [Type]: Chapeau avec mentonni\u00e8re<\/span><br \/><span style=\"font-size: 14pt\">&#8211; [Occasion]: Il s&#8217;agit d&#8217;un grand chapeau baquet qui permet de bloquer la lumi\u00e8re du soleil et d&#8217;am\u00e9liorer votre look. Convient tout au long de l&#8217;ann\u00e9e.<\/span><\/div>\n<div><span style=\"font-size: 14pt\">&#8211; [Applicable head circumference]: 58cm-62cm(22.8&#8221;-22.4&#8221;)<\/span><\/div>\n<p><span style=\"font-size: 14pt\"><strong>A propos de cet article<\/strong><\/span><br \/><span style=\"font-size: 14pt\">&#8211; Protection solaire efficace<\/span><br \/><span style=\"font-size: 14pt\">Fabriqu\u00e9 avec un tissu de protection solaire UPF 50+ qui bloque 98 % des rayons UV nocifs. Nos chapeaux de soleil prot\u00e8gent votre visage, votre cou et vos oreilles des rayons nocifs du soleil.<\/span><span style=\"font-size: 14pt\"><br \/>&#8211; Taille unique<br \/>Chapeau de soleil de style d\u00e9contract\u00e9, bien ajust\u00e9 et confortable. Les boutons-pression lat\u00e9raux repliables permettent \u00e9galement de porter le chapeau de diff\u00e9rentes mani\u00e8res.<\/span><br \/><span style=\"font-size: 14pt\">&#8211; Fonctionnel et flexible<\/span><br \/><span style=\"font-size: 14pt\">Ce chapeau est pliable et conserve sa forme d&#8217;origine. Il vous offre une protection UV fiable, tandis que la maille sup\u00e9rieure donne une sensation de respirabilit\u00e9. Avec une calotte plus large et une mentonni\u00e8re, ce chapeau seau convient aux jours de vent ou \u00e0 toutes les activit\u00e9s de plein air.<\/span><\/p>\n<\/p>\n<p><span style=\"font-size: 14pt\"><strong>Avis<\/strong><\/span><br \/><span style=\"font-size: 14pt\">Les donn\u00e9es relatives \u00e0 la taille sont mesur\u00e9es manuellement. En raison des diff\u00e9rentes m\u00e9thodes de mesure, des erreurs de 1 \u00e0 2 cm sont consid\u00e9r\u00e9es comme normales.<\/span><\/p>\n<p><\/p>\n","protected":false},"excerpt":{"rendered":"<p>Chapeau de p\u00eacheur d&#8217;\u00e9t\u00e9 pour hommes Chapeau de p\u00eacheur d&#8217;alpinisme Chapeau de soleil pour hommes&#8211; [Material]: Polyester&#8211; [Color]: Multicolore &#8211; [Size]: Grand bord : 12cm(4.7&#8221;)\/Petit bord : 9cm(3.5&#8221;)&#8211; [Type]: Chapeau avec mentonni\u00e8re&#8211; [Occasion]: Il s&#8217;agit d&#8217;un grand chapeau baquet qui permet de bloquer la lumi\u00e8re du soleil et d&#8217;am\u00e9liorer votre look. Convient tout au long [&hellip;]<\/p>\n","protected":false},"featured_media":9710,"comment_status":"open","ping_status":"closed","template":"","meta":{"_glsr_average":0,"_glsr_ranking":0,"_glsr_reviews":0,"_mi_skip_tracking":false,"_monsterinsights_sitenote_active":false,"_monsterinsights_sitenote_note":"","_monsterinsights_sitenote_category":0},"product_cat":[139,141],"product_tag":[],"_links":{"self":[{"href":"https:\/\/freshclo.com\/fr\/wp-json\/wp\/v2\/product\/9692"}],"collection":[{"href":"https:\/\/freshclo.com\/fr\/wp-json\/wp\/v2\/product"}],"about":[{"href":"https:\/\/freshclo.com\/fr\/wp-json\/wp\/v2\/types\/product"}],"replies":[{"embeddable":true,"href":"https:\/\/freshclo.com\/fr\/wp-json\/wp\/v2\/comments?post=9692"}],"wp:featuredmedia":[{"embeddable":true,"href":"https:\/\/freshclo.com\/fr\/wp-json\/wp\/v2\/media\/9710"}],"wp:attachment":[{"href":"https:\/\/freshclo.com\/fr\/wp-json\/wp\/v2\/media?parent=9692"}],"wp:term":[{"taxonomy":"product_cat","embeddable":true,"href":"https:\/\/freshclo.com\/fr\/wp-json\/wp\/v2\/product_cat?post=9692"},{"taxonomy":"product_tag","embeddable":true,"href":"https:\/\/freshclo.com\/fr\/wp-json\/wp\/v2\/product_tag?post=9692"}],"curies":[{"name":"wp","href":"https:\/\/api.w.org\/{rel}","templated":true}]}}